{"id":12397,"date":"2020-09-01T14:04:12","date_gmt":"2020-09-01T12:04:12","guid":{"rendered":"https:\/\/www.laserpoint.eu\/sensor-halterungen\/"},"modified":"2020-09-01T14:04:13","modified_gmt":"2020-09-01T12:04:13","slug":"sensor-halterungen","status":"publish","type":"page","link":"https:\/\/www.laserpoint.eu\/de\/sensor-halterungen\/","title":{"rendered":"Sensor Halterungen"},"content":{"rendered":"<div class=\"wpb-content-wrapper\"><p>[vc_row][vc_column][vc_column_text]<\/p>\n<h2>Optionen f\u00fcr Halterungen\/Stative<\/h2>\n<p>Je nach Gr\u00f6\u00dfe des Messkopfes wurden zwei Arten von Arbeitsstativen entwickelt, die mit Messk\u00f6pfen verwendet werden k\u00f6nnen, um eine stabile und sichere Befestigung des Kopfes auf dem Stativ zu erm\u00f6glichen.<\/p>\n<p>Das Leichtlastsstativ wird mit allen Messk\u00f6pfen bis 600 W geliefert, w\u00e4hrend das Schwerlaststativ f\u00fcr h\u00f6here Leistungen verwendet wird.[\/vc_column_text][vc_empty_space][vc_column_text]<strong>Stativ f\u00fcr leichte Sensoren<\/strong>[\/vc_column_text][\/vc_column][\/vc_row][vc_row][vc_column][vc_single_image image=&#8220;3200&#8243; img_size=&#8220;large&#8220;][vc_empty_space][\/vc_column][\/vc_row][vc_row][vc_column][vc_column_text]<strong>Stativ f\u00fcr schwere Sensoren<\/strong>[\/vc_column_text][vc_single_image image=&#8220;3202&#8243; img_size=&#8220;large&#8220;][\/vc_column][\/vc_row]<\/p>\n<\/div>","protected":false},"excerpt":{"rendered":"<p>[vc_row][vc_column][vc_column_text] Optionen f\u00fcr Halterungen\/Stative Je nach Gr\u00f6\u00dfe des Messkopfes wurden zwei Arten von Arbeitsstativen entwickelt, die mit Messk\u00f6pfen verwendet werden k\u00f6nnen, um eine stabile und sichere Befestigung des Kopfes auf dem Stativ zu erm\u00f6glichen. Das Leichtlastsstativ wird mit allen Messk\u00f6pfen bis 600 W geliefert, w\u00e4hrend das Schwerlaststativ f\u00fcr h\u00f6here Leistungen verwendet wird.[\/vc_column_text][vc_empty_space][vc_column_text]Stativ f\u00fcr leichte Sensoren[\/vc_column_text][\/vc_column][\/vc_row][vc_row][vc_column][vc_single_image&hellip;<\/p>\n","protected":false},"author":2,"featured_media":0,"parent":0,"menu_order":0,"comment_status":"closed","ping_status":"closed","template":"","meta":{"footnotes":""},"acf":[],"yoast_head":"<!-- This site is optimized with the Yoast SEO plugin v22.2 - https:\/\/yoast.com\/wordpress\/plugins\/seo\/ -->\n<title>Sensor Halterungen - Laserpoint<\/title>\n<meta name=\"robots\" content=\"noindex, follow\" \/>\n<meta property=\"og:locale\" content=\"de_DE\" \/>\n<meta property=\"og:type\" content=\"article\" \/>\n<meta property=\"og:title\" content=\"Sensor Halterungen - Laserpoint\" \/>\n<meta property=\"og:description\" content=\"[vc_row][vc_column][vc_column_text] Optionen f\u00fcr Halterungen\/Stative Je nach Gr\u00f6\u00dfe des Messkopfes wurden zwei Arten von Arbeitsstativen entwickelt, die mit Messk\u00f6pfen verwendet werden k\u00f6nnen, um eine stabile und sichere Befestigung des Kopfes auf dem Stativ zu erm\u00f6glichen. Das Leichtlastsstativ wird mit allen Messk\u00f6pfen bis 600 W geliefert, w\u00e4hrend das Schwerlaststativ f\u00fcr h\u00f6here Leistungen verwendet wird.[\/vc_column_text][vc_empty_space][vc_column_text]Stativ f\u00fcr leichte Sensoren[\/vc_column_text][\/vc_column][\/vc_row][vc_row][vc_column][vc_single_image&hellip;\" \/>\n<meta property=\"og:url\" content=\"https:\/\/www.laserpoint.eu\/de\/sensor-halterungen\/\" \/>\n<meta property=\"og:site_name\" content=\"Laserpoint\" \/>\n<meta property=\"article:modified_time\" content=\"2020-09-01T12:04:13+00:00\" \/>\n<meta name=\"twitter:card\" content=\"summary_large_image\" \/>\n<meta name=\"twitter:label1\" content=\"Gesch\u00e4tzte Lesezeit\" \/>\n\t<meta name=\"twitter:data1\" content=\"1 Minute\" \/>\n<script type=\"application\/ld+json\" class=\"yoast-schema-graph\">{\"@context\":\"https:\/\/schema.org\",\"@graph\":[{\"@type\":\"WebPage\",\"@id\":\"https:\/\/www.laserpoint.eu\/de\/sensor-halterungen\/\",\"url\":\"https:\/\/www.laserpoint.eu\/de\/sensor-halterungen\/\",\"name\":\"Sensor Halterungen - Laserpoint\",\"isPartOf\":{\"@id\":\"https:\/\/www.laserpoint.eu\/de\/#website\"},\"datePublished\":\"2020-09-01T12:04:12+00:00\",\"dateModified\":\"2020-09-01T12:04:13+00:00\",\"breadcrumb\":{\"@id\":\"https:\/\/www.laserpoint.eu\/de\/sensor-halterungen\/#breadcrumb\"},\"inLanguage\":\"de-DE\",\"potentialAction\":[{\"@type\":\"ReadAction\",\"target\":[\"https:\/\/www.laserpoint.eu\/de\/sensor-halterungen\/\"]}]},{\"@type\":\"BreadcrumbList\",\"@id\":\"https:\/\/www.laserpoint.eu\/de\/sensor-halterungen\/#breadcrumb\",\"itemListElement\":[{\"@type\":\"ListItem\",\"position\":1,\"name\":\"Home\",\"item\":\"https:\/\/www.laserpoint.eu\/de\/\"},{\"@type\":\"ListItem\",\"position\":2,\"name\":\"Sensor Halterungen\"}]},{\"@type\":\"WebSite\",\"@id\":\"https:\/\/www.laserpoint.eu\/de\/#website\",\"url\":\"https:\/\/www.laserpoint.eu\/de\/\",\"name\":\"Laserpoint\",\"description\":\"Development and manufacturing of laser measurement instruments\",\"publisher\":{\"@id\":\"https:\/\/www.laserpoint.eu\/de\/#organization\"},\"potentialAction\":[{\"@type\":\"SearchAction\",\"target\":{\"@type\":\"EntryPoint\",\"urlTemplate\":\"https:\/\/www.laserpoint.eu\/de\/?s={search_term_string}\"},\"query-input\":\"required name=search_term_string\"}],\"inLanguage\":\"de-DE\"},{\"@type\":\"Organization\",\"@id\":\"https:\/\/www.laserpoint.eu\/de\/#organization\",\"name\":\"Laserpoint\",\"url\":\"https:\/\/www.laserpoint.eu\/de\/\",\"logo\":{\"@type\":\"ImageObject\",\"inLanguage\":\"de-DE\",\"@id\":\"https:\/\/www.laserpoint.eu\/de\/#\/schema\/logo\/image\/\",\"url\":\"https:\/\/www.laserpoint.eu\/wp-content\/uploads\/laserpoint-logo.png\",\"contentUrl\":\"https:\/\/www.laserpoint.eu\/wp-content\/uploads\/laserpoint-logo.png\",\"width\":520,\"height\":84,\"caption\":\"Laserpoint\"},\"image\":{\"@id\":\"https:\/\/www.laserpoint.eu\/de\/#\/schema\/logo\/image\/\"}}]}<\/script>\n<!-- \/ Yoast SEO plugin. -->","yoast_head_json":{"title":"Sensor Halterungen - Laserpoint","robots":{"index":"noindex","follow":"follow"},"og_locale":"de_DE","og_type":"article","og_title":"Sensor Halterungen - Laserpoint","og_description":"[vc_row][vc_column][vc_column_text] Optionen f\u00fcr Halterungen\/Stative Je nach Gr\u00f6\u00dfe des Messkopfes wurden zwei Arten von Arbeitsstativen entwickelt, die mit Messk\u00f6pfen verwendet werden k\u00f6nnen, um eine stabile und sichere Befestigung des Kopfes auf dem Stativ zu erm\u00f6glichen. Das Leichtlastsstativ wird mit allen Messk\u00f6pfen bis 600 W geliefert, w\u00e4hrend das Schwerlaststativ f\u00fcr h\u00f6here Leistungen verwendet wird.[\/vc_column_text][vc_empty_space][vc_column_text]Stativ f\u00fcr leichte Sensoren[\/vc_column_text][\/vc_column][\/vc_row][vc_row][vc_column][vc_single_image&hellip;","og_url":"https:\/\/www.laserpoint.eu\/de\/sensor-halterungen\/","og_site_name":"Laserpoint","article_modified_time":"2020-09-01T12:04:13+00:00","twitter_card":"summary_large_image","twitter_misc":{"Gesch\u00e4tzte Lesezeit":"1 Minute"},"schema":{"@context":"https:\/\/schema.org","@graph":[{"@type":"WebPage","@id":"https:\/\/www.laserpoint.eu\/de\/sensor-halterungen\/","url":"https:\/\/www.laserpoint.eu\/de\/sensor-halterungen\/","name":"Sensor Halterungen - Laserpoint","isPartOf":{"@id":"https:\/\/www.laserpoint.eu\/de\/#website"},"datePublished":"2020-09-01T12:04:12+00:00","dateModified":"2020-09-01T12:04:13+00:00","breadcrumb":{"@id":"https:\/\/www.laserpoint.eu\/de\/sensor-halterungen\/#breadcrumb"},"inLanguage":"de-DE","potentialAction":[{"@type":"ReadAction","target":["https:\/\/www.laserpoint.eu\/de\/sensor-halterungen\/"]}]},{"@type":"BreadcrumbList","@id":"https:\/\/www.laserpoint.eu\/de\/sensor-halterungen\/#breadcrumb","itemListElement":[{"@type":"ListItem","position":1,"name":"Home","item":"https:\/\/www.laserpoint.eu\/de\/"},{"@type":"ListItem","position":2,"name":"Sensor Halterungen"}]},{"@type":"WebSite","@id":"https:\/\/www.laserpoint.eu\/de\/#website","url":"https:\/\/www.laserpoint.eu\/de\/","name":"Laserpoint","description":"Development and manufacturing of laser measurement instruments","publisher":{"@id":"https:\/\/www.laserpoint.eu\/de\/#organization"},"potentialAction":[{"@type":"SearchAction","target":{"@type":"EntryPoint","urlTemplate":"https:\/\/www.laserpoint.eu\/de\/?s={search_term_string}"},"query-input":"required name=search_term_string"}],"inLanguage":"de-DE"},{"@type":"Organization","@id":"https:\/\/www.laserpoint.eu\/de\/#organization","name":"Laserpoint","url":"https:\/\/www.laserpoint.eu\/de\/","logo":{"@type":"ImageObject","inLanguage":"de-DE","@id":"https:\/\/www.laserpoint.eu\/de\/#\/schema\/logo\/image\/","url":"https:\/\/www.laserpoint.eu\/wp-content\/uploads\/laserpoint-logo.png","contentUrl":"https:\/\/www.laserpoint.eu\/wp-content\/uploads\/laserpoint-logo.png","width":520,"height":84,"caption":"Laserpoint"},"image":{"@id":"https:\/\/www.laserpoint.eu\/de\/#\/schema\/logo\/image\/"}}]}},"_links":{"self":[{"href":"https:\/\/www.laserpoint.eu\/de\/wp-json\/wp\/v2\/pages\/12397"}],"collection":[{"href":"https:\/\/www.laserpoint.eu\/de\/wp-json\/wp\/v2\/pages"}],"about":[{"href":"https:\/\/www.laserpoint.eu\/de\/wp-json\/wp\/v2\/types\/page"}],"author":[{"embeddable":true,"href":"https:\/\/www.laserpoint.eu\/de\/wp-json\/wp\/v2\/users\/2"}],"replies":[{"embeddable":true,"href":"https:\/\/www.laserpoint.eu\/de\/wp-json\/wp\/v2\/comments?post=12397"}],"version-history":[{"count":5,"href":"https:\/\/www.laserpoint.eu\/de\/wp-json\/wp\/v2\/pages\/12397\/revisions"}],"predecessor-version":[{"id":12402,"href":"https:\/\/www.laserpoint.eu\/de\/wp-json\/wp\/v2\/pages\/12397\/revisions\/12402"}],"wp:attachment":[{"href":"https:\/\/www.laserpoint.eu\/de\/wp-json\/wp\/v2\/media?parent=12397"}],"curies":[{"name":"wp","href":"https:\/\/api.w.org\/{rel}","templated":true}]}}