{"id":12412,"date":"2020-09-01T14:30:06","date_gmt":"2020-09-01T12:30:06","guid":{"rendered":"https:\/\/www.laserpoint.eu\/thermopiles\/oberflaechenabsorber\/"},"modified":"2020-09-01T14:31:34","modified_gmt":"2020-09-01T12:31:34","slug":"oberflaechenabsorber","status":"publish","type":"page","link":"https:\/\/www.laserpoint.eu\/de\/technologien\/thermopiles\/oberflaechenabsorber\/","title":{"rendered":"Oberfl\u00e4chenabsorber"},"content":{"rendered":"<div class=\"wpb-content-wrapper\"><p>[vc_row][vc_column][vc_column_text]<\/p>\n<h2>Oberfl\u00e4chenabsorber<\/h2>\n<p>Oberfl\u00e4chenabsorber bestehen aus d\u00fcnnen Materialschichten, die auf Substrate aufgetragen werden, die wie Metalle mit hoher Leitf\u00e4higkeit leicht W\u00e4rme \u00fcbertragen k\u00f6nnen. Sie werden f\u00fcr CW-Laser oder andere Quellen verwendet, die lange Pulse (mit Dauer <x id=\"gid_0\"><\/x>&gt;300\u03bcsec) aussenden. Die Strahlung wird fast vollst\u00e4ndig in dieser d\u00fcnnen Schicht absorbiert und dann als W\u00e4rme abgegeben, die durch die Thermos\u00e4ule flie\u00dft.[\/vc_column_text][vc_single_image image=&#8220;775&#8243; img_size=&#8220;large&#8220; alignment=&#8220;center&#8220; css=&#8220;.vc_custom_1591773782550{padding-top: 20px !important;}&#8220;][\/vc_column][\/vc_row][vc_row][vc_column][vc_custom_heading text=&#8220;Absorptions- und Schadensschwellenkurven f\u00fcr Thermopiles und Strahlpositionssensoren&#8220; use_theme_fonts=&#8220;yes&#8220;][vc_single_image image=&#8220;598&#8243; img_size=&#8220;large&#8220; alignment=&#8220;center&#8220;][vc_single_image image=&#8220;609&#8243; img_size=&#8220;large&#8220; alignment=&#8220;center&#8220;][\/vc_column][\/vc_row]<\/p>\n<\/div>","protected":false},"excerpt":{"rendered":"<p>[vc_row][vc_column][vc_column_text] Oberfl\u00e4chenabsorber Oberfl\u00e4chenabsorber bestehen aus d\u00fcnnen Materialschichten, die auf Substrate aufgetragen werden, die wie Metalle mit hoher Leitf\u00e4higkeit leicht W\u00e4rme \u00fcbertragen k\u00f6nnen. Sie werden f\u00fcr CW-Laser oder andere Quellen verwendet, die lange Pulse (mit Dauer &gt;300\u03bcsec) aussenden. Die Strahlung wird fast vollst\u00e4ndig in dieser d\u00fcnnen Schicht absorbiert und dann als W\u00e4rme abgegeben, die durch die&hellip;<\/p>\n","protected":false},"author":1,"featured_media":0,"parent":12409,"menu_order":0,"comment_status":"closed","ping_status":"closed","template":"","meta":{"footnotes":""},"acf":[],"yoast_head":"<!-- This site is optimized with the Yoast SEO plugin v22.2 - https:\/\/yoast.com\/wordpress\/plugins\/seo\/ -->\n<title>Oberfl\u00e4chenabsorber - Laserpoint<\/title>\n<meta name=\"robots\" content=\"index, follow, max-snippet:-1, max-image-preview:large, max-video-preview:-1\" \/>\n<link rel=\"canonical\" href=\"https:\/\/www.laserpoint.eu\/de\/technologien\/thermopiles\/oberflaechenabsorber\/\" \/>\n<meta property=\"og:locale\" content=\"de_DE\" \/>\n<meta property=\"og:type\" content=\"article\" \/>\n<meta property=\"og:title\" content=\"Oberfl\u00e4chenabsorber - Laserpoint\" \/>\n<meta property=\"og:description\" content=\"[vc_row][vc_column][vc_column_text] Oberfl\u00e4chenabsorber Oberfl\u00e4chenabsorber bestehen aus d\u00fcnnen Materialschichten, die auf Substrate aufgetragen werden, die wie Metalle mit hoher Leitf\u00e4higkeit leicht W\u00e4rme \u00fcbertragen k\u00f6nnen. Sie werden f\u00fcr CW-Laser oder andere Quellen verwendet, die lange Pulse (mit Dauer &gt;300\u03bcsec) aussenden. Die Strahlung wird fast vollst\u00e4ndig in dieser d\u00fcnnen Schicht absorbiert und dann als W\u00e4rme abgegeben, die durch die&hellip;\" \/>\n<meta property=\"og:url\" content=\"https:\/\/www.laserpoint.eu\/de\/technologien\/thermopiles\/oberflaechenabsorber\/\" \/>\n<meta property=\"og:site_name\" content=\"Laserpoint\" \/>\n<meta property=\"article:modified_time\" content=\"2020-09-01T12:31:34+00:00\" \/>\n<meta name=\"twitter:card\" content=\"summary_large_image\" \/>\n<meta name=\"twitter:label1\" content=\"Gesch\u00e4tzte Lesezeit\" \/>\n\t<meta name=\"twitter:data1\" content=\"1 Minute\" \/>\n<script type=\"application\/ld+json\" class=\"yoast-schema-graph\">{\"@context\":\"https:\/\/schema.org\",\"@graph\":[{\"@type\":\"WebPage\",\"@id\":\"https:\/\/www.laserpoint.eu\/de\/technologien\/thermopiles\/oberflaechenabsorber\/\",\"url\":\"https:\/\/www.laserpoint.eu\/de\/technologien\/thermopiles\/oberflaechenabsorber\/\",\"name\":\"Oberfl\u00e4chenabsorber - Laserpoint\",\"isPartOf\":{\"@id\":\"https:\/\/www.laserpoint.eu\/de\/#website\"},\"datePublished\":\"2020-09-01T12:30:06+00:00\",\"dateModified\":\"2020-09-01T12:31:34+00:00\",\"breadcrumb\":{\"@id\":\"https:\/\/www.laserpoint.eu\/de\/technologien\/thermopiles\/oberflaechenabsorber\/#breadcrumb\"},\"inLanguage\":\"de-DE\",\"potentialAction\":[{\"@type\":\"ReadAction\",\"target\":[\"https:\/\/www.laserpoint.eu\/de\/technologien\/thermopiles\/oberflaechenabsorber\/\"]}]},{\"@type\":\"BreadcrumbList\",\"@id\":\"https:\/\/www.laserpoint.eu\/de\/technologien\/thermopiles\/oberflaechenabsorber\/#breadcrumb\",\"itemListElement\":[{\"@type\":\"ListItem\",\"position\":1,\"name\":\"Home\",\"item\":\"https:\/\/www.laserpoint.eu\/de\/\"},{\"@type\":\"ListItem\",\"position\":2,\"name\":\"Technologien\",\"item\":\"https:\/\/www.laserpoint.eu\/de\/technologien\/\"},{\"@type\":\"ListItem\",\"position\":3,\"name\":\"Thermopiles\",\"item\":\"https:\/\/www.laserpoint.eu\/de\/technologien\/thermopiles\/\"},{\"@type\":\"ListItem\",\"position\":4,\"name\":\"Oberfl\u00e4chenabsorber\"}]},{\"@type\":\"WebSite\",\"@id\":\"https:\/\/www.laserpoint.eu\/de\/#website\",\"url\":\"https:\/\/www.laserpoint.eu\/de\/\",\"name\":\"Laserpoint\",\"description\":\"Development and manufacturing of laser measurement instruments\",\"publisher\":{\"@id\":\"https:\/\/www.laserpoint.eu\/de\/#organization\"},\"potentialAction\":[{\"@type\":\"SearchAction\",\"target\":{\"@type\":\"EntryPoint\",\"urlTemplate\":\"https:\/\/www.laserpoint.eu\/de\/?s={search_term_string}\"},\"query-input\":\"required name=search_term_string\"}],\"inLanguage\":\"de-DE\"},{\"@type\":\"Organization\",\"@id\":\"https:\/\/www.laserpoint.eu\/de\/#organization\",\"name\":\"Laserpoint\",\"url\":\"https:\/\/www.laserpoint.eu\/de\/\",\"logo\":{\"@type\":\"ImageObject\",\"inLanguage\":\"de-DE\",\"@id\":\"https:\/\/www.laserpoint.eu\/de\/#\/schema\/logo\/image\/\",\"url\":\"https:\/\/www.laserpoint.eu\/wp-content\/uploads\/laserpoint-logo.png\",\"contentUrl\":\"https:\/\/www.laserpoint.eu\/wp-content\/uploads\/laserpoint-logo.png\",\"width\":520,\"height\":84,\"caption\":\"Laserpoint\"},\"image\":{\"@id\":\"https:\/\/www.laserpoint.eu\/de\/#\/schema\/logo\/image\/\"}}]}<\/script>\n<!-- \/ Yoast SEO plugin. -->","yoast_head_json":{"title":"Oberfl\u00e4chenabsorber - Laserpoint","robots":{"index":"index","follow":"follow","max-snippet":"max-snippet:-1","max-image-preview":"max-image-preview:large","max-video-preview":"max-video-preview:-1"},"canonical":"https:\/\/www.laserpoint.eu\/de\/technologien\/thermopiles\/oberflaechenabsorber\/","og_locale":"de_DE","og_type":"article","og_title":"Oberfl\u00e4chenabsorber - Laserpoint","og_description":"[vc_row][vc_column][vc_column_text] Oberfl\u00e4chenabsorber Oberfl\u00e4chenabsorber bestehen aus d\u00fcnnen Materialschichten, die auf Substrate aufgetragen werden, die wie Metalle mit hoher Leitf\u00e4higkeit leicht W\u00e4rme \u00fcbertragen k\u00f6nnen. Sie werden f\u00fcr CW-Laser oder andere Quellen verwendet, die lange Pulse (mit Dauer &gt;300\u03bcsec) aussenden. Die Strahlung wird fast vollst\u00e4ndig in dieser d\u00fcnnen Schicht absorbiert und dann als W\u00e4rme abgegeben, die durch die&hellip;","og_url":"https:\/\/www.laserpoint.eu\/de\/technologien\/thermopiles\/oberflaechenabsorber\/","og_site_name":"Laserpoint","article_modified_time":"2020-09-01T12:31:34+00:00","twitter_card":"summary_large_image","twitter_misc":{"Gesch\u00e4tzte Lesezeit":"1 Minute"},"schema":{"@context":"https:\/\/schema.org","@graph":[{"@type":"WebPage","@id":"https:\/\/www.laserpoint.eu\/de\/technologien\/thermopiles\/oberflaechenabsorber\/","url":"https:\/\/www.laserpoint.eu\/de\/technologien\/thermopiles\/oberflaechenabsorber\/","name":"Oberfl\u00e4chenabsorber - Laserpoint","isPartOf":{"@id":"https:\/\/www.laserpoint.eu\/de\/#website"},"datePublished":"2020-09-01T12:30:06+00:00","dateModified":"2020-09-01T12:31:34+00:00","breadcrumb":{"@id":"https:\/\/www.laserpoint.eu\/de\/technologien\/thermopiles\/oberflaechenabsorber\/#breadcrumb"},"inLanguage":"de-DE","potentialAction":[{"@type":"ReadAction","target":["https:\/\/www.laserpoint.eu\/de\/technologien\/thermopiles\/oberflaechenabsorber\/"]}]},{"@type":"BreadcrumbList","@id":"https:\/\/www.laserpoint.eu\/de\/technologien\/thermopiles\/oberflaechenabsorber\/#breadcrumb","itemListElement":[{"@type":"ListItem","position":1,"name":"Home","item":"https:\/\/www.laserpoint.eu\/de\/"},{"@type":"ListItem","position":2,"name":"Technologien","item":"https:\/\/www.laserpoint.eu\/de\/technologien\/"},{"@type":"ListItem","position":3,"name":"Thermopiles","item":"https:\/\/www.laserpoint.eu\/de\/technologien\/thermopiles\/"},{"@type":"ListItem","position":4,"name":"Oberfl\u00e4chenabsorber"}]},{"@type":"WebSite","@id":"https:\/\/www.laserpoint.eu\/de\/#website","url":"https:\/\/www.laserpoint.eu\/de\/","name":"Laserpoint","description":"Development and manufacturing of laser measurement instruments","publisher":{"@id":"https:\/\/www.laserpoint.eu\/de\/#organization"},"potentialAction":[{"@type":"SearchAction","target":{"@type":"EntryPoint","urlTemplate":"https:\/\/www.laserpoint.eu\/de\/?s={search_term_string}"},"query-input":"required name=search_term_string"}],"inLanguage":"de-DE"},{"@type":"Organization","@id":"https:\/\/www.laserpoint.eu\/de\/#organization","name":"Laserpoint","url":"https:\/\/www.laserpoint.eu\/de\/","logo":{"@type":"ImageObject","inLanguage":"de-DE","@id":"https:\/\/www.laserpoint.eu\/de\/#\/schema\/logo\/image\/","url":"https:\/\/www.laserpoint.eu\/wp-content\/uploads\/laserpoint-logo.png","contentUrl":"https:\/\/www.laserpoint.eu\/wp-content\/uploads\/laserpoint-logo.png","width":520,"height":84,"caption":"Laserpoint"},"image":{"@id":"https:\/\/www.laserpoint.eu\/de\/#\/schema\/logo\/image\/"}}]}},"_links":{"self":[{"href":"https:\/\/www.laserpoint.eu\/de\/wp-json\/wp\/v2\/pages\/12412"}],"collection":[{"href":"https:\/\/www.laserpoint.eu\/de\/wp-json\/wp\/v2\/pages"}],"about":[{"href":"https:\/\/www.laserpoint.eu\/de\/wp-json\/wp\/v2\/types\/page"}],"author":[{"embeddable":true,"href":"https:\/\/www.laserpoint.eu\/de\/wp-json\/wp\/v2\/users\/1"}],"replies":[{"embeddable":true,"href":"https:\/\/www.laserpoint.eu\/de\/wp-json\/wp\/v2\/comments?post=12412"}],"version-history":[{"count":5,"href":"https:\/\/www.laserpoint.eu\/de\/wp-json\/wp\/v2\/pages\/12412\/revisions"}],"predecessor-version":[{"id":12417,"href":"https:\/\/www.laserpoint.eu\/de\/wp-json\/wp\/v2\/pages\/12412\/revisions\/12417"}],"up":[{"embeddable":true,"href":"https:\/\/www.laserpoint.eu\/de\/wp-json\/wp\/v2\/pages\/12409"}],"wp:attachment":[{"href":"https:\/\/www.laserpoint.eu\/de\/wp-json\/wp\/v2\/media?parent=12412"}],"curies":[{"name":"wp","href":"https:\/\/api.w.org\/{rel}","templated":true}]}}