{"id":67759,"date":"2021-04-16T08:19:46","date_gmt":"2021-04-16T06:19:46","guid":{"rendered":"https:\/\/www.laserpoint.eu\/unkategorisiert\/plus-2\/"},"modified":"2025-07-18T17:42:48","modified_gmt":"2025-07-18T15:42:48","slug":"plus-2","status":"publish","type":"product","link":"https:\/\/www.laserpoint.eu\/de\/sensor-messgerate\/plus-2\/","title":{"rendered":"PLUS 2"},"content":{"rendered":"<div class=\"wpb-content-wrapper\"><p>[vc_row][vc_column width=&#8220;2\/3&#8243;][vc_column_text]<\/p>\n<h2>Plus 2<\/h2>\n<p>Das Plus 2 ist ein tragbares, leichtes Messger\u00e4t mit Touchscreen zur Messung der optischen Leistung\/Energie von Lasern und anderen Lichtquellen.<\/p>\n<p>Das Plus2-Messger\u00e4t ist mit allen auf dem Markt erh\u00e4ltlichen LaserPoint-Thermosensoren (einschlie\u00dflich Blink FR bis zu 6 Hz Wiederholrate) und Fotodiodensensoren kompatibel. Es verf\u00fcgt \u00fcber ein 4,3-Zoll-Touchscreen-Farbdisplay und eine intuitive und ergonomische grafische Benutzeroberfl\u00e4che, die eine einfache Nutzung aller seiner Eigenschaften erm\u00f6glicht. Das Ger\u00e4t wird von einer wiederaufladbaren Lithiumbatterie mit einer Laufzeit von bis zu 15 Stunden betrieben.<\/p>\n<p>Das Plus 2 bietet unter anderem einen konfigurierbaren Analogausgang und eine einfache Datenspeicherung. Die Wellenl\u00e4ngen k\u00f6nnen ausgew\u00e4hlt werden, indem das Fenster \u201eedit lambda\u201c ge\u00f6ffnet wird, in dem eine Reihe der g\u00e4ngigsten Laserwellenl\u00e4ngen angezeigt werden. Der Messendwert oder -bereich kann je nach den Bed\u00fcrfnissen des Benutzers durch Ber\u00fchren der Bildschirmtaste \u201eRange\u201c und Scrollen zur Auswahl der Bereichsoption eingestellt werden.<\/p>\n<p>Die Bildschirmtaste \u201eMode\u201c schaltet einfach vom Leistungsmessmodus in den Energiemessmodus um; die Messeinheiten werden je nach Sensorkopftyp und erwartetem Bereich angezeigt. Das Plus2 kann den Einzelschuss oder die integrale Energie eines Bursts von 2 oder mehr Impulsen messen.<\/p>\n<p>Um einen unerw\u00fcnschten Beitrag von thermischem Rauschen oder Hintergrundstrahlung zur gemessenen Impulsenergie zu vermeiden, wurde das Ger\u00e4t so konstruiert, dass es nicht auf Impulse unterhalb einer voreingestellten Energieschwelle reagiert. Messungen im Leistungsmodus k\u00f6nnen als Bestrahlungsst\u00e4rke (W\/cm<sup>2<\/sup>) angezeigt werden, und Messungen im Energiemodus k\u00f6nnen als Energiedichte (J\/cm<sup>2<\/sup>) angezeigt werden, indem die Strahlform (Radius f\u00fcr eine kreisf\u00f6rmige Form, Breite und H\u00f6he f\u00fcr eine rechteckige Form) unter &#8222;Measure Settings&#8220; eingef\u00fcgt wird.<\/p>\n<p>Es stehen drei Verarbeitungsoptionen zur Verf\u00fcgung:<\/p>\n<p>-Kontinuierlich: Die statistische Ausarbeitung wird auf der Grundlage einer kontinuierlichen Datenerfassung durchgef\u00fchrt.<\/p>\n<p>-Wiederholt: Die Daten werden innerhalb eines vom Benutzer definierten Zeitraums wiederholt gesammelt und ausgearbeitet.<\/p>\n<p>-Einmalig: Die Daten werden nur einmal innerhalb eines vom Benutzer definierten Zeitraums gesammelt und bearbeitet.<\/p>\n<p>Durch Einstecken des USB-Speichersticks in den Anschluss auf der linken Seite von Plus 2 und durch Ber\u00fchren der Schaltfl\u00e4che \u201eSave\u201c wird das Datenerfassungsfenster ge\u00f6ffnet. Es kann sowohl eine Auswahl der gew\u00fcnschten zu speichernden Daten (Werte, Statistik oder beides) als auch der Abtastrate (zwischen 0,5 s und 99 s) zusammen mit dem Erfassungsmodus getroffen werden. Die Abschaltzeit der Anzeige kann von 1 bis 30 Minuten eingestellt werden und nach einer bestimmten Zeit der Inaktivit\u00e4t schaltet sich Plus 2 aus. Die Option \u201e90\u00b0 Full Screen\u201c schaltet den Bildschirm auf eine um 90\u00b0 gedrehte Vollbildanzeige mit hoher Sichtbarkeit und hohem Kontrast um, die nur den Messwert und die zugeh\u00f6rigen Einheiten anzeigt.[\/vc_column_text][\/vc_column][vc_column width=&#8220;1\/3&#8243;][vc_single_image image=&#8220;5890&#8243; img_size=&#8220;large&#8220;][vc_empty_space][vc_single_image image=&#8220;5584&#8243; img_size=&#8220;large&#8220;][\/vc_column][\/vc_row]<\/p>\n<\/div>","protected":false},"excerpt":{"rendered":"<p>[vc_row][vc_column width=&#8220;2\/3&#8243;][vc_column_text] Plus 2 Das Plus 2 ist ein tragbares, leichtes Messger\u00e4t mit Touchscreen zur Messung der optischen Leistung\/Energie von Lasern und anderen Lichtquellen. Das Plus2-Messger\u00e4t ist mit allen auf dem Markt erh\u00e4ltlichen LaserPoint-Thermosensoren (einschlie\u00dflich Blink FR bis zu 6 Hz Wiederholrate) und Fotodiodensensoren kompatibel. Es verf\u00fcgt \u00fcber ein 4,3-Zoll-Touchscreen-Farbdisplay und eine intuitive und ergonomische&hellip;<\/p>\n","protected":false},"featured_media":5578,"menu_order":0,"template":"","meta":[],"product_cat":[660],"product_tag":[],"acf":[],"yoast_head":"<!-- This site is optimized with the Yoast SEO plugin v22.2 - https:\/\/yoast.com\/wordpress\/plugins\/seo\/ -->\n<title>PLUS 2 - Laserpoint<\/title>\n<meta name=\"robots\" content=\"index, follow, max-snippet:-1, max-image-preview:large, max-video-preview:-1\" \/>\n<link rel=\"canonical\" href=\"https:\/\/www.laserpoint.eu\/de\/sensor-messgerate\/plus-2\/\" \/>\n<meta property=\"og:locale\" content=\"de_DE\" \/>\n<meta property=\"og:type\" content=\"article\" \/>\n<meta property=\"og:title\" content=\"PLUS 2 - Laserpoint\" \/>\n<meta property=\"og:description\" content=\"[vc_row][vc_column width=&#8220;2\/3&#8243;][vc_column_text] Plus 2 Das Plus 2 ist ein tragbares, leichtes Messger\u00e4t mit Touchscreen zur Messung der optischen Leistung\/Energie von Lasern und anderen Lichtquellen. Das Plus2-Messger\u00e4t ist mit allen auf dem Markt erh\u00e4ltlichen LaserPoint-Thermosensoren (einschlie\u00dflich Blink FR bis zu 6 Hz Wiederholrate) und Fotodiodensensoren kompatibel. Es verf\u00fcgt \u00fcber ein 4,3-Zoll-Touchscreen-Farbdisplay und eine intuitive und ergonomische&hellip;\" \/>\n<meta property=\"og:url\" content=\"https:\/\/www.laserpoint.eu\/de\/sensor-messgerate\/plus-2\/\" \/>\n<meta property=\"og:site_name\" content=\"Laserpoint\" \/>\n<meta property=\"article:modified_time\" content=\"2025-07-18T15:42:48+00:00\" \/>\n<meta property=\"og:image\" content=\"https:\/\/www.laserpoint.eu\/wp-content\/uploads\/plus-2.jpg\" \/>\n\t<meta property=\"og:image:width\" content=\"423\" \/>\n\t<meta property=\"og:image:height\" content=\"709\" \/>\n\t<meta property=\"og:image:type\" content=\"image\/jpeg\" \/>\n<meta name=\"twitter:card\" content=\"summary_large_image\" \/>\n<meta name=\"twitter:label1\" content=\"Gesch\u00e4tzte Lesezeit\" \/>\n\t<meta name=\"twitter:data1\" content=\"2 Minuten\" \/>\n<script type=\"application\/ld+json\" class=\"yoast-schema-graph\">{\"@context\":\"https:\/\/schema.org\",\"@graph\":[{\"@type\":\"WebPage\",\"@id\":\"https:\/\/www.laserpoint.eu\/de\/sensor-messgerate\/plus-2\/\",\"url\":\"https:\/\/www.laserpoint.eu\/de\/sensor-messgerate\/plus-2\/\",\"name\":\"PLUS 2 - Laserpoint\",\"isPartOf\":{\"@id\":\"https:\/\/www.laserpoint.eu\/de\/#website\"},\"primaryImageOfPage\":{\"@id\":\"https:\/\/www.laserpoint.eu\/de\/sensor-messgerate\/plus-2\/#primaryimage\"},\"image\":{\"@id\":\"https:\/\/www.laserpoint.eu\/de\/sensor-messgerate\/plus-2\/#primaryimage\"},\"thumbnailUrl\":\"https:\/\/www.laserpoint.eu\/wp-content\/uploads\/plus-2.jpg\",\"datePublished\":\"2021-04-16T06:19:46+00:00\",\"dateModified\":\"2025-07-18T15:42:48+00:00\",\"breadcrumb\":{\"@id\":\"https:\/\/www.laserpoint.eu\/de\/sensor-messgerate\/plus-2\/#breadcrumb\"},\"inLanguage\":\"de-DE\",\"potentialAction\":[{\"@type\":\"ReadAction\",\"target\":[\"https:\/\/www.laserpoint.eu\/de\/sensor-messgerate\/plus-2\/\"]}]},{\"@type\":\"ImageObject\",\"inLanguage\":\"de-DE\",\"@id\":\"https:\/\/www.laserpoint.eu\/de\/sensor-messgerate\/plus-2\/#primaryimage\",\"url\":\"https:\/\/www.laserpoint.eu\/wp-content\/uploads\/plus-2.jpg\",\"contentUrl\":\"https:\/\/www.laserpoint.eu\/wp-content\/uploads\/plus-2.jpg\",\"width\":423,\"height\":709},{\"@type\":\"BreadcrumbList\",\"@id\":\"https:\/\/www.laserpoint.eu\/de\/sensor-messgerate\/plus-2\/#breadcrumb\",\"itemListElement\":[{\"@type\":\"ListItem\",\"position\":1,\"name\":\"Home\",\"item\":\"https:\/\/www.laserpoint.eu\/de\/\"},{\"@type\":\"ListItem\",\"position\":2,\"name\":\"Produkte finden\",\"item\":\"https:\/\/www.laserpoint.eu\/de\/produkte-finden\/\"},{\"@type\":\"ListItem\",\"position\":3,\"name\":\"PLUS 2\"}]},{\"@type\":\"WebSite\",\"@id\":\"https:\/\/www.laserpoint.eu\/de\/#website\",\"url\":\"https:\/\/www.laserpoint.eu\/de\/\",\"name\":\"Laserpoint\",\"description\":\"Development and manufacturing of laser measurement instruments\",\"publisher\":{\"@id\":\"https:\/\/www.laserpoint.eu\/de\/#organization\"},\"potentialAction\":[{\"@type\":\"SearchAction\",\"target\":{\"@type\":\"EntryPoint\",\"urlTemplate\":\"https:\/\/www.laserpoint.eu\/de\/?s={search_term_string}\"},\"query-input\":\"required name=search_term_string\"}],\"inLanguage\":\"de-DE\"},{\"@type\":\"Organization\",\"@id\":\"https:\/\/www.laserpoint.eu\/de\/#organization\",\"name\":\"Laserpoint\",\"url\":\"https:\/\/www.laserpoint.eu\/de\/\",\"logo\":{\"@type\":\"ImageObject\",\"inLanguage\":\"de-DE\",\"@id\":\"https:\/\/www.laserpoint.eu\/de\/#\/schema\/logo\/image\/\",\"url\":\"https:\/\/www.laserpoint.eu\/wp-content\/uploads\/laserpoint-logo.png\",\"contentUrl\":\"https:\/\/www.laserpoint.eu\/wp-content\/uploads\/laserpoint-logo.png\",\"width\":520,\"height\":84,\"caption\":\"Laserpoint\"},\"image\":{\"@id\":\"https:\/\/www.laserpoint.eu\/de\/#\/schema\/logo\/image\/\"}}]}<\/script>\n<!-- \/ Yoast SEO plugin. -->","yoast_head_json":{"title":"PLUS 2 - Laserpoint","robots":{"index":"index","follow":"follow","max-snippet":"max-snippet:-1","max-image-preview":"max-image-preview:large","max-video-preview":"max-video-preview:-1"},"canonical":"https:\/\/www.laserpoint.eu\/de\/sensor-messgerate\/plus-2\/","og_locale":"de_DE","og_type":"article","og_title":"PLUS 2 - Laserpoint","og_description":"[vc_row][vc_column width=&#8220;2\/3&#8243;][vc_column_text] Plus 2 Das Plus 2 ist ein tragbares, leichtes Messger\u00e4t mit Touchscreen zur Messung der optischen Leistung\/Energie von Lasern und anderen Lichtquellen. Das Plus2-Messger\u00e4t ist mit allen auf dem Markt erh\u00e4ltlichen LaserPoint-Thermosensoren (einschlie\u00dflich Blink FR bis zu 6 Hz Wiederholrate) und Fotodiodensensoren kompatibel. Es verf\u00fcgt \u00fcber ein 4,3-Zoll-Touchscreen-Farbdisplay und eine intuitive und ergonomische&hellip;","og_url":"https:\/\/www.laserpoint.eu\/de\/sensor-messgerate\/plus-2\/","og_site_name":"Laserpoint","article_modified_time":"2025-07-18T15:42:48+00:00","og_image":[{"width":423,"height":709,"url":"https:\/\/www.laserpoint.eu\/wp-content\/uploads\/plus-2.jpg","type":"image\/jpeg"}],"twitter_card":"summary_large_image","twitter_misc":{"Gesch\u00e4tzte Lesezeit":"2 Minuten"},"schema":{"@context":"https:\/\/schema.org","@graph":[{"@type":"WebPage","@id":"https:\/\/www.laserpoint.eu\/de\/sensor-messgerate\/plus-2\/","url":"https:\/\/www.laserpoint.eu\/de\/sensor-messgerate\/plus-2\/","name":"PLUS 2 - Laserpoint","isPartOf":{"@id":"https:\/\/www.laserpoint.eu\/de\/#website"},"primaryImageOfPage":{"@id":"https:\/\/www.laserpoint.eu\/de\/sensor-messgerate\/plus-2\/#primaryimage"},"image":{"@id":"https:\/\/www.laserpoint.eu\/de\/sensor-messgerate\/plus-2\/#primaryimage"},"thumbnailUrl":"https:\/\/www.laserpoint.eu\/wp-content\/uploads\/plus-2.jpg","datePublished":"2021-04-16T06:19:46+00:00","dateModified":"2025-07-18T15:42:48+00:00","breadcrumb":{"@id":"https:\/\/www.laserpoint.eu\/de\/sensor-messgerate\/plus-2\/#breadcrumb"},"inLanguage":"de-DE","potentialAction":[{"@type":"ReadAction","target":["https:\/\/www.laserpoint.eu\/de\/sensor-messgerate\/plus-2\/"]}]},{"@type":"ImageObject","inLanguage":"de-DE","@id":"https:\/\/www.laserpoint.eu\/de\/sensor-messgerate\/plus-2\/#primaryimage","url":"https:\/\/www.laserpoint.eu\/wp-content\/uploads\/plus-2.jpg","contentUrl":"https:\/\/www.laserpoint.eu\/wp-content\/uploads\/plus-2.jpg","width":423,"height":709},{"@type":"BreadcrumbList","@id":"https:\/\/www.laserpoint.eu\/de\/sensor-messgerate\/plus-2\/#breadcrumb","itemListElement":[{"@type":"ListItem","position":1,"name":"Home","item":"https:\/\/www.laserpoint.eu\/de\/"},{"@type":"ListItem","position":2,"name":"Produkte finden","item":"https:\/\/www.laserpoint.eu\/de\/produkte-finden\/"},{"@type":"ListItem","position":3,"name":"PLUS 2"}]},{"@type":"WebSite","@id":"https:\/\/www.laserpoint.eu\/de\/#website","url":"https:\/\/www.laserpoint.eu\/de\/","name":"Laserpoint","description":"Development and manufacturing of laser measurement instruments","publisher":{"@id":"https:\/\/www.laserpoint.eu\/de\/#organization"},"potentialAction":[{"@type":"SearchAction","target":{"@type":"EntryPoint","urlTemplate":"https:\/\/www.laserpoint.eu\/de\/?s={search_term_string}"},"query-input":"required name=search_term_string"}],"inLanguage":"de-DE"},{"@type":"Organization","@id":"https:\/\/www.laserpoint.eu\/de\/#organization","name":"Laserpoint","url":"https:\/\/www.laserpoint.eu\/de\/","logo":{"@type":"ImageObject","inLanguage":"de-DE","@id":"https:\/\/www.laserpoint.eu\/de\/#\/schema\/logo\/image\/","url":"https:\/\/www.laserpoint.eu\/wp-content\/uploads\/laserpoint-logo.png","contentUrl":"https:\/\/www.laserpoint.eu\/wp-content\/uploads\/laserpoint-logo.png","width":520,"height":84,"caption":"Laserpoint"},"image":{"@id":"https:\/\/www.laserpoint.eu\/de\/#\/schema\/logo\/image\/"}}]}},"_links":{"self":[{"href":"https:\/\/www.laserpoint.eu\/de\/wp-json\/wp\/v2\/product\/67759"}],"collection":[{"href":"https:\/\/www.laserpoint.eu\/de\/wp-json\/wp\/v2\/product"}],"about":[{"href":"https:\/\/www.laserpoint.eu\/de\/wp-json\/wp\/v2\/types\/product"}],"wp:featuredmedia":[{"embeddable":true,"href":"https:\/\/www.laserpoint.eu\/de\/wp-json\/wp\/v2\/media\/5578"}],"wp:attachment":[{"href":"https:\/\/www.laserpoint.eu\/de\/wp-json\/wp\/v2\/media?parent=67759"}],"wp:term":[{"taxonomy":"product_cat","embeddable":true,"href":"https:\/\/www.laserpoint.eu\/de\/wp-json\/wp\/v2\/product_cat?post=67759"},{"taxonomy":"product_tag","embeddable":true,"href":"https:\/\/www.laserpoint.eu\/de\/wp-json\/wp\/v2\/product_tag?post=67759"}],"curies":[{"name":"wp","href":"https:\/\/api.w.org\/{rel}","templated":true}]}}