{"id":16728,"date":"2020-12-08T12:09:18","date_gmt":"2020-12-08T11:09:18","guid":{"rendered":"https:\/\/www.laserpoint.eu\/optica-de-desenfoque-para-alta-densidad-de-energia\/"},"modified":"2021-01-07T17:06:20","modified_gmt":"2021-01-07T16:06:20","slug":"optica-de-desenfoque-para-alta-densidad-de-energia","status":"publish","type":"page","link":"https:\/\/www.laserpoint.eu\/es\/tecnologias\/termopilas\/optica-de-desenfoque-para-alta-densidad-de-energia\/","title":{"rendered":"\u00d3ptica de desenfoque para alta densidad de energ\u00eda"},"content":{"rendered":"<div class=\"wpb-content-wrapper\"><p>[vc_row][vc_column][vc_custom_heading text=\u00bbCurvas de absorci\u00f3n y umbral de da\u00f1o para cabezales de l\u00e1seres de alta densidad de energ\u00eda\u00bb use_theme_fonts=\u00bbyes\u00bb][vc_single_image image=\u00bb600&#8243; img_size=\u00bblarge\u00bb alignment=\u00bbcenter\u00bb][vc_single_image image=\u00bb596&#8243; img_size=\u00bblarge\u00bb alignment=\u00bbcenter\u00bb][vc_single_image image=\u00bb597&#8243; img_size=\u00bblarge\u00bb alignment=\u00bbcenter\u00bb][\/vc_column][\/vc_row]<\/p>\n<\/div>","protected":false},"excerpt":{"rendered":"<p>[vc_row][vc_column][vc_custom_heading text=\u00bbCurvas de absorci\u00f3n y umbral de da\u00f1o para cabezales de l\u00e1seres de alta densidad de energ\u00eda\u00bb use_theme_fonts=\u00bbyes\u00bb][vc_single_image image=\u00bb600&#8243; img_size=\u00bblarge\u00bb alignment=\u00bbcenter\u00bb][vc_single_image image=\u00bb596&#8243; img_size=\u00bblarge\u00bb alignment=\u00bbcenter\u00bb][vc_single_image image=\u00bb597&#8243; img_size=\u00bblarge\u00bb alignment=\u00bbcenter\u00bb][\/vc_column][\/vc_row]<\/p>\n","protected":false},"author":1,"featured_media":0,"parent":16899,"menu_order":0,"comment_status":"closed","ping_status":"closed","template":"","meta":{"footnotes":""},"acf":[],"yoast_head":"<!-- This site is optimized with the Yoast SEO plugin v22.2 - https:\/\/yoast.com\/wordpress\/plugins\/seo\/ -->\n<title>\u00d3ptica de desenfoque para alta densidad de energ\u00eda - Laserpoint<\/title>\n<meta name=\"robots\" content=\"index, follow, max-snippet:-1, max-image-preview:large, max-video-preview:-1\" \/>\n<link rel=\"canonical\" href=\"https:\/\/www.laserpoint.eu\/es\/tecnologias\/termopilas\/optica-de-desenfoque-para-alta-densidad-de-energia\/\" \/>\n<meta property=\"og:locale\" content=\"es_ES\" \/>\n<meta property=\"og:type\" content=\"article\" \/>\n<meta property=\"og:title\" content=\"\u00d3ptica de desenfoque para alta densidad de energ\u00eda - Laserpoint\" \/>\n<meta property=\"og:description\" content=\"[vc_row][vc_column][vc_custom_heading text=\u00bbCurvas de absorci\u00f3n y umbral de da\u00f1o para cabezales de l\u00e1seres de alta densidad de energ\u00eda\u00bb use_theme_fonts=\u00bbyes\u00bb][vc_single_image image=\u00bb600&#8243; img_size=\u00bblarge\u00bb alignment=\u00bbcenter\u00bb][vc_single_image image=\u00bb596&#8243; img_size=\u00bblarge\u00bb alignment=\u00bbcenter\u00bb][vc_single_image image=\u00bb597&#8243; img_size=\u00bblarge\u00bb alignment=\u00bbcenter\u00bb][\/vc_column][\/vc_row]\" \/>\n<meta property=\"og:url\" content=\"https:\/\/www.laserpoint.eu\/es\/tecnologias\/termopilas\/optica-de-desenfoque-para-alta-densidad-de-energia\/\" \/>\n<meta property=\"og:site_name\" content=\"Laserpoint\" \/>\n<meta property=\"article:modified_time\" content=\"2021-01-07T16:06:20+00:00\" \/>\n<meta name=\"twitter:card\" content=\"summary_large_image\" \/>\n<script type=\"application\/ld+json\" class=\"yoast-schema-graph\">{\"@context\":\"https:\/\/schema.org\",\"@graph\":[{\"@type\":\"WebPage\",\"@id\":\"https:\/\/www.laserpoint.eu\/es\/tecnologias\/termopilas\/optica-de-desenfoque-para-alta-densidad-de-energia\/\",\"url\":\"https:\/\/www.laserpoint.eu\/es\/tecnologias\/termopilas\/optica-de-desenfoque-para-alta-densidad-de-energia\/\",\"name\":\"\u00d3ptica de desenfoque para alta densidad de energ\u00eda - Laserpoint\",\"isPartOf\":{\"@id\":\"https:\/\/www.laserpoint.eu\/es\/#website\"},\"datePublished\":\"2020-12-08T11:09:18+00:00\",\"dateModified\":\"2021-01-07T16:06:20+00:00\",\"breadcrumb\":{\"@id\":\"https:\/\/www.laserpoint.eu\/es\/tecnologias\/termopilas\/optica-de-desenfoque-para-alta-densidad-de-energia\/#breadcrumb\"},\"inLanguage\":\"es\",\"potentialAction\":[{\"@type\":\"ReadAction\",\"target\":[\"https:\/\/www.laserpoint.eu\/es\/tecnologias\/termopilas\/optica-de-desenfoque-para-alta-densidad-de-energia\/\"]}]},{\"@type\":\"BreadcrumbList\",\"@id\":\"https:\/\/www.laserpoint.eu\/es\/tecnologias\/termopilas\/optica-de-desenfoque-para-alta-densidad-de-energia\/#breadcrumb\",\"itemListElement\":[{\"@type\":\"ListItem\",\"position\":1,\"name\":\"Home\",\"item\":\"https:\/\/www.laserpoint.eu\/es\/\"},{\"@type\":\"ListItem\",\"position\":2,\"name\":\"Tecnologias\",\"item\":\"https:\/\/www.laserpoint.eu\/es\/tecnologias\/\"},{\"@type\":\"ListItem\",\"position\":3,\"name\":\"Termopilas\",\"item\":\"https:\/\/www.laserpoint.eu\/es\/tecnologias\/termopilas\/\"},{\"@type\":\"ListItem\",\"position\":4,\"name\":\"\u00d3ptica de desenfoque para alta densidad de energ\u00eda\"}]},{\"@type\":\"WebSite\",\"@id\":\"https:\/\/www.laserpoint.eu\/es\/#website\",\"url\":\"https:\/\/www.laserpoint.eu\/es\/\",\"name\":\"Laserpoint\",\"description\":\"Development and manufacturing of laser measurement instruments\",\"publisher\":{\"@id\":\"https:\/\/www.laserpoint.eu\/es\/#organization\"},\"potentialAction\":[{\"@type\":\"SearchAction\",\"target\":{\"@type\":\"EntryPoint\",\"urlTemplate\":\"https:\/\/www.laserpoint.eu\/es\/?s={search_term_string}\"},\"query-input\":\"required name=search_term_string\"}],\"inLanguage\":\"es\"},{\"@type\":\"Organization\",\"@id\":\"https:\/\/www.laserpoint.eu\/es\/#organization\",\"name\":\"Laserpoint\",\"url\":\"https:\/\/www.laserpoint.eu\/es\/\",\"logo\":{\"@type\":\"ImageObject\",\"inLanguage\":\"es\",\"@id\":\"https:\/\/www.laserpoint.eu\/es\/#\/schema\/logo\/image\/\",\"url\":\"https:\/\/www.laserpoint.eu\/wp-content\/uploads\/laserpoint-logo.png\",\"contentUrl\":\"https:\/\/www.laserpoint.eu\/wp-content\/uploads\/laserpoint-logo.png\",\"width\":520,\"height\":84,\"caption\":\"Laserpoint\"},\"image\":{\"@id\":\"https:\/\/www.laserpoint.eu\/es\/#\/schema\/logo\/image\/\"}}]}<\/script>\n<!-- \/ Yoast SEO plugin. -->","yoast_head_json":{"title":"\u00d3ptica de desenfoque para alta densidad de energ\u00eda - Laserpoint","robots":{"index":"index","follow":"follow","max-snippet":"max-snippet:-1","max-image-preview":"max-image-preview:large","max-video-preview":"max-video-preview:-1"},"canonical":"https:\/\/www.laserpoint.eu\/es\/tecnologias\/termopilas\/optica-de-desenfoque-para-alta-densidad-de-energia\/","og_locale":"es_ES","og_type":"article","og_title":"\u00d3ptica de desenfoque para alta densidad de energ\u00eda - Laserpoint","og_description":"[vc_row][vc_column][vc_custom_heading text=\u00bbCurvas de absorci\u00f3n y umbral de da\u00f1o para cabezales de l\u00e1seres de alta densidad de energ\u00eda\u00bb use_theme_fonts=\u00bbyes\u00bb][vc_single_image image=\u00bb600&#8243; img_size=\u00bblarge\u00bb alignment=\u00bbcenter\u00bb][vc_single_image image=\u00bb596&#8243; img_size=\u00bblarge\u00bb alignment=\u00bbcenter\u00bb][vc_single_image image=\u00bb597&#8243; img_size=\u00bblarge\u00bb alignment=\u00bbcenter\u00bb][\/vc_column][\/vc_row]","og_url":"https:\/\/www.laserpoint.eu\/es\/tecnologias\/termopilas\/optica-de-desenfoque-para-alta-densidad-de-energia\/","og_site_name":"Laserpoint","article_modified_time":"2021-01-07T16:06:20+00:00","twitter_card":"summary_large_image","schema":{"@context":"https:\/\/schema.org","@graph":[{"@type":"WebPage","@id":"https:\/\/www.laserpoint.eu\/es\/tecnologias\/termopilas\/optica-de-desenfoque-para-alta-densidad-de-energia\/","url":"https:\/\/www.laserpoint.eu\/es\/tecnologias\/termopilas\/optica-de-desenfoque-para-alta-densidad-de-energia\/","name":"\u00d3ptica de desenfoque para alta densidad de energ\u00eda - Laserpoint","isPartOf":{"@id":"https:\/\/www.laserpoint.eu\/es\/#website"},"datePublished":"2020-12-08T11:09:18+00:00","dateModified":"2021-01-07T16:06:20+00:00","breadcrumb":{"@id":"https:\/\/www.laserpoint.eu\/es\/tecnologias\/termopilas\/optica-de-desenfoque-para-alta-densidad-de-energia\/#breadcrumb"},"inLanguage":"es","potentialAction":[{"@type":"ReadAction","target":["https:\/\/www.laserpoint.eu\/es\/tecnologias\/termopilas\/optica-de-desenfoque-para-alta-densidad-de-energia\/"]}]},{"@type":"BreadcrumbList","@id":"https:\/\/www.laserpoint.eu\/es\/tecnologias\/termopilas\/optica-de-desenfoque-para-alta-densidad-de-energia\/#breadcrumb","itemListElement":[{"@type":"ListItem","position":1,"name":"Home","item":"https:\/\/www.laserpoint.eu\/es\/"},{"@type":"ListItem","position":2,"name":"Tecnologias","item":"https:\/\/www.laserpoint.eu\/es\/tecnologias\/"},{"@type":"ListItem","position":3,"name":"Termopilas","item":"https:\/\/www.laserpoint.eu\/es\/tecnologias\/termopilas\/"},{"@type":"ListItem","position":4,"name":"\u00d3ptica de desenfoque para alta densidad de energ\u00eda"}]},{"@type":"WebSite","@id":"https:\/\/www.laserpoint.eu\/es\/#website","url":"https:\/\/www.laserpoint.eu\/es\/","name":"Laserpoint","description":"Development and manufacturing of laser measurement instruments","publisher":{"@id":"https:\/\/www.laserpoint.eu\/es\/#organization"},"potentialAction":[{"@type":"SearchAction","target":{"@type":"EntryPoint","urlTemplate":"https:\/\/www.laserpoint.eu\/es\/?s={search_term_string}"},"query-input":"required name=search_term_string"}],"inLanguage":"es"},{"@type":"Organization","@id":"https:\/\/www.laserpoint.eu\/es\/#organization","name":"Laserpoint","url":"https:\/\/www.laserpoint.eu\/es\/","logo":{"@type":"ImageObject","inLanguage":"es","@id":"https:\/\/www.laserpoint.eu\/es\/#\/schema\/logo\/image\/","url":"https:\/\/www.laserpoint.eu\/wp-content\/uploads\/laserpoint-logo.png","contentUrl":"https:\/\/www.laserpoint.eu\/wp-content\/uploads\/laserpoint-logo.png","width":520,"height":84,"caption":"Laserpoint"},"image":{"@id":"https:\/\/www.laserpoint.eu\/es\/#\/schema\/logo\/image\/"}}]}},"_links":{"self":[{"href":"https:\/\/www.laserpoint.eu\/es\/wp-json\/wp\/v2\/pages\/16728"}],"collection":[{"href":"https:\/\/www.laserpoint.eu\/es\/wp-json\/wp\/v2\/pages"}],"about":[{"href":"https:\/\/www.laserpoint.eu\/es\/wp-json\/wp\/v2\/types\/page"}],"author":[{"embeddable":true,"href":"https:\/\/www.laserpoint.eu\/es\/wp-json\/wp\/v2\/users\/1"}],"replies":[{"embeddable":true,"href":"https:\/\/www.laserpoint.eu\/es\/wp-json\/wp\/v2\/comments?post=16728"}],"version-history":[{"count":5,"href":"https:\/\/www.laserpoint.eu\/es\/wp-json\/wp\/v2\/pages\/16728\/revisions"}],"predecessor-version":[{"id":18212,"href":"https:\/\/www.laserpoint.eu\/es\/wp-json\/wp\/v2\/pages\/16728\/revisions\/18212"}],"up":[{"embeddable":true,"href":"https:\/\/www.laserpoint.eu\/es\/wp-json\/wp\/v2\/pages\/16899"}],"wp:attachment":[{"href":"https:\/\/www.laserpoint.eu\/es\/wp-json\/wp\/v2\/media?parent=16728"}],"curies":[{"name":"wp","href":"https:\/\/api.w.org\/{rel}","templated":true}]}}