{"id":16856,"date":"2020-12-09T15:47:00","date_gmt":"2020-12-09T14:47:00","guid":{"rendered":"https:\/\/www.laserpoint.eu\/recubrimiento-shc\/"},"modified":"2021-01-07T17:06:23","modified_gmt":"2021-01-07T16:06:23","slug":"recubrimiento-shc","status":"publish","type":"page","link":"https:\/\/www.laserpoint.eu\/es\/tecnologias\/termopilas\/recubrimiento-shc\/","title":{"rendered":"Recubrimiento SHC"},"content":{"rendered":"<div class=\"wpb-content-wrapper\"><p>[vc_row][vc_column][vc_column_text]<\/p>\n<h2>El mejor de los absorbentes de l\u00e1ser: el recubrimiento superduro (SHC)<\/h2>\n<p>El recubrimiento SHC de Laser Point es un aut\u00e9ntico recubrimiento de alta potencia Las prestaciones del SHC son asombrosas y definitivamente hacen de \u00e9l el mejor recubrimiento l\u00e1ser del mercado. Las curvas y valores de especificaci\u00f3n para el SHC se basan en campa\u00f1as de prueba hechas con nuestros clientes en condiciones disruptivas y muestran que las propiedades de SHC est\u00e1n varios niveles por encima de cualquier otro recubrimiento: resiste m\u00e1s de 12 KW\/cm<g id=\"gid_0\">2<\/g> en funcionamiento CW, con una potencia efectiva aplicada de 1 KW de l\u00e1ser Yag, o 40 J\/cm<g id=\"gid_1\">2<\/g> con potencias de pico de diodos l\u00e1ser de 3,2 KW @1 ms[\/vc_column_text][vc_single_image image=\u00bb610&#8243; img_size=\u00bblarge\u00bb alignment=\u00bbcenter\u00bb css=\u00bb.vc_custom_1591773842238{padding-top: 20px !important;}\u00bb][vc_column_text]Comparado con otros absorbentes para altas potencias que pueden usarse en rangos espectrales limitados, el SHC tambi\u00e9n tiene un rango de funcionamiento m\u00e1s extenso ( 0,25 \u03bc a 11 \u03bc) y una ratio de absorci\u00f3n muy alta, que lo hace adecuado para su uso seguro en pr\u00e1cticamente todas las aplicaciones l\u00e1ser. El gr\u00e1fico muestra una comparaci\u00f3n de los valores de umbral de da\u00f1o entre el absorbente SHC de Laserpoint y varios tipos de absorbentes comerciales de alta potencia l\u00e1ser. El gr\u00e1fico superior muestra el comportamiento del SHC bajo distintas condiciones de pulsos l\u00e1ser, hasta CW. El gr\u00e1fico inferior muestra los resultados obtenidos al comparar, bajo haces de muchos kilovatios, un cabezal 6 KW de Laser Point con recubrimiento SHC, con cabezales similares de otros fabricantes con su mejor recubrimiento.[\/vc_column_text][vc_single_image image=\u00bb595&#8243; img_size=\u00bblarge\u00bb alignment=\u00bbcenter\u00bb css=\u00bb.vc_custom_1591773845254{padding-top: 20px !important;}\u00bb][\/vc_column][\/vc_row]<\/p>\n<\/div>","protected":false},"excerpt":{"rendered":"<p>[vc_row][vc_column][vc_column_text] El mejor de los absorbentes de l\u00e1ser: el recubrimiento superduro (SHC) El recubrimiento SHC de Laser Point es un aut\u00e9ntico recubrimiento de alta potencia Las prestaciones del SHC son asombrosas y definitivamente hacen de \u00e9l el mejor recubrimiento l\u00e1ser del mercado. Las curvas y valores de especificaci\u00f3n para el SHC se basan en campa\u00f1as&hellip;<\/p>\n","protected":false},"author":1,"featured_media":0,"parent":16899,"menu_order":0,"comment_status":"closed","ping_status":"closed","template":"","meta":{"footnotes":""},"acf":[],"yoast_head":"<!-- This site is optimized with the Yoast SEO plugin v22.2 - https:\/\/yoast.com\/wordpress\/plugins\/seo\/ -->\n<title>Recubrimiento SHC - Laserpoint<\/title>\n<meta name=\"robots\" content=\"index, follow, max-snippet:-1, max-image-preview:large, max-video-preview:-1\" \/>\n<link rel=\"canonical\" href=\"https:\/\/www.laserpoint.eu\/es\/tecnologias\/termopilas\/recubrimiento-shc\/\" \/>\n<meta property=\"og:locale\" content=\"es_ES\" \/>\n<meta property=\"og:type\" content=\"article\" \/>\n<meta property=\"og:title\" content=\"Recubrimiento SHC - Laserpoint\" \/>\n<meta property=\"og:description\" content=\"[vc_row][vc_column][vc_column_text] El mejor de los absorbentes de l\u00e1ser: el recubrimiento superduro (SHC) El recubrimiento SHC de Laser Point es un aut\u00e9ntico recubrimiento de alta potencia Las prestaciones del SHC son asombrosas y definitivamente hacen de \u00e9l el mejor recubrimiento l\u00e1ser del mercado. Las curvas y valores de especificaci\u00f3n para el SHC se basan en campa\u00f1as&hellip;\" \/>\n<meta property=\"og:url\" content=\"https:\/\/www.laserpoint.eu\/es\/tecnologias\/termopilas\/recubrimiento-shc\/\" \/>\n<meta property=\"og:site_name\" content=\"Laserpoint\" \/>\n<meta property=\"article:modified_time\" content=\"2021-01-07T16:06:23+00:00\" \/>\n<meta name=\"twitter:card\" content=\"summary_large_image\" \/>\n<meta name=\"twitter:label1\" content=\"Tiempo de lectura\" \/>\n\t<meta name=\"twitter:data1\" content=\"2 minutos\" \/>\n<script type=\"application\/ld+json\" class=\"yoast-schema-graph\">{\"@context\":\"https:\/\/schema.org\",\"@graph\":[{\"@type\":\"WebPage\",\"@id\":\"https:\/\/www.laserpoint.eu\/es\/tecnologias\/termopilas\/recubrimiento-shc\/\",\"url\":\"https:\/\/www.laserpoint.eu\/es\/tecnologias\/termopilas\/recubrimiento-shc\/\",\"name\":\"Recubrimiento SHC - Laserpoint\",\"isPartOf\":{\"@id\":\"https:\/\/www.laserpoint.eu\/es\/#website\"},\"datePublished\":\"2020-12-09T14:47:00+00:00\",\"dateModified\":\"2021-01-07T16:06:23+00:00\",\"breadcrumb\":{\"@id\":\"https:\/\/www.laserpoint.eu\/es\/tecnologias\/termopilas\/recubrimiento-shc\/#breadcrumb\"},\"inLanguage\":\"es\",\"potentialAction\":[{\"@type\":\"ReadAction\",\"target\":[\"https:\/\/www.laserpoint.eu\/es\/tecnologias\/termopilas\/recubrimiento-shc\/\"]}]},{\"@type\":\"BreadcrumbList\",\"@id\":\"https:\/\/www.laserpoint.eu\/es\/tecnologias\/termopilas\/recubrimiento-shc\/#breadcrumb\",\"itemListElement\":[{\"@type\":\"ListItem\",\"position\":1,\"name\":\"Home\",\"item\":\"https:\/\/www.laserpoint.eu\/es\/\"},{\"@type\":\"ListItem\",\"position\":2,\"name\":\"Tecnologias\",\"item\":\"https:\/\/www.laserpoint.eu\/es\/tecnologias\/\"},{\"@type\":\"ListItem\",\"position\":3,\"name\":\"Termopilas\",\"item\":\"https:\/\/www.laserpoint.eu\/es\/tecnologias\/termopilas\/\"},{\"@type\":\"ListItem\",\"position\":4,\"name\":\"Recubrimiento SHC\"}]},{\"@type\":\"WebSite\",\"@id\":\"https:\/\/www.laserpoint.eu\/es\/#website\",\"url\":\"https:\/\/www.laserpoint.eu\/es\/\",\"name\":\"Laserpoint\",\"description\":\"Development and manufacturing of laser measurement instruments\",\"publisher\":{\"@id\":\"https:\/\/www.laserpoint.eu\/es\/#organization\"},\"potentialAction\":[{\"@type\":\"SearchAction\",\"target\":{\"@type\":\"EntryPoint\",\"urlTemplate\":\"https:\/\/www.laserpoint.eu\/es\/?s={search_term_string}\"},\"query-input\":\"required name=search_term_string\"}],\"inLanguage\":\"es\"},{\"@type\":\"Organization\",\"@id\":\"https:\/\/www.laserpoint.eu\/es\/#organization\",\"name\":\"Laserpoint\",\"url\":\"https:\/\/www.laserpoint.eu\/es\/\",\"logo\":{\"@type\":\"ImageObject\",\"inLanguage\":\"es\",\"@id\":\"https:\/\/www.laserpoint.eu\/es\/#\/schema\/logo\/image\/\",\"url\":\"https:\/\/www.laserpoint.eu\/wp-content\/uploads\/laserpoint-logo.png\",\"contentUrl\":\"https:\/\/www.laserpoint.eu\/wp-content\/uploads\/laserpoint-logo.png\",\"width\":520,\"height\":84,\"caption\":\"Laserpoint\"},\"image\":{\"@id\":\"https:\/\/www.laserpoint.eu\/es\/#\/schema\/logo\/image\/\"}}]}<\/script>\n<!-- \/ Yoast SEO plugin. -->","yoast_head_json":{"title":"Recubrimiento SHC - Laserpoint","robots":{"index":"index","follow":"follow","max-snippet":"max-snippet:-1","max-image-preview":"max-image-preview:large","max-video-preview":"max-video-preview:-1"},"canonical":"https:\/\/www.laserpoint.eu\/es\/tecnologias\/termopilas\/recubrimiento-shc\/","og_locale":"es_ES","og_type":"article","og_title":"Recubrimiento SHC - Laserpoint","og_description":"[vc_row][vc_column][vc_column_text] El mejor de los absorbentes de l\u00e1ser: el recubrimiento superduro (SHC) El recubrimiento SHC de Laser Point es un aut\u00e9ntico recubrimiento de alta potencia Las prestaciones del SHC son asombrosas y definitivamente hacen de \u00e9l el mejor recubrimiento l\u00e1ser del mercado. Las curvas y valores de especificaci\u00f3n para el SHC se basan en campa\u00f1as&hellip;","og_url":"https:\/\/www.laserpoint.eu\/es\/tecnologias\/termopilas\/recubrimiento-shc\/","og_site_name":"Laserpoint","article_modified_time":"2021-01-07T16:06:23+00:00","twitter_card":"summary_large_image","twitter_misc":{"Tiempo de lectura":"2 minutos"},"schema":{"@context":"https:\/\/schema.org","@graph":[{"@type":"WebPage","@id":"https:\/\/www.laserpoint.eu\/es\/tecnologias\/termopilas\/recubrimiento-shc\/","url":"https:\/\/www.laserpoint.eu\/es\/tecnologias\/termopilas\/recubrimiento-shc\/","name":"Recubrimiento SHC - Laserpoint","isPartOf":{"@id":"https:\/\/www.laserpoint.eu\/es\/#website"},"datePublished":"2020-12-09T14:47:00+00:00","dateModified":"2021-01-07T16:06:23+00:00","breadcrumb":{"@id":"https:\/\/www.laserpoint.eu\/es\/tecnologias\/termopilas\/recubrimiento-shc\/#breadcrumb"},"inLanguage":"es","potentialAction":[{"@type":"ReadAction","target":["https:\/\/www.laserpoint.eu\/es\/tecnologias\/termopilas\/recubrimiento-shc\/"]}]},{"@type":"BreadcrumbList","@id":"https:\/\/www.laserpoint.eu\/es\/tecnologias\/termopilas\/recubrimiento-shc\/#breadcrumb","itemListElement":[{"@type":"ListItem","position":1,"name":"Home","item":"https:\/\/www.laserpoint.eu\/es\/"},{"@type":"ListItem","position":2,"name":"Tecnologias","item":"https:\/\/www.laserpoint.eu\/es\/tecnologias\/"},{"@type":"ListItem","position":3,"name":"Termopilas","item":"https:\/\/www.laserpoint.eu\/es\/tecnologias\/termopilas\/"},{"@type":"ListItem","position":4,"name":"Recubrimiento SHC"}]},{"@type":"WebSite","@id":"https:\/\/www.laserpoint.eu\/es\/#website","url":"https:\/\/www.laserpoint.eu\/es\/","name":"Laserpoint","description":"Development and manufacturing of laser measurement instruments","publisher":{"@id":"https:\/\/www.laserpoint.eu\/es\/#organization"},"potentialAction":[{"@type":"SearchAction","target":{"@type":"EntryPoint","urlTemplate":"https:\/\/www.laserpoint.eu\/es\/?s={search_term_string}"},"query-input":"required name=search_term_string"}],"inLanguage":"es"},{"@type":"Organization","@id":"https:\/\/www.laserpoint.eu\/es\/#organization","name":"Laserpoint","url":"https:\/\/www.laserpoint.eu\/es\/","logo":{"@type":"ImageObject","inLanguage":"es","@id":"https:\/\/www.laserpoint.eu\/es\/#\/schema\/logo\/image\/","url":"https:\/\/www.laserpoint.eu\/wp-content\/uploads\/laserpoint-logo.png","contentUrl":"https:\/\/www.laserpoint.eu\/wp-content\/uploads\/laserpoint-logo.png","width":520,"height":84,"caption":"Laserpoint"},"image":{"@id":"https:\/\/www.laserpoint.eu\/es\/#\/schema\/logo\/image\/"}}]}},"_links":{"self":[{"href":"https:\/\/www.laserpoint.eu\/es\/wp-json\/wp\/v2\/pages\/16856"}],"collection":[{"href":"https:\/\/www.laserpoint.eu\/es\/wp-json\/wp\/v2\/pages"}],"about":[{"href":"https:\/\/www.laserpoint.eu\/es\/wp-json\/wp\/v2\/types\/page"}],"author":[{"embeddable":true,"href":"https:\/\/www.laserpoint.eu\/es\/wp-json\/wp\/v2\/users\/1"}],"replies":[{"embeddable":true,"href":"https:\/\/www.laserpoint.eu\/es\/wp-json\/wp\/v2\/comments?post=16856"}],"version-history":[{"count":7,"href":"https:\/\/www.laserpoint.eu\/es\/wp-json\/wp\/v2\/pages\/16856\/revisions"}],"predecessor-version":[{"id":18215,"href":"https:\/\/www.laserpoint.eu\/es\/wp-json\/wp\/v2\/pages\/16856\/revisions\/18215"}],"up":[{"embeddable":true,"href":"https:\/\/www.laserpoint.eu\/es\/wp-json\/wp\/v2\/pages\/16899"}],"wp:attachment":[{"href":"https:\/\/www.laserpoint.eu\/es\/wp-json\/wp\/v2\/media?parent=16856"}],"curies":[{"name":"wp","href":"https:\/\/api.w.org\/{rel}","templated":true}]}}