{"id":16916,"date":"2020-12-09T16:13:51","date_gmt":"2020-12-09T15:13:51","guid":{"rendered":"https:\/\/www.laserpoint.eu\/fotodiodos\/"},"modified":"2021-01-07T17:06:19","modified_gmt":"2021-01-07T16:06:19","slug":"fotodiodos","status":"publish","type":"page","link":"https:\/\/www.laserpoint.eu\/es\/tecnologias\/fotodiodos\/","title":{"rendered":"Fotodiodos"},"content":{"rendered":"<div class=\"wpb-content-wrapper\"><p>[vc_row type=\u00bbvc_default\u00bb][vc_column width=\u00bb1\/2&#8243;][vc_custom_heading text=\u00bbSensores de fotodiodos\u00bb use_theme_fonts=\u00bbyes\u00bb][vc_column_text]Los sensores de fotodiodos convierten los fotones l\u00e1ser incidentes en portadores de carga (electrones y huecos), que seguidamente se miden como voltaje o corriente. Su comportamiento, con bajo nivel de ruido y alta sensitividad, posibilita que los fotodiodos puedan detectar niveles muy bajos y los hace ideales para mediciones de baja potencia de l\u00e1seres CW. Comparados con los sensores t\u00e9rmicos, los fotodiodos tienen un rango espectral mucho m\u00e1s confinado y una menor uniformidad espacial, que puede afectar a la repetibilidad de la medici\u00f3n de haces muy peque\u00f1os o de haces que no son estables en la superficie del detector. En general, los sensores de fotodiodos son la mejor elecci\u00f3n con mediciones muy bajas de potencia y cuando se requiere un tiempo de respuesta r\u00e1pido. <\/p>\n<p>Los sensores de fotodiodos tienen un l\u00edmite de saturaci\u00f3n que est\u00e1 aproximadamente en 1 mW\/cm<sup>2<\/sup>; para operar a potencias superiores, se deben usar filtros de atenuaci\u00f3n. La serie Laser Point de sensores de fotodiodos para la medici\u00f3n de potencia l\u00e1ser fue dise\u00f1ada para cubrir un rango de potencias hasta los 500 mW y un rango de longitudes de ondas que va desde UV a IR cercano. Estos sensores se presentan en una caja delgada que mejora el blindaje contra la interferencia EM y pueden entregarse con un juego de adaptadores de fibra para conectarlos a cables de parcheo de fibra \u00f3ptica.[\/vc_column_text][\/vc_column][vc_column width=\u00bb1\/2&#8243;][vc_single_image image=\u00bb824&#8243; img_size=\u00bblarge\u00bb alignment=\u00bbcenter\u00bb css=\u00bb.vc_custom_1591784193868{padding-top: 20px !important;padding-bottom: 20px !important;}\u00bb][\/vc_column][\/vc_row][vc_row][vc_column][vc_custom_heading text=\u00bbCurvas de absorci\u00f3n general para sensores de fotodiodos.\u00bb use_theme_fonts=\u00bbyes\u00bb][vc_single_image image=\u00bb601&#8243; img_size=\u00bblarge\u00bb alignment=\u00bbcenter\u00bb][vc_single_image image=\u00bb602&#8243; img_size=\u00bblarge\u00bb alignment=\u00bbcenter\u00bb][vc_single_image image=\u00bb603&#8243; img_size=\u00bblarge\u00bb alignment=\u00bbcenter\u00bb][\/vc_column][\/vc_row]<\/p>\n<\/div>","protected":false},"excerpt":{"rendered":"<p>[vc_row type=\u00bbvc_default\u00bb][vc_column width=\u00bb1\/2&#8243;][vc_custom_heading text=\u00bbSensores de fotodiodos\u00bb use_theme_fonts=\u00bbyes\u00bb][vc_column_text]Los sensores de fotodiodos convierten los fotones l\u00e1ser incidentes en portadores de carga (electrones y huecos), que seguidamente se miden como voltaje o corriente. Su comportamiento, con bajo nivel de ruido y alta sensitividad, posibilita que los fotodiodos puedan detectar niveles muy bajos y los hace ideales para mediciones&hellip;<\/p>\n","protected":false},"author":1,"featured_media":16917,"parent":18190,"menu_order":0,"comment_status":"closed","ping_status":"closed","template":"","meta":{"footnotes":""},"acf":[],"yoast_head":"<!-- This site is optimized with the Yoast SEO plugin v22.2 - https:\/\/yoast.com\/wordpress\/plugins\/seo\/ -->\n<title>Fotodiodos - Laserpoint<\/title>\n<meta name=\"robots\" content=\"index, follow, max-snippet:-1, max-image-preview:large, max-video-preview:-1\" \/>\n<link rel=\"canonical\" href=\"https:\/\/www.laserpoint.eu\/es\/tecnologias\/fotodiodos\/\" \/>\n<meta property=\"og:locale\" content=\"es_ES\" \/>\n<meta property=\"og:type\" content=\"article\" \/>\n<meta property=\"og:title\" content=\"Fotodiodos - Laserpoint\" \/>\n<meta property=\"og:description\" content=\"[vc_row type=\u00bbvc_default\u00bb][vc_column width=\u00bb1\/2&#8243;][vc_custom_heading text=\u00bbSensores de fotodiodos\u00bb use_theme_fonts=\u00bbyes\u00bb][vc_column_text]Los sensores de fotodiodos convierten los fotones l\u00e1ser incidentes en portadores de carga (electrones y huecos), que seguidamente se miden como voltaje o corriente. Su comportamiento, con bajo nivel de ruido y alta sensitividad, posibilita que los fotodiodos puedan detectar niveles muy bajos y los hace ideales para mediciones&hellip;\" \/>\n<meta property=\"og:url\" content=\"https:\/\/www.laserpoint.eu\/es\/tecnologias\/fotodiodos\/\" \/>\n<meta property=\"og:site_name\" content=\"Laserpoint\" \/>\n<meta property=\"article:modified_time\" content=\"2021-01-07T16:06:19+00:00\" \/>\n<meta property=\"og:image\" content=\"https:\/\/www.laserpoint.eu\/wp-content\/uploads\/Product-2.jpg\" \/>\n\t<meta property=\"og:image:width\" content=\"960\" \/>\n\t<meta property=\"og:image:height\" content=\"960\" \/>\n\t<meta property=\"og:image:type\" content=\"image\/jpeg\" \/>\n<meta name=\"twitter:card\" content=\"summary_large_image\" \/>\n<meta name=\"twitter:label1\" content=\"Tiempo de lectura\" \/>\n\t<meta name=\"twitter:data1\" content=\"2 minutos\" \/>\n<script type=\"application\/ld+json\" class=\"yoast-schema-graph\">{\"@context\":\"https:\/\/schema.org\",\"@graph\":[{\"@type\":\"WebPage\",\"@id\":\"https:\/\/www.laserpoint.eu\/es\/tecnologias\/fotodiodos\/\",\"url\":\"https:\/\/www.laserpoint.eu\/es\/tecnologias\/fotodiodos\/\",\"name\":\"Fotodiodos - Laserpoint\",\"isPartOf\":{\"@id\":\"https:\/\/www.laserpoint.eu\/es\/#website\"},\"primaryImageOfPage\":{\"@id\":\"https:\/\/www.laserpoint.eu\/es\/tecnologias\/fotodiodos\/#primaryimage\"},\"image\":{\"@id\":\"https:\/\/www.laserpoint.eu\/es\/tecnologias\/fotodiodos\/#primaryimage\"},\"thumbnailUrl\":\"https:\/\/www.laserpoint.eu\/wp-content\/uploads\/Product-2.jpg\",\"datePublished\":\"2020-12-09T15:13:51+00:00\",\"dateModified\":\"2021-01-07T16:06:19+00:00\",\"breadcrumb\":{\"@id\":\"https:\/\/www.laserpoint.eu\/es\/tecnologias\/fotodiodos\/#breadcrumb\"},\"inLanguage\":\"es\",\"potentialAction\":[{\"@type\":\"ReadAction\",\"target\":[\"https:\/\/www.laserpoint.eu\/es\/tecnologias\/fotodiodos\/\"]}]},{\"@type\":\"ImageObject\",\"inLanguage\":\"es\",\"@id\":\"https:\/\/www.laserpoint.eu\/es\/tecnologias\/fotodiodos\/#primaryimage\",\"url\":\"https:\/\/www.laserpoint.eu\/wp-content\/uploads\/Product-2.jpg\",\"contentUrl\":\"https:\/\/www.laserpoint.eu\/wp-content\/uploads\/Product-2.jpg\",\"width\":960,\"height\":960},{\"@type\":\"BreadcrumbList\",\"@id\":\"https:\/\/www.laserpoint.eu\/es\/tecnologias\/fotodiodos\/#breadcrumb\",\"itemListElement\":[{\"@type\":\"ListItem\",\"position\":1,\"name\":\"Home\",\"item\":\"https:\/\/www.laserpoint.eu\/es\/\"},{\"@type\":\"ListItem\",\"position\":2,\"name\":\"Tecnologias\",\"item\":\"https:\/\/www.laserpoint.eu\/es\/tecnologias\/\"},{\"@type\":\"ListItem\",\"position\":3,\"name\":\"Fotodiodos\"}]},{\"@type\":\"WebSite\",\"@id\":\"https:\/\/www.laserpoint.eu\/es\/#website\",\"url\":\"https:\/\/www.laserpoint.eu\/es\/\",\"name\":\"Laserpoint\",\"description\":\"Development and manufacturing of laser measurement instruments\",\"publisher\":{\"@id\":\"https:\/\/www.laserpoint.eu\/es\/#organization\"},\"potentialAction\":[{\"@type\":\"SearchAction\",\"target\":{\"@type\":\"EntryPoint\",\"urlTemplate\":\"https:\/\/www.laserpoint.eu\/es\/?s={search_term_string}\"},\"query-input\":\"required name=search_term_string\"}],\"inLanguage\":\"es\"},{\"@type\":\"Organization\",\"@id\":\"https:\/\/www.laserpoint.eu\/es\/#organization\",\"name\":\"Laserpoint\",\"url\":\"https:\/\/www.laserpoint.eu\/es\/\",\"logo\":{\"@type\":\"ImageObject\",\"inLanguage\":\"es\",\"@id\":\"https:\/\/www.laserpoint.eu\/es\/#\/schema\/logo\/image\/\",\"url\":\"https:\/\/www.laserpoint.eu\/wp-content\/uploads\/laserpoint-logo.png\",\"contentUrl\":\"https:\/\/www.laserpoint.eu\/wp-content\/uploads\/laserpoint-logo.png\",\"width\":520,\"height\":84,\"caption\":\"Laserpoint\"},\"image\":{\"@id\":\"https:\/\/www.laserpoint.eu\/es\/#\/schema\/logo\/image\/\"}}]}<\/script>\n<!-- \/ Yoast SEO plugin. -->","yoast_head_json":{"title":"Fotodiodos - Laserpoint","robots":{"index":"index","follow":"follow","max-snippet":"max-snippet:-1","max-image-preview":"max-image-preview:large","max-video-preview":"max-video-preview:-1"},"canonical":"https:\/\/www.laserpoint.eu\/es\/tecnologias\/fotodiodos\/","og_locale":"es_ES","og_type":"article","og_title":"Fotodiodos - Laserpoint","og_description":"[vc_row type=\u00bbvc_default\u00bb][vc_column width=\u00bb1\/2&#8243;][vc_custom_heading text=\u00bbSensores de fotodiodos\u00bb use_theme_fonts=\u00bbyes\u00bb][vc_column_text]Los sensores de fotodiodos convierten los fotones l\u00e1ser incidentes en portadores de carga (electrones y huecos), que seguidamente se miden como voltaje o corriente. Su comportamiento, con bajo nivel de ruido y alta sensitividad, posibilita que los fotodiodos puedan detectar niveles muy bajos y los hace ideales para mediciones&hellip;","og_url":"https:\/\/www.laserpoint.eu\/es\/tecnologias\/fotodiodos\/","og_site_name":"Laserpoint","article_modified_time":"2021-01-07T16:06:19+00:00","og_image":[{"width":960,"height":960,"url":"https:\/\/www.laserpoint.eu\/wp-content\/uploads\/Product-2.jpg","type":"image\/jpeg"}],"twitter_card":"summary_large_image","twitter_misc":{"Tiempo de lectura":"2 minutos"},"schema":{"@context":"https:\/\/schema.org","@graph":[{"@type":"WebPage","@id":"https:\/\/www.laserpoint.eu\/es\/tecnologias\/fotodiodos\/","url":"https:\/\/www.laserpoint.eu\/es\/tecnologias\/fotodiodos\/","name":"Fotodiodos - Laserpoint","isPartOf":{"@id":"https:\/\/www.laserpoint.eu\/es\/#website"},"primaryImageOfPage":{"@id":"https:\/\/www.laserpoint.eu\/es\/tecnologias\/fotodiodos\/#primaryimage"},"image":{"@id":"https:\/\/www.laserpoint.eu\/es\/tecnologias\/fotodiodos\/#primaryimage"},"thumbnailUrl":"https:\/\/www.laserpoint.eu\/wp-content\/uploads\/Product-2.jpg","datePublished":"2020-12-09T15:13:51+00:00","dateModified":"2021-01-07T16:06:19+00:00","breadcrumb":{"@id":"https:\/\/www.laserpoint.eu\/es\/tecnologias\/fotodiodos\/#breadcrumb"},"inLanguage":"es","potentialAction":[{"@type":"ReadAction","target":["https:\/\/www.laserpoint.eu\/es\/tecnologias\/fotodiodos\/"]}]},{"@type":"ImageObject","inLanguage":"es","@id":"https:\/\/www.laserpoint.eu\/es\/tecnologias\/fotodiodos\/#primaryimage","url":"https:\/\/www.laserpoint.eu\/wp-content\/uploads\/Product-2.jpg","contentUrl":"https:\/\/www.laserpoint.eu\/wp-content\/uploads\/Product-2.jpg","width":960,"height":960},{"@type":"BreadcrumbList","@id":"https:\/\/www.laserpoint.eu\/es\/tecnologias\/fotodiodos\/#breadcrumb","itemListElement":[{"@type":"ListItem","position":1,"name":"Home","item":"https:\/\/www.laserpoint.eu\/es\/"},{"@type":"ListItem","position":2,"name":"Tecnologias","item":"https:\/\/www.laserpoint.eu\/es\/tecnologias\/"},{"@type":"ListItem","position":3,"name":"Fotodiodos"}]},{"@type":"WebSite","@id":"https:\/\/www.laserpoint.eu\/es\/#website","url":"https:\/\/www.laserpoint.eu\/es\/","name":"Laserpoint","description":"Development and manufacturing of laser measurement instruments","publisher":{"@id":"https:\/\/www.laserpoint.eu\/es\/#organization"},"potentialAction":[{"@type":"SearchAction","target":{"@type":"EntryPoint","urlTemplate":"https:\/\/www.laserpoint.eu\/es\/?s={search_term_string}"},"query-input":"required name=search_term_string"}],"inLanguage":"es"},{"@type":"Organization","@id":"https:\/\/www.laserpoint.eu\/es\/#organization","name":"Laserpoint","url":"https:\/\/www.laserpoint.eu\/es\/","logo":{"@type":"ImageObject","inLanguage":"es","@id":"https:\/\/www.laserpoint.eu\/es\/#\/schema\/logo\/image\/","url":"https:\/\/www.laserpoint.eu\/wp-content\/uploads\/laserpoint-logo.png","contentUrl":"https:\/\/www.laserpoint.eu\/wp-content\/uploads\/laserpoint-logo.png","width":520,"height":84,"caption":"Laserpoint"},"image":{"@id":"https:\/\/www.laserpoint.eu\/es\/#\/schema\/logo\/image\/"}}]}},"_links":{"self":[{"href":"https:\/\/www.laserpoint.eu\/es\/wp-json\/wp\/v2\/pages\/16916"}],"collection":[{"href":"https:\/\/www.laserpoint.eu\/es\/wp-json\/wp\/v2\/pages"}],"about":[{"href":"https:\/\/www.laserpoint.eu\/es\/wp-json\/wp\/v2\/types\/page"}],"author":[{"embeddable":true,"href":"https:\/\/www.laserpoint.eu\/es\/wp-json\/wp\/v2\/users\/1"}],"replies":[{"embeddable":true,"href":"https:\/\/www.laserpoint.eu\/es\/wp-json\/wp\/v2\/comments?post=16916"}],"version-history":[{"count":7,"href":"https:\/\/www.laserpoint.eu\/es\/wp-json\/wp\/v2\/pages\/16916\/revisions"}],"predecessor-version":[{"id":18208,"href":"https:\/\/www.laserpoint.eu\/es\/wp-json\/wp\/v2\/pages\/16916\/revisions\/18208"}],"up":[{"embeddable":true,"href":"https:\/\/www.laserpoint.eu\/es\/wp-json\/wp\/v2\/pages\/18190"}],"wp:featuredmedia":[{"embeddable":true,"href":"https:\/\/www.laserpoint.eu\/es\/wp-json\/wp\/v2\/media\/16917"}],"wp:attachment":[{"href":"https:\/\/www.laserpoint.eu\/es\/wp-json\/wp\/v2\/media?parent=16916"}],"curies":[{"name":"wp","href":"https:\/\/api.w.org\/{rel}","templated":true}]}}