{"id":49169,"date":"2021-07-06T16:41:48","date_gmt":"2021-07-06T14:41:48","guid":{"rendered":"https:\/\/www.laserpoint.eu\/solicitar-presupuesto\/"},"modified":"2021-12-09T10:42:02","modified_gmt":"2021-12-09T09:42:02","slug":"solicitar-presupuesto","status":"publish","type":"page","link":"https:\/\/www.laserpoint.eu\/es\/solicitar-presupuesto\/","title":{"rendered":"Solicitar presupuesto"},"content":{"rendered":"<div class=\"wpb-content-wrapper\"><p>[vc_row type=\u00bbvc_default\u00bb][vc_column][vc_column_text]<\/p>\n\n<div class=\"woocommerce ywraq-wrapper ywraq-empty\">\n\t\t\t<div id=\"yith-ywraq-message\"><div class=\"ywraq-question-message\">\n\t<\/div>\n<\/div>\n\t\t\n\t\t\t\t<div class=\"ywraq-form-table-wrapper wide\">\n\t\t\t<div class=\"ywraq-before-form\">\n\t<p class=\"ywraq_list_empty_message\">Su lista est\u00e1 vac\u00eda, a\u00f1ada productos a la lista para enviar una solicitud<p><p class=\"return-to-shop\"><a class=\"button wc-backward\" href=\"\/find-products\/\">Ir a lista de productos<\/a><\/p><\/div>\n\t\t\t\t\t<\/div>\n\t<\/div>\n\n<p>[\/vc_column_text][\/vc_column][\/vc_row]<\/p>\n<\/div>","protected":false},"excerpt":{"rendered":"<p>[vc_row type=\u00bbvc_default\u00bb][vc_column][vc_column_text] [\/vc_column_text][\/vc_column][\/vc_row]<\/p>\n","protected":false},"author":1,"featured_media":0,"parent":0,"menu_order":0,"comment_status":"closed","ping_status":"closed","template":"","meta":{"footnotes":""},"acf":[],"yoast_head":"<!-- This site is optimized with the Yoast SEO plugin v22.2 - https:\/\/yoast.com\/wordpress\/plugins\/seo\/ -->\n<title>Solicitar presupuesto - Laserpoint<\/title>\n<meta name=\"robots\" content=\"noindex, nofollow\" \/>\n<meta property=\"og:locale\" content=\"es_ES\" \/>\n<meta property=\"og:type\" content=\"article\" \/>\n<meta property=\"og:title\" content=\"Solicitar presupuesto - Laserpoint\" \/>\n<meta property=\"og:description\" content=\"[vc_row type=\u00bbvc_default\u00bb][vc_column][vc_column_text] [\/vc_column_text][\/vc_column][\/vc_row]\" \/>\n<meta property=\"og:url\" content=\"https:\/\/www.laserpoint.eu\/es\/solicitar-presupuesto\/\" \/>\n<meta property=\"og:site_name\" content=\"Laserpoint\" \/>\n<meta property=\"article:modified_time\" content=\"2021-12-09T09:42:02+00:00\" \/>\n<meta name=\"twitter:card\" content=\"summary_large_image\" \/>\n<script type=\"application\/ld+json\" class=\"yoast-schema-graph\">{\"@context\":\"https:\/\/schema.org\",\"@graph\":[{\"@type\":\"WebPage\",\"@id\":\"https:\/\/www.laserpoint.eu\/es\/solicitar-presupuesto\/\",\"url\":\"https:\/\/www.laserpoint.eu\/es\/solicitar-presupuesto\/\",\"name\":\"Solicitar presupuesto - Laserpoint\",\"isPartOf\":{\"@id\":\"https:\/\/www.laserpoint.eu\/es\/#website\"},\"datePublished\":\"2021-07-06T14:41:48+00:00\",\"dateModified\":\"2021-12-09T09:42:02+00:00\",\"breadcrumb\":{\"@id\":\"https:\/\/www.laserpoint.eu\/es\/solicitar-presupuesto\/#breadcrumb\"},\"inLanguage\":\"es\",\"potentialAction\":[{\"@type\":\"ReadAction\",\"target\":[\"https:\/\/www.laserpoint.eu\/es\/solicitar-presupuesto\/\"]}]},{\"@type\":\"BreadcrumbList\",\"@id\":\"https:\/\/www.laserpoint.eu\/es\/solicitar-presupuesto\/#breadcrumb\",\"itemListElement\":[{\"@type\":\"ListItem\",\"position\":1,\"name\":\"Home\",\"item\":\"https:\/\/www.laserpoint.eu\/es\/\"},{\"@type\":\"ListItem\",\"position\":2,\"name\":\"Solicitar presupuesto\"}]},{\"@type\":\"WebSite\",\"@id\":\"https:\/\/www.laserpoint.eu\/es\/#website\",\"url\":\"https:\/\/www.laserpoint.eu\/es\/\",\"name\":\"Laserpoint\",\"description\":\"Development and manufacturing of laser measurement instruments\",\"publisher\":{\"@id\":\"https:\/\/www.laserpoint.eu\/es\/#organization\"},\"potentialAction\":[{\"@type\":\"SearchAction\",\"target\":{\"@type\":\"EntryPoint\",\"urlTemplate\":\"https:\/\/www.laserpoint.eu\/es\/?s={search_term_string}\"},\"query-input\":\"required name=search_term_string\"}],\"inLanguage\":\"es\"},{\"@type\":\"Organization\",\"@id\":\"https:\/\/www.laserpoint.eu\/es\/#organization\",\"name\":\"Laserpoint\",\"url\":\"https:\/\/www.laserpoint.eu\/es\/\",\"logo\":{\"@type\":\"ImageObject\",\"inLanguage\":\"es\",\"@id\":\"https:\/\/www.laserpoint.eu\/es\/#\/schema\/logo\/image\/\",\"url\":\"https:\/\/www.laserpoint.eu\/wp-content\/uploads\/laserpoint-logo.png\",\"contentUrl\":\"https:\/\/www.laserpoint.eu\/wp-content\/uploads\/laserpoint-logo.png\",\"width\":520,\"height\":84,\"caption\":\"Laserpoint\"},\"image\":{\"@id\":\"https:\/\/www.laserpoint.eu\/es\/#\/schema\/logo\/image\/\"}}]}<\/script>\n<!-- \/ Yoast SEO plugin. -->","yoast_head_json":{"title":"Solicitar presupuesto - Laserpoint","robots":{"index":"noindex","follow":"nofollow"},"og_locale":"es_ES","og_type":"article","og_title":"Solicitar presupuesto - Laserpoint","og_description":"[vc_row type=\u00bbvc_default\u00bb][vc_column][vc_column_text] [\/vc_column_text][\/vc_column][\/vc_row]","og_url":"https:\/\/www.laserpoint.eu\/es\/solicitar-presupuesto\/","og_site_name":"Laserpoint","article_modified_time":"2021-12-09T09:42:02+00:00","twitter_card":"summary_large_image","schema":{"@context":"https:\/\/schema.org","@graph":[{"@type":"WebPage","@id":"https:\/\/www.laserpoint.eu\/es\/solicitar-presupuesto\/","url":"https:\/\/www.laserpoint.eu\/es\/solicitar-presupuesto\/","name":"Solicitar presupuesto - Laserpoint","isPartOf":{"@id":"https:\/\/www.laserpoint.eu\/es\/#website"},"datePublished":"2021-07-06T14:41:48+00:00","dateModified":"2021-12-09T09:42:02+00:00","breadcrumb":{"@id":"https:\/\/www.laserpoint.eu\/es\/solicitar-presupuesto\/#breadcrumb"},"inLanguage":"es","potentialAction":[{"@type":"ReadAction","target":["https:\/\/www.laserpoint.eu\/es\/solicitar-presupuesto\/"]}]},{"@type":"BreadcrumbList","@id":"https:\/\/www.laserpoint.eu\/es\/solicitar-presupuesto\/#breadcrumb","itemListElement":[{"@type":"ListItem","position":1,"name":"Home","item":"https:\/\/www.laserpoint.eu\/es\/"},{"@type":"ListItem","position":2,"name":"Solicitar presupuesto"}]},{"@type":"WebSite","@id":"https:\/\/www.laserpoint.eu\/es\/#website","url":"https:\/\/www.laserpoint.eu\/es\/","name":"Laserpoint","description":"Development and manufacturing of laser measurement instruments","publisher":{"@id":"https:\/\/www.laserpoint.eu\/es\/#organization"},"potentialAction":[{"@type":"SearchAction","target":{"@type":"EntryPoint","urlTemplate":"https:\/\/www.laserpoint.eu\/es\/?s={search_term_string}"},"query-input":"required name=search_term_string"}],"inLanguage":"es"},{"@type":"Organization","@id":"https:\/\/www.laserpoint.eu\/es\/#organization","name":"Laserpoint","url":"https:\/\/www.laserpoint.eu\/es\/","logo":{"@type":"ImageObject","inLanguage":"es","@id":"https:\/\/www.laserpoint.eu\/es\/#\/schema\/logo\/image\/","url":"https:\/\/www.laserpoint.eu\/wp-content\/uploads\/laserpoint-logo.png","contentUrl":"https:\/\/www.laserpoint.eu\/wp-content\/uploads\/laserpoint-logo.png","width":520,"height":84,"caption":"Laserpoint"},"image":{"@id":"https:\/\/www.laserpoint.eu\/es\/#\/schema\/logo\/image\/"}}]}},"_links":{"self":[{"href":"https:\/\/www.laserpoint.eu\/es\/wp-json\/wp\/v2\/pages\/49169"}],"collection":[{"href":"https:\/\/www.laserpoint.eu\/es\/wp-json\/wp\/v2\/pages"}],"about":[{"href":"https:\/\/www.laserpoint.eu\/es\/wp-json\/wp\/v2\/types\/page"}],"author":[{"embeddable":true,"href":"https:\/\/www.laserpoint.eu\/es\/wp-json\/wp\/v2\/users\/1"}],"replies":[{"embeddable":true,"href":"https:\/\/www.laserpoint.eu\/es\/wp-json\/wp\/v2\/comments?post=49169"}],"version-history":[{"count":3,"href":"https:\/\/www.laserpoint.eu\/es\/wp-json\/wp\/v2\/pages\/49169\/revisions"}],"predecessor-version":[{"id":49174,"href":"https:\/\/www.laserpoint.eu\/es\/wp-json\/wp\/v2\/pages\/49169\/revisions\/49174"}],"wp:attachment":[{"href":"https:\/\/www.laserpoint.eu\/es\/wp-json\/wp\/v2\/media?parent=49169"}],"curies":[{"name":"wp","href":"https:\/\/api.w.org\/{rel}","templated":true}]}}