{"id":67763,"date":"2021-04-16T08:19:46","date_gmt":"2021-04-16T06:19:46","guid":{"rendered":"https:\/\/www.laserpoint.eu\/sin%20categor\u00eda\/plus-2\/"},"modified":"2025-07-18T17:44:50","modified_gmt":"2025-07-18T15:44:50","slug":"plus-2","status":"publish","type":"product","link":"https:\/\/www.laserpoint.eu\/es\/medidores-para-sensores\/plus-2\/","title":{"rendered":"PLUS 2"},"content":{"rendered":"<div class=\"wpb-content-wrapper\"><p>[vc_row][vc_column width=\u00bb2\/3&#8243;][vc_column_text]<\/p>\n<h2>Plus 2<\/h2>\n<p>Plus 2 es un medidor de mano, ligero, de pantalla t\u00e1ctil dise\u00f1ado para medir la potencia\/energ\u00eda de l\u00e1seres y otras fuentes luminosas.<\/p>\n<p>El medidor Plus2 es compatible con todos los sensores de fotodiodos y t\u00e9rmicos de Laser Point (incluyendo Blink FR hasta una frecuencia de repetici\u00f3n de 6Hz). Presenta una pantalla t\u00e1ctil en color de 4,3 pulgadas y una intuitiva y ergon\u00f3mica Interfaz Gr\u00e1fica de Usuario que permite un f\u00e1cil aprovechamiento de todas sus caracter\u00edsticas. El instrumento se alimenta con una pila de litio recargable, con un tiempo de funcionamiento de hasta 15 hrs.<\/p>\n<p>Entre sus caracter\u00edsticas, el Plus 2 ofrece una Salida Anal\u00f3gica configurable y f\u00e1cil memorizaci\u00f3n de datos. Las longitudes de onda pueden configurarse abriendo la ventana \u201cedit lambda\u201d (Edici\u00f3n Lambda) donde se muestran las longitudes de onda m\u00e1s populares de los l\u00e1seres. La medici\u00f3n a escala o rango completo puede ajustarse conforme a las necesidades del usuario tocando el bot\u00f3n \u201cRango\u201d en pantalla y desplaz\u00e1ndose hasta elegir la opci\u00f3n de rango.<\/p>\n<p>El bot\u00f3n de pantalla \u201cModo\u201d cambia f\u00e1cilmente del modo medici\u00f3n de Potencia al modo medici\u00f3n de Energ\u00eda; las unidades de medida se muestran seg\u00fan el tipo de cabezal sensor y el rango esperado. El Plus 2 puede medir el disparo \u00fanico o la energ\u00eda integral de una r\u00e1faga de 2 o m\u00e1s pulsos.<\/p>\n<p>Para evitar una indeseable contribuci\u00f3n de ruido t\u00e9rmico o radiaci\u00f3n de fondo a la energ\u00eda de pulso medida, el instrumento ha sido dise\u00f1ado de modo que no responde a pulsos por debajo de un umbral de energ\u00eda predefinido. Las mediciones en modo Potencia pueden mostrarse como Irradiaci\u00f3n (W\/cm<sup>2<\/sup>), y las mediciones en modo Energ\u00eda pueden mostrarse como Fluencia (J\/cm<sup>2<\/sup>) introduciendo la Forma del haz (Radio para una forma circular, Ancho y Alto para una forma rectangular) en \u201cAjustes de medici\u00f3n\u00bb.<\/p>\n<p>Hay tres opciones de proceso disponibles:<\/p>\n<p>&#8211; Continuo: se lleva a cabo una elaboraci\u00f3n estad\u00edstica a partir de una recogida de datos continua.<\/p>\n<p>&#8211; Repetido: los datos se recogen repetidamente y se elaboran dentro de un per\u00edodo de tiempo definido por el usuario.<\/p>\n<p>&#8211; \u00danico: los datos se recogen y elaboran solo una vez dentro de un per\u00edodo de tiempo definido por el usuario.<\/p>\n<p>Al introducir la memoria USB en el puerto del lado izquierdo de Plus 2 y tocar el bot\u00f3n \u201cGuardar\u201d se abre la ventana Data Logging (Registro de datos). Puede llevarse a cabo una selecci\u00f3n de los datos que se desean memorizar (valores, estad\u00edsticas o ambos) y la tasa de Muestreo (entre 0,5 s y 99 s), as\u00ed como el modo de toma de datos. El tiempo hasta el apagado de la pantalla puede programarse de 1 a 30 minutos, y pasado un determinado tiempo de inactividad, Plus 2 se apaga. La opci\u00f3n \u201cPantalla Completa 90\u00b0\u201d cambia la pantalla a una visualizaci\u00f3n de pantalla completa de alta visibilidad\/alto contraste girada 90\u00b0 que muestra solo el valor de medici\u00f3n y las unidades relacionadas.[\/vc_column_text][\/vc_column][vc_column width=\u00bb1\/3&#8243;][vc_single_image image=\u00bb61227&#8243; img_size=\u00bblarge\u00bb][vc_empty_space][vc_single_image image=\u00bb61023&#8243; img_size=\u00bblarge\u00bb][\/vc_column][\/vc_row]<\/p>\n<\/div>","protected":false},"excerpt":{"rendered":"<p>[vc_row][vc_column width=\u00bb2\/3&#8243;][vc_column_text] Plus 2 Plus 2 es un medidor de mano, ligero, de pantalla t\u00e1ctil dise\u00f1ado para medir la potencia\/energ\u00eda de l\u00e1seres y otras fuentes luminosas. El medidor Plus2 es compatible con todos los sensores de fotodiodos y t\u00e9rmicos de Laser Point (incluyendo Blink FR hasta una frecuencia de repetici\u00f3n de 6Hz). Presenta una pantalla&hellip;<\/p>\n","protected":false},"featured_media":24129,"menu_order":0,"template":"","meta":[],"product_cat":[664],"product_tag":[],"acf":[],"yoast_head":"<!-- This site is optimized with the Yoast SEO plugin v22.2 - https:\/\/yoast.com\/wordpress\/plugins\/seo\/ -->\n<title>PLUS 2 - Laserpoint<\/title>\n<meta name=\"robots\" content=\"index, follow, max-snippet:-1, max-image-preview:large, max-video-preview:-1\" \/>\n<link rel=\"canonical\" href=\"https:\/\/www.laserpoint.eu\/es\/medidores-para-sensores\/plus-2\/\" \/>\n<meta property=\"og:locale\" content=\"es_ES\" \/>\n<meta property=\"og:type\" content=\"article\" \/>\n<meta property=\"og:title\" content=\"PLUS 2 - Laserpoint\" \/>\n<meta property=\"og:description\" content=\"[vc_row][vc_column width=\u00bb2\/3&#8243;][vc_column_text] Plus 2 Plus 2 es un medidor de mano, ligero, de pantalla t\u00e1ctil dise\u00f1ado para medir la potencia\/energ\u00eda de l\u00e1seres y otras fuentes luminosas. El medidor Plus2 es compatible con todos los sensores de fotodiodos y t\u00e9rmicos de Laser Point (incluyendo Blink FR hasta una frecuencia de repetici\u00f3n de 6Hz). Presenta una pantalla&hellip;\" \/>\n<meta property=\"og:url\" content=\"https:\/\/www.laserpoint.eu\/es\/medidores-para-sensores\/plus-2\/\" \/>\n<meta property=\"og:site_name\" content=\"Laserpoint\" \/>\n<meta property=\"article:modified_time\" content=\"2025-07-18T15:44:50+00:00\" \/>\n<meta property=\"og:image\" content=\"https:\/\/www.laserpoint.eu\/wp-content\/uploads\/plus-2.jpg\" \/>\n\t<meta property=\"og:image:width\" content=\"423\" \/>\n\t<meta property=\"og:image:height\" content=\"709\" \/>\n\t<meta property=\"og:image:type\" content=\"image\/jpeg\" \/>\n<meta name=\"twitter:card\" content=\"summary_large_image\" \/>\n<meta name=\"twitter:label1\" content=\"Tiempo de lectura\" \/>\n\t<meta name=\"twitter:data1\" content=\"3 minutos\" \/>\n<script type=\"application\/ld+json\" class=\"yoast-schema-graph\">{\"@context\":\"https:\/\/schema.org\",\"@graph\":[{\"@type\":\"WebPage\",\"@id\":\"https:\/\/www.laserpoint.eu\/es\/medidores-para-sensores\/plus-2\/\",\"url\":\"https:\/\/www.laserpoint.eu\/es\/medidores-para-sensores\/plus-2\/\",\"name\":\"PLUS 2 - Laserpoint\",\"isPartOf\":{\"@id\":\"https:\/\/www.laserpoint.eu\/es\/#website\"},\"primaryImageOfPage\":{\"@id\":\"https:\/\/www.laserpoint.eu\/es\/medidores-para-sensores\/plus-2\/#primaryimage\"},\"image\":{\"@id\":\"https:\/\/www.laserpoint.eu\/es\/medidores-para-sensores\/plus-2\/#primaryimage\"},\"thumbnailUrl\":\"https:\/\/www.laserpoint.eu\/wp-content\/uploads\/plus-2.jpg\",\"datePublished\":\"2021-04-16T06:19:46+00:00\",\"dateModified\":\"2025-07-18T15:44:50+00:00\",\"breadcrumb\":{\"@id\":\"https:\/\/www.laserpoint.eu\/es\/medidores-para-sensores\/plus-2\/#breadcrumb\"},\"inLanguage\":\"es\",\"potentialAction\":[{\"@type\":\"ReadAction\",\"target\":[\"https:\/\/www.laserpoint.eu\/es\/medidores-para-sensores\/plus-2\/\"]}]},{\"@type\":\"ImageObject\",\"inLanguage\":\"es\",\"@id\":\"https:\/\/www.laserpoint.eu\/es\/medidores-para-sensores\/plus-2\/#primaryimage\",\"url\":\"https:\/\/www.laserpoint.eu\/wp-content\/uploads\/plus-2.jpg\",\"contentUrl\":\"https:\/\/www.laserpoint.eu\/wp-content\/uploads\/plus-2.jpg\",\"width\":423,\"height\":709},{\"@type\":\"BreadcrumbList\",\"@id\":\"https:\/\/www.laserpoint.eu\/es\/medidores-para-sensores\/plus-2\/#breadcrumb\",\"itemListElement\":[{\"@type\":\"ListItem\",\"position\":1,\"name\":\"Home\",\"item\":\"https:\/\/www.laserpoint.eu\/es\/\"},{\"@type\":\"ListItem\",\"position\":2,\"name\":\"Encuentra productos\",\"item\":\"https:\/\/www.laserpoint.eu\/es\/encuentra-productos\/\"},{\"@type\":\"ListItem\",\"position\":3,\"name\":\"PLUS 2\"}]},{\"@type\":\"WebSite\",\"@id\":\"https:\/\/www.laserpoint.eu\/es\/#website\",\"url\":\"https:\/\/www.laserpoint.eu\/es\/\",\"name\":\"Laserpoint\",\"description\":\"Development and manufacturing of laser measurement instruments\",\"publisher\":{\"@id\":\"https:\/\/www.laserpoint.eu\/es\/#organization\"},\"potentialAction\":[{\"@type\":\"SearchAction\",\"target\":{\"@type\":\"EntryPoint\",\"urlTemplate\":\"https:\/\/www.laserpoint.eu\/es\/?s={search_term_string}\"},\"query-input\":\"required name=search_term_string\"}],\"inLanguage\":\"es\"},{\"@type\":\"Organization\",\"@id\":\"https:\/\/www.laserpoint.eu\/es\/#organization\",\"name\":\"Laserpoint\",\"url\":\"https:\/\/www.laserpoint.eu\/es\/\",\"logo\":{\"@type\":\"ImageObject\",\"inLanguage\":\"es\",\"@id\":\"https:\/\/www.laserpoint.eu\/es\/#\/schema\/logo\/image\/\",\"url\":\"https:\/\/www.laserpoint.eu\/wp-content\/uploads\/laserpoint-logo.png\",\"contentUrl\":\"https:\/\/www.laserpoint.eu\/wp-content\/uploads\/laserpoint-logo.png\",\"width\":520,\"height\":84,\"caption\":\"Laserpoint\"},\"image\":{\"@id\":\"https:\/\/www.laserpoint.eu\/es\/#\/schema\/logo\/image\/\"}}]}<\/script>\n<!-- \/ Yoast SEO plugin. -->","yoast_head_json":{"title":"PLUS 2 - Laserpoint","robots":{"index":"index","follow":"follow","max-snippet":"max-snippet:-1","max-image-preview":"max-image-preview:large","max-video-preview":"max-video-preview:-1"},"canonical":"https:\/\/www.laserpoint.eu\/es\/medidores-para-sensores\/plus-2\/","og_locale":"es_ES","og_type":"article","og_title":"PLUS 2 - Laserpoint","og_description":"[vc_row][vc_column width=\u00bb2\/3&#8243;][vc_column_text] Plus 2 Plus 2 es un medidor de mano, ligero, de pantalla t\u00e1ctil dise\u00f1ado para medir la potencia\/energ\u00eda de l\u00e1seres y otras fuentes luminosas. El medidor Plus2 es compatible con todos los sensores de fotodiodos y t\u00e9rmicos de Laser Point (incluyendo Blink FR hasta una frecuencia de repetici\u00f3n de 6Hz). Presenta una pantalla&hellip;","og_url":"https:\/\/www.laserpoint.eu\/es\/medidores-para-sensores\/plus-2\/","og_site_name":"Laserpoint","article_modified_time":"2025-07-18T15:44:50+00:00","og_image":[{"width":423,"height":709,"url":"https:\/\/www.laserpoint.eu\/wp-content\/uploads\/plus-2.jpg","type":"image\/jpeg"}],"twitter_card":"summary_large_image","twitter_misc":{"Tiempo de lectura":"3 minutos"},"schema":{"@context":"https:\/\/schema.org","@graph":[{"@type":"WebPage","@id":"https:\/\/www.laserpoint.eu\/es\/medidores-para-sensores\/plus-2\/","url":"https:\/\/www.laserpoint.eu\/es\/medidores-para-sensores\/plus-2\/","name":"PLUS 2 - Laserpoint","isPartOf":{"@id":"https:\/\/www.laserpoint.eu\/es\/#website"},"primaryImageOfPage":{"@id":"https:\/\/www.laserpoint.eu\/es\/medidores-para-sensores\/plus-2\/#primaryimage"},"image":{"@id":"https:\/\/www.laserpoint.eu\/es\/medidores-para-sensores\/plus-2\/#primaryimage"},"thumbnailUrl":"https:\/\/www.laserpoint.eu\/wp-content\/uploads\/plus-2.jpg","datePublished":"2021-04-16T06:19:46+00:00","dateModified":"2025-07-18T15:44:50+00:00","breadcrumb":{"@id":"https:\/\/www.laserpoint.eu\/es\/medidores-para-sensores\/plus-2\/#breadcrumb"},"inLanguage":"es","potentialAction":[{"@type":"ReadAction","target":["https:\/\/www.laserpoint.eu\/es\/medidores-para-sensores\/plus-2\/"]}]},{"@type":"ImageObject","inLanguage":"es","@id":"https:\/\/www.laserpoint.eu\/es\/medidores-para-sensores\/plus-2\/#primaryimage","url":"https:\/\/www.laserpoint.eu\/wp-content\/uploads\/plus-2.jpg","contentUrl":"https:\/\/www.laserpoint.eu\/wp-content\/uploads\/plus-2.jpg","width":423,"height":709},{"@type":"BreadcrumbList","@id":"https:\/\/www.laserpoint.eu\/es\/medidores-para-sensores\/plus-2\/#breadcrumb","itemListElement":[{"@type":"ListItem","position":1,"name":"Home","item":"https:\/\/www.laserpoint.eu\/es\/"},{"@type":"ListItem","position":2,"name":"Encuentra productos","item":"https:\/\/www.laserpoint.eu\/es\/encuentra-productos\/"},{"@type":"ListItem","position":3,"name":"PLUS 2"}]},{"@type":"WebSite","@id":"https:\/\/www.laserpoint.eu\/es\/#website","url":"https:\/\/www.laserpoint.eu\/es\/","name":"Laserpoint","description":"Development and manufacturing of laser measurement instruments","publisher":{"@id":"https:\/\/www.laserpoint.eu\/es\/#organization"},"potentialAction":[{"@type":"SearchAction","target":{"@type":"EntryPoint","urlTemplate":"https:\/\/www.laserpoint.eu\/es\/?s={search_term_string}"},"query-input":"required name=search_term_string"}],"inLanguage":"es"},{"@type":"Organization","@id":"https:\/\/www.laserpoint.eu\/es\/#organization","name":"Laserpoint","url":"https:\/\/www.laserpoint.eu\/es\/","logo":{"@type":"ImageObject","inLanguage":"es","@id":"https:\/\/www.laserpoint.eu\/es\/#\/schema\/logo\/image\/","url":"https:\/\/www.laserpoint.eu\/wp-content\/uploads\/laserpoint-logo.png","contentUrl":"https:\/\/www.laserpoint.eu\/wp-content\/uploads\/laserpoint-logo.png","width":520,"height":84,"caption":"Laserpoint"},"image":{"@id":"https:\/\/www.laserpoint.eu\/es\/#\/schema\/logo\/image\/"}}]}},"_links":{"self":[{"href":"https:\/\/www.laserpoint.eu\/es\/wp-json\/wp\/v2\/product\/67763"}],"collection":[{"href":"https:\/\/www.laserpoint.eu\/es\/wp-json\/wp\/v2\/product"}],"about":[{"href":"https:\/\/www.laserpoint.eu\/es\/wp-json\/wp\/v2\/types\/product"}],"wp:featuredmedia":[{"embeddable":true,"href":"https:\/\/www.laserpoint.eu\/es\/wp-json\/wp\/v2\/media\/24129"}],"wp:attachment":[{"href":"https:\/\/www.laserpoint.eu\/es\/wp-json\/wp\/v2\/media?parent=67763"}],"wp:term":[{"taxonomy":"product_cat","embeddable":true,"href":"https:\/\/www.laserpoint.eu\/es\/wp-json\/wp\/v2\/product_cat?post=67763"},{"taxonomy":"product_tag","embeddable":true,"href":"https:\/\/www.laserpoint.eu\/es\/wp-json\/wp\/v2\/product_tag?post=67763"}],"curies":[{"name":"wp","href":"https:\/\/api.w.org\/{rel}","templated":true}]}}