{"id":67803,"date":"2021-04-16T08:19:46","date_gmt":"2021-04-16T06:19:46","guid":{"rendered":"https:\/\/www.laserpoint.eu\/sin%20categor\u00eda\/pc-link-2\/"},"modified":"2025-07-18T17:55:56","modified_gmt":"2025-07-18T15:55:56","slug":"pc-link-2","status":"publish","type":"product","link":"https:\/\/www.laserpoint.eu\/es\/medidores-para-sensores\/pc-link-2\/","title":{"rendered":"PC-Link"},"content":{"rendered":"<div class=\"wpb-content-wrapper\"><p>[vc_row][vc_column][vc_custom_heading text=\u00bbPC-LINK: Convierta su PC en un medidor de Potencia\/Energ\u00eda\u00bb use_theme_fonts=\u00bbyes\u00bb][\/vc_column][\/vc_row][vc_row][vc_column width=\u00bb2\/3&#8243;][vc_column_text]<\/p>\n<ul>\n<li><strong>PC-LINK<\/strong><\/li>\n<\/ul>\n<p>Trabajar con PC-LINK es muy f\u00e1cil: es suficiente con instalar el software, conectar los cabezales sensores a la unidad PC-LINK y estos luego al puerto USB de un PC. No se necesitan otras operaciones ni fuentes externas de poder.<\/p>\n<p>Este avanzado monitor es \u201cplug and play\u201d con todos los cabezales t\u00e9rmicos y sondas de potencia FIT-H. Las avanzadas caracter\u00edsticas de PC-LINK junto con el hecho de que es muy compacto y poco pesado, hacen de este monitor un socio ideal para aplicaciones de servicio, de laboratorio o de uso OEM, ofreciendo la econom\u00eda, la flexibilidad y el valor de las operaciones basadas en ordenador; PC-LINK es, de hecho, el candidato ideal para su uso en m\u00e1quinas l\u00e1ser, en particular cuando se asocia con la familia FIT-H (Fast Integrative Thermopile Heads \u2013 cabezales de termopila integrativos r\u00e1pidos) de sondas de potencia OEM, que funcionan con hasta 6 KW sin necesidad de refrigeraci\u00f3n por agua.<\/p>\n<p>El uso de PC-LINK es muy directo: la unidad reconocer\u00e1 el cabezal de potencia\/energ\u00eda tan pronto como se enchufe; adem\u00e1s, el PC-LINK utilizar\u00e1 su circuiter\u00eda de aceleraci\u00f3n para asegurar una r\u00e1pida respuesta y utilizar\u00e1 los datos de calibraci\u00f3n guardados en el conector DB15 de cada cabezal para ofrecer la medici\u00f3n de potencia\/energ\u00eda m\u00e1s precisa.<\/p>\n<p>Una caracter\u00edstica ofrece la posibilidad de acceder al \u201cFactor de Calibraci\u00f3n de Usuario\u201d (UCF); tambi\u00e9n ofrece una ganancia x10 para potenciar la flexibilidad de medici\u00f3n (p.ej. mediciones de potencia baja hasta 20 \u03bcW de resoluci\u00f3n).<\/p>\n<p>El software permite medir y analizar datos con funciones estad\u00edsticas completas (desviaci\u00f3n m\u00edn., m\u00e1x., media y est\u00e1ndar). Los datos de cada detector pueden registrarse simult\u00e1neamente en un archivo.<\/p>\n<p>El \u201cmodo Potencia\u201d permite mediciones de potencias l\u00e1ser con visualizaci\u00f3n directa de sus valores actuales. La pantalla tambi\u00e9n muestra la evoluci\u00f3n de la potencia en el tiempo, permitiendo mediciones de estabilidad, incluso de varias horas de duraci\u00f3n (hasta 12 h, dependiendo del PC).<\/p>\n<p>El \u201cmodo FIT\u201d proporciona valores de potencia l\u00e1ser mediante un ciclo de medici\u00f3n autom\u00e1tica con las sondas de potencia Fit-H de Laser Point; esta familia de detectores se usa para lecturas precisas pero ocasionales y cuando se necesiten simples controles de potencia en lugar de mediciones a largo plazo.<\/p>\n<p>El \u201cModo Energ\u00eda\u201d permite la medici\u00f3n de energ\u00eda de disparo \u00fanico.<\/p>\n<p>La funci\u00f3n de ajuste del l\u00e1ser se usa para obtener una precisi\u00f3n de alta resoluci\u00f3n de su l\u00e1ser; una aguja anal\u00f3gica muestra la direcci\u00f3n del ajuste: en la parte central de la pantalla de ajuste, un recuadro muestra la potencia medida actualmente, mientras el valor m\u00e1ximo alcanzado durante el procedimiento de ajuste se mantiene en un segundo recuadro de la pantalla.[\/vc_column_text][\/vc_column][vc_column width=\u00bb1\/3&#8243;][vc_single_image image=\u00bb17240&#8243; img_size=\u00bblarge\u00bb alignment=\u00bbcenter\u00bb][vc_empty_space][vc_single_image image=\u00bb17241&#8243; img_size=\u00bblarge\u00bb][\/vc_column][\/vc_row]<\/p>\n<\/div>","protected":false},"excerpt":{"rendered":"<p>[vc_row][vc_column][vc_custom_heading text=\u00bbPC-LINK: Convierta su PC en un medidor de Potencia\/Energ\u00eda\u00bb use_theme_fonts=\u00bbyes\u00bb][\/vc_column][\/vc_row][vc_row][vc_column width=\u00bb2\/3&#8243;][vc_column_text] PC-LINK Trabajar con PC-LINK es muy f\u00e1cil: es suficiente con instalar el software, conectar los cabezales sensores a la unidad PC-LINK y estos luego al puerto USB de un PC. No se necesitan otras operaciones ni fuentes externas de poder. Este avanzado monitor&hellip;<\/p>\n","protected":false},"featured_media":17240,"menu_order":0,"template":"","meta":[],"product_cat":[664],"product_tag":[],"acf":[],"yoast_head":"<!-- This site is optimized with the Yoast SEO plugin v22.2 - https:\/\/yoast.com\/wordpress\/plugins\/seo\/ -->\n<title>PC-Link - Laserpoint<\/title>\n<meta name=\"robots\" content=\"index, follow, max-snippet:-1, max-image-preview:large, max-video-preview:-1\" \/>\n<link rel=\"canonical\" href=\"https:\/\/www.laserpoint.eu\/es\/medidores-para-sensores\/pc-link-2\/\" \/>\n<meta property=\"og:locale\" content=\"es_ES\" \/>\n<meta property=\"og:type\" content=\"article\" \/>\n<meta property=\"og:title\" content=\"PC-Link - Laserpoint\" \/>\n<meta property=\"og:description\" content=\"[vc_row][vc_column][vc_custom_heading text=\u00bbPC-LINK: Convierta su PC en un medidor de Potencia\/Energ\u00eda\u00bb use_theme_fonts=\u00bbyes\u00bb][\/vc_column][\/vc_row][vc_row][vc_column width=\u00bb2\/3&#8243;][vc_column_text] PC-LINK Trabajar con PC-LINK es muy f\u00e1cil: es suficiente con instalar el software, conectar los cabezales sensores a la unidad PC-LINK y estos luego al puerto USB de un PC. No se necesitan otras operaciones ni fuentes externas de poder. Este avanzado monitor&hellip;\" \/>\n<meta property=\"og:url\" content=\"https:\/\/www.laserpoint.eu\/es\/medidores-para-sensores\/pc-link-2\/\" \/>\n<meta property=\"og:site_name\" content=\"Laserpoint\" \/>\n<meta property=\"article:modified_time\" content=\"2025-07-18T15:55:56+00:00\" \/>\n<meta property=\"og:image\" content=\"https:\/\/www.laserpoint.eu\/wp-content\/uploads\/PC-Link-Immagine-sfondo-bianco.jpg\" \/>\n\t<meta property=\"og:image:width\" content=\"560\" \/>\n\t<meta property=\"og:image:height\" content=\"377\" \/>\n\t<meta property=\"og:image:type\" content=\"image\/jpeg\" \/>\n<meta name=\"twitter:card\" content=\"summary_large_image\" \/>\n<meta name=\"twitter:label1\" content=\"Tiempo de lectura\" \/>\n\t<meta name=\"twitter:data1\" content=\"3 minutos\" \/>\n<script type=\"application\/ld+json\" class=\"yoast-schema-graph\">{\"@context\":\"https:\/\/schema.org\",\"@graph\":[{\"@type\":\"WebPage\",\"@id\":\"https:\/\/www.laserpoint.eu\/es\/medidores-para-sensores\/pc-link-2\/\",\"url\":\"https:\/\/www.laserpoint.eu\/es\/medidores-para-sensores\/pc-link-2\/\",\"name\":\"PC-Link - Laserpoint\",\"isPartOf\":{\"@id\":\"https:\/\/www.laserpoint.eu\/es\/#website\"},\"primaryImageOfPage\":{\"@id\":\"https:\/\/www.laserpoint.eu\/es\/medidores-para-sensores\/pc-link-2\/#primaryimage\"},\"image\":{\"@id\":\"https:\/\/www.laserpoint.eu\/es\/medidores-para-sensores\/pc-link-2\/#primaryimage\"},\"thumbnailUrl\":\"https:\/\/www.laserpoint.eu\/wp-content\/uploads\/PC-Link-Immagine-sfondo-bianco.jpg\",\"datePublished\":\"2021-04-16T06:19:46+00:00\",\"dateModified\":\"2025-07-18T15:55:56+00:00\",\"breadcrumb\":{\"@id\":\"https:\/\/www.laserpoint.eu\/es\/medidores-para-sensores\/pc-link-2\/#breadcrumb\"},\"inLanguage\":\"es\",\"potentialAction\":[{\"@type\":\"ReadAction\",\"target\":[\"https:\/\/www.laserpoint.eu\/es\/medidores-para-sensores\/pc-link-2\/\"]}]},{\"@type\":\"ImageObject\",\"inLanguage\":\"es\",\"@id\":\"https:\/\/www.laserpoint.eu\/es\/medidores-para-sensores\/pc-link-2\/#primaryimage\",\"url\":\"https:\/\/www.laserpoint.eu\/wp-content\/uploads\/PC-Link-Immagine-sfondo-bianco.jpg\",\"contentUrl\":\"https:\/\/www.laserpoint.eu\/wp-content\/uploads\/PC-Link-Immagine-sfondo-bianco.jpg\",\"width\":560,\"height\":377},{\"@type\":\"BreadcrumbList\",\"@id\":\"https:\/\/www.laserpoint.eu\/es\/medidores-para-sensores\/pc-link-2\/#breadcrumb\",\"itemListElement\":[{\"@type\":\"ListItem\",\"position\":1,\"name\":\"Home\",\"item\":\"https:\/\/www.laserpoint.eu\/es\/\"},{\"@type\":\"ListItem\",\"position\":2,\"name\":\"Encuentra productos\",\"item\":\"https:\/\/www.laserpoint.eu\/es\/encuentra-productos\/\"},{\"@type\":\"ListItem\",\"position\":3,\"name\":\"PC-Link\"}]},{\"@type\":\"WebSite\",\"@id\":\"https:\/\/www.laserpoint.eu\/es\/#website\",\"url\":\"https:\/\/www.laserpoint.eu\/es\/\",\"name\":\"Laserpoint\",\"description\":\"Development and manufacturing of laser measurement instruments\",\"publisher\":{\"@id\":\"https:\/\/www.laserpoint.eu\/es\/#organization\"},\"potentialAction\":[{\"@type\":\"SearchAction\",\"target\":{\"@type\":\"EntryPoint\",\"urlTemplate\":\"https:\/\/www.laserpoint.eu\/es\/?s={search_term_string}\"},\"query-input\":\"required name=search_term_string\"}],\"inLanguage\":\"es\"},{\"@type\":\"Organization\",\"@id\":\"https:\/\/www.laserpoint.eu\/es\/#organization\",\"name\":\"Laserpoint\",\"url\":\"https:\/\/www.laserpoint.eu\/es\/\",\"logo\":{\"@type\":\"ImageObject\",\"inLanguage\":\"es\",\"@id\":\"https:\/\/www.laserpoint.eu\/es\/#\/schema\/logo\/image\/\",\"url\":\"https:\/\/www.laserpoint.eu\/wp-content\/uploads\/laserpoint-logo.png\",\"contentUrl\":\"https:\/\/www.laserpoint.eu\/wp-content\/uploads\/laserpoint-logo.png\",\"width\":520,\"height\":84,\"caption\":\"Laserpoint\"},\"image\":{\"@id\":\"https:\/\/www.laserpoint.eu\/es\/#\/schema\/logo\/image\/\"}}]}<\/script>\n<!-- \/ Yoast SEO plugin. -->","yoast_head_json":{"title":"PC-Link - Laserpoint","robots":{"index":"index","follow":"follow","max-snippet":"max-snippet:-1","max-image-preview":"max-image-preview:large","max-video-preview":"max-video-preview:-1"},"canonical":"https:\/\/www.laserpoint.eu\/es\/medidores-para-sensores\/pc-link-2\/","og_locale":"es_ES","og_type":"article","og_title":"PC-Link - Laserpoint","og_description":"[vc_row][vc_column][vc_custom_heading text=\u00bbPC-LINK: Convierta su PC en un medidor de Potencia\/Energ\u00eda\u00bb use_theme_fonts=\u00bbyes\u00bb][\/vc_column][\/vc_row][vc_row][vc_column width=\u00bb2\/3&#8243;][vc_column_text] PC-LINK Trabajar con PC-LINK es muy f\u00e1cil: es suficiente con instalar el software, conectar los cabezales sensores a la unidad PC-LINK y estos luego al puerto USB de un PC. No se necesitan otras operaciones ni fuentes externas de poder. Este avanzado monitor&hellip;","og_url":"https:\/\/www.laserpoint.eu\/es\/medidores-para-sensores\/pc-link-2\/","og_site_name":"Laserpoint","article_modified_time":"2025-07-18T15:55:56+00:00","og_image":[{"width":560,"height":377,"url":"https:\/\/www.laserpoint.eu\/wp-content\/uploads\/PC-Link-Immagine-sfondo-bianco.jpg","type":"image\/jpeg"}],"twitter_card":"summary_large_image","twitter_misc":{"Tiempo de lectura":"3 minutos"},"schema":{"@context":"https:\/\/schema.org","@graph":[{"@type":"WebPage","@id":"https:\/\/www.laserpoint.eu\/es\/medidores-para-sensores\/pc-link-2\/","url":"https:\/\/www.laserpoint.eu\/es\/medidores-para-sensores\/pc-link-2\/","name":"PC-Link - Laserpoint","isPartOf":{"@id":"https:\/\/www.laserpoint.eu\/es\/#website"},"primaryImageOfPage":{"@id":"https:\/\/www.laserpoint.eu\/es\/medidores-para-sensores\/pc-link-2\/#primaryimage"},"image":{"@id":"https:\/\/www.laserpoint.eu\/es\/medidores-para-sensores\/pc-link-2\/#primaryimage"},"thumbnailUrl":"https:\/\/www.laserpoint.eu\/wp-content\/uploads\/PC-Link-Immagine-sfondo-bianco.jpg","datePublished":"2021-04-16T06:19:46+00:00","dateModified":"2025-07-18T15:55:56+00:00","breadcrumb":{"@id":"https:\/\/www.laserpoint.eu\/es\/medidores-para-sensores\/pc-link-2\/#breadcrumb"},"inLanguage":"es","potentialAction":[{"@type":"ReadAction","target":["https:\/\/www.laserpoint.eu\/es\/medidores-para-sensores\/pc-link-2\/"]}]},{"@type":"ImageObject","inLanguage":"es","@id":"https:\/\/www.laserpoint.eu\/es\/medidores-para-sensores\/pc-link-2\/#primaryimage","url":"https:\/\/www.laserpoint.eu\/wp-content\/uploads\/PC-Link-Immagine-sfondo-bianco.jpg","contentUrl":"https:\/\/www.laserpoint.eu\/wp-content\/uploads\/PC-Link-Immagine-sfondo-bianco.jpg","width":560,"height":377},{"@type":"BreadcrumbList","@id":"https:\/\/www.laserpoint.eu\/es\/medidores-para-sensores\/pc-link-2\/#breadcrumb","itemListElement":[{"@type":"ListItem","position":1,"name":"Home","item":"https:\/\/www.laserpoint.eu\/es\/"},{"@type":"ListItem","position":2,"name":"Encuentra productos","item":"https:\/\/www.laserpoint.eu\/es\/encuentra-productos\/"},{"@type":"ListItem","position":3,"name":"PC-Link"}]},{"@type":"WebSite","@id":"https:\/\/www.laserpoint.eu\/es\/#website","url":"https:\/\/www.laserpoint.eu\/es\/","name":"Laserpoint","description":"Development and manufacturing of laser measurement instruments","publisher":{"@id":"https:\/\/www.laserpoint.eu\/es\/#organization"},"potentialAction":[{"@type":"SearchAction","target":{"@type":"EntryPoint","urlTemplate":"https:\/\/www.laserpoint.eu\/es\/?s={search_term_string}"},"query-input":"required name=search_term_string"}],"inLanguage":"es"},{"@type":"Organization","@id":"https:\/\/www.laserpoint.eu\/es\/#organization","name":"Laserpoint","url":"https:\/\/www.laserpoint.eu\/es\/","logo":{"@type":"ImageObject","inLanguage":"es","@id":"https:\/\/www.laserpoint.eu\/es\/#\/schema\/logo\/image\/","url":"https:\/\/www.laserpoint.eu\/wp-content\/uploads\/laserpoint-logo.png","contentUrl":"https:\/\/www.laserpoint.eu\/wp-content\/uploads\/laserpoint-logo.png","width":520,"height":84,"caption":"Laserpoint"},"image":{"@id":"https:\/\/www.laserpoint.eu\/es\/#\/schema\/logo\/image\/"}}]}},"_links":{"self":[{"href":"https:\/\/www.laserpoint.eu\/es\/wp-json\/wp\/v2\/product\/67803"}],"collection":[{"href":"https:\/\/www.laserpoint.eu\/es\/wp-json\/wp\/v2\/product"}],"about":[{"href":"https:\/\/www.laserpoint.eu\/es\/wp-json\/wp\/v2\/types\/product"}],"wp:featuredmedia":[{"embeddable":true,"href":"https:\/\/www.laserpoint.eu\/es\/wp-json\/wp\/v2\/media\/17240"}],"wp:attachment":[{"href":"https:\/\/www.laserpoint.eu\/es\/wp-json\/wp\/v2\/media?parent=67803"}],"wp:term":[{"taxonomy":"product_cat","embeddable":true,"href":"https:\/\/www.laserpoint.eu\/es\/wp-json\/wp\/v2\/product_cat?post=67803"},{"taxonomy":"product_tag","embeddable":true,"href":"https:\/\/www.laserpoint.eu\/es\/wp-json\/wp\/v2\/product_tag?post=67803"}],"curies":[{"name":"wp","href":"https:\/\/api.w.org\/{rel}","templated":true}]}}