{"id":8408,"date":"2020-08-24T14:50:31","date_gmt":"2020-08-24T12:50:31","guid":{"rendered":"https:\/\/www.laserpoint.eu\/?page_id=8408"},"modified":"2020-08-24T14:52:28","modified_gmt":"2020-08-24T12:52:28","slug":"reponse-rapide-serie-amplifiee-oem","status":"publish","type":"page","link":"https:\/\/www.laserpoint.eu\/fr\/reponse-rapide-serie-amplifiee-oem\/","title":{"rendered":"R\u00e9ponse rapide (s\u00e9rie amplifi\u00e9e OEM)"},"content":{"rendered":"<div class=\"wpb-content-wrapper\"><p>[vc_row][vc_column]<div id=\"ultimate-heading-753969fafe303c77c\" class=\"uvc-heading ult-adjust-bottom-margin ultimate-heading-753969fafe303c77c uvc-2088 \" data-hspacer=\"no_spacer\"  data-halign=\"center\" style=\"text-align:center\"><div class=\"uvc-heading-spacer no_spacer\" style=\"top\"><\/div><div class=\"uvc-main-heading ult-responsive\"  data-ultimate-target='.uvc-heading.ultimate-heading-753969fafe303c77c h2'  data-responsive-json-new='{\"font-size\":\"desktop:50px;\",\"line-height\":\"\"}' ><h2 style=\"font-weight:bold;color:#e9312b;margin-top:30px;margin-bottom:50px;\">FAST RESPONSE LASER SENSORS<\/h2><\/div><div class=\"uvc-sub-heading ult-responsive\"  data-ultimate-target='.uvc-heading.ultimate-heading-753969fafe303c77c .uvc-sub-heading '  data-responsive-json-new='{\"font-size\":\"desktop:50px;\",\"line-height\":\"desktop:50px;\"}'  style=\"font-weight:normal;color:#777777;margin-bottom:50px;\"><\/p>\n<p class=\"h2\"><span class=\"span\">DESIGNED FOR OEM AND LABORATORY APPLICATIONS<\/span><\/p>\n<p><\/div><\/div>[\/vc_column][\/vc_row][vc_row type=\u00a0\u00bbvc_default\u00a0\u00bb full_width=\u00a0\u00bbstretch_row\u00a0\u00bb content_placement=\u00a0\u00bbmiddle\u00a0\u00bb bg_type=\u00a0\u00bbbg_color\u00a0\u00bb bg_override=\u00a0\u00bbfull\u00a0\u00bb css=\u00a0\u00bb.vc_custom_1588921358457{background-color: #000000 !important;}\u00a0\u00bb][vc_column width=\u00a0\u00bb1\/2&Prime;][vc_single_image image=\u00a0\u00bb3938&Prime; img_size=\u00a0\u00bbmedium\u00a0\u00bb alignment=\u00a0\u00bbcenter\u00a0\u00bb css_animation=\u00a0\u00bbfadeInUp\u00a0\u00bb css=\u00a0\u00bb.vc_custom_1589882866899{padding-top: 50px !important;padding-right: 50px !important;padding-bottom: 50px !important;padding-left: 50px !important;}\u00a0\u00bb][\/vc_column][vc_column width=\u00a0\u00bb1\/2&Prime;][vc_single_image image=\u00a0\u00bb790&Prime; img_size=\u00a0\u00bbmedium\u00a0\u00bb][vc_column_text]<span style=\"font-size: 25px; color: #f7f7f7; line-height: 35px;\">BLINK FR is a new generation of fast response laser sensors (patent pending), based on a technology that enables to reach high speeds unreachable with standard thermopile detectors.<\/span><\/p>\n<p><span style=\"font-size: 25px; color: #f7f7f7; line-height: 35px;\">OEM Amplified Fast Responce Sensors are based on this new technology and integrate an high linearity analog built in Amplifier.<\/span>[\/vc_column_text][\/vc_column][\/vc_row][vc_row type=\u00a0\u00bbvc_default\u00a0\u00bb full_width=\u00a0\u00bbstretch_row\u00a0\u00bb css_animation=\u00a0\u00bbnone\u00a0\u00bb bg_type=\u00a0\u00bbbg_color\u00a0\u00bb bg_color_value=\u00a0\u00bb#000000&Prime; css=\u00a0\u00bb.vc_custom_1588921431686{padding-bottom: 50px !important;}\u00a0\u00bb][vc_column css_animation=\u00a0\u00bbfadeInUp\u00a0\u00bb width=\u00a0\u00bb1\/2&Prime; offset=\u00a0\u00bbvc_col-lg-3 vc_col-md-6&Prime;][vc_single_image image=\u00a0\u00bb631&Prime; img_size=\u00a0\u00bb100&#215;100&Prime; alignment=\u00a0\u00bbcenter\u00a0\u00bb][vc_custom_heading text=\u00a0\u00bbDozens of times faster\u00a0\u00bb font_container=\u00a0\u00bbtag:h4|text_align:center|color:%23f7f7f7&Prime; use_theme_fonts=\u00a0\u00bbyes\u00a0\u00bb][vc_column_text]<\/p>\n<p style=\"text-align: center; color: #f7f7f7; font-size: 20px;\">than standard Thermopile sensors<\/p>\n<p>[\/vc_column_text][\/vc_column][vc_column css_animation=\u00a0\u00bbfadeInUp\u00a0\u00bb width=\u00a0\u00bb1\/2&Prime; offset=\u00a0\u00bbvc_col-lg-3 vc_col-md-6&Prime;][vc_single_image image=\u00a0\u00bb627&Prime; img_size=\u00a0\u00bb100&#215;100&Prime; alignment=\u00a0\u00bbcenter\u00a0\u00bb][vc_custom_heading text=\u00a0\u00bbPower density capability:\u00a0\u00bb font_container=\u00a0\u00bbtag:h4|text_align:center|color:%23f7f7f7&Prime; use_theme_fonts=\u00a0\u00bbyes\u00a0\u00bb][vc_column_text]<\/p>\n<p style=\"text-align: center; color: #f7f7f7; font-size: 20px;\">1.5KW\/cm2<\/p>\n<p>[\/vc_column_text][\/vc_column][vc_column css_animation=\u00a0\u00bbfadeInUp\u00a0\u00bb width=\u00a0\u00bb1\/2&Prime; offset=\u00a0\u00bbvc_col-lg-3 vc_col-md-6&Prime;][vc_single_image image=\u00a0\u00bb614&Prime; img_size=\u00a0\u00bb100&#215;100&Prime; alignment=\u00a0\u00bbcenter\u00a0\u00bb][vc_custom_heading text=\u00a0\u00bbActive area:\u00a0\u00bb font_container=\u00a0\u00bbtag:h4|text_align:center|color:%23f7f7f7&Prime; use_theme_fonts=\u00a0\u00bbyes\u00a0\u00bb][vc_column_text]<\/p>\n<p style=\"text-align: center; color: #f7f7f7; font-size: 20px;\">16x16mm<\/p>\n<p>[\/vc_column_text][\/vc_column][vc_column css_animation=\u00a0\u00bbfadeInUp\u00a0\u00bb width=\u00a0\u00bb1\/2&Prime; offset=\u00a0\u00bbvc_col-lg-3 vc_col-md-6&Prime;][vc_single_image image=\u00a0\u00bb628&Prime; img_size=\u00a0\u00bb100&#215;100&Prime; alignment=\u00a0\u00bbcenter\u00a0\u00bb][vc_custom_heading text=\u00a0\u00bbWavelenght range:\u00a0\u00bb font_container=\u00a0\u00bbtag:h4|text_align:center|color:%23f7f7f7&Prime; use_theme_fonts=\u00a0\u00bbyes\u00a0\u00bb][vc_column_text]<\/p>\n<p style=\"text-align: center; color: #f7f7f7; font-size: 20px;\">Measures from 250nm to 1100nm and 10.6 microns<\/p>\n<p>[\/vc_column_text][\/vc_column][\/vc_row][vc_row][vc_column]<div id=\"ultimate-heading-572469fafe303c7af\" class=\"uvc-heading ult-adjust-bottom-margin ultimate-heading-572469fafe303c7af uvc-841 titolo-doppio\" data-hspacer=\"no_spacer\"  data-halign=\"center\" style=\"text-align:center\"><div class=\"uvc-heading-spacer no_spacer\" style=\"top\"><\/div><div class=\"uvc-main-heading ult-responsive\"  data-ultimate-target='.uvc-heading.ultimate-heading-572469fafe303c7af h2'  data-responsive-json-new='{\"font-size\":\"desktop:50px;\",\"line-height\":\"\"}' ><h2 style=\"--font-weight:theme;color:#777777;margin-top:50px;\">OEM Amplified BLINK FR<\/h2><\/div><div class=\"uvc-sub-heading ult-responsive\"  data-ultimate-target='.uvc-heading.ultimate-heading-572469fafe303c7af .uvc-sub-heading '  data-responsive-json-new='{\"font-size\":\"desktop:50px;\",\"line-height\":\"\"}'  style=\"font-weight:bold;color:#e9312b;margin-bottom:20px;\"><\/p>\n<p class=\"h2\">A SUPERIOR TECHNOLOGY<\/p>\n<p><\/div><\/div>[vc_single_image image=\u00a0\u00bb3943&Prime; img_size=\u00a0\u00bbmedium\u00a0\u00bb alignment=\u00a0\u00bbcenter\u00a0\u00bb css_animation=\u00a0\u00bbfadeIn\u00a0\u00bb css=\u00a0\u00bb.vc_custom_1589883431427{padding-top: 30px !important;padding-bottom: 30px !important;}\u00a0\u00bb][vc_column_text]<span style=\"font-size: 25px; line-height: 35px;\">OEM Amplified BLINK FR sensors are based on a proprietary technology which enables natural response times of 70 ms (typ.) while still keeping broadband spectral range, power density capability and direct high power operation up to 60W of comparable thermopile detectors.<\/span>[\/vc_column_text][vc_empty_space height=\u00a0\u00bb30px\u00a0\u00bb][vc_row_inner content_placement=\u00a0\u00bbmiddle\u00a0\u00bb css=\u00a0\u00bb.vc_custom_1583940201294{padding-top: 30px !important;}\u00a0\u00bb][vc_column_inner width=\u00a0\u00bb1\/2&Prime;][vc_column_text]The response time is a key parameter for laser detectors where a faster response is required because several phenomena like pointing stability, fast drifts, instabilities can only be monitored if the detector responds very quickly.<br \/>\nHowever, when the detector is fast it cannot withstand high powers (as in the case of all photodetectors) or, vice-versa, when the detector can withstand the power, it is slow (as it happens with thermopile sensors or Peltier devices).<\/p>\n<p>[\/vc_column_text][\/vc_column_inner][vc_column_inner width=\u00a0\u00bb1\/2&Prime;][vc_single_image image=\u00a0\u00bb606&Prime; img_size=\u00a0\u00bbmedium\u00a0\u00bb alignment=\u00a0\u00bbcenter\u00a0\u00bb css_animation=\u00a0\u00bbfadeInUp\u00a0\u00bb][\/vc_column_inner][vc_column_inner width=\u00a0\u00bb1\/2&Prime;][vc_column_text]Photodetectors can respond to pulses &lt; 1ns. They can only withstand few milliwatts of direct laser power and their advantage of a fast response is, in most of applications, spoiled by standard readout electronics which curb the response time to 0.1-0.2 s.[\/vc_column_text][\/vc_column_inner][\/vc_row_inner][\/vc_column][\/vc_row][vc_row][vc_column width=\u00a0\u00bb1\/2&Prime;][vc_column_text]Thermopile detectors are inherently slow: their natural response times range from &gt; 1s to several tens of seconds, depending on the maximum power rating. Those natural response times can be reduced by electronics circuits and speed-up algorithms, but cannot be lower than 800ms &#8211; 1s, and only in the case of very low power heads.[\/vc_column_text][\/vc_column][vc_column width=\u00a0\u00bb1\/2&Prime;][vc_column_text]OEM Amplified BLINK FR sensors, differently from thermopile sensors, offer an unreached natural (without any acceleration by additional electronics) response time down to 70 ms (typ.).<br \/>\nThis is a game changing feature for laser power measurement because it paves the way to a number of applications that were not possible before.[\/vc_column_text][\/vc_column][vc_column][vc_empty_space height=\u00a0\u00bb80px\u00a0\u00bb][\/vc_column][\/vc_row][vc_row type=\u00a0\u00bbvc_default\u00a0\u00bb bg_type=\u00a0\u00bbbg_color\u00a0\u00bb][vc_column][vc_cta h2=\u00a0\u00bbContact LaserPoint\u00a0\u00bb h4=\u00a0\u00bbContact us to discuss your application\u00a0\u00bb style=\u00a0\u00bbflat\u00a0\u00bb color=\u00a0\u00bbjuicy-pink\u00a0\u00bb add_icon=\u00a0\u00bbleft\u00a0\u00bb i_icon_fontawesome=\u00a0\u00bbfas fa-long-arrow-alt-right\u00a0\u00bb i_color=\u00a0\u00bbcustom\u00a0\u00bb i_background_style=\u00a0\u00bbrounded-less\u00a0\u00bb i_background_color=\u00a0\u00bbcustom\u00a0\u00bb i_size=\u00a0\u00bblg\u00a0\u00bb css_animation=\u00a0\u00bbbounceInUp\u00a0\u00bb i_custom_color=\u00a0\u00bb#ffffff\u00a0\u00bb i_custom_background_color=\u00a0\u00bb#333333&Prime; css=\u00a0\u00bb.vc_custom_1591775786088{padding-top: 20px !important;padding-bottom: 20px !important;}\u00a0\u00bb i_link=\u00a0\u00bburl:https%3A%2F%2Fwww.laserpoint.eu%2Fcontact-us%2Fcontact-form%2F|title:Contact%20Form||\u00a0\u00bb][\/vc_cta][\/vc_column][\/vc_row][vc_row][vc_column][vc_column_text]<strong>HOW TO ORDER: <\/strong><\/p>\n<p>Select Ordering Code without any option for bare wires head connectivity;<\/p>\n<p>No other connectivity options are available[\/vc_column_text][vc_empty_space][\/vc_column][\/vc_row][vc_row][vc_column][vc_column_text][table &#8220;HighSpeedThermalSensors-OEMAmplifiedFastResponse&#8221; not found \/]<br \/>\n[\/vc_column_text][vc_empty_space height=\u00a0\u00bb10px\u00a0\u00bb][\/vc_column][\/vc_row]<\/p>\n<\/div>","protected":false},"excerpt":{"rendered":"<p>[vc_row][vc_column][\/vc_column][\/vc_row][vc_row type=\u00a0\u00bbvc_default\u00a0\u00bb full_width=\u00a0\u00bbstretch_row\u00a0\u00bb content_placement=\u00a0\u00bbmiddle\u00a0\u00bb bg_type=\u00a0\u00bbbg_color\u00a0\u00bb bg_override=\u00a0\u00bbfull\u00a0\u00bb css=\u00a0\u00bb.vc_custom_1588921358457{background-color: #000000 !important;}\u00a0\u00bb][vc_column width=\u00a0\u00bb1\/2&Prime;][vc_single_image image=\u00a0\u00bb3938&Prime; img_size=\u00a0\u00bbmedium\u00a0\u00bb alignment=\u00a0\u00bbcenter\u00a0\u00bb css_animation=\u00a0\u00bbfadeInUp\u00a0\u00bb css=\u00a0\u00bb.vc_custom_1589882866899{padding-top: 50px !important;padding-right: 50px !important;padding-bottom: 50px !important;padding-left: 50px !important;}\u00a0\u00bb][\/vc_column][vc_column width=\u00a0\u00bb1\/2&Prime;][vc_single_image image=\u00a0\u00bb790&Prime; img_size=\u00a0\u00bbmedium\u00a0\u00bb][vc_column_text]BLINK FR is a new generation of fast response laser sensors (patent pending), based on a technology that enables to reach high speeds unreachable with standard thermopile detectors. OEM Amplified&hellip;<\/p>\n","protected":false},"author":1,"featured_media":0,"parent":0,"menu_order":0,"comment_status":"closed","ping_status":"closed","template":"","meta":{"footnotes":""},"acf":[],"yoast_head":"<!-- This site is optimized with the Yoast SEO plugin v22.2 - https:\/\/yoast.com\/wordpress\/plugins\/seo\/ -->\n<title>R\u00e9ponse rapide (s\u00e9rie amplifi\u00e9e OEM) - Laserpoint<\/title>\n<meta name=\"robots\" content=\"index, follow, max-snippet:-1, max-image-preview:large, max-video-preview:-1\" \/>\n<link rel=\"canonical\" href=\"https:\/\/www.laserpoint.eu\/fr\/reponse-rapide-serie-amplifiee-oem\/\" \/>\n<meta property=\"og:locale\" content=\"fr_FR\" \/>\n<meta property=\"og:type\" content=\"article\" \/>\n<meta property=\"og:title\" content=\"R\u00e9ponse rapide (s\u00e9rie amplifi\u00e9e OEM) - Laserpoint\" \/>\n<meta property=\"og:description\" content=\"[vc_row][vc_column][\/vc_column][\/vc_row][vc_row type=\u00a0\u00bbvc_default\u00a0\u00bb full_width=\u00a0\u00bbstretch_row\u00a0\u00bb content_placement=\u00a0\u00bbmiddle\u00a0\u00bb bg_type=\u00a0\u00bbbg_color\u00a0\u00bb bg_override=\u00a0\u00bbfull\u00a0\u00bb css=\u00a0\u00bb.vc_custom_1588921358457{background-color: #000000 !important;}\u00a0\u00bb][vc_column width=\u00a0\u00bb1\/2&Prime;][vc_single_image image=\u00a0\u00bb3938&Prime; img_size=\u00a0\u00bbmedium\u00a0\u00bb alignment=\u00a0\u00bbcenter\u00a0\u00bb css_animation=\u00a0\u00bbfadeInUp\u00a0\u00bb css=\u00a0\u00bb.vc_custom_1589882866899{padding-top: 50px !important;padding-right: 50px !important;padding-bottom: 50px !important;padding-left: 50px !important;}\u00a0\u00bb][\/vc_column][vc_column width=\u00a0\u00bb1\/2&Prime;][vc_single_image image=\u00a0\u00bb790&Prime; img_size=\u00a0\u00bbmedium\u00a0\u00bb][vc_column_text]BLINK FR is a new generation of fast response laser sensors (patent pending), based on a technology that enables to reach high speeds unreachable with standard thermopile detectors. OEM Amplified&hellip;\" \/>\n<meta property=\"og:url\" content=\"https:\/\/www.laserpoint.eu\/fr\/reponse-rapide-serie-amplifiee-oem\/\" \/>\n<meta property=\"og:site_name\" content=\"Laserpoint\" \/>\n<meta property=\"article:modified_time\" content=\"2020-08-24T12:52:28+00:00\" \/>\n<meta name=\"twitter:card\" content=\"summary_large_image\" \/>\n<meta name=\"twitter:label1\" content=\"Dur\u00e9e de lecture estim\u00e9e\" \/>\n\t<meta name=\"twitter:data1\" content=\"5 minutes\" \/>\n<script type=\"application\/ld+json\" class=\"yoast-schema-graph\">{\"@context\":\"https:\/\/schema.org\",\"@graph\":[{\"@type\":\"WebPage\",\"@id\":\"https:\/\/www.laserpoint.eu\/fr\/reponse-rapide-serie-amplifiee-oem\/\",\"url\":\"https:\/\/www.laserpoint.eu\/fr\/reponse-rapide-serie-amplifiee-oem\/\",\"name\":\"R\u00e9ponse rapide (s\u00e9rie amplifi\u00e9e OEM) - Laserpoint\",\"isPartOf\":{\"@id\":\"https:\/\/www.laserpoint.eu\/fr\/#website\"},\"datePublished\":\"2020-08-24T12:50:31+00:00\",\"dateModified\":\"2020-08-24T12:52:28+00:00\",\"breadcrumb\":{\"@id\":\"https:\/\/www.laserpoint.eu\/fr\/reponse-rapide-serie-amplifiee-oem\/#breadcrumb\"},\"inLanguage\":\"fr-FR\",\"potentialAction\":[{\"@type\":\"ReadAction\",\"target\":[\"https:\/\/www.laserpoint.eu\/fr\/reponse-rapide-serie-amplifiee-oem\/\"]}]},{\"@type\":\"BreadcrumbList\",\"@id\":\"https:\/\/www.laserpoint.eu\/fr\/reponse-rapide-serie-amplifiee-oem\/#breadcrumb\",\"itemListElement\":[{\"@type\":\"ListItem\",\"position\":1,\"name\":\"Home\",\"item\":\"https:\/\/www.laserpoint.eu\/fr\/\"},{\"@type\":\"ListItem\",\"position\":2,\"name\":\"R\u00e9ponse rapide (s\u00e9rie amplifi\u00e9e OEM)\"}]},{\"@type\":\"WebSite\",\"@id\":\"https:\/\/www.laserpoint.eu\/fr\/#website\",\"url\":\"https:\/\/www.laserpoint.eu\/fr\/\",\"name\":\"Laserpoint\",\"description\":\"Development and manufacturing of laser measurement instruments\",\"publisher\":{\"@id\":\"https:\/\/www.laserpoint.eu\/fr\/#organization\"},\"potentialAction\":[{\"@type\":\"SearchAction\",\"target\":{\"@type\":\"EntryPoint\",\"urlTemplate\":\"https:\/\/www.laserpoint.eu\/fr\/?s={search_term_string}\"},\"query-input\":\"required name=search_term_string\"}],\"inLanguage\":\"fr-FR\"},{\"@type\":\"Organization\",\"@id\":\"https:\/\/www.laserpoint.eu\/fr\/#organization\",\"name\":\"Laserpoint\",\"url\":\"https:\/\/www.laserpoint.eu\/fr\/\",\"logo\":{\"@type\":\"ImageObject\",\"inLanguage\":\"fr-FR\",\"@id\":\"https:\/\/www.laserpoint.eu\/fr\/#\/schema\/logo\/image\/\",\"url\":\"https:\/\/www.laserpoint.eu\/wp-content\/uploads\/laserpoint-logo.png\",\"contentUrl\":\"https:\/\/www.laserpoint.eu\/wp-content\/uploads\/laserpoint-logo.png\",\"width\":520,\"height\":84,\"caption\":\"Laserpoint\"},\"image\":{\"@id\":\"https:\/\/www.laserpoint.eu\/fr\/#\/schema\/logo\/image\/\"}}]}<\/script>\n<!-- \/ Yoast SEO plugin. -->","yoast_head_json":{"title":"R\u00e9ponse rapide (s\u00e9rie amplifi\u00e9e OEM) - Laserpoint","robots":{"index":"index","follow":"follow","max-snippet":"max-snippet:-1","max-image-preview":"max-image-preview:large","max-video-preview":"max-video-preview:-1"},"canonical":"https:\/\/www.laserpoint.eu\/fr\/reponse-rapide-serie-amplifiee-oem\/","og_locale":"fr_FR","og_type":"article","og_title":"R\u00e9ponse rapide (s\u00e9rie amplifi\u00e9e OEM) - Laserpoint","og_description":"[vc_row][vc_column][\/vc_column][\/vc_row][vc_row type=\u00a0\u00bbvc_default\u00a0\u00bb full_width=\u00a0\u00bbstretch_row\u00a0\u00bb content_placement=\u00a0\u00bbmiddle\u00a0\u00bb bg_type=\u00a0\u00bbbg_color\u00a0\u00bb bg_override=\u00a0\u00bbfull\u00a0\u00bb css=\u00a0\u00bb.vc_custom_1588921358457{background-color: #000000 !important;}\u00a0\u00bb][vc_column width=\u00a0\u00bb1\/2&Prime;][vc_single_image image=\u00a0\u00bb3938&Prime; img_size=\u00a0\u00bbmedium\u00a0\u00bb alignment=\u00a0\u00bbcenter\u00a0\u00bb css_animation=\u00a0\u00bbfadeInUp\u00a0\u00bb css=\u00a0\u00bb.vc_custom_1589882866899{padding-top: 50px !important;padding-right: 50px !important;padding-bottom: 50px !important;padding-left: 50px !important;}\u00a0\u00bb][\/vc_column][vc_column width=\u00a0\u00bb1\/2&Prime;][vc_single_image image=\u00a0\u00bb790&Prime; img_size=\u00a0\u00bbmedium\u00a0\u00bb][vc_column_text]BLINK FR is a new generation of fast response laser sensors (patent pending), based on a technology that enables to reach high speeds unreachable with standard thermopile detectors. OEM Amplified&hellip;","og_url":"https:\/\/www.laserpoint.eu\/fr\/reponse-rapide-serie-amplifiee-oem\/","og_site_name":"Laserpoint","article_modified_time":"2020-08-24T12:52:28+00:00","twitter_card":"summary_large_image","twitter_misc":{"Dur\u00e9e de lecture estim\u00e9e":"5 minutes"},"schema":{"@context":"https:\/\/schema.org","@graph":[{"@type":"WebPage","@id":"https:\/\/www.laserpoint.eu\/fr\/reponse-rapide-serie-amplifiee-oem\/","url":"https:\/\/www.laserpoint.eu\/fr\/reponse-rapide-serie-amplifiee-oem\/","name":"R\u00e9ponse rapide (s\u00e9rie amplifi\u00e9e OEM) - Laserpoint","isPartOf":{"@id":"https:\/\/www.laserpoint.eu\/fr\/#website"},"datePublished":"2020-08-24T12:50:31+00:00","dateModified":"2020-08-24T12:52:28+00:00","breadcrumb":{"@id":"https:\/\/www.laserpoint.eu\/fr\/reponse-rapide-serie-amplifiee-oem\/#breadcrumb"},"inLanguage":"fr-FR","potentialAction":[{"@type":"ReadAction","target":["https:\/\/www.laserpoint.eu\/fr\/reponse-rapide-serie-amplifiee-oem\/"]}]},{"@type":"BreadcrumbList","@id":"https:\/\/www.laserpoint.eu\/fr\/reponse-rapide-serie-amplifiee-oem\/#breadcrumb","itemListElement":[{"@type":"ListItem","position":1,"name":"Home","item":"https:\/\/www.laserpoint.eu\/fr\/"},{"@type":"ListItem","position":2,"name":"R\u00e9ponse rapide (s\u00e9rie amplifi\u00e9e OEM)"}]},{"@type":"WebSite","@id":"https:\/\/www.laserpoint.eu\/fr\/#website","url":"https:\/\/www.laserpoint.eu\/fr\/","name":"Laserpoint","description":"Development and manufacturing of laser measurement instruments","publisher":{"@id":"https:\/\/www.laserpoint.eu\/fr\/#organization"},"potentialAction":[{"@type":"SearchAction","target":{"@type":"EntryPoint","urlTemplate":"https:\/\/www.laserpoint.eu\/fr\/?s={search_term_string}"},"query-input":"required name=search_term_string"}],"inLanguage":"fr-FR"},{"@type":"Organization","@id":"https:\/\/www.laserpoint.eu\/fr\/#organization","name":"Laserpoint","url":"https:\/\/www.laserpoint.eu\/fr\/","logo":{"@type":"ImageObject","inLanguage":"fr-FR","@id":"https:\/\/www.laserpoint.eu\/fr\/#\/schema\/logo\/image\/","url":"https:\/\/www.laserpoint.eu\/wp-content\/uploads\/laserpoint-logo.png","contentUrl":"https:\/\/www.laserpoint.eu\/wp-content\/uploads\/laserpoint-logo.png","width":520,"height":84,"caption":"Laserpoint"},"image":{"@id":"https:\/\/www.laserpoint.eu\/fr\/#\/schema\/logo\/image\/"}}]}},"_links":{"self":[{"href":"https:\/\/www.laserpoint.eu\/fr\/wp-json\/wp\/v2\/pages\/8408"}],"collection":[{"href":"https:\/\/www.laserpoint.eu\/fr\/wp-json\/wp\/v2\/pages"}],"about":[{"href":"https:\/\/www.laserpoint.eu\/fr\/wp-json\/wp\/v2\/types\/page"}],"author":[{"embeddable":true,"href":"https:\/\/www.laserpoint.eu\/fr\/wp-json\/wp\/v2\/users\/1"}],"replies":[{"embeddable":true,"href":"https:\/\/www.laserpoint.eu\/fr\/wp-json\/wp\/v2\/comments?post=8408"}],"version-history":[{"count":3,"href":"https:\/\/www.laserpoint.eu\/fr\/wp-json\/wp\/v2\/pages\/8408\/revisions"}],"predecessor-version":[{"id":8411,"href":"https:\/\/www.laserpoint.eu\/fr\/wp-json\/wp\/v2\/pages\/8408\/revisions\/8411"}],"wp:attachment":[{"href":"https:\/\/www.laserpoint.eu\/fr\/wp-json\/wp\/v2\/media?parent=8408"}],"curies":[{"name":"wp","href":"https:\/\/api.w.org\/{rel}","templated":true}]}}