{"id":8495,"date":"2020-08-24T18:38:00","date_gmt":"2020-08-24T16:38:00","guid":{"rendered":"https:\/\/www.laserpoint.eu\/photodiodes\/"},"modified":"2020-08-24T18:38:02","modified_gmt":"2020-08-24T16:38:02","slug":"photodiodes","status":"publish","type":"page","link":"https:\/\/www.laserpoint.eu\/fr\/technologies\/photodiodes\/","title":{"rendered":"Photodiodes"},"content":{"rendered":"<div class=\"wpb-content-wrapper\"><p>[vc_row type=\u00a0\u00bbvc_default\u00a0\u00bb][vc_column width=\u00a0\u00bb1\/2&Prime;][vc_custom_heading text=\u00a0\u00bbCapteurs \u00e0 photodiode\u00a0\u00bb use_theme_fonts=\u00a0\u00bbyes\u00a0\u00bb][vc_column_text]Les capteurs \u00e0 photodiode convertissent les photons laser incidents en porteurs de charge (\u00e9lectrons et trous), qui sont ensuite mesur\u00e9s en tension ou en courant. Leur comportement faible bruit et \u00e0 haute sensibilit\u00e9 permet aux photodiodes de d\u00e9tecter de tr\u00e8s faibles niveaux de lumi\u00e8re et les rend id\u00e9ales pour les mesures de faible puissance des lasers CW.<br \/>\nPar rapport aux capteurs thermiques, les photodiodes ont une plage spectrale beaucoup plus restreinte et une uniformit\u00e9 spatiale plus faible, ce qui peut affecter la r\u00e9p\u00e9tabilit\u00e9 de la mesure de tr\u00e8s petits faisceaux ou de faisceaux qui ne sont pas stables sur la surface du d\u00e9tecteur. En g\u00e9n\u00e9ral, les capteurs \u00e0 photodiode sont le meilleur choix lors de mesures de tr\u00e8s faible puissance et lorsqu&rsquo;un temps de r\u00e9ponse rapide est n\u00e9cessaire. <\/p>\n<p>Les capteurs \u00e0 photodiode ont une limite de saturation d&rsquo;environ 1 mW \/ cm<sup>2<\/sup>; pour fonctionner \u00e0 des puissances plus \u00e9lev\u00e9es, des filtres att\u00e9nuateurs doivent alors \u00eatre utilis\u00e9s. La s\u00e9rie de photodiode de Laser Point pour la mesure de la puissance laser a \u00e9t\u00e9 con\u00e7ue pour couvrir une gamme de puissances allant jusqu&rsquo;\u00e0 500 mW et une gamme spectrale allant de l&rsquo;UV au proche IR. Ces capteurs sont propos\u00e9s dans un bo\u00eetier mince qui offre un blindage am\u00e9lior\u00e9 contre les interf\u00e9rences \u00e9lectromagn\u00e9tiques et peuvent \u00eatre fournis avec un ensemble d&rsquo;adaptateurs \u00e0 fibre pour les connecter \u00e0 des cordons fibre optique standard.[\/vc_column_text][\/vc_column][vc_column width=\u00a0\u00bb1\/2&Prime;][vc_single_image image=\u00a0\u00bb824&Prime; img_size=\u00a0\u00bblarge\u00a0\u00bb alignment=\u00a0\u00bbcenter\u00a0\u00bb css=\u00a0\u00bb.vc_custom_1591784193868{padding-top: 20px !important;padding-bottom: 20px !important;}\u00a0\u00bb][\/vc_column][\/vc_row][vc_row][vc_column][vc_custom_heading text=\u00a0\u00bbCourbes d&rsquo;absorption g\u00e9n\u00e9rales pour les capteurs \u00e0 photodiode\u00a0\u00bb use_theme_fonts=\u00a0\u00bbyes\u00a0\u00bb][vc_single_image image=\u00a0\u00bb601&Prime; img_size=\u00a0\u00bblarge\u00a0\u00bb alignment=\u00a0\u00bbcenter\u00a0\u00bb][vc_single_image image=\u00a0\u00bb602&Prime; img_size=\u00a0\u00bblarge\u00a0\u00bb alignment=\u00a0\u00bbcenter\u00a0\u00bb][vc_single_image image=\u00a0\u00bb603&Prime; img_size=\u00a0\u00bblarge\u00a0\u00bb alignment=\u00a0\u00bbcenter\u00a0\u00bb][\/vc_column][\/vc_row]<\/p>\n<\/div>","protected":false},"excerpt":{"rendered":"<p>[vc_row type=\u00a0\u00bbvc_default\u00a0\u00bb][vc_column width=\u00a0\u00bb1\/2&Prime;][vc_custom_heading text=\u00a0\u00bbCapteurs \u00e0 photodiode\u00a0\u00bb use_theme_fonts=\u00a0\u00bbyes\u00a0\u00bb][vc_column_text]Les capteurs \u00e0 photodiode convertissent les photons laser incidents en porteurs de charge (\u00e9lectrons et trous), qui sont ensuite mesur\u00e9s en tension ou en courant. Leur comportement faible bruit et \u00e0 haute sensibilit\u00e9 permet aux photodiodes de d\u00e9tecter de tr\u00e8s faibles niveaux de lumi\u00e8re et les rend id\u00e9ales pour&hellip;<\/p>\n","protected":false},"author":1,"featured_media":5955,"parent":12782,"menu_order":0,"comment_status":"closed","ping_status":"closed","template":"","meta":{"footnotes":""},"acf":[],"yoast_head":"<!-- This site is optimized with the Yoast SEO plugin v22.2 - https:\/\/yoast.com\/wordpress\/plugins\/seo\/ -->\n<title>Photodiodes - Laserpoint<\/title>\n<meta name=\"robots\" content=\"index, follow, max-snippet:-1, max-image-preview:large, max-video-preview:-1\" \/>\n<link rel=\"canonical\" href=\"https:\/\/www.laserpoint.eu\/fr\/technologies\/photodiodes\/\" \/>\n<meta property=\"og:locale\" content=\"fr_FR\" \/>\n<meta property=\"og:type\" content=\"article\" \/>\n<meta property=\"og:title\" content=\"Photodiodes - Laserpoint\" \/>\n<meta property=\"og:description\" content=\"[vc_row type=\u00a0\u00bbvc_default\u00a0\u00bb][vc_column width=\u00a0\u00bb1\/2&Prime;][vc_custom_heading text=\u00a0\u00bbCapteurs \u00e0 photodiode\u00a0\u00bb use_theme_fonts=\u00a0\u00bbyes\u00a0\u00bb][vc_column_text]Les capteurs \u00e0 photodiode convertissent les photons laser incidents en porteurs de charge (\u00e9lectrons et trous), qui sont ensuite mesur\u00e9s en tension ou en courant. Leur comportement faible bruit et \u00e0 haute sensibilit\u00e9 permet aux photodiodes de d\u00e9tecter de tr\u00e8s faibles niveaux de lumi\u00e8re et les rend id\u00e9ales pour&hellip;\" \/>\n<meta property=\"og:url\" content=\"https:\/\/www.laserpoint.eu\/fr\/technologies\/photodiodes\/\" \/>\n<meta property=\"og:site_name\" content=\"Laserpoint\" \/>\n<meta property=\"article:modified_time\" content=\"2020-08-24T16:38:02+00:00\" \/>\n<meta property=\"og:image\" content=\"https:\/\/www.laserpoint.eu\/wp-content\/uploads\/Product-2.jpg\" \/>\n\t<meta property=\"og:image:width\" content=\"960\" \/>\n\t<meta property=\"og:image:height\" content=\"960\" \/>\n\t<meta property=\"og:image:type\" content=\"image\/jpeg\" \/>\n<meta name=\"twitter:card\" content=\"summary_large_image\" \/>\n<meta name=\"twitter:label1\" content=\"Dur\u00e9e de lecture estim\u00e9e\" \/>\n\t<meta name=\"twitter:data1\" content=\"2 minutes\" \/>\n<script type=\"application\/ld+json\" class=\"yoast-schema-graph\">{\"@context\":\"https:\/\/schema.org\",\"@graph\":[{\"@type\":\"WebPage\",\"@id\":\"https:\/\/www.laserpoint.eu\/fr\/technologies\/photodiodes\/\",\"url\":\"https:\/\/www.laserpoint.eu\/fr\/technologies\/photodiodes\/\",\"name\":\"Photodiodes - Laserpoint\",\"isPartOf\":{\"@id\":\"https:\/\/www.laserpoint.eu\/fr\/#website\"},\"primaryImageOfPage\":{\"@id\":\"https:\/\/www.laserpoint.eu\/fr\/technologies\/photodiodes\/#primaryimage\"},\"image\":{\"@id\":\"https:\/\/www.laserpoint.eu\/fr\/technologies\/photodiodes\/#primaryimage\"},\"thumbnailUrl\":\"https:\/\/www.laserpoint.eu\/wp-content\/uploads\/Product-2.jpg\",\"datePublished\":\"2020-08-24T16:38:00+00:00\",\"dateModified\":\"2020-08-24T16:38:02+00:00\",\"breadcrumb\":{\"@id\":\"https:\/\/www.laserpoint.eu\/fr\/technologies\/photodiodes\/#breadcrumb\"},\"inLanguage\":\"fr-FR\",\"potentialAction\":[{\"@type\":\"ReadAction\",\"target\":[\"https:\/\/www.laserpoint.eu\/fr\/technologies\/photodiodes\/\"]}]},{\"@type\":\"ImageObject\",\"inLanguage\":\"fr-FR\",\"@id\":\"https:\/\/www.laserpoint.eu\/fr\/technologies\/photodiodes\/#primaryimage\",\"url\":\"https:\/\/www.laserpoint.eu\/wp-content\/uploads\/Product-2.jpg\",\"contentUrl\":\"https:\/\/www.laserpoint.eu\/wp-content\/uploads\/Product-2.jpg\",\"width\":960,\"height\":960},{\"@type\":\"BreadcrumbList\",\"@id\":\"https:\/\/www.laserpoint.eu\/fr\/technologies\/photodiodes\/#breadcrumb\",\"itemListElement\":[{\"@type\":\"ListItem\",\"position\":1,\"name\":\"Home\",\"item\":\"https:\/\/www.laserpoint.eu\/fr\/\"},{\"@type\":\"ListItem\",\"position\":2,\"name\":\"Technologies\",\"item\":\"https:\/\/www.laserpoint.eu\/fr\/technologies\/\"},{\"@type\":\"ListItem\",\"position\":3,\"name\":\"Photodiodes\"}]},{\"@type\":\"WebSite\",\"@id\":\"https:\/\/www.laserpoint.eu\/fr\/#website\",\"url\":\"https:\/\/www.laserpoint.eu\/fr\/\",\"name\":\"Laserpoint\",\"description\":\"Development and manufacturing of laser measurement instruments\",\"publisher\":{\"@id\":\"https:\/\/www.laserpoint.eu\/fr\/#organization\"},\"potentialAction\":[{\"@type\":\"SearchAction\",\"target\":{\"@type\":\"EntryPoint\",\"urlTemplate\":\"https:\/\/www.laserpoint.eu\/fr\/?s={search_term_string}\"},\"query-input\":\"required name=search_term_string\"}],\"inLanguage\":\"fr-FR\"},{\"@type\":\"Organization\",\"@id\":\"https:\/\/www.laserpoint.eu\/fr\/#organization\",\"name\":\"Laserpoint\",\"url\":\"https:\/\/www.laserpoint.eu\/fr\/\",\"logo\":{\"@type\":\"ImageObject\",\"inLanguage\":\"fr-FR\",\"@id\":\"https:\/\/www.laserpoint.eu\/fr\/#\/schema\/logo\/image\/\",\"url\":\"https:\/\/www.laserpoint.eu\/wp-content\/uploads\/laserpoint-logo.png\",\"contentUrl\":\"https:\/\/www.laserpoint.eu\/wp-content\/uploads\/laserpoint-logo.png\",\"width\":520,\"height\":84,\"caption\":\"Laserpoint\"},\"image\":{\"@id\":\"https:\/\/www.laserpoint.eu\/fr\/#\/schema\/logo\/image\/\"}}]}<\/script>\n<!-- \/ Yoast SEO plugin. -->","yoast_head_json":{"title":"Photodiodes - Laserpoint","robots":{"index":"index","follow":"follow","max-snippet":"max-snippet:-1","max-image-preview":"max-image-preview:large","max-video-preview":"max-video-preview:-1"},"canonical":"https:\/\/www.laserpoint.eu\/fr\/technologies\/photodiodes\/","og_locale":"fr_FR","og_type":"article","og_title":"Photodiodes - Laserpoint","og_description":"[vc_row type=\u00a0\u00bbvc_default\u00a0\u00bb][vc_column width=\u00a0\u00bb1\/2&Prime;][vc_custom_heading text=\u00a0\u00bbCapteurs \u00e0 photodiode\u00a0\u00bb use_theme_fonts=\u00a0\u00bbyes\u00a0\u00bb][vc_column_text]Les capteurs \u00e0 photodiode convertissent les photons laser incidents en porteurs de charge (\u00e9lectrons et trous), qui sont ensuite mesur\u00e9s en tension ou en courant. Leur comportement faible bruit et \u00e0 haute sensibilit\u00e9 permet aux photodiodes de d\u00e9tecter de tr\u00e8s faibles niveaux de lumi\u00e8re et les rend id\u00e9ales pour&hellip;","og_url":"https:\/\/www.laserpoint.eu\/fr\/technologies\/photodiodes\/","og_site_name":"Laserpoint","article_modified_time":"2020-08-24T16:38:02+00:00","og_image":[{"width":960,"height":960,"url":"https:\/\/www.laserpoint.eu\/wp-content\/uploads\/Product-2.jpg","type":"image\/jpeg"}],"twitter_card":"summary_large_image","twitter_misc":{"Dur\u00e9e de lecture estim\u00e9e":"2 minutes"},"schema":{"@context":"https:\/\/schema.org","@graph":[{"@type":"WebPage","@id":"https:\/\/www.laserpoint.eu\/fr\/technologies\/photodiodes\/","url":"https:\/\/www.laserpoint.eu\/fr\/technologies\/photodiodes\/","name":"Photodiodes - Laserpoint","isPartOf":{"@id":"https:\/\/www.laserpoint.eu\/fr\/#website"},"primaryImageOfPage":{"@id":"https:\/\/www.laserpoint.eu\/fr\/technologies\/photodiodes\/#primaryimage"},"image":{"@id":"https:\/\/www.laserpoint.eu\/fr\/technologies\/photodiodes\/#primaryimage"},"thumbnailUrl":"https:\/\/www.laserpoint.eu\/wp-content\/uploads\/Product-2.jpg","datePublished":"2020-08-24T16:38:00+00:00","dateModified":"2020-08-24T16:38:02+00:00","breadcrumb":{"@id":"https:\/\/www.laserpoint.eu\/fr\/technologies\/photodiodes\/#breadcrumb"},"inLanguage":"fr-FR","potentialAction":[{"@type":"ReadAction","target":["https:\/\/www.laserpoint.eu\/fr\/technologies\/photodiodes\/"]}]},{"@type":"ImageObject","inLanguage":"fr-FR","@id":"https:\/\/www.laserpoint.eu\/fr\/technologies\/photodiodes\/#primaryimage","url":"https:\/\/www.laserpoint.eu\/wp-content\/uploads\/Product-2.jpg","contentUrl":"https:\/\/www.laserpoint.eu\/wp-content\/uploads\/Product-2.jpg","width":960,"height":960},{"@type":"BreadcrumbList","@id":"https:\/\/www.laserpoint.eu\/fr\/technologies\/photodiodes\/#breadcrumb","itemListElement":[{"@type":"ListItem","position":1,"name":"Home","item":"https:\/\/www.laserpoint.eu\/fr\/"},{"@type":"ListItem","position":2,"name":"Technologies","item":"https:\/\/www.laserpoint.eu\/fr\/technologies\/"},{"@type":"ListItem","position":3,"name":"Photodiodes"}]},{"@type":"WebSite","@id":"https:\/\/www.laserpoint.eu\/fr\/#website","url":"https:\/\/www.laserpoint.eu\/fr\/","name":"Laserpoint","description":"Development and manufacturing of laser measurement instruments","publisher":{"@id":"https:\/\/www.laserpoint.eu\/fr\/#organization"},"potentialAction":[{"@type":"SearchAction","target":{"@type":"EntryPoint","urlTemplate":"https:\/\/www.laserpoint.eu\/fr\/?s={search_term_string}"},"query-input":"required name=search_term_string"}],"inLanguage":"fr-FR"},{"@type":"Organization","@id":"https:\/\/www.laserpoint.eu\/fr\/#organization","name":"Laserpoint","url":"https:\/\/www.laserpoint.eu\/fr\/","logo":{"@type":"ImageObject","inLanguage":"fr-FR","@id":"https:\/\/www.laserpoint.eu\/fr\/#\/schema\/logo\/image\/","url":"https:\/\/www.laserpoint.eu\/wp-content\/uploads\/laserpoint-logo.png","contentUrl":"https:\/\/www.laserpoint.eu\/wp-content\/uploads\/laserpoint-logo.png","width":520,"height":84,"caption":"Laserpoint"},"image":{"@id":"https:\/\/www.laserpoint.eu\/fr\/#\/schema\/logo\/image\/"}}]}},"_links":{"self":[{"href":"https:\/\/www.laserpoint.eu\/fr\/wp-json\/wp\/v2\/pages\/8495"}],"collection":[{"href":"https:\/\/www.laserpoint.eu\/fr\/wp-json\/wp\/v2\/pages"}],"about":[{"href":"https:\/\/www.laserpoint.eu\/fr\/wp-json\/wp\/v2\/types\/page"}],"author":[{"embeddable":true,"href":"https:\/\/www.laserpoint.eu\/fr\/wp-json\/wp\/v2\/users\/1"}],"replies":[{"embeddable":true,"href":"https:\/\/www.laserpoint.eu\/fr\/wp-json\/wp\/v2\/comments?post=8495"}],"version-history":[{"count":5,"href":"https:\/\/www.laserpoint.eu\/fr\/wp-json\/wp\/v2\/pages\/8495\/revisions"}],"predecessor-version":[{"id":8500,"href":"https:\/\/www.laserpoint.eu\/fr\/wp-json\/wp\/v2\/pages\/8495\/revisions\/8500"}],"up":[{"embeddable":true,"href":"https:\/\/www.laserpoint.eu\/fr\/wp-json\/wp\/v2\/pages\/12782"}],"wp:featuredmedia":[{"embeddable":true,"href":"https:\/\/www.laserpoint.eu\/fr\/wp-json\/wp\/v2\/media\/5955"}],"wp:attachment":[{"href":"https:\/\/www.laserpoint.eu\/fr\/wp-json\/wp\/v2\/media?parent=8495"}],"curies":[{"name":"wp","href":"https:\/\/api.w.org\/{rel}","templated":true}]}}