{"id":67798,"date":"2021-04-16T08:19:46","date_gmt":"2021-04-16T06:19:46","guid":{"rendered":"https:\/\/www.laserpoint.eu\/non%20class\u00e9\/pc-link-2\/"},"modified":"2025-07-18T17:53:25","modified_gmt":"2025-07-18T15:53:25","slug":"pc-link-2","status":"publish","type":"product","link":"https:\/\/www.laserpoint.eu\/fr\/electroniques-de-mesure\/pc-link-2\/","title":{"rendered":"PC-Link"},"content":{"rendered":"<div class=\"wpb-content-wrapper\"><p>[vc_row][vc_column][vc_custom_heading text=\u00a0\u00bbPC-LINK: convertissez votre PC en mesureur de puissance \/ \u00e9nergie\u00a0\u00bb use_theme_fonts=\u00a0\u00bbyes\u00a0\u00bb][\/vc_column][\/vc_row][vc_row][vc_column width=\u00a0\u00bb2\/3&Prime;][vc_column_text]<\/p>\n<ul>\n<li><strong>PC-LINK<\/strong><\/li>\n<\/ul>\n<p>Travailler avec PC-LINK est tr\u00e8s simple: il suffit d&rsquo;installer le logiciel, de connecter les t\u00eates de d\u00e9tection \u00e0 l&rsquo;unit\u00e9 PC-LINK et ces derni\u00e8res au port USB d&rsquo;un PC. Aucune autre op\u00e9ration et source d&rsquo;alimentation externe n&rsquo;est n\u00e9cessaire.<\/p>\n<p>Ce moniteur sophistiqu\u00e9 est \u00abplug and play\u00bb avec toutes les t\u00eates thermiques et sondes de puissance FIT-H. Les fonctionnalit\u00e9s avanc\u00e9es de PC-LINK, associ\u00e9es au fait qu\u2019il est tr\u00e8s compact et de faible poids, font de ce moniteur un partenaire id\u00e9al pour les applications de service, de laboratoires ou OEM offrant commodit\u00e9, flexibilit\u00e9 et valeur des op\u00e9rations informatis\u00e9es; PC-LINK est en fait le candidat id\u00e9al pour une utilisation dans les machines laser, en particulier lorsqu\u2019il est associ\u00e9 \u00e0 la famille FIT-H (Fast Integrative Thermopile Heads) de sondes de puissance OEM, qui fonctionnent jusqu\u2019\u00e0 6KW sans besoin de refroidissement par eau.<\/p>\n<p>L&rsquo;utilisation de PC-LINK est simple: l&rsquo;appareil reconna\u00eet la t\u00eate de puissance \/ d&rsquo;\u00e9nergie d\u00e8s qu\u2019elle est branch\u00e9e; en outre, le PC-LINK utilisera ses circuits d&rsquo;acc\u00e9l\u00e9ration pour assurer une r\u00e9ponse rapide et utilisera les donn\u00e9es d&rsquo;\u00e9talonnage stock\u00e9es dans le connecteur DB15 de chaque t\u00eate pour fournir la mesure de puissance \/ \u00e9nergie la plus pr\u00e9cise.<\/p>\n<p>Une fonction offre la possibilit\u00e9 d&rsquo;acc\u00e9der au \u00abUser Calibration Factor\u00bb (UCF) et un gain X10 est aussi disponible pour am\u00e9liorer la flexibilit\u00e9 des mesures (par exemple des mesures de faible puissance \u00e0 une r\u00e9solution de 20 \u03bcW).<\/p>\n<p>Le logiciel permet de mesurer et d&rsquo;analyser les donn\u00e9es avec des fonctions statistiques compl\u00e8tes (Min., Max., Moyenne et \u00e9cart type). Les donn\u00e9es de chaque d\u00e9tecteur peuvent \u00eatre enregistr\u00e9es simultan\u00e9ment dans un fichier.<\/p>\n<p>Le \u00abPower mode\u00bb permet de mesurer les puissances laser avec affichage direct de leurs valeurs r\u00e9elles. L&rsquo;\u00e9cran montre \u00e9galement l&rsquo;\u00e9volution de la puissance dans le temps permettant des mesures de stabilit\u00e9 pouvant durer plusieurs heures (jusqu&rsquo;\u00e0 12 h selon le PC).<\/p>\n<p>Le \u00abFIT mode\u00bb fournit des valeurs de puissance laser par un cycle de mesure automatique avec les sondes de puissance Fit-H de Laser Point; cette famille de d\u00e9tecteurs est utilis\u00e9e pour des lectures pr\u00e9cises, mais ponctuelles et chaque fois que de simples v\u00e9rifications de puissance au lieu de mesures \u00e0 long terme sont n\u00e9cessaires.<\/p>\n<p>Le \u00abEnergy mode\u00bb permet la mesure de mono coup de l&rsquo;\u00e9nergie.<\/p>\n<p>La fonction de r\u00e9glage laser est utilis\u00e9e pour obtenir un r\u00e9glage haute r\u00e9solution de votre laser; une aiguille analogique indique le sens de l&rsquo;ajustement: au milieu de l&rsquo;affichage du r\u00e9glage, une case indique la puissance actuelle mesur\u00e9e, tandis que la valeur maximale atteinte pendant la proc\u00e9dure d&rsquo;ajustement est conserv\u00e9e dans une seconde case de l&rsquo;\u00e9cran.[\/vc_column_text][\/vc_column][vc_column width=\u00a0\u00bb1\/3&Prime;][vc_single_image image=\u00a0\u00bb7011&Prime; img_size=\u00a0\u00bblarge\u00a0\u00bb alignment=\u00a0\u00bbcenter\u00a0\u00bb][vc_empty_space][vc_single_image image=\u00a0\u00bb7017&Prime; img_size=\u00a0\u00bblarge\u00a0\u00bb][\/vc_column][\/vc_row]<\/p>\n<\/div>","protected":false},"excerpt":{"rendered":"<p>[vc_row][vc_column][vc_custom_heading text=\u00a0\u00bbPC-LINK: convertissez votre PC en mesureur de puissance \/ \u00e9nergie\u00a0\u00bb use_theme_fonts=\u00a0\u00bbyes\u00a0\u00bb][\/vc_column][\/vc_row][vc_row][vc_column width=\u00a0\u00bb2\/3&Prime;][vc_column_text] PC-LINK Travailler avec PC-LINK est tr\u00e8s simple: il suffit d&rsquo;installer le logiciel, de connecter les t\u00eates de d\u00e9tection \u00e0 l&rsquo;unit\u00e9 PC-LINK et ces derni\u00e8res au port USB d&rsquo;un PC. Aucune autre op\u00e9ration et source d&rsquo;alimentation externe n&rsquo;est n\u00e9cessaire. Ce moniteur sophistiqu\u00e9 est&hellip;<\/p>\n","protected":false},"featured_media":7011,"menu_order":0,"template":"","meta":[],"product_cat":[659],"product_tag":[],"acf":[],"yoast_head":"<!-- This site is optimized with the Yoast SEO plugin v22.2 - https:\/\/yoast.com\/wordpress\/plugins\/seo\/ -->\n<title>PC-Link - Laserpoint<\/title>\n<meta name=\"robots\" content=\"index, follow, max-snippet:-1, max-image-preview:large, max-video-preview:-1\" \/>\n<link rel=\"canonical\" href=\"https:\/\/www.laserpoint.eu\/fr\/electroniques-de-mesure\/pc-link-2\/\" \/>\n<meta property=\"og:locale\" content=\"fr_FR\" \/>\n<meta property=\"og:type\" content=\"article\" \/>\n<meta property=\"og:title\" content=\"PC-Link - Laserpoint\" \/>\n<meta property=\"og:description\" content=\"[vc_row][vc_column][vc_custom_heading text=\u00a0\u00bbPC-LINK: convertissez votre PC en mesureur de puissance \/ \u00e9nergie\u00a0\u00bb use_theme_fonts=\u00a0\u00bbyes\u00a0\u00bb][\/vc_column][\/vc_row][vc_row][vc_column width=\u00a0\u00bb2\/3&Prime;][vc_column_text] PC-LINK Travailler avec PC-LINK est tr\u00e8s simple: il suffit d&rsquo;installer le logiciel, de connecter les t\u00eates de d\u00e9tection \u00e0 l&rsquo;unit\u00e9 PC-LINK et ces derni\u00e8res au port USB d&rsquo;un PC. Aucune autre op\u00e9ration et source d&rsquo;alimentation externe n&rsquo;est n\u00e9cessaire. Ce moniteur sophistiqu\u00e9 est&hellip;\" \/>\n<meta property=\"og:url\" content=\"https:\/\/www.laserpoint.eu\/fr\/electroniques-de-mesure\/pc-link-2\/\" \/>\n<meta property=\"og:site_name\" content=\"Laserpoint\" \/>\n<meta property=\"article:modified_time\" content=\"2025-07-18T15:53:25+00:00\" \/>\n<meta property=\"og:image\" content=\"https:\/\/www.laserpoint.eu\/wp-content\/uploads\/PC-Link-Immagine-sfondo-bianco.jpg\" \/>\n\t<meta property=\"og:image:width\" content=\"560\" \/>\n\t<meta property=\"og:image:height\" content=\"377\" \/>\n\t<meta property=\"og:image:type\" content=\"image\/jpeg\" \/>\n<meta name=\"twitter:card\" content=\"summary_large_image\" \/>\n<meta name=\"twitter:label1\" content=\"Dur\u00e9e de lecture estim\u00e9e\" \/>\n\t<meta name=\"twitter:data1\" content=\"3 minutes\" \/>\n<script type=\"application\/ld+json\" class=\"yoast-schema-graph\">{\"@context\":\"https:\/\/schema.org\",\"@graph\":[{\"@type\":\"WebPage\",\"@id\":\"https:\/\/www.laserpoint.eu\/fr\/electroniques-de-mesure\/pc-link-2\/\",\"url\":\"https:\/\/www.laserpoint.eu\/fr\/electroniques-de-mesure\/pc-link-2\/\",\"name\":\"PC-Link - Laserpoint\",\"isPartOf\":{\"@id\":\"https:\/\/www.laserpoint.eu\/fr\/#website\"},\"primaryImageOfPage\":{\"@id\":\"https:\/\/www.laserpoint.eu\/fr\/electroniques-de-mesure\/pc-link-2\/#primaryimage\"},\"image\":{\"@id\":\"https:\/\/www.laserpoint.eu\/fr\/electroniques-de-mesure\/pc-link-2\/#primaryimage\"},\"thumbnailUrl\":\"https:\/\/www.laserpoint.eu\/wp-content\/uploads\/PC-Link-Immagine-sfondo-bianco.jpg\",\"datePublished\":\"2021-04-16T06:19:46+00:00\",\"dateModified\":\"2025-07-18T15:53:25+00:00\",\"breadcrumb\":{\"@id\":\"https:\/\/www.laserpoint.eu\/fr\/electroniques-de-mesure\/pc-link-2\/#breadcrumb\"},\"inLanguage\":\"fr-FR\",\"potentialAction\":[{\"@type\":\"ReadAction\",\"target\":[\"https:\/\/www.laserpoint.eu\/fr\/electroniques-de-mesure\/pc-link-2\/\"]}]},{\"@type\":\"ImageObject\",\"inLanguage\":\"fr-FR\",\"@id\":\"https:\/\/www.laserpoint.eu\/fr\/electroniques-de-mesure\/pc-link-2\/#primaryimage\",\"url\":\"https:\/\/www.laserpoint.eu\/wp-content\/uploads\/PC-Link-Immagine-sfondo-bianco.jpg\",\"contentUrl\":\"https:\/\/www.laserpoint.eu\/wp-content\/uploads\/PC-Link-Immagine-sfondo-bianco.jpg\",\"width\":560,\"height\":377},{\"@type\":\"BreadcrumbList\",\"@id\":\"https:\/\/www.laserpoint.eu\/fr\/electroniques-de-mesure\/pc-link-2\/#breadcrumb\",\"itemListElement\":[{\"@type\":\"ListItem\",\"position\":1,\"name\":\"Home\",\"item\":\"https:\/\/www.laserpoint.eu\/fr\/\"},{\"@type\":\"ListItem\",\"position\":2,\"name\":\"Trouver des produits\",\"item\":\"https:\/\/www.laserpoint.eu\/fr\/trouver-des-produits\/\"},{\"@type\":\"ListItem\",\"position\":3,\"name\":\"PC-Link\"}]},{\"@type\":\"WebSite\",\"@id\":\"https:\/\/www.laserpoint.eu\/fr\/#website\",\"url\":\"https:\/\/www.laserpoint.eu\/fr\/\",\"name\":\"Laserpoint\",\"description\":\"Development and manufacturing of laser measurement instruments\",\"publisher\":{\"@id\":\"https:\/\/www.laserpoint.eu\/fr\/#organization\"},\"potentialAction\":[{\"@type\":\"SearchAction\",\"target\":{\"@type\":\"EntryPoint\",\"urlTemplate\":\"https:\/\/www.laserpoint.eu\/fr\/?s={search_term_string}\"},\"query-input\":\"required name=search_term_string\"}],\"inLanguage\":\"fr-FR\"},{\"@type\":\"Organization\",\"@id\":\"https:\/\/www.laserpoint.eu\/fr\/#organization\",\"name\":\"Laserpoint\",\"url\":\"https:\/\/www.laserpoint.eu\/fr\/\",\"logo\":{\"@type\":\"ImageObject\",\"inLanguage\":\"fr-FR\",\"@id\":\"https:\/\/www.laserpoint.eu\/fr\/#\/schema\/logo\/image\/\",\"url\":\"https:\/\/www.laserpoint.eu\/wp-content\/uploads\/laserpoint-logo.png\",\"contentUrl\":\"https:\/\/www.laserpoint.eu\/wp-content\/uploads\/laserpoint-logo.png\",\"width\":520,\"height\":84,\"caption\":\"Laserpoint\"},\"image\":{\"@id\":\"https:\/\/www.laserpoint.eu\/fr\/#\/schema\/logo\/image\/\"}}]}<\/script>\n<!-- \/ Yoast SEO plugin. -->","yoast_head_json":{"title":"PC-Link - Laserpoint","robots":{"index":"index","follow":"follow","max-snippet":"max-snippet:-1","max-image-preview":"max-image-preview:large","max-video-preview":"max-video-preview:-1"},"canonical":"https:\/\/www.laserpoint.eu\/fr\/electroniques-de-mesure\/pc-link-2\/","og_locale":"fr_FR","og_type":"article","og_title":"PC-Link - Laserpoint","og_description":"[vc_row][vc_column][vc_custom_heading text=\u00a0\u00bbPC-LINK: convertissez votre PC en mesureur de puissance \/ \u00e9nergie\u00a0\u00bb use_theme_fonts=\u00a0\u00bbyes\u00a0\u00bb][\/vc_column][\/vc_row][vc_row][vc_column width=\u00a0\u00bb2\/3&Prime;][vc_column_text] PC-LINK Travailler avec PC-LINK est tr\u00e8s simple: il suffit d&rsquo;installer le logiciel, de connecter les t\u00eates de d\u00e9tection \u00e0 l&rsquo;unit\u00e9 PC-LINK et ces derni\u00e8res au port USB d&rsquo;un PC. Aucune autre op\u00e9ration et source d&rsquo;alimentation externe n&rsquo;est n\u00e9cessaire. Ce moniteur sophistiqu\u00e9 est&hellip;","og_url":"https:\/\/www.laserpoint.eu\/fr\/electroniques-de-mesure\/pc-link-2\/","og_site_name":"Laserpoint","article_modified_time":"2025-07-18T15:53:25+00:00","og_image":[{"width":560,"height":377,"url":"https:\/\/www.laserpoint.eu\/wp-content\/uploads\/PC-Link-Immagine-sfondo-bianco.jpg","type":"image\/jpeg"}],"twitter_card":"summary_large_image","twitter_misc":{"Dur\u00e9e de lecture estim\u00e9e":"3 minutes"},"schema":{"@context":"https:\/\/schema.org","@graph":[{"@type":"WebPage","@id":"https:\/\/www.laserpoint.eu\/fr\/electroniques-de-mesure\/pc-link-2\/","url":"https:\/\/www.laserpoint.eu\/fr\/electroniques-de-mesure\/pc-link-2\/","name":"PC-Link - Laserpoint","isPartOf":{"@id":"https:\/\/www.laserpoint.eu\/fr\/#website"},"primaryImageOfPage":{"@id":"https:\/\/www.laserpoint.eu\/fr\/electroniques-de-mesure\/pc-link-2\/#primaryimage"},"image":{"@id":"https:\/\/www.laserpoint.eu\/fr\/electroniques-de-mesure\/pc-link-2\/#primaryimage"},"thumbnailUrl":"https:\/\/www.laserpoint.eu\/wp-content\/uploads\/PC-Link-Immagine-sfondo-bianco.jpg","datePublished":"2021-04-16T06:19:46+00:00","dateModified":"2025-07-18T15:53:25+00:00","breadcrumb":{"@id":"https:\/\/www.laserpoint.eu\/fr\/electroniques-de-mesure\/pc-link-2\/#breadcrumb"},"inLanguage":"fr-FR","potentialAction":[{"@type":"ReadAction","target":["https:\/\/www.laserpoint.eu\/fr\/electroniques-de-mesure\/pc-link-2\/"]}]},{"@type":"ImageObject","inLanguage":"fr-FR","@id":"https:\/\/www.laserpoint.eu\/fr\/electroniques-de-mesure\/pc-link-2\/#primaryimage","url":"https:\/\/www.laserpoint.eu\/wp-content\/uploads\/PC-Link-Immagine-sfondo-bianco.jpg","contentUrl":"https:\/\/www.laserpoint.eu\/wp-content\/uploads\/PC-Link-Immagine-sfondo-bianco.jpg","width":560,"height":377},{"@type":"BreadcrumbList","@id":"https:\/\/www.laserpoint.eu\/fr\/electroniques-de-mesure\/pc-link-2\/#breadcrumb","itemListElement":[{"@type":"ListItem","position":1,"name":"Home","item":"https:\/\/www.laserpoint.eu\/fr\/"},{"@type":"ListItem","position":2,"name":"Trouver des produits","item":"https:\/\/www.laserpoint.eu\/fr\/trouver-des-produits\/"},{"@type":"ListItem","position":3,"name":"PC-Link"}]},{"@type":"WebSite","@id":"https:\/\/www.laserpoint.eu\/fr\/#website","url":"https:\/\/www.laserpoint.eu\/fr\/","name":"Laserpoint","description":"Development and manufacturing of laser measurement instruments","publisher":{"@id":"https:\/\/www.laserpoint.eu\/fr\/#organization"},"potentialAction":[{"@type":"SearchAction","target":{"@type":"EntryPoint","urlTemplate":"https:\/\/www.laserpoint.eu\/fr\/?s={search_term_string}"},"query-input":"required name=search_term_string"}],"inLanguage":"fr-FR"},{"@type":"Organization","@id":"https:\/\/www.laserpoint.eu\/fr\/#organization","name":"Laserpoint","url":"https:\/\/www.laserpoint.eu\/fr\/","logo":{"@type":"ImageObject","inLanguage":"fr-FR","@id":"https:\/\/www.laserpoint.eu\/fr\/#\/schema\/logo\/image\/","url":"https:\/\/www.laserpoint.eu\/wp-content\/uploads\/laserpoint-logo.png","contentUrl":"https:\/\/www.laserpoint.eu\/wp-content\/uploads\/laserpoint-logo.png","width":520,"height":84,"caption":"Laserpoint"},"image":{"@id":"https:\/\/www.laserpoint.eu\/fr\/#\/schema\/logo\/image\/"}}]}},"_links":{"self":[{"href":"https:\/\/www.laserpoint.eu\/fr\/wp-json\/wp\/v2\/product\/67798"}],"collection":[{"href":"https:\/\/www.laserpoint.eu\/fr\/wp-json\/wp\/v2\/product"}],"about":[{"href":"https:\/\/www.laserpoint.eu\/fr\/wp-json\/wp\/v2\/types\/product"}],"wp:featuredmedia":[{"embeddable":true,"href":"https:\/\/www.laserpoint.eu\/fr\/wp-json\/wp\/v2\/media\/7011"}],"wp:attachment":[{"href":"https:\/\/www.laserpoint.eu\/fr\/wp-json\/wp\/v2\/media?parent=67798"}],"wp:term":[{"taxonomy":"product_cat","embeddable":true,"href":"https:\/\/www.laserpoint.eu\/fr\/wp-json\/wp\/v2\/product_cat?post=67798"},{"taxonomy":"product_tag","embeddable":true,"href":"https:\/\/www.laserpoint.eu\/fr\/wp-json\/wp\/v2\/product_tag?post=67798"}],"curies":[{"name":"wp","href":"https:\/\/api.w.org\/{rel}","templated":true}]}}