{"id":13289,"date":"2020-09-14T14:14:30","date_gmt":"2020-09-14T12:14:30","guid":{"rendered":"https:\/\/www.laserpoint.eu\/produtos\/como-ler-o-codigo-de-pedido\/"},"modified":"2020-09-14T14:14:32","modified_gmt":"2020-09-14T12:14:32","slug":"como-ler-o-codigo-de-pedido","status":"publish","type":"page","link":"https:\/\/www.laserpoint.eu\/pt-br\/como-ler-o-codigo-de-pedido\/","title":{"rendered":"Como ler o c\u00f3digo de pedido"},"content":{"rendered":"<div class=\"wpb-content-wrapper\"><p>[vc_row][vc_column][vc_column_text]Para facilitar e acelerar a sele\u00e7\u00e3o dos sensores, reunimos os c\u00f3digos que os descrevem sinteticamente. O c\u00f3digo completo, a utilizar ao pedir os or\u00e7amentos ou nas encomendas, \u00e9 imediato e d\u00e1 uma descri\u00e7\u00e3o precisa, sint\u00e9tica e clara das cabe\u00e7as e da forma como vai ser utilizada; isso ajuda a Laser Point a atend\u00ea-lo melhor e mais rapidamente. Os c\u00f3digos da cabe\u00e7a, como encontrar\u00e1 no cat\u00e1logo ou fornecidos pelo LP Explorer, relatam uma string que sintetiza a cabe\u00e7a b\u00e1sica.[\/vc_column_text][vc_empty_space][vc_column_text]<\/p>\n<h2>CABE\u00c7AS DO SENSOR T\u00c9RMICO<\/h2>\n<p>[\/vc_column_text][vc_single_image image=&#8221;4015&#8243; img_size=&#8221;large&#8221; alignment=&#8221;center&#8221; css=&#8221;.vc_custom_1591775082113{padding-top: 30px !important;}&#8221;][\/vc_column][\/vc_row][vc_row][vc_column][vc_column_text]<\/p>\n<h2>S\u00c9RIE BLINK &#8211; CABE\u00c7AS DO SENSOR DE ALTA VELOCIDADE<\/h2>\n<p>[\/vc_column_text][vc_single_image image=&#8221;4017&#8243; img_size=&#8221;large&#8221;][\/vc_column][\/vc_row]<\/p>\n<\/div>","protected":false},"excerpt":{"rendered":"<p>[vc_row][vc_column][vc_column_text]Para facilitar e acelerar a sele\u00e7\u00e3o dos sensores, reunimos os c\u00f3digos que os descrevem sinteticamente. O c\u00f3digo completo, a utilizar ao pedir os or\u00e7amentos ou nas encomendas, \u00e9 imediato e d\u00e1 uma descri\u00e7\u00e3o precisa, sint\u00e9tica e clara das cabe\u00e7as e da forma como vai ser utilizada; isso ajuda a Laser Point a atend\u00ea-lo melhor e&hellip;<\/p>\n","protected":false},"author":1,"featured_media":0,"parent":0,"menu_order":0,"comment_status":"closed","ping_status":"closed","template":"","meta":{"footnotes":""},"acf":[],"yoast_head":"<!-- This site is optimized with the Yoast SEO plugin v22.2 - https:\/\/yoast.com\/wordpress\/plugins\/seo\/ -->\n<title>Como ler o c\u00f3digo de pedido - Laserpoint<\/title>\n<meta name=\"robots\" content=\"noindex, nofollow\" \/>\n<meta property=\"og:locale\" content=\"pt_BR\" \/>\n<meta property=\"og:type\" content=\"article\" \/>\n<meta property=\"og:title\" content=\"Como ler o c\u00f3digo de pedido - Laserpoint\" \/>\n<meta property=\"og:description\" content=\"[vc_row][vc_column][vc_column_text]Para facilitar e acelerar a sele\u00e7\u00e3o dos sensores, reunimos os c\u00f3digos que os descrevem sinteticamente. O c\u00f3digo completo, a utilizar ao pedir os or\u00e7amentos ou nas encomendas, \u00e9 imediato e d\u00e1 uma descri\u00e7\u00e3o precisa, sint\u00e9tica e clara das cabe\u00e7as e da forma como vai ser utilizada; isso ajuda a Laser Point a atend\u00ea-lo melhor e&hellip;\" \/>\n<meta property=\"og:url\" content=\"https:\/\/www.laserpoint.eu\/pt-br\/como-ler-o-codigo-de-pedido\/\" \/>\n<meta property=\"og:site_name\" content=\"Laserpoint\" \/>\n<meta property=\"article:modified_time\" content=\"2020-09-14T12:14:32+00:00\" \/>\n<meta name=\"twitter:card\" content=\"summary_large_image\" \/>\n<meta name=\"twitter:label1\" content=\"Est. tempo de leitura\" \/>\n\t<meta name=\"twitter:data1\" content=\"1 minuto\" \/>\n<script type=\"application\/ld+json\" class=\"yoast-schema-graph\">{\"@context\":\"https:\/\/schema.org\",\"@graph\":[{\"@type\":\"WebPage\",\"@id\":\"https:\/\/www.laserpoint.eu\/pt-br\/como-ler-o-codigo-de-pedido\/\",\"url\":\"https:\/\/www.laserpoint.eu\/pt-br\/como-ler-o-codigo-de-pedido\/\",\"name\":\"Como ler o c\u00f3digo de pedido - Laserpoint\",\"isPartOf\":{\"@id\":\"https:\/\/www.laserpoint.eu\/pt-br\/#website\"},\"datePublished\":\"2020-09-14T12:14:30+00:00\",\"dateModified\":\"2020-09-14T12:14:32+00:00\",\"breadcrumb\":{\"@id\":\"https:\/\/www.laserpoint.eu\/pt-br\/como-ler-o-codigo-de-pedido\/#breadcrumb\"},\"inLanguage\":\"pt-BR\",\"potentialAction\":[{\"@type\":\"ReadAction\",\"target\":[\"https:\/\/www.laserpoint.eu\/pt-br\/como-ler-o-codigo-de-pedido\/\"]}]},{\"@type\":\"BreadcrumbList\",\"@id\":\"https:\/\/www.laserpoint.eu\/pt-br\/como-ler-o-codigo-de-pedido\/#breadcrumb\",\"itemListElement\":[{\"@type\":\"ListItem\",\"position\":1,\"name\":\"Home\",\"item\":\"https:\/\/www.laserpoint.eu\/pt-br\/\"},{\"@type\":\"ListItem\",\"position\":2,\"name\":\"Como ler o c\u00f3digo de pedido\"}]},{\"@type\":\"WebSite\",\"@id\":\"https:\/\/www.laserpoint.eu\/pt-br\/#website\",\"url\":\"https:\/\/www.laserpoint.eu\/pt-br\/\",\"name\":\"Laserpoint\",\"description\":\"Development and manufacturing of laser measurement instruments\",\"publisher\":{\"@id\":\"https:\/\/www.laserpoint.eu\/pt-br\/#organization\"},\"potentialAction\":[{\"@type\":\"SearchAction\",\"target\":{\"@type\":\"EntryPoint\",\"urlTemplate\":\"https:\/\/www.laserpoint.eu\/pt-br\/?s={search_term_string}\"},\"query-input\":\"required name=search_term_string\"}],\"inLanguage\":\"pt-BR\"},{\"@type\":\"Organization\",\"@id\":\"https:\/\/www.laserpoint.eu\/pt-br\/#organization\",\"name\":\"Laserpoint\",\"url\":\"https:\/\/www.laserpoint.eu\/pt-br\/\",\"logo\":{\"@type\":\"ImageObject\",\"inLanguage\":\"pt-BR\",\"@id\":\"https:\/\/www.laserpoint.eu\/pt-br\/#\/schema\/logo\/image\/\",\"url\":\"https:\/\/www.laserpoint.eu\/wp-content\/uploads\/laserpoint-logo.png\",\"contentUrl\":\"https:\/\/www.laserpoint.eu\/wp-content\/uploads\/laserpoint-logo.png\",\"width\":520,\"height\":84,\"caption\":\"Laserpoint\"},\"image\":{\"@id\":\"https:\/\/www.laserpoint.eu\/pt-br\/#\/schema\/logo\/image\/\"}}]}<\/script>\n<!-- \/ Yoast SEO plugin. -->","yoast_head_json":{"title":"Como ler o c\u00f3digo de pedido - Laserpoint","robots":{"index":"noindex","follow":"nofollow"},"og_locale":"pt_BR","og_type":"article","og_title":"Como ler o c\u00f3digo de pedido - Laserpoint","og_description":"[vc_row][vc_column][vc_column_text]Para facilitar e acelerar a sele\u00e7\u00e3o dos sensores, reunimos os c\u00f3digos que os descrevem sinteticamente. O c\u00f3digo completo, a utilizar ao pedir os or\u00e7amentos ou nas encomendas, \u00e9 imediato e d\u00e1 uma descri\u00e7\u00e3o precisa, sint\u00e9tica e clara das cabe\u00e7as e da forma como vai ser utilizada; isso ajuda a Laser Point a atend\u00ea-lo melhor e&hellip;","og_url":"https:\/\/www.laserpoint.eu\/pt-br\/como-ler-o-codigo-de-pedido\/","og_site_name":"Laserpoint","article_modified_time":"2020-09-14T12:14:32+00:00","twitter_card":"summary_large_image","twitter_misc":{"Est. tempo de leitura":"1 minuto"},"schema":{"@context":"https:\/\/schema.org","@graph":[{"@type":"WebPage","@id":"https:\/\/www.laserpoint.eu\/pt-br\/como-ler-o-codigo-de-pedido\/","url":"https:\/\/www.laserpoint.eu\/pt-br\/como-ler-o-codigo-de-pedido\/","name":"Como ler o c\u00f3digo de pedido - Laserpoint","isPartOf":{"@id":"https:\/\/www.laserpoint.eu\/pt-br\/#website"},"datePublished":"2020-09-14T12:14:30+00:00","dateModified":"2020-09-14T12:14:32+00:00","breadcrumb":{"@id":"https:\/\/www.laserpoint.eu\/pt-br\/como-ler-o-codigo-de-pedido\/#breadcrumb"},"inLanguage":"pt-BR","potentialAction":[{"@type":"ReadAction","target":["https:\/\/www.laserpoint.eu\/pt-br\/como-ler-o-codigo-de-pedido\/"]}]},{"@type":"BreadcrumbList","@id":"https:\/\/www.laserpoint.eu\/pt-br\/como-ler-o-codigo-de-pedido\/#breadcrumb","itemListElement":[{"@type":"ListItem","position":1,"name":"Home","item":"https:\/\/www.laserpoint.eu\/pt-br\/"},{"@type":"ListItem","position":2,"name":"Como ler o c\u00f3digo de pedido"}]},{"@type":"WebSite","@id":"https:\/\/www.laserpoint.eu\/pt-br\/#website","url":"https:\/\/www.laserpoint.eu\/pt-br\/","name":"Laserpoint","description":"Development and manufacturing of laser measurement instruments","publisher":{"@id":"https:\/\/www.laserpoint.eu\/pt-br\/#organization"},"potentialAction":[{"@type":"SearchAction","target":{"@type":"EntryPoint","urlTemplate":"https:\/\/www.laserpoint.eu\/pt-br\/?s={search_term_string}"},"query-input":"required name=search_term_string"}],"inLanguage":"pt-BR"},{"@type":"Organization","@id":"https:\/\/www.laserpoint.eu\/pt-br\/#organization","name":"Laserpoint","url":"https:\/\/www.laserpoint.eu\/pt-br\/","logo":{"@type":"ImageObject","inLanguage":"pt-BR","@id":"https:\/\/www.laserpoint.eu\/pt-br\/#\/schema\/logo\/image\/","url":"https:\/\/www.laserpoint.eu\/wp-content\/uploads\/laserpoint-logo.png","contentUrl":"https:\/\/www.laserpoint.eu\/wp-content\/uploads\/laserpoint-logo.png","width":520,"height":84,"caption":"Laserpoint"},"image":{"@id":"https:\/\/www.laserpoint.eu\/pt-br\/#\/schema\/logo\/image\/"}}]}},"_links":{"self":[{"href":"https:\/\/www.laserpoint.eu\/pt-br\/wp-json\/wp\/v2\/pages\/13289"}],"collection":[{"href":"https:\/\/www.laserpoint.eu\/pt-br\/wp-json\/wp\/v2\/pages"}],"about":[{"href":"https:\/\/www.laserpoint.eu\/pt-br\/wp-json\/wp\/v2\/types\/page"}],"author":[{"embeddable":true,"href":"https:\/\/www.laserpoint.eu\/pt-br\/wp-json\/wp\/v2\/users\/1"}],"replies":[{"embeddable":true,"href":"https:\/\/www.laserpoint.eu\/pt-br\/wp-json\/wp\/v2\/comments?post=13289"}],"version-history":[{"count":5,"href":"https:\/\/www.laserpoint.eu\/pt-br\/wp-json\/wp\/v2\/pages\/13289\/revisions"}],"predecessor-version":[{"id":13294,"href":"https:\/\/www.laserpoint.eu\/pt-br\/wp-json\/wp\/v2\/pages\/13289\/revisions\/13294"}],"wp:attachment":[{"href":"https:\/\/www.laserpoint.eu\/pt-br\/wp-json\/wp\/v2\/media?parent=13289"}],"curies":[{"name":"wp","href":"https:\/\/api.w.org\/{rel}","templated":true}]}}