{"id":13322,"date":"2020-09-14T14:33:44","date_gmt":"2020-09-14T12:33:44","guid":{"rendered":"https:\/\/www.laserpoint.eu\/termopilhas\/revestimento-shc\/"},"modified":"2020-09-14T14:33:48","modified_gmt":"2020-09-14T12:33:48","slug":"revestimento-shc","status":"publish","type":"page","link":"https:\/\/www.laserpoint.eu\/pt-br\/tecnologias\/termopilhas\/revestimento-shc\/","title":{"rendered":"Revestimento SHC"},"content":{"rendered":"<div class=\"wpb-content-wrapper\"><p>[vc_row][vc_column][vc_column_text]<\/p>\n<h2>O melhor dos absorvedores a laser: o revestimento super-r\u00edgido (SHC)<\/h2>\n<p>O revestimento SHC da Laser Point \u00e9 um revestimento de alta pot\u00eancia real. Os desempenhos SHC s\u00e3o impressionantes e definitivamente coloc\u00e1-lo para ser o melhor revestimento a laser dispon\u00edvel no mercado. As curvas de especifica\u00e7\u00e3o e os valores para o SHC s\u00e3o baseados em campanhas de teste realizadas com os nossos clientes em condi\u00e7\u00f5es disruptivas e mostram que as propriedades do SHC est\u00e3o um passo \u00e0 frente de qualquer outro revestimento: suporta mais de 12KW\/cm<g id=\"gid_0\">2<\/g> em opera\u00e7\u00e3o CW, com uma pot\u00eancia efetiva aplicada de 1KW de laser Yag, ou 40J\/cm<g id=\"gid_1\">2<\/g> com pot\u00eancias de pico de diodos laser de 3,2 KW @1 ms![\/vc_column_text][vc_single_image image=&#8221;610&#8243; img_size=&#8221;large&#8221; alignment=&#8221;center&#8221; css=&#8221;.vc_custom_1591773842238{padding-top: 20px !important;}&#8221;][vc_column_text]Em compara\u00e7\u00e3o com outros absorvedores de altas pot\u00eancias que podem ser utilizados em gamas espectrais limitadas, o SHC tamb\u00e9m tem uma gama de trabalho alargada ( 0,25 \u03bc a 11 \u03bc) e uma taxa de absor\u00e7\u00e3o muito elevada, tornando-o adequado para uma utiliza\u00e7\u00e3o segura em quase todas as aplica\u00e7\u00f5es laser. O gr\u00e1fico mostra uma compara\u00e7\u00e3o dos valores de limiar de dano entre o absorvedor SHC da Laser Point contra v\u00e1rios tipos de absorvedores a laser comerciais de alta pot\u00eancia. O gr\u00e1fico superior mostra o comportamento de SHC sob diferentes condi\u00e7\u00f5es de impulsos de laser at\u00e9 CW. O gr\u00e1fico inferior mostra os resultados obtidos quando uma cabe\u00e7a DE 6KW da Laser Point revestida com SHC foi comparada, sob vigas de v\u00e1rios quilowatts, com cabe\u00e7as semelhantes \u00e0s dos nossos concorrentes com o seu melhor revestimento.[\/vc_column_text][vc_single_image image=&#8221;595&#8243; img_size=&#8221;large&#8221; alignment=&#8221;center&#8221; css=&#8221;.vc_custom_1591773845254{padding-top: 20px !important;}&#8221;][\/vc_column][\/vc_row]<\/p>\n<\/div>","protected":false},"excerpt":{"rendered":"<p>[vc_row][vc_column][vc_column_text] O melhor dos absorvedores a laser: o revestimento super-r\u00edgido (SHC) O revestimento SHC da Laser Point \u00e9 um revestimento de alta pot\u00eancia real. Os desempenhos SHC s\u00e3o impressionantes e definitivamente coloc\u00e1-lo para ser o melhor revestimento a laser dispon\u00edvel no mercado. As curvas de especifica\u00e7\u00e3o e os valores para o SHC s\u00e3o baseados em&hellip;<\/p>\n","protected":false},"author":1,"featured_media":0,"parent":13304,"menu_order":0,"comment_status":"closed","ping_status":"closed","template":"","meta":{"footnotes":""},"acf":[],"yoast_head":"<!-- This site is optimized with the Yoast SEO plugin v22.2 - https:\/\/yoast.com\/wordpress\/plugins\/seo\/ -->\n<title>Revestimento SHC - Laserpoint<\/title>\n<meta name=\"robots\" content=\"index, follow, max-snippet:-1, max-image-preview:large, max-video-preview:-1\" \/>\n<link rel=\"canonical\" href=\"https:\/\/www.laserpoint.eu\/pt-br\/tecnologias\/termopilhas\/revestimento-shc\/\" \/>\n<meta property=\"og:locale\" content=\"pt_BR\" \/>\n<meta property=\"og:type\" content=\"article\" \/>\n<meta property=\"og:title\" content=\"Revestimento SHC - Laserpoint\" \/>\n<meta property=\"og:description\" content=\"[vc_row][vc_column][vc_column_text] O melhor dos absorvedores a laser: o revestimento super-r\u00edgido (SHC) O revestimento SHC da Laser Point \u00e9 um revestimento de alta pot\u00eancia real. Os desempenhos SHC s\u00e3o impressionantes e definitivamente coloc\u00e1-lo para ser o melhor revestimento a laser dispon\u00edvel no mercado. As curvas de especifica\u00e7\u00e3o e os valores para o SHC s\u00e3o baseados em&hellip;\" \/>\n<meta property=\"og:url\" content=\"https:\/\/www.laserpoint.eu\/pt-br\/tecnologias\/termopilhas\/revestimento-shc\/\" \/>\n<meta property=\"og:site_name\" content=\"Laserpoint\" \/>\n<meta property=\"article:modified_time\" content=\"2020-09-14T12:33:48+00:00\" \/>\n<meta name=\"twitter:card\" content=\"summary_large_image\" \/>\n<meta name=\"twitter:label1\" content=\"Est. tempo de leitura\" \/>\n\t<meta name=\"twitter:data1\" content=\"2 minutos\" \/>\n<script type=\"application\/ld+json\" class=\"yoast-schema-graph\">{\"@context\":\"https:\/\/schema.org\",\"@graph\":[{\"@type\":\"WebPage\",\"@id\":\"https:\/\/www.laserpoint.eu\/pt-br\/tecnologias\/termopilhas\/revestimento-shc\/\",\"url\":\"https:\/\/www.laserpoint.eu\/pt-br\/tecnologias\/termopilhas\/revestimento-shc\/\",\"name\":\"Revestimento SHC - Laserpoint\",\"isPartOf\":{\"@id\":\"https:\/\/www.laserpoint.eu\/pt-br\/#website\"},\"datePublished\":\"2020-09-14T12:33:44+00:00\",\"dateModified\":\"2020-09-14T12:33:48+00:00\",\"breadcrumb\":{\"@id\":\"https:\/\/www.laserpoint.eu\/pt-br\/tecnologias\/termopilhas\/revestimento-shc\/#breadcrumb\"},\"inLanguage\":\"pt-BR\",\"potentialAction\":[{\"@type\":\"ReadAction\",\"target\":[\"https:\/\/www.laserpoint.eu\/pt-br\/tecnologias\/termopilhas\/revestimento-shc\/\"]}]},{\"@type\":\"BreadcrumbList\",\"@id\":\"https:\/\/www.laserpoint.eu\/pt-br\/tecnologias\/termopilhas\/revestimento-shc\/#breadcrumb\",\"itemListElement\":[{\"@type\":\"ListItem\",\"position\":1,\"name\":\"Home\",\"item\":\"https:\/\/www.laserpoint.eu\/pt-br\/\"},{\"@type\":\"ListItem\",\"position\":2,\"name\":\"Tecnologias\",\"item\":\"https:\/\/www.laserpoint.eu\/pt-br\/tecnologias\/\"},{\"@type\":\"ListItem\",\"position\":3,\"name\":\"Termopilhas\",\"item\":\"https:\/\/www.laserpoint.eu\/pt-br\/tecnologias\/termopilhas\/\"},{\"@type\":\"ListItem\",\"position\":4,\"name\":\"Revestimento SHC\"}]},{\"@type\":\"WebSite\",\"@id\":\"https:\/\/www.laserpoint.eu\/pt-br\/#website\",\"url\":\"https:\/\/www.laserpoint.eu\/pt-br\/\",\"name\":\"Laserpoint\",\"description\":\"Development and manufacturing of laser measurement instruments\",\"publisher\":{\"@id\":\"https:\/\/www.laserpoint.eu\/pt-br\/#organization\"},\"potentialAction\":[{\"@type\":\"SearchAction\",\"target\":{\"@type\":\"EntryPoint\",\"urlTemplate\":\"https:\/\/www.laserpoint.eu\/pt-br\/?s={search_term_string}\"},\"query-input\":\"required name=search_term_string\"}],\"inLanguage\":\"pt-BR\"},{\"@type\":\"Organization\",\"@id\":\"https:\/\/www.laserpoint.eu\/pt-br\/#organization\",\"name\":\"Laserpoint\",\"url\":\"https:\/\/www.laserpoint.eu\/pt-br\/\",\"logo\":{\"@type\":\"ImageObject\",\"inLanguage\":\"pt-BR\",\"@id\":\"https:\/\/www.laserpoint.eu\/pt-br\/#\/schema\/logo\/image\/\",\"url\":\"https:\/\/www.laserpoint.eu\/wp-content\/uploads\/laserpoint-logo.png\",\"contentUrl\":\"https:\/\/www.laserpoint.eu\/wp-content\/uploads\/laserpoint-logo.png\",\"width\":520,\"height\":84,\"caption\":\"Laserpoint\"},\"image\":{\"@id\":\"https:\/\/www.laserpoint.eu\/pt-br\/#\/schema\/logo\/image\/\"}}]}<\/script>\n<!-- \/ Yoast SEO plugin. -->","yoast_head_json":{"title":"Revestimento SHC - Laserpoint","robots":{"index":"index","follow":"follow","max-snippet":"max-snippet:-1","max-image-preview":"max-image-preview:large","max-video-preview":"max-video-preview:-1"},"canonical":"https:\/\/www.laserpoint.eu\/pt-br\/tecnologias\/termopilhas\/revestimento-shc\/","og_locale":"pt_BR","og_type":"article","og_title":"Revestimento SHC - Laserpoint","og_description":"[vc_row][vc_column][vc_column_text] O melhor dos absorvedores a laser: o revestimento super-r\u00edgido (SHC) O revestimento SHC da Laser Point \u00e9 um revestimento de alta pot\u00eancia real. Os desempenhos SHC s\u00e3o impressionantes e definitivamente coloc\u00e1-lo para ser o melhor revestimento a laser dispon\u00edvel no mercado. As curvas de especifica\u00e7\u00e3o e os valores para o SHC s\u00e3o baseados em&hellip;","og_url":"https:\/\/www.laserpoint.eu\/pt-br\/tecnologias\/termopilhas\/revestimento-shc\/","og_site_name":"Laserpoint","article_modified_time":"2020-09-14T12:33:48+00:00","twitter_card":"summary_large_image","twitter_misc":{"Est. tempo de leitura":"2 minutos"},"schema":{"@context":"https:\/\/schema.org","@graph":[{"@type":"WebPage","@id":"https:\/\/www.laserpoint.eu\/pt-br\/tecnologias\/termopilhas\/revestimento-shc\/","url":"https:\/\/www.laserpoint.eu\/pt-br\/tecnologias\/termopilhas\/revestimento-shc\/","name":"Revestimento SHC - Laserpoint","isPartOf":{"@id":"https:\/\/www.laserpoint.eu\/pt-br\/#website"},"datePublished":"2020-09-14T12:33:44+00:00","dateModified":"2020-09-14T12:33:48+00:00","breadcrumb":{"@id":"https:\/\/www.laserpoint.eu\/pt-br\/tecnologias\/termopilhas\/revestimento-shc\/#breadcrumb"},"inLanguage":"pt-BR","potentialAction":[{"@type":"ReadAction","target":["https:\/\/www.laserpoint.eu\/pt-br\/tecnologias\/termopilhas\/revestimento-shc\/"]}]},{"@type":"BreadcrumbList","@id":"https:\/\/www.laserpoint.eu\/pt-br\/tecnologias\/termopilhas\/revestimento-shc\/#breadcrumb","itemListElement":[{"@type":"ListItem","position":1,"name":"Home","item":"https:\/\/www.laserpoint.eu\/pt-br\/"},{"@type":"ListItem","position":2,"name":"Tecnologias","item":"https:\/\/www.laserpoint.eu\/pt-br\/tecnologias\/"},{"@type":"ListItem","position":3,"name":"Termopilhas","item":"https:\/\/www.laserpoint.eu\/pt-br\/tecnologias\/termopilhas\/"},{"@type":"ListItem","position":4,"name":"Revestimento SHC"}]},{"@type":"WebSite","@id":"https:\/\/www.laserpoint.eu\/pt-br\/#website","url":"https:\/\/www.laserpoint.eu\/pt-br\/","name":"Laserpoint","description":"Development and manufacturing of laser measurement instruments","publisher":{"@id":"https:\/\/www.laserpoint.eu\/pt-br\/#organization"},"potentialAction":[{"@type":"SearchAction","target":{"@type":"EntryPoint","urlTemplate":"https:\/\/www.laserpoint.eu\/pt-br\/?s={search_term_string}"},"query-input":"required name=search_term_string"}],"inLanguage":"pt-BR"},{"@type":"Organization","@id":"https:\/\/www.laserpoint.eu\/pt-br\/#organization","name":"Laserpoint","url":"https:\/\/www.laserpoint.eu\/pt-br\/","logo":{"@type":"ImageObject","inLanguage":"pt-BR","@id":"https:\/\/www.laserpoint.eu\/pt-br\/#\/schema\/logo\/image\/","url":"https:\/\/www.laserpoint.eu\/wp-content\/uploads\/laserpoint-logo.png","contentUrl":"https:\/\/www.laserpoint.eu\/wp-content\/uploads\/laserpoint-logo.png","width":520,"height":84,"caption":"Laserpoint"},"image":{"@id":"https:\/\/www.laserpoint.eu\/pt-br\/#\/schema\/logo\/image\/"}}]}},"_links":{"self":[{"href":"https:\/\/www.laserpoint.eu\/pt-br\/wp-json\/wp\/v2\/pages\/13322"}],"collection":[{"href":"https:\/\/www.laserpoint.eu\/pt-br\/wp-json\/wp\/v2\/pages"}],"about":[{"href":"https:\/\/www.laserpoint.eu\/pt-br\/wp-json\/wp\/v2\/types\/page"}],"author":[{"embeddable":true,"href":"https:\/\/www.laserpoint.eu\/pt-br\/wp-json\/wp\/v2\/users\/1"}],"replies":[{"embeddable":true,"href":"https:\/\/www.laserpoint.eu\/pt-br\/wp-json\/wp\/v2\/comments?post=13322"}],"version-history":[{"count":7,"href":"https:\/\/www.laserpoint.eu\/pt-br\/wp-json\/wp\/v2\/pages\/13322\/revisions"}],"predecessor-version":[{"id":13330,"href":"https:\/\/www.laserpoint.eu\/pt-br\/wp-json\/wp\/v2\/pages\/13322\/revisions\/13330"}],"up":[{"embeddable":true,"href":"https:\/\/www.laserpoint.eu\/pt-br\/wp-json\/wp\/v2\/pages\/13304"}],"wp:attachment":[{"href":"https:\/\/www.laserpoint.eu\/pt-br\/wp-json\/wp\/v2\/media?parent=13322"}],"curies":[{"name":"wp","href":"https:\/\/api.w.org\/{rel}","templated":true}]}}