{"id":13345,"date":"2020-09-14T14:55:31","date_gmt":"2020-09-14T12:55:31","guid":{"rendered":"https:\/\/www.laserpoint.eu\/calibragens\/"},"modified":"2020-09-14T14:56:09","modified_gmt":"2020-09-14T12:56:09","slug":"calibragens","status":"publish","type":"page","link":"https:\/\/www.laserpoint.eu\/pt-br\/suporte\/calibragens\/","title":{"rendered":"Calibragens"},"content":{"rendered":"<div class=\"wpb-content-wrapper\"><p>[vc_row][vc_column][vc_column_text]<\/p>\n<h2>Calibragens certificadas<\/h2>\n<p>Os sensores da Laser Point s\u00e3o fornecidos com certificados de calibragem com rastreabilidade dos Laborat\u00f3rios do Instituto Nacional de Padr\u00f5es e Tecnologia (NIST) em Boulder, Colorado (EUA) ou o Physicalisch-Technische Bundesanstalt (PTB) em Berlim (Alemanha).<\/p>\n<h2>Recalibragens peri\u00f3dicas<\/h2>\n<p>A necessidade real de recalibragem depende de como o instrumento foi usado, suas condi\u00e7\u00f5es e tamb\u00e9m das condi\u00e7\u00f5es do ambiente de trabalho. No entanto, uma manuten\u00e7\u00e3o e recalibragem regulares s\u00e3o essenciais para garantir o desempenho e a precis\u00e3o dos instrumentos. Os Laborat\u00f3rios Internacionais de Metrologia, como NIST e PTB, recomendam uma recalibragem anual. Para que seus instrumentos sejam devidamente reparados, as unidades devem ser enviadas de volta \u00e0 Laser Point, onde ser\u00e3o submetidas a um procedimento geral de verifica\u00e7\u00e3o e recalibragem completa.   <\/p>\n<h2>Capacidades de calibragem em Laser Point<\/h2>\n<p>A Laser Point possui v\u00e1rias fontes de laser que s\u00e3o usadas para calibragens internas; essas fontes cobrem pot\u00eancias de at\u00e9 300W e incluem lasers pulsados. A Laser Point tamb\u00e9m conta com contratos para a utiliza\u00e7\u00e3o de lasers de v\u00e1rios quilowatts com Institutos Cient\u00edficos locais para testes e calibragens padr\u00e3o para suas cabe\u00e7as de alta pot\u00eancia. V\u00e1rias cabe\u00e7as de detector, calibradas em NIST e PTB em diferentes comprimentos de onda, s\u00e3o usadas internamente como Padr\u00f5es de Ouro para os procedimentos de calibragem. Para rastrear a linearidade dos sensores at\u00e9 sua escala completa, alguns desses Padr\u00f5es de Ouro foram calibrados ao longo de toda a sua faixa de trabalho, at\u00e9 <x id=\"gid_0\"><\/x> 1KW para CO<g id=\"gid_1\">2<\/g> e 300W para Yag. Todas as medi\u00e7\u00f5es feitas por PTB e NIST, mostram a excelente linearidade dos sensores da Laser Point.    <\/p>\n<h2>Procedimentos e tempo de recalibragem<\/h2>\n<ul>\n<li>Encaminhar para a Laser Point um pedido de compra espec\u00edfico para a recalibragem: n\u00e3o \u00e9 necess\u00e1rio nenhum n\u00famero RMA.<\/li>\n<li>Envie os produtos cuidando para que os documentos de envio incluam o n\u00famero da OC.<\/li>\n<\/ul>\n<p>\u00c9 obrigat\u00f3rio que a OC inclua, para cada artigo enviado, as seguintes informa\u00e7\u00f5es: comprimento de onda\/s da recalibragem, se a recalibragem deve ser feita para Power ou Power+ Energy; Modelos de produtos; N\u00fameros de s\u00e9rie de produtos. As OC com informa\u00e7\u00f5es incompletas n\u00e3o podem ser processadas corretamente e os tempos de resposta ser\u00e3o atrasados. Os custos de envio para a Laser Point, em ambos os sentidos, s\u00e3o sempre da responsabilidade do cliente.<\/p>\n<h2>Servi\u00e7o de recalibragem r\u00e1pida:<\/h2>\n<p>Seguindo este procedimento, os tempos de resposta t\u00edpicos para as calibragens ser\u00e3o reduzidos para 5 dias \u00fateis.<\/p>\n<ul>\n<li style=\"list-style-type: none;\">\n<ul>\n<li type=\"a\">Para reservar um espa\u00e7o para uma recalibragem mais r\u00e1pida, contate: sales@laserpoint.it e solicitar o primeiro per\u00edodo de tempo dispon\u00edvel que pode ser reservado para a calibragem dos instrumentos;<\/li>\n<li type=\"a\">Inclua no pedido as seguintes informa\u00e7\u00f5es: comprimento de onda\/s da recalibragem, se a recalibragem deve ser feita para Power ou Power+ Energy; Modelos de produtos; N\u00fameros de s\u00e9rie de produtos<\/li>\n<li type=\"a\">A Laser Point ir\u00e1 comunicar o primeiro hor\u00e1rio dispon\u00edvel e o cliente dever\u00e1 ter aten\u00e7\u00e3o para que as mercadorias cheguem com anteced\u00eancia na data combinada.<\/li>\n<li type=\"a\">Os artigos que n\u00e3o estiverem em conformidade com os procedimentos de recalibragem r\u00e1pida ser\u00e3o tratados numa sequ\u00eancia de calibragem \u201cprimeiro a entrar primeiro a sair\u201d.<\/li>\n<\/ul>\n<\/li>\n<\/ul>\n<p>[\/vc_column_text][\/vc_column][\/vc_row]<\/p>\n<\/div>","protected":false},"excerpt":{"rendered":"<p>[vc_row][vc_column][vc_column_text] Calibragens certificadas Os sensores da Laser Point s\u00e3o fornecidos com certificados de calibragem com rastreabilidade dos Laborat\u00f3rios do Instituto Nacional de Padr\u00f5es e Tecnologia (NIST) em Boulder, Colorado (EUA) ou o Physicalisch-Technische Bundesanstalt (PTB) em Berlim (Alemanha). Recalibragens peri\u00f3dicas A necessidade real de recalibragem depende de como o instrumento foi usado, suas condi\u00e7\u00f5es e&hellip;<\/p>\n","protected":false},"author":1,"featured_media":0,"parent":13596,"menu_order":0,"comment_status":"closed","ping_status":"closed","template":"","meta":{"footnotes":""},"acf":[],"yoast_head":"<!-- This site is optimized with the Yoast SEO plugin v22.2 - https:\/\/yoast.com\/wordpress\/plugins\/seo\/ -->\n<title>Calibragens - Laserpoint<\/title>\n<meta name=\"robots\" content=\"index, follow, max-snippet:-1, max-image-preview:large, max-video-preview:-1\" \/>\n<link rel=\"canonical\" href=\"https:\/\/www.laserpoint.eu\/pt-br\/suporte\/calibragens\/\" \/>\n<meta property=\"og:locale\" content=\"pt_BR\" \/>\n<meta property=\"og:type\" content=\"article\" \/>\n<meta property=\"og:title\" content=\"Calibragens - Laserpoint\" \/>\n<meta property=\"og:description\" content=\"[vc_row][vc_column][vc_column_text] Calibragens certificadas Os sensores da Laser Point s\u00e3o fornecidos com certificados de calibragem com rastreabilidade dos Laborat\u00f3rios do Instituto Nacional de Padr\u00f5es e Tecnologia (NIST) em Boulder, Colorado (EUA) ou o Physicalisch-Technische Bundesanstalt (PTB) em Berlim (Alemanha). Recalibragens peri\u00f3dicas A necessidade real de recalibragem depende de como o instrumento foi usado, suas condi\u00e7\u00f5es e&hellip;\" \/>\n<meta property=\"og:url\" content=\"https:\/\/www.laserpoint.eu\/pt-br\/suporte\/calibragens\/\" \/>\n<meta property=\"og:site_name\" content=\"Laserpoint\" \/>\n<meta property=\"article:modified_time\" content=\"2020-09-14T12:56:09+00:00\" \/>\n<meta name=\"twitter:card\" content=\"summary_large_image\" \/>\n<meta name=\"twitter:label1\" content=\"Est. tempo de leitura\" \/>\n\t<meta name=\"twitter:data1\" content=\"3 minutos\" \/>\n<script type=\"application\/ld+json\" class=\"yoast-schema-graph\">{\"@context\":\"https:\/\/schema.org\",\"@graph\":[{\"@type\":\"WebPage\",\"@id\":\"https:\/\/www.laserpoint.eu\/pt-br\/suporte\/calibragens\/\",\"url\":\"https:\/\/www.laserpoint.eu\/pt-br\/suporte\/calibragens\/\",\"name\":\"Calibragens - Laserpoint\",\"isPartOf\":{\"@id\":\"https:\/\/www.laserpoint.eu\/pt-br\/#website\"},\"datePublished\":\"2020-09-14T12:55:31+00:00\",\"dateModified\":\"2020-09-14T12:56:09+00:00\",\"breadcrumb\":{\"@id\":\"https:\/\/www.laserpoint.eu\/pt-br\/suporte\/calibragens\/#breadcrumb\"},\"inLanguage\":\"pt-BR\",\"potentialAction\":[{\"@type\":\"ReadAction\",\"target\":[\"https:\/\/www.laserpoint.eu\/pt-br\/suporte\/calibragens\/\"]}]},{\"@type\":\"BreadcrumbList\",\"@id\":\"https:\/\/www.laserpoint.eu\/pt-br\/suporte\/calibragens\/#breadcrumb\",\"itemListElement\":[{\"@type\":\"ListItem\",\"position\":1,\"name\":\"Home\",\"item\":\"https:\/\/www.laserpoint.eu\/pt-br\/\"},{\"@type\":\"ListItem\",\"position\":2,\"name\":\"Suporte\",\"item\":\"https:\/\/www.laserpoint.eu\/pt-br\/suporte\/\"},{\"@type\":\"ListItem\",\"position\":3,\"name\":\"Calibragens\"}]},{\"@type\":\"WebSite\",\"@id\":\"https:\/\/www.laserpoint.eu\/pt-br\/#website\",\"url\":\"https:\/\/www.laserpoint.eu\/pt-br\/\",\"name\":\"Laserpoint\",\"description\":\"Development and manufacturing of laser measurement instruments\",\"publisher\":{\"@id\":\"https:\/\/www.laserpoint.eu\/pt-br\/#organization\"},\"potentialAction\":[{\"@type\":\"SearchAction\",\"target\":{\"@type\":\"EntryPoint\",\"urlTemplate\":\"https:\/\/www.laserpoint.eu\/pt-br\/?s={search_term_string}\"},\"query-input\":\"required name=search_term_string\"}],\"inLanguage\":\"pt-BR\"},{\"@type\":\"Organization\",\"@id\":\"https:\/\/www.laserpoint.eu\/pt-br\/#organization\",\"name\":\"Laserpoint\",\"url\":\"https:\/\/www.laserpoint.eu\/pt-br\/\",\"logo\":{\"@type\":\"ImageObject\",\"inLanguage\":\"pt-BR\",\"@id\":\"https:\/\/www.laserpoint.eu\/pt-br\/#\/schema\/logo\/image\/\",\"url\":\"https:\/\/www.laserpoint.eu\/wp-content\/uploads\/laserpoint-logo.png\",\"contentUrl\":\"https:\/\/www.laserpoint.eu\/wp-content\/uploads\/laserpoint-logo.png\",\"width\":520,\"height\":84,\"caption\":\"Laserpoint\"},\"image\":{\"@id\":\"https:\/\/www.laserpoint.eu\/pt-br\/#\/schema\/logo\/image\/\"}}]}<\/script>\n<!-- \/ Yoast SEO plugin. -->","yoast_head_json":{"title":"Calibragens - Laserpoint","robots":{"index":"index","follow":"follow","max-snippet":"max-snippet:-1","max-image-preview":"max-image-preview:large","max-video-preview":"max-video-preview:-1"},"canonical":"https:\/\/www.laserpoint.eu\/pt-br\/suporte\/calibragens\/","og_locale":"pt_BR","og_type":"article","og_title":"Calibragens - Laserpoint","og_description":"[vc_row][vc_column][vc_column_text] Calibragens certificadas Os sensores da Laser Point s\u00e3o fornecidos com certificados de calibragem com rastreabilidade dos Laborat\u00f3rios do Instituto Nacional de Padr\u00f5es e Tecnologia (NIST) em Boulder, Colorado (EUA) ou o Physicalisch-Technische Bundesanstalt (PTB) em Berlim (Alemanha). Recalibragens peri\u00f3dicas A necessidade real de recalibragem depende de como o instrumento foi usado, suas condi\u00e7\u00f5es e&hellip;","og_url":"https:\/\/www.laserpoint.eu\/pt-br\/suporte\/calibragens\/","og_site_name":"Laserpoint","article_modified_time":"2020-09-14T12:56:09+00:00","twitter_card":"summary_large_image","twitter_misc":{"Est. tempo de leitura":"3 minutos"},"schema":{"@context":"https:\/\/schema.org","@graph":[{"@type":"WebPage","@id":"https:\/\/www.laserpoint.eu\/pt-br\/suporte\/calibragens\/","url":"https:\/\/www.laserpoint.eu\/pt-br\/suporte\/calibragens\/","name":"Calibragens - Laserpoint","isPartOf":{"@id":"https:\/\/www.laserpoint.eu\/pt-br\/#website"},"datePublished":"2020-09-14T12:55:31+00:00","dateModified":"2020-09-14T12:56:09+00:00","breadcrumb":{"@id":"https:\/\/www.laserpoint.eu\/pt-br\/suporte\/calibragens\/#breadcrumb"},"inLanguage":"pt-BR","potentialAction":[{"@type":"ReadAction","target":["https:\/\/www.laserpoint.eu\/pt-br\/suporte\/calibragens\/"]}]},{"@type":"BreadcrumbList","@id":"https:\/\/www.laserpoint.eu\/pt-br\/suporte\/calibragens\/#breadcrumb","itemListElement":[{"@type":"ListItem","position":1,"name":"Home","item":"https:\/\/www.laserpoint.eu\/pt-br\/"},{"@type":"ListItem","position":2,"name":"Suporte","item":"https:\/\/www.laserpoint.eu\/pt-br\/suporte\/"},{"@type":"ListItem","position":3,"name":"Calibragens"}]},{"@type":"WebSite","@id":"https:\/\/www.laserpoint.eu\/pt-br\/#website","url":"https:\/\/www.laserpoint.eu\/pt-br\/","name":"Laserpoint","description":"Development and manufacturing of laser measurement instruments","publisher":{"@id":"https:\/\/www.laserpoint.eu\/pt-br\/#organization"},"potentialAction":[{"@type":"SearchAction","target":{"@type":"EntryPoint","urlTemplate":"https:\/\/www.laserpoint.eu\/pt-br\/?s={search_term_string}"},"query-input":"required name=search_term_string"}],"inLanguage":"pt-BR"},{"@type":"Organization","@id":"https:\/\/www.laserpoint.eu\/pt-br\/#organization","name":"Laserpoint","url":"https:\/\/www.laserpoint.eu\/pt-br\/","logo":{"@type":"ImageObject","inLanguage":"pt-BR","@id":"https:\/\/www.laserpoint.eu\/pt-br\/#\/schema\/logo\/image\/","url":"https:\/\/www.laserpoint.eu\/wp-content\/uploads\/laserpoint-logo.png","contentUrl":"https:\/\/www.laserpoint.eu\/wp-content\/uploads\/laserpoint-logo.png","width":520,"height":84,"caption":"Laserpoint"},"image":{"@id":"https:\/\/www.laserpoint.eu\/pt-br\/#\/schema\/logo\/image\/"}}]}},"_links":{"self":[{"href":"https:\/\/www.laserpoint.eu\/pt-br\/wp-json\/wp\/v2\/pages\/13345"}],"collection":[{"href":"https:\/\/www.laserpoint.eu\/pt-br\/wp-json\/wp\/v2\/pages"}],"about":[{"href":"https:\/\/www.laserpoint.eu\/pt-br\/wp-json\/wp\/v2\/types\/page"}],"author":[{"embeddable":true,"href":"https:\/\/www.laserpoint.eu\/pt-br\/wp-json\/wp\/v2\/users\/1"}],"replies":[{"embeddable":true,"href":"https:\/\/www.laserpoint.eu\/pt-br\/wp-json\/wp\/v2\/comments?post=13345"}],"version-history":[{"count":5,"href":"https:\/\/www.laserpoint.eu\/pt-br\/wp-json\/wp\/v2\/pages\/13345\/revisions"}],"predecessor-version":[{"id":13350,"href":"https:\/\/www.laserpoint.eu\/pt-br\/wp-json\/wp\/v2\/pages\/13345\/revisions\/13350"}],"up":[{"embeddable":true,"href":"https:\/\/www.laserpoint.eu\/pt-br\/wp-json\/wp\/v2\/pages\/13596"}],"wp:attachment":[{"href":"https:\/\/www.laserpoint.eu\/pt-br\/wp-json\/wp\/v2\/media?parent=13345"}],"curies":[{"name":"wp","href":"https:\/\/api.w.org\/{rel}","templated":true}]}}