{"id":67761,"date":"2021-04-16T08:19:46","date_gmt":"2021-04-16T06:19:46","guid":{"rendered":"https:\/\/www.laserpoint.eu\/sem%20categoria\/plus-2\/"},"modified":"2025-07-18T17:44:12","modified_gmt":"2025-07-18T15:44:12","slug":"plus-2","status":"publish","type":"product","link":"https:\/\/www.laserpoint.eu\/pt-br\/medidores-de-sensores\/plus-2\/","title":{"rendered":"PLUS 2"},"content":{"rendered":"<div class=\"wpb-content-wrapper\"><p>[vc_row][vc_column width=&#8221;2\/3&#8243;][vc_column_text]<\/p>\n<h2>Plus 2<\/h2>\n<p>Plus 2 \u00e9 um medidor port\u00e1til, ligeiro e t\u00e1ctil projetado para medir a pot\u00eancia\/energia \u00f3ptica de lasers e outras fontes de luz.<\/p>\n<p>O medidor Plus2 \u00e9 compat\u00edvel com todos os sensores t\u00e9rmicos da Laser Point lan\u00e7ados (incluindo Blink FR at\u00e9 taxa de repeti\u00e7\u00e3o de 6Hz) e sensores de fotodiodo. Possui uma tela t\u00e1til a cores de 4,3\u201d e uma Interface gr\u00e1fica do usu\u00e1rio intuitiva e ergon\u00f4mica que permite com facilidade explorar todas as suas caracter\u00edsticas. O instrumento \u00e9 alimentado por uma bateria de l\u00edtio recarreg\u00e1vel para um tempo de execu\u00e7\u00e3o de at\u00e9 15 horas.<\/p>\n<p>Entre suas caracter\u00edsticas, Plus 2 oferece uma sa\u00edda anal\u00f3gica configur\u00e1vel e f\u00e1cil economia de dados. Os comprimentos de onda podem ser selecionados abrindo a janela \u201ceditar lambda\u201d, onde os conjuntos de comprimentos de onda de laser mais populares s\u00e3o exibidos. A escala ou faixa completa de medi\u00e7\u00e3o pode ser ajustada de acordo com as necessidades do usu\u00e1rio, tocando no bot\u00e3o da tela \u201cGama\u201d e rolando para escolher a op\u00e7\u00e3o de gama.<\/p>\n<p>O bot\u00e3o de tela \u201cModo\u201d muda facilmente do modo de medi\u00e7\u00e3o de pot\u00eancia para o modo de medi\u00e7\u00e3o de energia; as unidades de medi\u00e7\u00e3o s\u00e3o mostradas de acordo com o tipo de cabe\u00e7a do sensor e a faixa esperada. O Plus 2 pode medir o disparo \u00fanico ou a energia integral de uma rajada de 2 ou mais impulsos.<\/p>\n<p>Para evitar a contribui\u00e7\u00e3o indesejada de ru\u00eddo t\u00e9rmico ou radia\u00e7\u00e3o de fundo para a energia de impulso medida, o instrumento foi projetado para n\u00e3o responder a impulsos abaixo de um limiar de energia predefinido. As medi\u00e7\u00f5es no modo de Pot\u00eancia podem ser exibidas como Irradi\u00e2ncia (W\/cm<sup>2<\/sup>), bem como as medidas no modo de Energia podem ser exibidas como Flu\u00eancia (J\/cm<sup>2<\/sup>) inserindo a Forma do feixe (Raio para uma forma circular, Largura e Altura para forma retangular) em \u201cConfigura\u00e7\u00f5es de Medi\u00e7\u00e3o.<\/p>\n<p>Est\u00e3o dispon\u00edveis tr\u00eas op\u00e7\u00f5es de processamento:<\/p>\n<p>-Continuo: a elabora\u00e7\u00e3o estat\u00edstica \u00e9 realizada numa base de recolha cont\u00ednua de dados.<\/p>\n<p>-Repetido: os dados s\u00e3o repetidamente recolhidos e elaborados dentro do per\u00edodo de tempo definido por um usu\u00e1rio.<\/p>\n<p>-Individual: os dados s\u00e3o recolhidos e elaborados apenas uma vez dentro do per\u00edodo de tempo definido por um usu\u00e1rio.<\/p>\n<p>Ao inserir a mem\u00f3ria USB na porta no lado esquerdo do Plus 2 e tocar no bot\u00e3o \u201cSalvar\u201d, a janela de registro de dados \u00e9 aberta. Pode ser feita uma sele\u00e7\u00e3o dos dados desejados a serem salvos (Valores, estat\u00edsticas ou ambos) e Taxa de Amostragem (entre 0,5 s e 99 s) juntamente com o modo de aquisi\u00e7\u00e3o. O tempo desligamento da exibi\u00e7\u00e3o pode ser definido de 1 a 30 minutos e depois de um certo tempo de inatividade Plus 2 desliga-se. A op\u00e7\u00e3o \u201cTela inteira de 90\u00b0\u201d alterna a tela para uma tela inteira de 90\u00b0 com alta visibilidade\/alto contraste, mostrando apenas o valor de medi\u00e7\u00e3o e as unidades relacionadas.[\/vc_column_text][\/vc_column][vc_column width=&#8221;1\/3&#8243;][vc_single_image image=&#8221;5893&#8243; img_size=&#8221;large&#8221;][vc_empty_space][vc_single_image image=&#8221;5587&#8243; img_size=&#8221;large&#8221;][\/vc_column][\/vc_row]<\/p>\n<\/div>","protected":false},"excerpt":{"rendered":"<p>[vc_row][vc_column width=&#8221;2\/3&#8243;][vc_column_text] Plus 2 Plus 2 \u00e9 um medidor port\u00e1til, ligeiro e t\u00e1ctil projetado para medir a pot\u00eancia\/energia \u00f3ptica de lasers e outras fontes de luz. O medidor Plus2 \u00e9 compat\u00edvel com todos os sensores t\u00e9rmicos da Laser Point lan\u00e7ados (incluindo Blink FR at\u00e9 taxa de repeti\u00e7\u00e3o de 6Hz) e sensores de fotodiodo. Possui uma&hellip;<\/p>\n","protected":false},"featured_media":5581,"menu_order":0,"template":"","meta":[],"product_cat":[662],"product_tag":[],"acf":[],"yoast_head":"<!-- This site is optimized with the Yoast SEO plugin v22.2 - https:\/\/yoast.com\/wordpress\/plugins\/seo\/ -->\n<title>PLUS 2 - Laserpoint<\/title>\n<meta name=\"robots\" content=\"index, follow, max-snippet:-1, max-image-preview:large, max-video-preview:-1\" \/>\n<link rel=\"canonical\" href=\"https:\/\/www.laserpoint.eu\/pt-br\/medidores-de-sensores\/plus-2\/\" \/>\n<meta property=\"og:locale\" content=\"pt_BR\" \/>\n<meta property=\"og:type\" content=\"article\" \/>\n<meta property=\"og:title\" content=\"PLUS 2 - Laserpoint\" \/>\n<meta property=\"og:description\" content=\"[vc_row][vc_column width=&#8221;2\/3&#8243;][vc_column_text] Plus 2 Plus 2 \u00e9 um medidor port\u00e1til, ligeiro e t\u00e1ctil projetado para medir a pot\u00eancia\/energia \u00f3ptica de lasers e outras fontes de luz. O medidor Plus2 \u00e9 compat\u00edvel com todos os sensores t\u00e9rmicos da Laser Point lan\u00e7ados (incluindo Blink FR at\u00e9 taxa de repeti\u00e7\u00e3o de 6Hz) e sensores de fotodiodo. Possui uma&hellip;\" \/>\n<meta property=\"og:url\" content=\"https:\/\/www.laserpoint.eu\/pt-br\/medidores-de-sensores\/plus-2\/\" \/>\n<meta property=\"og:site_name\" content=\"Laserpoint\" \/>\n<meta property=\"article:modified_time\" content=\"2025-07-18T15:44:12+00:00\" \/>\n<meta property=\"og:image\" content=\"https:\/\/www.laserpoint.eu\/wp-content\/uploads\/plus-2.jpg\" \/>\n\t<meta property=\"og:image:width\" content=\"423\" \/>\n\t<meta property=\"og:image:height\" content=\"709\" \/>\n\t<meta property=\"og:image:type\" content=\"image\/jpeg\" \/>\n<meta name=\"twitter:card\" content=\"summary_large_image\" \/>\n<meta name=\"twitter:label1\" content=\"Est. tempo de leitura\" \/>\n\t<meta name=\"twitter:data1\" content=\"3 minutos\" \/>\n<script type=\"application\/ld+json\" class=\"yoast-schema-graph\">{\"@context\":\"https:\/\/schema.org\",\"@graph\":[{\"@type\":\"WebPage\",\"@id\":\"https:\/\/www.laserpoint.eu\/pt-br\/medidores-de-sensores\/plus-2\/\",\"url\":\"https:\/\/www.laserpoint.eu\/pt-br\/medidores-de-sensores\/plus-2\/\",\"name\":\"PLUS 2 - Laserpoint\",\"isPartOf\":{\"@id\":\"https:\/\/www.laserpoint.eu\/pt-br\/#website\"},\"primaryImageOfPage\":{\"@id\":\"https:\/\/www.laserpoint.eu\/pt-br\/medidores-de-sensores\/plus-2\/#primaryimage\"},\"image\":{\"@id\":\"https:\/\/www.laserpoint.eu\/pt-br\/medidores-de-sensores\/plus-2\/#primaryimage\"},\"thumbnailUrl\":\"https:\/\/www.laserpoint.eu\/wp-content\/uploads\/plus-2.jpg\",\"datePublished\":\"2021-04-16T06:19:46+00:00\",\"dateModified\":\"2025-07-18T15:44:12+00:00\",\"breadcrumb\":{\"@id\":\"https:\/\/www.laserpoint.eu\/pt-br\/medidores-de-sensores\/plus-2\/#breadcrumb\"},\"inLanguage\":\"pt-BR\",\"potentialAction\":[{\"@type\":\"ReadAction\",\"target\":[\"https:\/\/www.laserpoint.eu\/pt-br\/medidores-de-sensores\/plus-2\/\"]}]},{\"@type\":\"ImageObject\",\"inLanguage\":\"pt-BR\",\"@id\":\"https:\/\/www.laserpoint.eu\/pt-br\/medidores-de-sensores\/plus-2\/#primaryimage\",\"url\":\"https:\/\/www.laserpoint.eu\/wp-content\/uploads\/plus-2.jpg\",\"contentUrl\":\"https:\/\/www.laserpoint.eu\/wp-content\/uploads\/plus-2.jpg\",\"width\":423,\"height\":709},{\"@type\":\"BreadcrumbList\",\"@id\":\"https:\/\/www.laserpoint.eu\/pt-br\/medidores-de-sensores\/plus-2\/#breadcrumb\",\"itemListElement\":[{\"@type\":\"ListItem\",\"position\":1,\"name\":\"Home\",\"item\":\"https:\/\/www.laserpoint.eu\/pt-br\/\"},{\"@type\":\"ListItem\",\"position\":2,\"name\":\"Encontre produtos\",\"item\":\"https:\/\/www.laserpoint.eu\/pt-br\/encontre-produtos\/\"},{\"@type\":\"ListItem\",\"position\":3,\"name\":\"PLUS 2\"}]},{\"@type\":\"WebSite\",\"@id\":\"https:\/\/www.laserpoint.eu\/pt-br\/#website\",\"url\":\"https:\/\/www.laserpoint.eu\/pt-br\/\",\"name\":\"Laserpoint\",\"description\":\"Development and manufacturing of laser measurement instruments\",\"publisher\":{\"@id\":\"https:\/\/www.laserpoint.eu\/pt-br\/#organization\"},\"potentialAction\":[{\"@type\":\"SearchAction\",\"target\":{\"@type\":\"EntryPoint\",\"urlTemplate\":\"https:\/\/www.laserpoint.eu\/pt-br\/?s={search_term_string}\"},\"query-input\":\"required name=search_term_string\"}],\"inLanguage\":\"pt-BR\"},{\"@type\":\"Organization\",\"@id\":\"https:\/\/www.laserpoint.eu\/pt-br\/#organization\",\"name\":\"Laserpoint\",\"url\":\"https:\/\/www.laserpoint.eu\/pt-br\/\",\"logo\":{\"@type\":\"ImageObject\",\"inLanguage\":\"pt-BR\",\"@id\":\"https:\/\/www.laserpoint.eu\/pt-br\/#\/schema\/logo\/image\/\",\"url\":\"https:\/\/www.laserpoint.eu\/wp-content\/uploads\/laserpoint-logo.png\",\"contentUrl\":\"https:\/\/www.laserpoint.eu\/wp-content\/uploads\/laserpoint-logo.png\",\"width\":520,\"height\":84,\"caption\":\"Laserpoint\"},\"image\":{\"@id\":\"https:\/\/www.laserpoint.eu\/pt-br\/#\/schema\/logo\/image\/\"}}]}<\/script>\n<!-- \/ Yoast SEO plugin. -->","yoast_head_json":{"title":"PLUS 2 - Laserpoint","robots":{"index":"index","follow":"follow","max-snippet":"max-snippet:-1","max-image-preview":"max-image-preview:large","max-video-preview":"max-video-preview:-1"},"canonical":"https:\/\/www.laserpoint.eu\/pt-br\/medidores-de-sensores\/plus-2\/","og_locale":"pt_BR","og_type":"article","og_title":"PLUS 2 - Laserpoint","og_description":"[vc_row][vc_column width=&#8221;2\/3&#8243;][vc_column_text] Plus 2 Plus 2 \u00e9 um medidor port\u00e1til, ligeiro e t\u00e1ctil projetado para medir a pot\u00eancia\/energia \u00f3ptica de lasers e outras fontes de luz. O medidor Plus2 \u00e9 compat\u00edvel com todos os sensores t\u00e9rmicos da Laser Point lan\u00e7ados (incluindo Blink FR at\u00e9 taxa de repeti\u00e7\u00e3o de 6Hz) e sensores de fotodiodo. Possui uma&hellip;","og_url":"https:\/\/www.laserpoint.eu\/pt-br\/medidores-de-sensores\/plus-2\/","og_site_name":"Laserpoint","article_modified_time":"2025-07-18T15:44:12+00:00","og_image":[{"width":423,"height":709,"url":"https:\/\/www.laserpoint.eu\/wp-content\/uploads\/plus-2.jpg","type":"image\/jpeg"}],"twitter_card":"summary_large_image","twitter_misc":{"Est. tempo de leitura":"3 minutos"},"schema":{"@context":"https:\/\/schema.org","@graph":[{"@type":"WebPage","@id":"https:\/\/www.laserpoint.eu\/pt-br\/medidores-de-sensores\/plus-2\/","url":"https:\/\/www.laserpoint.eu\/pt-br\/medidores-de-sensores\/plus-2\/","name":"PLUS 2 - Laserpoint","isPartOf":{"@id":"https:\/\/www.laserpoint.eu\/pt-br\/#website"},"primaryImageOfPage":{"@id":"https:\/\/www.laserpoint.eu\/pt-br\/medidores-de-sensores\/plus-2\/#primaryimage"},"image":{"@id":"https:\/\/www.laserpoint.eu\/pt-br\/medidores-de-sensores\/plus-2\/#primaryimage"},"thumbnailUrl":"https:\/\/www.laserpoint.eu\/wp-content\/uploads\/plus-2.jpg","datePublished":"2021-04-16T06:19:46+00:00","dateModified":"2025-07-18T15:44:12+00:00","breadcrumb":{"@id":"https:\/\/www.laserpoint.eu\/pt-br\/medidores-de-sensores\/plus-2\/#breadcrumb"},"inLanguage":"pt-BR","potentialAction":[{"@type":"ReadAction","target":["https:\/\/www.laserpoint.eu\/pt-br\/medidores-de-sensores\/plus-2\/"]}]},{"@type":"ImageObject","inLanguage":"pt-BR","@id":"https:\/\/www.laserpoint.eu\/pt-br\/medidores-de-sensores\/plus-2\/#primaryimage","url":"https:\/\/www.laserpoint.eu\/wp-content\/uploads\/plus-2.jpg","contentUrl":"https:\/\/www.laserpoint.eu\/wp-content\/uploads\/plus-2.jpg","width":423,"height":709},{"@type":"BreadcrumbList","@id":"https:\/\/www.laserpoint.eu\/pt-br\/medidores-de-sensores\/plus-2\/#breadcrumb","itemListElement":[{"@type":"ListItem","position":1,"name":"Home","item":"https:\/\/www.laserpoint.eu\/pt-br\/"},{"@type":"ListItem","position":2,"name":"Encontre produtos","item":"https:\/\/www.laserpoint.eu\/pt-br\/encontre-produtos\/"},{"@type":"ListItem","position":3,"name":"PLUS 2"}]},{"@type":"WebSite","@id":"https:\/\/www.laserpoint.eu\/pt-br\/#website","url":"https:\/\/www.laserpoint.eu\/pt-br\/","name":"Laserpoint","description":"Development and manufacturing of laser measurement instruments","publisher":{"@id":"https:\/\/www.laserpoint.eu\/pt-br\/#organization"},"potentialAction":[{"@type":"SearchAction","target":{"@type":"EntryPoint","urlTemplate":"https:\/\/www.laserpoint.eu\/pt-br\/?s={search_term_string}"},"query-input":"required name=search_term_string"}],"inLanguage":"pt-BR"},{"@type":"Organization","@id":"https:\/\/www.laserpoint.eu\/pt-br\/#organization","name":"Laserpoint","url":"https:\/\/www.laserpoint.eu\/pt-br\/","logo":{"@type":"ImageObject","inLanguage":"pt-BR","@id":"https:\/\/www.laserpoint.eu\/pt-br\/#\/schema\/logo\/image\/","url":"https:\/\/www.laserpoint.eu\/wp-content\/uploads\/laserpoint-logo.png","contentUrl":"https:\/\/www.laserpoint.eu\/wp-content\/uploads\/laserpoint-logo.png","width":520,"height":84,"caption":"Laserpoint"},"image":{"@id":"https:\/\/www.laserpoint.eu\/pt-br\/#\/schema\/logo\/image\/"}}]}},"_links":{"self":[{"href":"https:\/\/www.laserpoint.eu\/pt-br\/wp-json\/wp\/v2\/product\/67761"}],"collection":[{"href":"https:\/\/www.laserpoint.eu\/pt-br\/wp-json\/wp\/v2\/product"}],"about":[{"href":"https:\/\/www.laserpoint.eu\/pt-br\/wp-json\/wp\/v2\/types\/product"}],"wp:featuredmedia":[{"embeddable":true,"href":"https:\/\/www.laserpoint.eu\/pt-br\/wp-json\/wp\/v2\/media\/5581"}],"wp:attachment":[{"href":"https:\/\/www.laserpoint.eu\/pt-br\/wp-json\/wp\/v2\/media?parent=67761"}],"wp:term":[{"taxonomy":"product_cat","embeddable":true,"href":"https:\/\/www.laserpoint.eu\/pt-br\/wp-json\/wp\/v2\/product_cat?post=67761"},{"taxonomy":"product_tag","embeddable":true,"href":"https:\/\/www.laserpoint.eu\/pt-br\/wp-json\/wp\/v2\/product_tag?post=67761"}],"curies":[{"name":"wp","href":"https:\/\/api.w.org\/{rel}","templated":true}]}}