{"id":14252,"date":"2020-09-20T13:54:02","date_gmt":"2020-09-20T11:54:02","guid":{"rendered":"https:\/\/www.laserpoint.eu\/calisma-standi-ve-diregi\/"},"modified":"2021-11-09T11:13:41","modified_gmt":"2021-11-09T10:13:41","slug":"calisma-standi-ve-diregi","status":"publish","type":"page","link":"https:\/\/www.laserpoint.eu\/tr\/calisma-standi-ve-diregi\/","title":{"rendered":"\u00c7al\u0131\u015fma Stand\u0131 ve Dire\u011fi"},"content":{"rendered":"<div class=\"wpb-content-wrapper\"><p>[vc_row][vc_column][vc_column_text]<\/p>\n<h2>\u00c7al\u0131\u015fma Stand\u0131 ve Dire\u011fi Se\u00e7enekler<\/h2>\n<p>Kafan\u0131n stant \u00fczerine dengeli ve g\u00fcvenli bir \u015fekilde monte edilmesini sa\u011flamak i\u00e7in kafa boyutuna g\u00f6re \u00f6l\u00e7\u00fcm kafalar\u0131nda kullan\u0131lmak \u00fczere iki tip \u00e7al\u0131\u015fma stand\u0131 tasarlanm\u0131\u015ft\u0131r.<\/p>\n<p>Hafif \u00c7al\u0131\u015fma Stand\u0131 600W de\u011ferine kadarki t\u00fcm \u00f6l\u00e7\u00fcm kafalar\u0131yla birlikte temin edilirken, A\u011f\u0131r \u00c7al\u0131\u015fma Stand\u0131 daha y\u00fcksek g\u00fc\u00e7lerde kullan\u0131l\u0131r.[\/vc_column_text][vc_empty_space][vc_column_text]<strong>Hafif Hizmet Stand\u0131 (Hafif \u00c7al\u0131\u015fma Stand\u0131)<\/strong>[\/vc_column_text][\/vc_column][\/vc_row][vc_row][vc_column][vc_single_image image=&#8221;6758&#8243; img_size=&#8221;large&#8221;][vc_empty_space][\/vc_column][\/vc_row][vc_row][vc_column][vc_column_text]<strong>A\u011f\u0131r Hizmet Stand\u0131 (A\u011f\u0131r \u00c7al\u0131\u015fma Stand\u0131)<\/strong>[\/vc_column_text][vc_single_image image=&#8221;6764&#8243; img_size=&#8221;large&#8221;][\/vc_column][\/vc_row]<\/p>\n<\/div>","protected":false},"excerpt":{"rendered":"<p>[vc_row][vc_column][vc_column_text] \u00c7al\u0131\u015fma Stand\u0131 ve Dire\u011fi Se\u00e7enekler Kafan\u0131n stant \u00fczerine dengeli ve g\u00fcvenli bir \u015fekilde monte edilmesini sa\u011flamak i\u00e7in kafa boyutuna g\u00f6re \u00f6l\u00e7\u00fcm kafalar\u0131nda kullan\u0131lmak \u00fczere iki tip \u00e7al\u0131\u015fma stand\u0131 tasarlanm\u0131\u015ft\u0131r. Hafif \u00c7al\u0131\u015fma Stand\u0131 600W de\u011ferine kadarki t\u00fcm \u00f6l\u00e7\u00fcm kafalar\u0131yla birlikte temin edilirken, A\u011f\u0131r \u00c7al\u0131\u015fma Stand\u0131 daha y\u00fcksek g\u00fc\u00e7lerde kullan\u0131l\u0131r.[\/vc_column_text][vc_empty_space][vc_column_text]Hafif Hizmet Stand\u0131 (Hafif \u00c7al\u0131\u015fma Stand\u0131)[\/vc_column_text][\/vc_column][\/vc_row][vc_row][vc_column][vc_single_image image=&#8221;6758&#8243;&hellip;<\/p>\n","protected":false},"author":2,"featured_media":0,"parent":0,"menu_order":0,"comment_status":"closed","ping_status":"closed","template":"","meta":{"footnotes":""},"acf":[],"yoast_head":"<!-- This site is optimized with the Yoast SEO plugin v22.2 - https:\/\/yoast.com\/wordpress\/plugins\/seo\/ -->\n<title>\u00c7al\u0131\u015fma Stand\u0131 ve Dire\u011fi - Laserpoint<\/title>\n<meta name=\"robots\" content=\"noindex, follow\" \/>\n<meta property=\"og:locale\" content=\"tr_TR\" \/>\n<meta property=\"og:type\" content=\"article\" \/>\n<meta property=\"og:title\" content=\"\u00c7al\u0131\u015fma Stand\u0131 ve Dire\u011fi - Laserpoint\" \/>\n<meta property=\"og:description\" content=\"[vc_row][vc_column][vc_column_text] \u00c7al\u0131\u015fma Stand\u0131 ve Dire\u011fi Se\u00e7enekler Kafan\u0131n stant \u00fczerine dengeli ve g\u00fcvenli bir \u015fekilde monte edilmesini sa\u011flamak i\u00e7in kafa boyutuna g\u00f6re \u00f6l\u00e7\u00fcm kafalar\u0131nda kullan\u0131lmak \u00fczere iki tip \u00e7al\u0131\u015fma stand\u0131 tasarlanm\u0131\u015ft\u0131r. Hafif \u00c7al\u0131\u015fma Stand\u0131 600W de\u011ferine kadarki t\u00fcm \u00f6l\u00e7\u00fcm kafalar\u0131yla birlikte temin edilirken, A\u011f\u0131r \u00c7al\u0131\u015fma Stand\u0131 daha y\u00fcksek g\u00fc\u00e7lerde kullan\u0131l\u0131r.[\/vc_column_text][vc_empty_space][vc_column_text]Hafif Hizmet Stand\u0131 (Hafif \u00c7al\u0131\u015fma Stand\u0131)[\/vc_column_text][\/vc_column][\/vc_row][vc_row][vc_column][vc_single_image image=&#8221;6758&#8243;&hellip;\" \/>\n<meta property=\"og:url\" content=\"https:\/\/www.laserpoint.eu\/tr\/calisma-standi-ve-diregi\/\" \/>\n<meta property=\"og:site_name\" content=\"Laserpoint\" \/>\n<meta property=\"article:modified_time\" content=\"2021-11-09T10:13:41+00:00\" \/>\n<meta name=\"twitter:card\" content=\"summary_large_image\" \/>\n<meta name=\"twitter:label1\" content=\"Tahmini okuma s\u00fcresi\" \/>\n\t<meta name=\"twitter:data1\" content=\"1 dakika\" \/>\n<script type=\"application\/ld+json\" class=\"yoast-schema-graph\">{\"@context\":\"https:\/\/schema.org\",\"@graph\":[{\"@type\":\"WebPage\",\"@id\":\"https:\/\/www.laserpoint.eu\/tr\/calisma-standi-ve-diregi\/\",\"url\":\"https:\/\/www.laserpoint.eu\/tr\/calisma-standi-ve-diregi\/\",\"name\":\"\u00c7al\u0131\u015fma Stand\u0131 ve Dire\u011fi - Laserpoint\",\"isPartOf\":{\"@id\":\"https:\/\/www.laserpoint.eu\/tr\/#website\"},\"datePublished\":\"2020-09-20T11:54:02+00:00\",\"dateModified\":\"2021-11-09T10:13:41+00:00\",\"breadcrumb\":{\"@id\":\"https:\/\/www.laserpoint.eu\/tr\/calisma-standi-ve-diregi\/#breadcrumb\"},\"inLanguage\":\"tr\",\"potentialAction\":[{\"@type\":\"ReadAction\",\"target\":[\"https:\/\/www.laserpoint.eu\/tr\/calisma-standi-ve-diregi\/\"]}]},{\"@type\":\"BreadcrumbList\",\"@id\":\"https:\/\/www.laserpoint.eu\/tr\/calisma-standi-ve-diregi\/#breadcrumb\",\"itemListElement\":[{\"@type\":\"ListItem\",\"position\":1,\"name\":\"Home\",\"item\":\"https:\/\/www.laserpoint.eu\/tr\/\"},{\"@type\":\"ListItem\",\"position\":2,\"name\":\"\u00c7al\u0131\u015fma Stand\u0131 ve Dire\u011fi\"}]},{\"@type\":\"WebSite\",\"@id\":\"https:\/\/www.laserpoint.eu\/tr\/#website\",\"url\":\"https:\/\/www.laserpoint.eu\/tr\/\",\"name\":\"Laserpoint\",\"description\":\"Development and manufacturing of laser measurement instruments\",\"publisher\":{\"@id\":\"https:\/\/www.laserpoint.eu\/tr\/#organization\"},\"potentialAction\":[{\"@type\":\"SearchAction\",\"target\":{\"@type\":\"EntryPoint\",\"urlTemplate\":\"https:\/\/www.laserpoint.eu\/tr\/?s={search_term_string}\"},\"query-input\":\"required name=search_term_string\"}],\"inLanguage\":\"tr\"},{\"@type\":\"Organization\",\"@id\":\"https:\/\/www.laserpoint.eu\/tr\/#organization\",\"name\":\"Laserpoint\",\"url\":\"https:\/\/www.laserpoint.eu\/tr\/\",\"logo\":{\"@type\":\"ImageObject\",\"inLanguage\":\"tr\",\"@id\":\"https:\/\/www.laserpoint.eu\/tr\/#\/schema\/logo\/image\/\",\"url\":\"https:\/\/www.laserpoint.eu\/wp-content\/uploads\/laserpoint-logo.png\",\"contentUrl\":\"https:\/\/www.laserpoint.eu\/wp-content\/uploads\/laserpoint-logo.png\",\"width\":520,\"height\":84,\"caption\":\"Laserpoint\"},\"image\":{\"@id\":\"https:\/\/www.laserpoint.eu\/tr\/#\/schema\/logo\/image\/\"}}]}<\/script>\n<!-- \/ Yoast SEO plugin. -->","yoast_head_json":{"title":"\u00c7al\u0131\u015fma Stand\u0131 ve Dire\u011fi - Laserpoint","robots":{"index":"noindex","follow":"follow"},"og_locale":"tr_TR","og_type":"article","og_title":"\u00c7al\u0131\u015fma Stand\u0131 ve Dire\u011fi - Laserpoint","og_description":"[vc_row][vc_column][vc_column_text] \u00c7al\u0131\u015fma Stand\u0131 ve Dire\u011fi Se\u00e7enekler Kafan\u0131n stant \u00fczerine dengeli ve g\u00fcvenli bir \u015fekilde monte edilmesini sa\u011flamak i\u00e7in kafa boyutuna g\u00f6re \u00f6l\u00e7\u00fcm kafalar\u0131nda kullan\u0131lmak \u00fczere iki tip \u00e7al\u0131\u015fma stand\u0131 tasarlanm\u0131\u015ft\u0131r. Hafif \u00c7al\u0131\u015fma Stand\u0131 600W de\u011ferine kadarki t\u00fcm \u00f6l\u00e7\u00fcm kafalar\u0131yla birlikte temin edilirken, A\u011f\u0131r \u00c7al\u0131\u015fma Stand\u0131 daha y\u00fcksek g\u00fc\u00e7lerde kullan\u0131l\u0131r.[\/vc_column_text][vc_empty_space][vc_column_text]Hafif Hizmet Stand\u0131 (Hafif \u00c7al\u0131\u015fma Stand\u0131)[\/vc_column_text][\/vc_column][\/vc_row][vc_row][vc_column][vc_single_image image=&#8221;6758&#8243;&hellip;","og_url":"https:\/\/www.laserpoint.eu\/tr\/calisma-standi-ve-diregi\/","og_site_name":"Laserpoint","article_modified_time":"2021-11-09T10:13:41+00:00","twitter_card":"summary_large_image","twitter_misc":{"Tahmini okuma s\u00fcresi":"1 dakika"},"schema":{"@context":"https:\/\/schema.org","@graph":[{"@type":"WebPage","@id":"https:\/\/www.laserpoint.eu\/tr\/calisma-standi-ve-diregi\/","url":"https:\/\/www.laserpoint.eu\/tr\/calisma-standi-ve-diregi\/","name":"\u00c7al\u0131\u015fma Stand\u0131 ve Dire\u011fi - Laserpoint","isPartOf":{"@id":"https:\/\/www.laserpoint.eu\/tr\/#website"},"datePublished":"2020-09-20T11:54:02+00:00","dateModified":"2021-11-09T10:13:41+00:00","breadcrumb":{"@id":"https:\/\/www.laserpoint.eu\/tr\/calisma-standi-ve-diregi\/#breadcrumb"},"inLanguage":"tr","potentialAction":[{"@type":"ReadAction","target":["https:\/\/www.laserpoint.eu\/tr\/calisma-standi-ve-diregi\/"]}]},{"@type":"BreadcrumbList","@id":"https:\/\/www.laserpoint.eu\/tr\/calisma-standi-ve-diregi\/#breadcrumb","itemListElement":[{"@type":"ListItem","position":1,"name":"Home","item":"https:\/\/www.laserpoint.eu\/tr\/"},{"@type":"ListItem","position":2,"name":"\u00c7al\u0131\u015fma Stand\u0131 ve Dire\u011fi"}]},{"@type":"WebSite","@id":"https:\/\/www.laserpoint.eu\/tr\/#website","url":"https:\/\/www.laserpoint.eu\/tr\/","name":"Laserpoint","description":"Development and manufacturing of laser measurement instruments","publisher":{"@id":"https:\/\/www.laserpoint.eu\/tr\/#organization"},"potentialAction":[{"@type":"SearchAction","target":{"@type":"EntryPoint","urlTemplate":"https:\/\/www.laserpoint.eu\/tr\/?s={search_term_string}"},"query-input":"required name=search_term_string"}],"inLanguage":"tr"},{"@type":"Organization","@id":"https:\/\/www.laserpoint.eu\/tr\/#organization","name":"Laserpoint","url":"https:\/\/www.laserpoint.eu\/tr\/","logo":{"@type":"ImageObject","inLanguage":"tr","@id":"https:\/\/www.laserpoint.eu\/tr\/#\/schema\/logo\/image\/","url":"https:\/\/www.laserpoint.eu\/wp-content\/uploads\/laserpoint-logo.png","contentUrl":"https:\/\/www.laserpoint.eu\/wp-content\/uploads\/laserpoint-logo.png","width":520,"height":84,"caption":"Laserpoint"},"image":{"@id":"https:\/\/www.laserpoint.eu\/tr\/#\/schema\/logo\/image\/"}}]}},"_links":{"self":[{"href":"https:\/\/www.laserpoint.eu\/tr\/wp-json\/wp\/v2\/pages\/14252"}],"collection":[{"href":"https:\/\/www.laserpoint.eu\/tr\/wp-json\/wp\/v2\/pages"}],"about":[{"href":"https:\/\/www.laserpoint.eu\/tr\/wp-json\/wp\/v2\/types\/page"}],"author":[{"embeddable":true,"href":"https:\/\/www.laserpoint.eu\/tr\/wp-json\/wp\/v2\/users\/2"}],"replies":[{"embeddable":true,"href":"https:\/\/www.laserpoint.eu\/tr\/wp-json\/wp\/v2\/comments?post=14252"}],"version-history":[{"count":7,"href":"https:\/\/www.laserpoint.eu\/tr\/wp-json\/wp\/v2\/pages\/14252\/revisions"}],"predecessor-version":[{"id":50626,"href":"https:\/\/www.laserpoint.eu\/tr\/wp-json\/wp\/v2\/pages\/14252\/revisions\/50626"}],"wp:attachment":[{"href":"https:\/\/www.laserpoint.eu\/tr\/wp-json\/wp\/v2\/media?parent=14252"}],"curies":[{"name":"wp","href":"https:\/\/api.w.org\/{rel}","templated":true}]}}