{"id":14300,"date":"2020-09-20T14:22:45","date_gmt":"2020-09-20T12:22:45","guid":{"rendered":"https:\/\/www.laserpoint.eu\/termopiller\/shc-kaplama\/"},"modified":"2020-09-20T14:22:46","modified_gmt":"2020-09-20T12:22:46","slug":"shc-kaplama","status":"publish","type":"page","link":"https:\/\/www.laserpoint.eu\/tr\/teknolojiler\/termopiller\/shc-kaplama\/","title":{"rendered":"SHC kaplama"},"content":{"rendered":"<div class=\"wpb-content-wrapper\"><p>[vc_row][vc_column][vc_column_text]<\/p>\n<h2>Lazer so\u011furucular\u0131n en iyisi: S\u00fcper Sert Kaplama (SHC)<\/h2>\n<p>Laser Point firmas\u0131n\u0131n SHC kaplamas\u0131 ger\u00e7ek bir y\u00fcksek g\u00fc\u00e7l\u00fc kaplamad\u0131r. SHC performans de\u011ferleri ba\u015f d\u00f6nd\u00fcr\u00fcc\u00fcd\u00fcr ve bu \u00fcr\u00fcn\u00fc kesinlikle piyasada bulunan en iyi lazer kaplama yapar. SHC&#8217;nin teknik \u00f6zellik e\u011frileri ve de\u011ferlerinde bozucu ko\u015fullarda m\u00fc\u015fterilerimizle birlikte yap\u0131lan test oturumlar\u0131 temel al\u0131nm\u0131\u015ft\u0131r ve bunlar SHC&#8217;nin \u00f6zelliklerinin t\u00fcm di\u011fer kaplamalardan kat be kat ileride oldu\u011funu g\u00f6stermektedir: 1KW etkili uygulanan g\u00fcce sahip Yag lazerde s\u00fcrekli dalga (CW) \u00e7al\u0131\u015fmada 12KW\/cm<g id=\"gid_0\">2<\/g>&#8216;nin \u00fczerinde veya 3.2 KW @1 ms lazer diyot tepe g\u00fc\u00e7 de\u011ferlerinde 40J\/cm<g id=\"gid_1\">2<\/g>&#8216;ye dayanabilmektedir![\/vc_column_text][vc_single_image image=&#8221;610&#8243; img_size=&#8221;large&#8221; alignment=&#8221;center&#8221; css=&#8221;.vc_custom_1591773842238{padding-top: 20px !important;}&#8221;][vc_column_text]S\u0131n\u0131rl\u0131 spektral aral\u0131klarda kullan\u0131labilen di\u011fer y\u00fcksek g\u00fc\u00e7l\u00fc so\u011furuculara k\u0131yasla SHC ayn\u0131 zamanda geni\u015fletilmi\u015f \u00e7al\u0131\u015fma aral\u0131\u011f\u0131na (0,25\u03bc ila 11\u03bc aras\u0131) ve \u00e7ok y\u00fcksek so\u011furma oran\u0131na sahiptir; bu da onu neredeyse t\u00fcm di\u011fer lazer uygulamalar\u0131nda g\u00fcvenli kullan\u0131m i\u00e7in uygun k\u0131lar. Grafikte Laser Point firmas\u0131n\u0131n SHC so\u011furucusunun \u00e7e\u015fitli tipte ticari y\u00fcksek g\u00fc\u00e7l\u00fc lazer so\u011furucular ile hasar e\u015fik de\u011ferlerinin kar\u015f\u0131la\u015ft\u0131rmas\u0131 g\u00f6sterilmektedir. \u00dcstteki grafik s\u00fcrekli dalgaya (CW) kadar farkl\u0131 lazer at\u0131mlar\u0131 alt\u0131nda SHC&#8217;nin davran\u0131\u015f\u0131n\u0131 g\u00f6sterir. Alttaki grafik Laser Point firmas\u0131ndan SHC kapl\u0131 6 KW kafa \u00e7ok kilowatt&#8217;l\u0131 \u0131\u015f\u0131nlarda en iyi kaplamalar\u0131 ta\u015f\u0131yan Rakiplerimizin benzer kafalar\u0131na kar\u015f\u0131 k\u0131yasland\u0131\u011f\u0131nda elde edilen sonu\u00e7lar\u0131 g\u00f6sterir.[\/vc_column_text][vc_single_image image=&#8221;595&#8243; img_size=&#8221;large&#8221; alignment=&#8221;center&#8221; css=&#8221;.vc_custom_1591773845254{padding-top: 20px !important;}&#8221;][\/vc_column][\/vc_row]<\/p>\n<\/div>","protected":false},"excerpt":{"rendered":"<p>[vc_row][vc_column][vc_column_text] Lazer so\u011furucular\u0131n en iyisi: S\u00fcper Sert Kaplama (SHC) Laser Point firmas\u0131n\u0131n SHC kaplamas\u0131 ger\u00e7ek bir y\u00fcksek g\u00fc\u00e7l\u00fc kaplamad\u0131r. SHC performans de\u011ferleri ba\u015f d\u00f6nd\u00fcr\u00fcc\u00fcd\u00fcr ve bu \u00fcr\u00fcn\u00fc kesinlikle piyasada bulunan en iyi lazer kaplama yapar. SHC&#8217;nin teknik \u00f6zellik e\u011frileri ve de\u011ferlerinde bozucu ko\u015fullarda m\u00fc\u015fterilerimizle birlikte yap\u0131lan test oturumlar\u0131 temel al\u0131nm\u0131\u015ft\u0131r ve bunlar SHC&#8217;nin \u00f6zelliklerinin t\u00fcm&hellip;<\/p>\n","protected":false},"author":1,"featured_media":0,"parent":14284,"menu_order":0,"comment_status":"closed","ping_status":"closed","template":"","meta":{"footnotes":""},"acf":[],"yoast_head":"<!-- This site is optimized with the Yoast SEO plugin v22.2 - https:\/\/yoast.com\/wordpress\/plugins\/seo\/ -->\n<title>SHC kaplama - Laserpoint<\/title>\n<meta name=\"robots\" content=\"index, follow, max-snippet:-1, max-image-preview:large, max-video-preview:-1\" \/>\n<link rel=\"canonical\" href=\"https:\/\/www.laserpoint.eu\/tr\/teknolojiler\/termopiller\/shc-kaplama\/\" \/>\n<meta property=\"og:locale\" content=\"tr_TR\" \/>\n<meta property=\"og:type\" content=\"article\" \/>\n<meta property=\"og:title\" content=\"SHC kaplama - Laserpoint\" \/>\n<meta property=\"og:description\" content=\"[vc_row][vc_column][vc_column_text] Lazer so\u011furucular\u0131n en iyisi: S\u00fcper Sert Kaplama (SHC) Laser Point firmas\u0131n\u0131n SHC kaplamas\u0131 ger\u00e7ek bir y\u00fcksek g\u00fc\u00e7l\u00fc kaplamad\u0131r. SHC performans de\u011ferleri ba\u015f d\u00f6nd\u00fcr\u00fcc\u00fcd\u00fcr ve bu \u00fcr\u00fcn\u00fc kesinlikle piyasada bulunan en iyi lazer kaplama yapar. SHC&#8217;nin teknik \u00f6zellik e\u011frileri ve de\u011ferlerinde bozucu ko\u015fullarda m\u00fc\u015fterilerimizle birlikte yap\u0131lan test oturumlar\u0131 temel al\u0131nm\u0131\u015ft\u0131r ve bunlar SHC&#8217;nin \u00f6zelliklerinin t\u00fcm&hellip;\" \/>\n<meta property=\"og:url\" content=\"https:\/\/www.laserpoint.eu\/tr\/teknolojiler\/termopiller\/shc-kaplama\/\" \/>\n<meta property=\"og:site_name\" content=\"Laserpoint\" \/>\n<meta property=\"article:modified_time\" content=\"2020-09-20T12:22:46+00:00\" \/>\n<meta name=\"twitter:card\" content=\"summary_large_image\" \/>\n<meta name=\"twitter:label1\" content=\"Tahmini okuma s\u00fcresi\" \/>\n\t<meta name=\"twitter:data1\" content=\"2 dakika\" \/>\n<script type=\"application\/ld+json\" class=\"yoast-schema-graph\">{\"@context\":\"https:\/\/schema.org\",\"@graph\":[{\"@type\":\"WebPage\",\"@id\":\"https:\/\/www.laserpoint.eu\/tr\/teknolojiler\/termopiller\/shc-kaplama\/\",\"url\":\"https:\/\/www.laserpoint.eu\/tr\/teknolojiler\/termopiller\/shc-kaplama\/\",\"name\":\"SHC kaplama - Laserpoint\",\"isPartOf\":{\"@id\":\"https:\/\/www.laserpoint.eu\/tr\/#website\"},\"datePublished\":\"2020-09-20T12:22:45+00:00\",\"dateModified\":\"2020-09-20T12:22:46+00:00\",\"breadcrumb\":{\"@id\":\"https:\/\/www.laserpoint.eu\/tr\/teknolojiler\/termopiller\/shc-kaplama\/#breadcrumb\"},\"inLanguage\":\"tr\",\"potentialAction\":[{\"@type\":\"ReadAction\",\"target\":[\"https:\/\/www.laserpoint.eu\/tr\/teknolojiler\/termopiller\/shc-kaplama\/\"]}]},{\"@type\":\"BreadcrumbList\",\"@id\":\"https:\/\/www.laserpoint.eu\/tr\/teknolojiler\/termopiller\/shc-kaplama\/#breadcrumb\",\"itemListElement\":[{\"@type\":\"ListItem\",\"position\":1,\"name\":\"Home\",\"item\":\"https:\/\/www.laserpoint.eu\/tr\/\"},{\"@type\":\"ListItem\",\"position\":2,\"name\":\"Teknolojiler\",\"item\":\"https:\/\/www.laserpoint.eu\/tr\/teknolojiler\/\"},{\"@type\":\"ListItem\",\"position\":3,\"name\":\"Termopiller\",\"item\":\"https:\/\/www.laserpoint.eu\/tr\/teknolojiler\/termopiller\/\"},{\"@type\":\"ListItem\",\"position\":4,\"name\":\"SHC kaplama\"}]},{\"@type\":\"WebSite\",\"@id\":\"https:\/\/www.laserpoint.eu\/tr\/#website\",\"url\":\"https:\/\/www.laserpoint.eu\/tr\/\",\"name\":\"Laserpoint\",\"description\":\"Development and manufacturing of laser measurement instruments\",\"publisher\":{\"@id\":\"https:\/\/www.laserpoint.eu\/tr\/#organization\"},\"potentialAction\":[{\"@type\":\"SearchAction\",\"target\":{\"@type\":\"EntryPoint\",\"urlTemplate\":\"https:\/\/www.laserpoint.eu\/tr\/?s={search_term_string}\"},\"query-input\":\"required name=search_term_string\"}],\"inLanguage\":\"tr\"},{\"@type\":\"Organization\",\"@id\":\"https:\/\/www.laserpoint.eu\/tr\/#organization\",\"name\":\"Laserpoint\",\"url\":\"https:\/\/www.laserpoint.eu\/tr\/\",\"logo\":{\"@type\":\"ImageObject\",\"inLanguage\":\"tr\",\"@id\":\"https:\/\/www.laserpoint.eu\/tr\/#\/schema\/logo\/image\/\",\"url\":\"https:\/\/www.laserpoint.eu\/wp-content\/uploads\/laserpoint-logo.png\",\"contentUrl\":\"https:\/\/www.laserpoint.eu\/wp-content\/uploads\/laserpoint-logo.png\",\"width\":520,\"height\":84,\"caption\":\"Laserpoint\"},\"image\":{\"@id\":\"https:\/\/www.laserpoint.eu\/tr\/#\/schema\/logo\/image\/\"}}]}<\/script>\n<!-- \/ Yoast SEO plugin. -->","yoast_head_json":{"title":"SHC kaplama - Laserpoint","robots":{"index":"index","follow":"follow","max-snippet":"max-snippet:-1","max-image-preview":"max-image-preview:large","max-video-preview":"max-video-preview:-1"},"canonical":"https:\/\/www.laserpoint.eu\/tr\/teknolojiler\/termopiller\/shc-kaplama\/","og_locale":"tr_TR","og_type":"article","og_title":"SHC kaplama - Laserpoint","og_description":"[vc_row][vc_column][vc_column_text] Lazer so\u011furucular\u0131n en iyisi: S\u00fcper Sert Kaplama (SHC) Laser Point firmas\u0131n\u0131n SHC kaplamas\u0131 ger\u00e7ek bir y\u00fcksek g\u00fc\u00e7l\u00fc kaplamad\u0131r. SHC performans de\u011ferleri ba\u015f d\u00f6nd\u00fcr\u00fcc\u00fcd\u00fcr ve bu \u00fcr\u00fcn\u00fc kesinlikle piyasada bulunan en iyi lazer kaplama yapar. SHC&#8217;nin teknik \u00f6zellik e\u011frileri ve de\u011ferlerinde bozucu ko\u015fullarda m\u00fc\u015fterilerimizle birlikte yap\u0131lan test oturumlar\u0131 temel al\u0131nm\u0131\u015ft\u0131r ve bunlar SHC&#8217;nin \u00f6zelliklerinin t\u00fcm&hellip;","og_url":"https:\/\/www.laserpoint.eu\/tr\/teknolojiler\/termopiller\/shc-kaplama\/","og_site_name":"Laserpoint","article_modified_time":"2020-09-20T12:22:46+00:00","twitter_card":"summary_large_image","twitter_misc":{"Tahmini okuma s\u00fcresi":"2 dakika"},"schema":{"@context":"https:\/\/schema.org","@graph":[{"@type":"WebPage","@id":"https:\/\/www.laserpoint.eu\/tr\/teknolojiler\/termopiller\/shc-kaplama\/","url":"https:\/\/www.laserpoint.eu\/tr\/teknolojiler\/termopiller\/shc-kaplama\/","name":"SHC kaplama - Laserpoint","isPartOf":{"@id":"https:\/\/www.laserpoint.eu\/tr\/#website"},"datePublished":"2020-09-20T12:22:45+00:00","dateModified":"2020-09-20T12:22:46+00:00","breadcrumb":{"@id":"https:\/\/www.laserpoint.eu\/tr\/teknolojiler\/termopiller\/shc-kaplama\/#breadcrumb"},"inLanguage":"tr","potentialAction":[{"@type":"ReadAction","target":["https:\/\/www.laserpoint.eu\/tr\/teknolojiler\/termopiller\/shc-kaplama\/"]}]},{"@type":"BreadcrumbList","@id":"https:\/\/www.laserpoint.eu\/tr\/teknolojiler\/termopiller\/shc-kaplama\/#breadcrumb","itemListElement":[{"@type":"ListItem","position":1,"name":"Home","item":"https:\/\/www.laserpoint.eu\/tr\/"},{"@type":"ListItem","position":2,"name":"Teknolojiler","item":"https:\/\/www.laserpoint.eu\/tr\/teknolojiler\/"},{"@type":"ListItem","position":3,"name":"Termopiller","item":"https:\/\/www.laserpoint.eu\/tr\/teknolojiler\/termopiller\/"},{"@type":"ListItem","position":4,"name":"SHC kaplama"}]},{"@type":"WebSite","@id":"https:\/\/www.laserpoint.eu\/tr\/#website","url":"https:\/\/www.laserpoint.eu\/tr\/","name":"Laserpoint","description":"Development and manufacturing of laser measurement instruments","publisher":{"@id":"https:\/\/www.laserpoint.eu\/tr\/#organization"},"potentialAction":[{"@type":"SearchAction","target":{"@type":"EntryPoint","urlTemplate":"https:\/\/www.laserpoint.eu\/tr\/?s={search_term_string}"},"query-input":"required name=search_term_string"}],"inLanguage":"tr"},{"@type":"Organization","@id":"https:\/\/www.laserpoint.eu\/tr\/#organization","name":"Laserpoint","url":"https:\/\/www.laserpoint.eu\/tr\/","logo":{"@type":"ImageObject","inLanguage":"tr","@id":"https:\/\/www.laserpoint.eu\/tr\/#\/schema\/logo\/image\/","url":"https:\/\/www.laserpoint.eu\/wp-content\/uploads\/laserpoint-logo.png","contentUrl":"https:\/\/www.laserpoint.eu\/wp-content\/uploads\/laserpoint-logo.png","width":520,"height":84,"caption":"Laserpoint"},"image":{"@id":"https:\/\/www.laserpoint.eu\/tr\/#\/schema\/logo\/image\/"}}]}},"_links":{"self":[{"href":"https:\/\/www.laserpoint.eu\/tr\/wp-json\/wp\/v2\/pages\/14300"}],"collection":[{"href":"https:\/\/www.laserpoint.eu\/tr\/wp-json\/wp\/v2\/pages"}],"about":[{"href":"https:\/\/www.laserpoint.eu\/tr\/wp-json\/wp\/v2\/types\/page"}],"author":[{"embeddable":true,"href":"https:\/\/www.laserpoint.eu\/tr\/wp-json\/wp\/v2\/users\/1"}],"replies":[{"embeddable":true,"href":"https:\/\/www.laserpoint.eu\/tr\/wp-json\/wp\/v2\/comments?post=14300"}],"version-history":[{"count":5,"href":"https:\/\/www.laserpoint.eu\/tr\/wp-json\/wp\/v2\/pages\/14300\/revisions"}],"predecessor-version":[{"id":14305,"href":"https:\/\/www.laserpoint.eu\/tr\/wp-json\/wp\/v2\/pages\/14300\/revisions\/14305"}],"up":[{"embeddable":true,"href":"https:\/\/www.laserpoint.eu\/tr\/wp-json\/wp\/v2\/pages\/14284"}],"wp:attachment":[{"href":"https:\/\/www.laserpoint.eu\/tr\/wp-json\/wp\/v2\/media?parent=14300"}],"curies":[{"name":"wp","href":"https:\/\/api.w.org\/{rel}","templated":true}]}}