{"id":14306,"date":"2020-09-20T14:35:01","date_gmt":"2020-09-20T12:35:01","guid":{"rendered":"https:\/\/www.laserpoint.eu\/yuksek-hizli-termopiller\/"},"modified":"2020-09-20T14:35:05","modified_gmt":"2020-09-20T12:35:05","slug":"yuksek-hizli-termopiller","status":"publish","type":"page","link":"https:\/\/www.laserpoint.eu\/tr\/teknolojiler\/yuksek-hizli-termopiller\/","title":{"rendered":"Y\u00fcksek H\u0131zl\u0131 Termopiller"},"content":{"rendered":"<div class=\"wpb-content-wrapper\"><p>[vc_row][vc_column width=&#8221;1\/2&#8243;][vc_column_text]<strong>Blink sens\u00f6r serisi i\u00e7in Y\u00fcksek H\u0131zl\u0131 Termopiller<\/strong><\/p>\n<p>Laser Point taraf\u0131ndan geli\u015ftirilen bu \u00e7ok yeni patentli teknolojileri temel alan y\u00fcksek h\u0131zl\u0131 termal sens\u00f6rler, s\u00fcrekli dalga (CW) lazerlerin g\u00fc\u00e7 \u00e7\u0131k\u0131\u015f\u0131n\u0131 da \u00f6l\u00e7me \u00f6zelli\u011fi kazand\u0131racak \u015fekilde, MHz aral\u0131\u011f\u0131na kadarki tekrarlamal\u0131 frekanslara sahip tek lazer at\u0131mlar\u0131n\u0131n enerjisini \u00f6l\u00e7ebilmektedirler.<\/p>\n<p>\u00dcstelik, bu sens\u00f6rlerin termal niteli\u011fi, mor \u00f6tesinden (UV) THz&#8217;ye kadar geni\u015f bantl\u0131 bir tayfta \u00e7al\u0131\u015fma kabiliyetini olanakl\u0131 k\u0131larken, optik filtre kullanmaya veya ba\u015fka \u00f6nlem almaya gere olmadan lazer radyasyonunun uyar\u0131c\u0131 ortalama g\u00fc\u00e7 yo\u011funluklar\u0131n\u0131n geni\u015f bir aral\u0131\u011f\u0131nda (10<g id=\"gid_0\">-3<\/g>-10<g id=\"gid_1\">2<\/g>W\/cm<g id=\"gid_2\">2<\/g>) \u00e7al\u0131\u015fma olana\u011f\u0131 sunar.<\/p>\n<p>Termoelektrik cihazlar iki farkl\u0131 gruba ayr\u0131l\u0131r: Farkl\u0131 tipte malzemelerin birle\u015fiminde ind\u00fcklenen standart boylamas\u0131na termoelektrik etkiyi kullanan cihazlar ve Lazerle \u0130nd\u00fcklenen Transvers Gerilim (LITV) etkisini temel alan cihazlar.[\/vc_column_text][\/vc_column][vc_column width=&#8221;1\/2&#8243;][vc_column_text css=&#8221;.vc_custom_1589207048618{padding-top: 50px !important;padding-bottom: 50px !important;}&#8221;]<\/p>\n<div style=\"width: 1200px;\" class=\"wp-video\"><!--[if lt IE 9]><script>document.createElement('video');<\/script><![endif]-->\n<video class=\"wp-video-shortcode\" id=\"video-14306-1\" width=\"1200\" height=\"675\" preload=\"metadata\" controls=\"controls\"><source type=\"video\/mp4\" src=\"https:\/\/www.laserpoint.eu\/wp-content\/uploads\/video_1_mod_09_definitivo-Fiera-Shanghai-2018-Rev1.mp4?_=1\" \/><a href=\"https:\/\/www.laserpoint.eu\/wp-content\/uploads\/video_1_mod_09_definitivo-Fiera-Shanghai-2018-Rev1.mp4\">https:\/\/www.laserpoint.eu\/wp-content\/uploads\/video_1_mod_09_definitivo-Fiera-Shanghai-2018-Rev1.mp4<\/a><\/video><\/div>\n<p>[\/vc_column_text][\/vc_column][\/vc_row][vc_row][vc_column][vc_column_text]Standart boylamas\u0131na termoelektrik etkiyi temel alan sens\u00f6rler yayg\u0131n olarak elektrik a\u00e7\u0131dan birbirine ba\u011fl\u0131 birden \u00e7ok termokupl\u00f6rle tasarlan\u0131rlar; bunlar uygun bir s\u00fcbstrat boyunca eksenel olarak \u0131s\u0131 ak\u0131s\u0131n\u0131 \u00f6l\u00e7ebilirler. Standart termoelektrik etkiyi kullanan bu tip sens\u00f6rler s\u0131radan radyal termopil tasar\u0131m\u0131nda bir evrimi temsil eder. Bir termal prensipte \u00e7al\u0131\u015f\u0131ld\u0131\u011f\u0131nda bu t\u00fcr sens\u00f6rlerin spektral kabul b\u00f6lgesi hala geni\u015f bantt\u0131r. Ancak, bu t\u00fcr sens\u00f6rlerin termal tasar\u0131m\u0131 yaln\u0131zca g\u00f6rece yava\u015f tepki s\u00fcrelerine (genellikle 100 ms alt\u0131) izin verir. \u00dcstelik, \u00e7oklu eksenel termokupl\u00f6rlerin tasar\u0131m\u0131 s\u0131kl\u0131kla sens\u00f6r\u00fcn etkin alan\u0131nda k\u0131t bir kapsam\u0131 ortaya koyar.    <\/p>\n<p>Lazerle \u0130nd\u00fcklenen Transvers Gerilim (LITV) etkisini kullanan sens\u00f6rler de termal gradyan\u0131 bir elektrik sinyaline d\u00f6n\u00fc\u015ft\u00fcr\u00fcr. Yerle\u015ftirilen uygun malzemeden ince filmler lazer \u0131\u015f\u0131mas\u0131na transvers termoelektrik yan\u0131t verebilirler. Di\u011fer bir deyi\u015fle, termal gradyan film y\u00fczeyinin normal y\u00f6n\u00fc boyunca mevcutsa, film y\u00fczeyi d\u00fczleminin boylamas\u0131na y\u00f6nde bir termoelektrik yan\u0131t olu\u015fturulur. LITV etkisini benimsemek kendili\u011finden termal sinyali elektrik gerilimine d\u00f6n\u00fc\u015ft\u00fcrme konusunda iyi bir verim sergileme avantaj\u0131n\u0131 getirirken, yan\u0131t s\u00fcreleri nanosaniye zaman \u00f6l\u00e7e\u011finde yer al\u0131r. LITV tabanl\u0131 cihazlar\u0131n standart termoelektrik cihazlar kar\u015f\u0131s\u0131ndaki di\u011fer bir \u00fcst\u00fcnl\u00fc\u011f\u00fc de, eksenel olarak yerle\u015ftirilen termopkupl\u00f6rleri temel alan bir tasar\u0131ma k\u0131yasla etkin alanda e\u015fit kapsama olmas\u0131d\u0131r.    <\/p>\n<p>LITV etkisini kullanan sens\u00f6rlerinin lazer radyasyonu \u00f6l\u00e7\u00fcm\u00fcne y\u00f6nelik piroelektrik sens\u00f6rler ve fotodiyotlar\u0131n kar\u015f\u0131s\u0131ndaki \u00fcst\u00fcnl\u00fc\u011f\u00fc, genel h\u0131zl\u0131 yan\u0131p s\u00fcresi, geni\u015f bant tayf kabul\u00fc, do\u011frudan lazer \u0131\u015f\u0131n\u0131m\u0131na y\u00fcksek doygunluk e\u015fi\u011fi ve at\u0131ml\u0131 oldu\u011fu kadar s\u00fcrekli dalga (cw) lazer kaynaklar\u0131n\u0131 \u00f6l\u00e7me olana\u011f\u0131 \u015feklindedir.[\/vc_column_text][vc_empty_space][\/vc_column][\/vc_row][vc_row][vc_column width=&#8221;1\/2&#8243;][vc_column_text]<strong>Yan\u0131t\u0131n g\u00fcce k\u0131yasla do\u011frusall\u0131\u011f\u0131<\/strong><\/p>\n<p>Blink sens\u00f6r\u00fcn yakla\u015f\u0131k 50 W de\u011ferine kadarki s\u00fcrekli dalga (CW) lazer radyasyonuna yan\u0131t\u0131 a\u015fa\u011f\u0131daki resimde g\u00f6sterilmektedir. Veriler, herhangi bir sonradan do\u011frusalla\u015ft\u0131rma olmadan Blink detekt\u00f6r\u00fcn\u00fcn \u00e7\u0131k\u0131\u015f sinyalini g\u00f6stermektedir. Kesik \u00e7izgi, 0,9998 de\u011ferinde bir R katsay\u0131s\u0131yla \u00f6l\u00e7\u00fclen aral\u0131k i\u00e7indeki detekt\u00f6r\u00fcn do\u011frusall\u0131\u011f\u0131n\u0131 nicel hale getiren do\u011frusal oturmay\u0131 g\u00f6sterir. \u0130yi bir do\u011frusall\u0131\u011fa sahip olmak, imal edilmesinden sonra detekt\u00f6r\u00fcn kalibrasyonu a\u00e7\u0131s\u0131ndan hayati \u00f6nem ta\u015f\u0131r.[\/vc_column_text][\/vc_column][vc_column width=&#8221;1\/2&#8243;][vc_single_image image=&#8221;2880&#8243; img_size=&#8221;full&#8221; alignment=&#8221;center&#8221;][\/vc_column][\/vc_row][vc_row][vc_column width=&#8221;1\/2&#8243;][vc_column_text]<strong>Yan\u0131t\u0131n at\u0131m enerjisine k\u0131yasla do\u011frusall\u0131\u011f\u0131<\/strong><\/p>\n<p>Farkl\u0131 enerji ve at\u0131m s\u00fcrelerine sahip at\u0131mlara kar\u015f\u0131 detekt\u00f6r\u00fcn tepkisi a\u015fa\u011f\u0131daki resimde g\u00f6sterilmektedir. G\u00fc\u00e7 yo\u011funlu\u011fundan \u00f6l\u00e7\u00fcmlerin ba\u011f\u0131ms\u0131zl\u0131\u011f\u0131n\u0131 g\u00f6steren, enerji \u00f6l\u00e7\u00fcmlerinin at\u0131m s\u00fcresinden \u03c4P ba\u011f\u0131ms\u0131z olduklar\u0131 da ayn\u0131 resimde g\u00f6sterilmektedir. <\/p>\n<p>Gelen at\u0131m EP enerjisinin \u00f6l\u00e7\u00fcmleri nokta boyutundan ba\u011f\u0131ms\u0131zd\u0131r ve tespit edilen at\u0131mlar\u0131n enerji aral\u0131\u011f\u0131 10 uJ de\u011ferinden onlarca mJ de\u011ferine kadar de\u011fi\u015fmektedir.[\/vc_column_text][\/vc_column][vc_column width=&#8221;1\/2&#8243;][vc_single_image image=&#8221;2881&#8243; img_size=&#8221;full&#8221; alignment=&#8221;center&#8221;][\/vc_column][\/vc_row][vc_row][vc_column width=&#8221;1\/2&#8243;][vc_column_text]<strong>Yan\u0131t s\u00fcresi<\/strong><\/p>\n<p>Yan\u0131t s\u00fcresi i\u00e7in farkl\u0131 tan\u0131mlamalar kullan\u0131labilir. Burada %0-%100 (\u03c4<g id=\"gid_0\">0-100<\/g>) yan\u0131t s\u00fcresi tan\u0131m\u0131n\u0131 kullan\u0131yoruz; bu, gelen lazer at\u0131m\u0131 sona erdikten sonra sinyal \u00e7\u0131k\u0131\u015f\u0131n\u0131 taban \u00e7izgisi seviyesine geri getirmek i\u00e7in detekt\u00f6r\u00fcn ihtiya\u00e7 duydu\u011fu s\u00fcredir. S\u00f6z konusu tan\u0131m\u0131n se\u00e7ilmesinin nedeni, lazer at\u0131mlar\u0131 dizisinin detekt\u00f6r taraf\u0131ndan maksimum \u00f6l\u00e7\u00fclebilir frekans\u0131n\u0131n f<g id=\"gid_1\">max<\/g> = 1\/\u03c4<g id=\"gid_2\">0-100<\/g> form\u00fcl\u00fcyle tan\u0131mlanmas\u0131d\u0131r.  <\/p>\n<p>A\u015fa\u011f\u0131daki resimde, 4 ns at\u0131m s\u00fcresi ve 1 MHz tekrarlama oran\u0131na sahip lazer at\u0131m\u0131 dizilerine h\u0131zl\u0131 yan\u0131t veren detekt\u00f6r g\u00f6sterilmektedir.[\/vc_column_text][\/vc_column][vc_column width=&#8221;1\/2&#8243;][vc_single_image image=&#8221;2882&#8243; img_size=&#8221;full&#8221; alignment=&#8221;center&#8221;][\/vc_column][\/vc_row][vc_row][vc_column width=&#8221;1\/2&#8243;][vc_column_text]<strong>Optik yan\u0131t ve hasar e\u015fi\u011fi<\/strong><\/p>\n<p>LITV etkisinin termal niteli\u011fi, elektromanyetik radyasyonun so\u011furularak so\u011furma kaplamas\u0131 taraf\u0131ndan \u0131s\u0131ya d\u00f6n\u00fc\u015ft\u00fcr\u00fclmesi ko\u015fuluyla, detekt\u00f6r\u00fcn gelen radyasyonun geni\u015f bant dalga boyu aral\u0131\u011f\u0131nda \u00e7al\u0131\u015fmas\u0131na olanak tan\u0131r.<\/p>\n<p>Kaplaman\u0131n \u00f6nemli \u00f6zelliklerinden biri, detekt\u00f6r\u00fcn basit kalibrasyonu a\u00e7\u0131s\u0131ndan b\u00fcy\u00fck \u00f6nem ta\u015f\u0131yan spektral d\u00fczl\u00fc\u011f\u00fcd\u00fcr. Detekt\u00f6r\u00fcn optik yans\u0131t\u0131c\u0131l\u0131\u011f\u0131 resimde g\u00f6sterilmektedir. Tam \u00f6l\u00e7\u00fcm aral\u0131\u011f\u0131nda, yani 250 nm&#8217;den 1100 nm&#8217;ye kadar yans\u0131t\u0131c\u0131l\u0131k e\u011frisi p\u00fcr\u00fczs\u00fcz ve genel olarak g\u00f6reli d\u00fcz davran\u0131\u015f sergiler.  <\/p>\n<p>En h\u0131zl\u0131 yap\u0131land\u0131rmas\u0131nda, yani 1 MHz bant geni\u015fli\u011fi ile detekt\u00f6r\u00fcn hasar e\u015fi\u011finin 200 ns&#8217;lik at\u0131mlarda 30 mJ\/cm2\/at\u0131m de\u011ferinden b\u00fcy\u00fck oldu\u011fu bulunmu\u015ftur.<\/p>\n<p>[\/vc_column_text][\/vc_column][vc_column width=&#8221;1\/2&#8243;][vc_single_image image=&#8221;2883&#8243; img_size=&#8221;full&#8221; alignment=&#8221;center&#8221;][\/vc_column][\/vc_row][vc_row][vc_column][vc_empty_space][vc_custom_heading text=&#8221;Blink serisi &#8211; Genel So\u011furma e\u011frileri&#8221; use_theme_fonts=&#8221;yes&#8221;][vc_single_image image=&#8221;4188&#8243; img_size=&#8221;large&#8221;][vc_single_image image=&#8221;4189&#8243; img_size=&#8221;large&#8221;][\/vc_column][\/vc_row]<\/p>\n<\/div>","protected":false},"excerpt":{"rendered":"<p>[vc_row][vc_column width=&#8221;1\/2&#8243;][vc_column_text]Blink sens\u00f6r serisi i\u00e7in Y\u00fcksek H\u0131zl\u0131 Termopiller Laser Point taraf\u0131ndan geli\u015ftirilen bu \u00e7ok yeni patentli teknolojileri temel alan y\u00fcksek h\u0131zl\u0131 termal sens\u00f6rler, s\u00fcrekli dalga (CW) lazerlerin g\u00fc\u00e7 \u00e7\u0131k\u0131\u015f\u0131n\u0131 da \u00f6l\u00e7me \u00f6zelli\u011fi kazand\u0131racak \u015fekilde, MHz aral\u0131\u011f\u0131na kadarki tekrarlamal\u0131 frekanslara sahip tek lazer at\u0131mlar\u0131n\u0131n enerjisini \u00f6l\u00e7ebilmektedirler. \u00dcstelik, bu sens\u00f6rlerin termal niteli\u011fi, mor \u00f6tesinden (UV) THz&#8217;ye kadar&hellip;<\/p>\n","protected":false},"author":1,"featured_media":0,"parent":14540,"menu_order":0,"comment_status":"closed","ping_status":"closed","template":"","meta":{"footnotes":""},"acf":[],"yoast_head":"<!-- This site is optimized with the Yoast SEO plugin v22.2 - https:\/\/yoast.com\/wordpress\/plugins\/seo\/ -->\n<title>Y\u00fcksek H\u0131zl\u0131 Termopiller - Laserpoint<\/title>\n<meta name=\"robots\" content=\"index, follow, max-snippet:-1, max-image-preview:large, max-video-preview:-1\" \/>\n<link rel=\"canonical\" href=\"https:\/\/www.laserpoint.eu\/tr\/teknolojiler\/yuksek-hizli-termopiller\/\" \/>\n<meta property=\"og:locale\" content=\"tr_TR\" \/>\n<meta property=\"og:type\" content=\"article\" \/>\n<meta property=\"og:title\" content=\"Y\u00fcksek H\u0131zl\u0131 Termopiller - Laserpoint\" \/>\n<meta property=\"og:description\" content=\"[vc_row][vc_column width=&#8221;1\/2&#8243;][vc_column_text]Blink sens\u00f6r serisi i\u00e7in Y\u00fcksek H\u0131zl\u0131 Termopiller Laser Point taraf\u0131ndan geli\u015ftirilen bu \u00e7ok yeni patentli teknolojileri temel alan y\u00fcksek h\u0131zl\u0131 termal sens\u00f6rler, s\u00fcrekli dalga (CW) lazerlerin g\u00fc\u00e7 \u00e7\u0131k\u0131\u015f\u0131n\u0131 da \u00f6l\u00e7me \u00f6zelli\u011fi kazand\u0131racak \u015fekilde, MHz aral\u0131\u011f\u0131na kadarki tekrarlamal\u0131 frekanslara sahip tek lazer at\u0131mlar\u0131n\u0131n enerjisini \u00f6l\u00e7ebilmektedirler. \u00dcstelik, bu sens\u00f6rlerin termal niteli\u011fi, mor \u00f6tesinden (UV) THz&#8217;ye kadar&hellip;\" \/>\n<meta property=\"og:url\" content=\"https:\/\/www.laserpoint.eu\/tr\/teknolojiler\/yuksek-hizli-termopiller\/\" \/>\n<meta property=\"og:site_name\" content=\"Laserpoint\" \/>\n<meta property=\"article:modified_time\" content=\"2020-09-20T12:35:05+00:00\" \/>\n<meta name=\"twitter:card\" content=\"summary_large_image\" \/>\n<meta name=\"twitter:label1\" content=\"Tahmini okuma s\u00fcresi\" \/>\n\t<meta name=\"twitter:data1\" content=\"6 dakika\" \/>\n<script type=\"application\/ld+json\" class=\"yoast-schema-graph\">{\"@context\":\"https:\/\/schema.org\",\"@graph\":[{\"@type\":\"WebPage\",\"@id\":\"https:\/\/www.laserpoint.eu\/tr\/teknolojiler\/yuksek-hizli-termopiller\/\",\"url\":\"https:\/\/www.laserpoint.eu\/tr\/teknolojiler\/yuksek-hizli-termopiller\/\",\"name\":\"Y\u00fcksek H\u0131zl\u0131 Termopiller - Laserpoint\",\"isPartOf\":{\"@id\":\"https:\/\/www.laserpoint.eu\/tr\/#website\"},\"datePublished\":\"2020-09-20T12:35:01+00:00\",\"dateModified\":\"2020-09-20T12:35:05+00:00\",\"breadcrumb\":{\"@id\":\"https:\/\/www.laserpoint.eu\/tr\/teknolojiler\/yuksek-hizli-termopiller\/#breadcrumb\"},\"inLanguage\":\"tr\",\"potentialAction\":[{\"@type\":\"ReadAction\",\"target\":[\"https:\/\/www.laserpoint.eu\/tr\/teknolojiler\/yuksek-hizli-termopiller\/\"]}]},{\"@type\":\"BreadcrumbList\",\"@id\":\"https:\/\/www.laserpoint.eu\/tr\/teknolojiler\/yuksek-hizli-termopiller\/#breadcrumb\",\"itemListElement\":[{\"@type\":\"ListItem\",\"position\":1,\"name\":\"Home\",\"item\":\"https:\/\/www.laserpoint.eu\/tr\/\"},{\"@type\":\"ListItem\",\"position\":2,\"name\":\"Teknolojiler\",\"item\":\"https:\/\/www.laserpoint.eu\/tr\/teknolojiler\/\"},{\"@type\":\"ListItem\",\"position\":3,\"name\":\"Y\u00fcksek H\u0131zl\u0131 Termopiller\"}]},{\"@type\":\"WebSite\",\"@id\":\"https:\/\/www.laserpoint.eu\/tr\/#website\",\"url\":\"https:\/\/www.laserpoint.eu\/tr\/\",\"name\":\"Laserpoint\",\"description\":\"Development and manufacturing of laser measurement instruments\",\"publisher\":{\"@id\":\"https:\/\/www.laserpoint.eu\/tr\/#organization\"},\"potentialAction\":[{\"@type\":\"SearchAction\",\"target\":{\"@type\":\"EntryPoint\",\"urlTemplate\":\"https:\/\/www.laserpoint.eu\/tr\/?s={search_term_string}\"},\"query-input\":\"required name=search_term_string\"}],\"inLanguage\":\"tr\"},{\"@type\":\"Organization\",\"@id\":\"https:\/\/www.laserpoint.eu\/tr\/#organization\",\"name\":\"Laserpoint\",\"url\":\"https:\/\/www.laserpoint.eu\/tr\/\",\"logo\":{\"@type\":\"ImageObject\",\"inLanguage\":\"tr\",\"@id\":\"https:\/\/www.laserpoint.eu\/tr\/#\/schema\/logo\/image\/\",\"url\":\"https:\/\/www.laserpoint.eu\/wp-content\/uploads\/laserpoint-logo.png\",\"contentUrl\":\"https:\/\/www.laserpoint.eu\/wp-content\/uploads\/laserpoint-logo.png\",\"width\":520,\"height\":84,\"caption\":\"Laserpoint\"},\"image\":{\"@id\":\"https:\/\/www.laserpoint.eu\/tr\/#\/schema\/logo\/image\/\"}}]}<\/script>\n<!-- \/ Yoast SEO plugin. -->","yoast_head_json":{"title":"Y\u00fcksek H\u0131zl\u0131 Termopiller - Laserpoint","robots":{"index":"index","follow":"follow","max-snippet":"max-snippet:-1","max-image-preview":"max-image-preview:large","max-video-preview":"max-video-preview:-1"},"canonical":"https:\/\/www.laserpoint.eu\/tr\/teknolojiler\/yuksek-hizli-termopiller\/","og_locale":"tr_TR","og_type":"article","og_title":"Y\u00fcksek H\u0131zl\u0131 Termopiller - Laserpoint","og_description":"[vc_row][vc_column width=&#8221;1\/2&#8243;][vc_column_text]Blink sens\u00f6r serisi i\u00e7in Y\u00fcksek H\u0131zl\u0131 Termopiller Laser Point taraf\u0131ndan geli\u015ftirilen bu \u00e7ok yeni patentli teknolojileri temel alan y\u00fcksek h\u0131zl\u0131 termal sens\u00f6rler, s\u00fcrekli dalga (CW) lazerlerin g\u00fc\u00e7 \u00e7\u0131k\u0131\u015f\u0131n\u0131 da \u00f6l\u00e7me \u00f6zelli\u011fi kazand\u0131racak \u015fekilde, MHz aral\u0131\u011f\u0131na kadarki tekrarlamal\u0131 frekanslara sahip tek lazer at\u0131mlar\u0131n\u0131n enerjisini \u00f6l\u00e7ebilmektedirler. \u00dcstelik, bu sens\u00f6rlerin termal niteli\u011fi, mor \u00f6tesinden (UV) THz&#8217;ye kadar&hellip;","og_url":"https:\/\/www.laserpoint.eu\/tr\/teknolojiler\/yuksek-hizli-termopiller\/","og_site_name":"Laserpoint","article_modified_time":"2020-09-20T12:35:05+00:00","twitter_card":"summary_large_image","twitter_misc":{"Tahmini okuma s\u00fcresi":"6 dakika"},"schema":{"@context":"https:\/\/schema.org","@graph":[{"@type":"WebPage","@id":"https:\/\/www.laserpoint.eu\/tr\/teknolojiler\/yuksek-hizli-termopiller\/","url":"https:\/\/www.laserpoint.eu\/tr\/teknolojiler\/yuksek-hizli-termopiller\/","name":"Y\u00fcksek H\u0131zl\u0131 Termopiller - Laserpoint","isPartOf":{"@id":"https:\/\/www.laserpoint.eu\/tr\/#website"},"datePublished":"2020-09-20T12:35:01+00:00","dateModified":"2020-09-20T12:35:05+00:00","breadcrumb":{"@id":"https:\/\/www.laserpoint.eu\/tr\/teknolojiler\/yuksek-hizli-termopiller\/#breadcrumb"},"inLanguage":"tr","potentialAction":[{"@type":"ReadAction","target":["https:\/\/www.laserpoint.eu\/tr\/teknolojiler\/yuksek-hizli-termopiller\/"]}]},{"@type":"BreadcrumbList","@id":"https:\/\/www.laserpoint.eu\/tr\/teknolojiler\/yuksek-hizli-termopiller\/#breadcrumb","itemListElement":[{"@type":"ListItem","position":1,"name":"Home","item":"https:\/\/www.laserpoint.eu\/tr\/"},{"@type":"ListItem","position":2,"name":"Teknolojiler","item":"https:\/\/www.laserpoint.eu\/tr\/teknolojiler\/"},{"@type":"ListItem","position":3,"name":"Y\u00fcksek H\u0131zl\u0131 Termopiller"}]},{"@type":"WebSite","@id":"https:\/\/www.laserpoint.eu\/tr\/#website","url":"https:\/\/www.laserpoint.eu\/tr\/","name":"Laserpoint","description":"Development and manufacturing of laser measurement instruments","publisher":{"@id":"https:\/\/www.laserpoint.eu\/tr\/#organization"},"potentialAction":[{"@type":"SearchAction","target":{"@type":"EntryPoint","urlTemplate":"https:\/\/www.laserpoint.eu\/tr\/?s={search_term_string}"},"query-input":"required name=search_term_string"}],"inLanguage":"tr"},{"@type":"Organization","@id":"https:\/\/www.laserpoint.eu\/tr\/#organization","name":"Laserpoint","url":"https:\/\/www.laserpoint.eu\/tr\/","logo":{"@type":"ImageObject","inLanguage":"tr","@id":"https:\/\/www.laserpoint.eu\/tr\/#\/schema\/logo\/image\/","url":"https:\/\/www.laserpoint.eu\/wp-content\/uploads\/laserpoint-logo.png","contentUrl":"https:\/\/www.laserpoint.eu\/wp-content\/uploads\/laserpoint-logo.png","width":520,"height":84,"caption":"Laserpoint"},"image":{"@id":"https:\/\/www.laserpoint.eu\/tr\/#\/schema\/logo\/image\/"}}]}},"_links":{"self":[{"href":"https:\/\/www.laserpoint.eu\/tr\/wp-json\/wp\/v2\/pages\/14306"}],"collection":[{"href":"https:\/\/www.laserpoint.eu\/tr\/wp-json\/wp\/v2\/pages"}],"about":[{"href":"https:\/\/www.laserpoint.eu\/tr\/wp-json\/wp\/v2\/types\/page"}],"author":[{"embeddable":true,"href":"https:\/\/www.laserpoint.eu\/tr\/wp-json\/wp\/v2\/users\/1"}],"replies":[{"embeddable":true,"href":"https:\/\/www.laserpoint.eu\/tr\/wp-json\/wp\/v2\/comments?post=14306"}],"version-history":[{"count":7,"href":"https:\/\/www.laserpoint.eu\/tr\/wp-json\/wp\/v2\/pages\/14306\/revisions"}],"predecessor-version":[{"id":14317,"href":"https:\/\/www.laserpoint.eu\/tr\/wp-json\/wp\/v2\/pages\/14306\/revisions\/14317"}],"up":[{"embeddable":true,"href":"https:\/\/www.laserpoint.eu\/tr\/wp-json\/wp\/v2\/pages\/14540"}],"wp:attachment":[{"href":"https:\/\/www.laserpoint.eu\/tr\/wp-json\/wp\/v2\/media?parent=14306"}],"curies":[{"name":"wp","href":"https:\/\/api.w.org\/{rel}","templated":true}]}}