{"id":14507,"date":"2020-03-12T14:32:41","date_gmt":"2020-03-12T13:32:41","guid":{"rendered":"https:\/\/www.laserpoint.eu\/distributorler\/europe\/"},"modified":"2024-12-13T12:04:27","modified_gmt":"2024-12-13T11:04:27","slug":"europe","status":"publish","type":"page","link":"https:\/\/www.laserpoint.eu\/tr\/bize-ulasin\/distributorler\/europe\/","title":{"rendered":"Europe"},"content":{"rendered":"<div class=\"wpb-content-wrapper\"><p>[vc_row type=&#8221;vc_default&#8221; content_placement=&#8221;middle&#8221;][vc_column width=&#8221;1\/2&#8243;][vc_column_text]<\/p>\n<h2>Benelux<\/h2>\n<h3>Lasoptic<\/h3>\n<p>Zuidstraat 14<br \/>\nB-8691 Beveren-aan-de-ijzer (Alveringem)<br \/>\nBelgium[\/vc_column_text][\/vc_column][vc_column width=&#8221;1\/2&#8243;][vc_column_text]<strong>Ilgili ki\u015fi : Mr. Michel Simon<\/strong><\/p>\n<p>Director<\/p>\n<p>Telefon ba\u011flant\u0131s\u0131 : +32 (0) 477 255548<br \/>\nE-mail: <a href=\"mailto:info@lasoptic.be\">info@lasoptic.be<\/a><br \/>\nWebsite: <a href=\"https:\/\/www.laserpoint.eu\/en\/distributors\/www.lasoptic.be\">www.lasoptic.be<\/a>[\/vc_column_text][\/vc_column][vc_column][vc_separator css=&#8221;.vc_custom_1584018848258{padding-top: 40px !important;}&#8221;][\/vc_column][\/vc_row][vc_row][vc_column width=&#8221;1\/2&#8243;][vc_column_text]<\/p>\n<h2>Czech Republic<\/h2>\n<h3><strong>Narran s.r.o.<\/strong><\/h3>\n<p>Bayerova 802\/33<br \/>\n60200 BRNO<br \/>\nCzech Republic[\/vc_column_text][\/vc_column][vc_column width=&#8221;1\/2&#8243;][vc_column_text]<strong>Ilgili ki\u015fi: Mr. Stanislav Tk\u00e1\u010d<\/strong><\/p>\n<p>Director<\/p>\n<p>Telefon ba\u011flant\u0131s\u0131: 0042 0511110511<br \/>\nE-mail: <a href=\"mailto:tkac@narran.cz\">tkac@narran.cz<\/a><br \/>\nWebsite: <a href=\"http:\/\/www.narran.cz\" data-loopstyle=\"link\">www.narran.cz<\/a>[\/vc_column_text][\/vc_column][vc_column][vc_separator][\/vc_column][\/vc_row][vc_row type=&#8221;vc_default&#8221; content_placement=&#8221;middle&#8221;][vc_column width=&#8221;1\/2&#8243;][vc_column_text]<\/p>\n<h2>France<\/h2>\n<h3>Opton Laser International<\/h3>\n<p>Z.A. Courtaboeuf<br \/>\n6, Avenue des Andes &#8211; B\u00e2timent 8<br \/>\n91940 Les Ulis \u2013 France[\/vc_column_text][\/vc_column][vc_column width=&#8221;1\/2&#8243;][vc_column_text]<strong>Ilgili ki\u015fi : Mr. Sylvain Martin<\/strong><\/p>\n<p class=\"top-card-layout__headline\">Sales Manager<\/p>\n<p>Telefon ba\u011flant\u0131s\u0131 : +33 169410405<br \/>\nE-mail: <a href=\"mailto:sylvain.martin@optonlaser.com\">sylvain.martin@optonlaser.com<\/a><br \/>\nWebsite: <a href=\"http:\/\/www.optonlaser.com\" target=\"_blank\" rel=\"noopener noreferrer\">www.optonlaser.com<\/a>[\/vc_column_text][\/vc_column][vc_column][vc_separator css=&#8221;.vc_custom_1584018916736{padding-top: 40px !important;}&#8221;][\/vc_column][\/vc_row][vc_row type=&#8221;vc_default&#8221; content_placement=&#8221;middle&#8221; css=&#8221;.vc_custom_1584018997412{padding-top: 40px !important;}&#8221;][vc_column width=&#8221;1\/2&#8243;][vc_column_text]<\/p>\n<h2>Germany, Austria and Switzerland<\/h2>\n<h3>SOLITON LASER UND MESSTECHNIK GMBH<\/h3>\n<p>Talhofstra\u00dfe 32<br \/>\n82205 Gilching<br \/>\nGermany[\/vc_column_text][\/vc_column][vc_column width=&#8221;1\/2&#8243;][vc_column_text]<strong>Ilgili ki\u015fi: Mr. Markus Eib<\/strong><\/p>\n<p>Sales Manager<\/p>\n<p>Telefon ba\u011flant\u0131s\u0131: +49 (0)8105-7792-40<br \/>\nE-mail: <a href=\"mailto:m.eib@soliton-gmbh.de\" rel=\"noreferrer\">m.eib@soliton-gmbh.de<\/a><br \/>\nWebsite: <a href=\"https:\/\/www.soliton-gmbh.de\/\">www.soliton-gmbh.de<\/a>[\/vc_column_text][\/vc_column][vc_column][vc_separator css=&#8221;.vc_custom_1584019014437{padding-top: 40px !important;}&#8221;][\/vc_column][\/vc_row][vc_row type=&#8221;vc_default&#8221; content_placement=&#8221;middle&#8221;][vc_column width=&#8221;1\/2&#8243;][vc_column_text]<\/p>\n<h2>Scandinavia<\/h2>\n<h3>Acal BFi Nordic AB<\/h3>\n<p>P.O. BOX 3002<br \/>\nSE-750 03 Uppsala<br \/>\nSweden[\/vc_column_text][\/vc_column][vc_column width=&#8221;1\/2&#8243;][vc_column_text]<strong>Ilgili ki\u015fi : Mr. Anders Andersson<\/strong><\/p>\n<p>Field Sales Engineer, Photonics<\/p>\n<p>Telefon ba\u011flant\u0131s\u0131: +46 (0) 1856 5830<br \/>\nE-mail: <a href=\"mailto:anders.andersson@acalbfi.se\">anders.andersson@acalbfi.se<\/a><br \/>\nWebsite: <a href=\"http:\/\/www.acalbfi.se\/\">www.acalbfi.se<\/a>[\/vc_column_text][\/vc_column][vc_column][vc_separator css=&#8221;.vc_custom_1584019357084{padding-top: 40px !important;}&#8221;][\/vc_column][\/vc_row][vc_row type=&#8221;vc_default&#8221; content_placement=&#8221;middle&#8221;][vc_column width=&#8221;1\/2&#8243;][vc_column_text]<\/p>\n<h2>Spain and Portugal<\/h2>\n<h3>ProCareLight S.L.<\/h3>\n<p>Passeig Ferrocarril 337, 1C, of. 3<br \/>\n28860 Castelldefels (Bcn)<br \/>\nSpain[\/vc_column_text][\/vc_column][vc_column width=&#8221;1\/2&#8243;][vc_column_text]Ilgili ki\u015fi: <strong>Mr. Juan Luis Vadillo<\/strong><\/p>\n<p>Sales Manager<\/p>\n<p>Telefon ba\u011flant\u0131s\u0131: +34 605 024 420<br \/>\nE-mail: <a href=\"mailto:jl.vadillo@procarelight.com\">jl.vadillo@procarelight.com<\/a><br \/>\nWebsite: <a href=\"http:\/\/www.procarelight.com\" target=\"_blank\" rel=\"noopener noreferrer\">www.procarelight.com<\/a>[\/vc_column_text][\/vc_column][vc_column][vc_separator css=&#8221;.vc_custom_1584019077353{padding-top: 40px !important;}&#8221;][\/vc_column][\/vc_row][vc_row type=&#8221;vc_default&#8221; content_placement=&#8221;middle&#8221;][vc_column width=&#8221;1\/2&#8243;][vc_column_text]<\/p>\n<h2>UK<\/h2>\n<h3>Laser 2000 UK Ltd<\/h3>\n<p>Unit 9, Avro Court<br \/>\nErmine Business Park<br \/>\nHuntingdon, Cambridshire, PE29 6XS<br \/>\nUnited Kingdom[\/vc_column_text][\/vc_column][vc_column width=&#8221;1\/2&#8243;][vc_column_text]<strong>Ilgili ki\u015fi: Mr. Paul Williams<\/strong><\/p>\n<p>Sales Manager<\/p>\n<p>Telefon ba\u011flant\u0131s\u0131: +44 (0) 1933 461 666<br \/>\nE-mail: <a href=\"mailto:PaulW@laser2000.co.uk\">PaulW@laser2000.co.uk<\/a><br \/>\nWebsite: <a href=\"http:\/\/www.laser2000.co.uk\/\" target=\"_blank\" rel=\"noopener noreferrer\">www.laser2000.co.uk<\/a>[\/vc_column_text][\/vc_column][vc_column][vc_separator css=&#8221;.vc_custom_1598529715817{padding-top: 40px !important;}&#8221;][\/vc_column][\/vc_row][vc_row type=&#8221;vc_default&#8221; content_placement=&#8221;middle&#8221;][vc_column width=&#8221;1\/2&#8243;][vc_column_text]<\/p>\n<h2>UK<\/h2>\n<h3>Photonics Express Ltd<\/h3>\n<p>6 Veales Road,<br \/>\nKingsbridge, TQ7 1EX<br \/>\nUnited Kingdom[\/vc_column_text][\/vc_column][vc_column width=&#8221;1\/2&#8243;][vc_column_text]<strong>Ilgili ki\u015fi: Mr. Mark Thompson<\/strong><\/p>\n<p>Managing Director<\/p>\n<p>Telefon ba\u011flant\u0131s\u0131: +44 (0) 7523 06 79 71<br \/>\nE-mail: <a href=\"mailto:sales@photonicsexpress.com\">sales@photonicsexpress.com<\/a><br \/>\nWebsite: <a href=\"http:\/\/www.photonicsexpress.com\">www.photonicsexpress.com<\/a>[\/vc_column_text][\/vc_column][vc_column][vc_separator css=&#8221;.vc_custom_1598529715817{padding-top: 40px !important;}&#8221;][\/vc_column][\/vc_row][vc_row][vc_column][vc_separator][\/vc_column][\/vc_row]<\/p>\n<\/div>","protected":false},"excerpt":{"rendered":"<p>[vc_row type=&#8221;vc_default&#8221; content_placement=&#8221;middle&#8221;][vc_column width=&#8221;1\/2&#8243;][vc_column_text] Benelux Lasoptic Zuidstraat 14 B-8691 Beveren-aan-de-ijzer (Alveringem) Belgium[\/vc_column_text][\/vc_column][vc_column width=&#8221;1\/2&#8243;][vc_column_text]Ilgili ki\u015fi : Mr. Michel Simon Director Telefon ba\u011flant\u0131s\u0131 : +32 (0) 477 255548 E-mail: info@lasoptic.be Website: www.lasoptic.be[\/vc_column_text][\/vc_column][vc_column][vc_separator css=&#8221;.vc_custom_1584018848258{padding-top: 40px !important;}&#8221;][\/vc_column][\/vc_row][vc_row][vc_column width=&#8221;1\/2&#8243;][vc_column_text] Czech Republic Narran s.r.o. Bayerova 802\/33 60200 BRNO Czech Republic[\/vc_column_text][\/vc_column][vc_column width=&#8221;1\/2&#8243;][vc_column_text]Ilgili ki\u015fi: Mr. Stanislav Tk\u00e1\u010d Director Telefon ba\u011flant\u0131s\u0131: 0042 0511110511 E-mail:&hellip;<\/p>\n","protected":false},"author":1,"featured_media":0,"parent":14421,"menu_order":0,"comment_status":"closed","ping_status":"closed","template":"","meta":{"footnotes":""},"acf":[],"yoast_head":"<!-- This site is optimized with the Yoast SEO plugin v22.2 - https:\/\/yoast.com\/wordpress\/plugins\/seo\/ -->\n<title>Europe - Laserpoint<\/title>\n<meta name=\"robots\" content=\"index, follow, max-snippet:-1, max-image-preview:large, max-video-preview:-1\" \/>\n<link rel=\"canonical\" href=\"https:\/\/www.laserpoint.eu\/tr\/bize-ulasin\/distributorler\/europe\/\" \/>\n<meta property=\"og:locale\" content=\"tr_TR\" \/>\n<meta property=\"og:type\" content=\"article\" \/>\n<meta property=\"og:title\" content=\"Europe - Laserpoint\" \/>\n<meta property=\"og:description\" content=\"[vc_row type=&#8221;vc_default&#8221; content_placement=&#8221;middle&#8221;][vc_column width=&#8221;1\/2&#8243;][vc_column_text] Benelux Lasoptic Zuidstraat 14 B-8691 Beveren-aan-de-ijzer (Alveringem) Belgium[\/vc_column_text][\/vc_column][vc_column width=&#8221;1\/2&#8243;][vc_column_text]Ilgili ki\u015fi : Mr. Michel Simon Director Telefon ba\u011flant\u0131s\u0131 : +32 (0) 477 255548 E-mail: info@lasoptic.be Website: www.lasoptic.be[\/vc_column_text][\/vc_column][vc_column][vc_separator css=&#8221;.vc_custom_1584018848258{padding-top: 40px !important;}&#8221;][\/vc_column][\/vc_row][vc_row][vc_column width=&#8221;1\/2&#8243;][vc_column_text] Czech Republic Narran s.r.o. Bayerova 802\/33 60200 BRNO Czech Republic[\/vc_column_text][\/vc_column][vc_column width=&#8221;1\/2&#8243;][vc_column_text]Ilgili ki\u015fi: Mr. Stanislav Tk\u00e1\u010d Director Telefon ba\u011flant\u0131s\u0131: 0042 0511110511 E-mail:&hellip;\" \/>\n<meta property=\"og:url\" content=\"https:\/\/www.laserpoint.eu\/tr\/bize-ulasin\/distributorler\/europe\/\" \/>\n<meta property=\"og:site_name\" content=\"Laserpoint\" \/>\n<meta property=\"article:modified_time\" content=\"2024-12-13T11:04:27+00:00\" \/>\n<meta name=\"twitter:card\" content=\"summary_large_image\" \/>\n<meta name=\"twitter:label1\" content=\"Tahmini okuma s\u00fcresi\" \/>\n\t<meta name=\"twitter:data1\" content=\"2 dakika\" \/>\n<script type=\"application\/ld+json\" class=\"yoast-schema-graph\">{\"@context\":\"https:\/\/schema.org\",\"@graph\":[{\"@type\":\"WebPage\",\"@id\":\"https:\/\/www.laserpoint.eu\/tr\/bize-ulasin\/distributorler\/europe\/\",\"url\":\"https:\/\/www.laserpoint.eu\/tr\/bize-ulasin\/distributorler\/europe\/\",\"name\":\"Europe - Laserpoint\",\"isPartOf\":{\"@id\":\"https:\/\/www.laserpoint.eu\/tr\/#website\"},\"datePublished\":\"2020-03-12T13:32:41+00:00\",\"dateModified\":\"2024-12-13T11:04:27+00:00\",\"breadcrumb\":{\"@id\":\"https:\/\/www.laserpoint.eu\/tr\/bize-ulasin\/distributorler\/europe\/#breadcrumb\"},\"inLanguage\":\"tr\",\"potentialAction\":[{\"@type\":\"ReadAction\",\"target\":[\"https:\/\/www.laserpoint.eu\/tr\/bize-ulasin\/distributorler\/europe\/\"]}]},{\"@type\":\"BreadcrumbList\",\"@id\":\"https:\/\/www.laserpoint.eu\/tr\/bize-ulasin\/distributorler\/europe\/#breadcrumb\",\"itemListElement\":[{\"@type\":\"ListItem\",\"position\":1,\"name\":\"Home\",\"item\":\"https:\/\/www.laserpoint.eu\/tr\/\"},{\"@type\":\"ListItem\",\"position\":2,\"name\":\"Bize Ula\u015f\u0131n\",\"item\":\"https:\/\/www.laserpoint.eu\/tr\/bize-ulasin\/\"},{\"@type\":\"ListItem\",\"position\":3,\"name\":\"Distrib\u00fct\u00f6rler\",\"item\":\"https:\/\/www.laserpoint.eu\/tr\/bize-ulasin\/distributorler\/\"},{\"@type\":\"ListItem\",\"position\":4,\"name\":\"Europe\"}]},{\"@type\":\"WebSite\",\"@id\":\"https:\/\/www.laserpoint.eu\/tr\/#website\",\"url\":\"https:\/\/www.laserpoint.eu\/tr\/\",\"name\":\"Laserpoint\",\"description\":\"Development and manufacturing of laser measurement instruments\",\"publisher\":{\"@id\":\"https:\/\/www.laserpoint.eu\/tr\/#organization\"},\"potentialAction\":[{\"@type\":\"SearchAction\",\"target\":{\"@type\":\"EntryPoint\",\"urlTemplate\":\"https:\/\/www.laserpoint.eu\/tr\/?s={search_term_string}\"},\"query-input\":\"required name=search_term_string\"}],\"inLanguage\":\"tr\"},{\"@type\":\"Organization\",\"@id\":\"https:\/\/www.laserpoint.eu\/tr\/#organization\",\"name\":\"Laserpoint\",\"url\":\"https:\/\/www.laserpoint.eu\/tr\/\",\"logo\":{\"@type\":\"ImageObject\",\"inLanguage\":\"tr\",\"@id\":\"https:\/\/www.laserpoint.eu\/tr\/#\/schema\/logo\/image\/\",\"url\":\"https:\/\/www.laserpoint.eu\/wp-content\/uploads\/laserpoint-logo.png\",\"contentUrl\":\"https:\/\/www.laserpoint.eu\/wp-content\/uploads\/laserpoint-logo.png\",\"width\":520,\"height\":84,\"caption\":\"Laserpoint\"},\"image\":{\"@id\":\"https:\/\/www.laserpoint.eu\/tr\/#\/schema\/logo\/image\/\"}}]}<\/script>\n<!-- \/ Yoast SEO plugin. -->","yoast_head_json":{"title":"Europe - Laserpoint","robots":{"index":"index","follow":"follow","max-snippet":"max-snippet:-1","max-image-preview":"max-image-preview:large","max-video-preview":"max-video-preview:-1"},"canonical":"https:\/\/www.laserpoint.eu\/tr\/bize-ulasin\/distributorler\/europe\/","og_locale":"tr_TR","og_type":"article","og_title":"Europe - Laserpoint","og_description":"[vc_row type=&#8221;vc_default&#8221; content_placement=&#8221;middle&#8221;][vc_column width=&#8221;1\/2&#8243;][vc_column_text] Benelux Lasoptic Zuidstraat 14 B-8691 Beveren-aan-de-ijzer (Alveringem) Belgium[\/vc_column_text][\/vc_column][vc_column width=&#8221;1\/2&#8243;][vc_column_text]Ilgili ki\u015fi : Mr. Michel Simon Director Telefon ba\u011flant\u0131s\u0131 : +32 (0) 477 255548 E-mail: info@lasoptic.be Website: www.lasoptic.be[\/vc_column_text][\/vc_column][vc_column][vc_separator css=&#8221;.vc_custom_1584018848258{padding-top: 40px !important;}&#8221;][\/vc_column][\/vc_row][vc_row][vc_column width=&#8221;1\/2&#8243;][vc_column_text] Czech Republic Narran s.r.o. Bayerova 802\/33 60200 BRNO Czech Republic[\/vc_column_text][\/vc_column][vc_column width=&#8221;1\/2&#8243;][vc_column_text]Ilgili ki\u015fi: Mr. Stanislav Tk\u00e1\u010d Director Telefon ba\u011flant\u0131s\u0131: 0042 0511110511 E-mail:&hellip;","og_url":"https:\/\/www.laserpoint.eu\/tr\/bize-ulasin\/distributorler\/europe\/","og_site_name":"Laserpoint","article_modified_time":"2024-12-13T11:04:27+00:00","twitter_card":"summary_large_image","twitter_misc":{"Tahmini okuma s\u00fcresi":"2 dakika"},"schema":{"@context":"https:\/\/schema.org","@graph":[{"@type":"WebPage","@id":"https:\/\/www.laserpoint.eu\/tr\/bize-ulasin\/distributorler\/europe\/","url":"https:\/\/www.laserpoint.eu\/tr\/bize-ulasin\/distributorler\/europe\/","name":"Europe - Laserpoint","isPartOf":{"@id":"https:\/\/www.laserpoint.eu\/tr\/#website"},"datePublished":"2020-03-12T13:32:41+00:00","dateModified":"2024-12-13T11:04:27+00:00","breadcrumb":{"@id":"https:\/\/www.laserpoint.eu\/tr\/bize-ulasin\/distributorler\/europe\/#breadcrumb"},"inLanguage":"tr","potentialAction":[{"@type":"ReadAction","target":["https:\/\/www.laserpoint.eu\/tr\/bize-ulasin\/distributorler\/europe\/"]}]},{"@type":"BreadcrumbList","@id":"https:\/\/www.laserpoint.eu\/tr\/bize-ulasin\/distributorler\/europe\/#breadcrumb","itemListElement":[{"@type":"ListItem","position":1,"name":"Home","item":"https:\/\/www.laserpoint.eu\/tr\/"},{"@type":"ListItem","position":2,"name":"Bize Ula\u015f\u0131n","item":"https:\/\/www.laserpoint.eu\/tr\/bize-ulasin\/"},{"@type":"ListItem","position":3,"name":"Distrib\u00fct\u00f6rler","item":"https:\/\/www.laserpoint.eu\/tr\/bize-ulasin\/distributorler\/"},{"@type":"ListItem","position":4,"name":"Europe"}]},{"@type":"WebSite","@id":"https:\/\/www.laserpoint.eu\/tr\/#website","url":"https:\/\/www.laserpoint.eu\/tr\/","name":"Laserpoint","description":"Development and manufacturing of laser measurement instruments","publisher":{"@id":"https:\/\/www.laserpoint.eu\/tr\/#organization"},"potentialAction":[{"@type":"SearchAction","target":{"@type":"EntryPoint","urlTemplate":"https:\/\/www.laserpoint.eu\/tr\/?s={search_term_string}"},"query-input":"required name=search_term_string"}],"inLanguage":"tr"},{"@type":"Organization","@id":"https:\/\/www.laserpoint.eu\/tr\/#organization","name":"Laserpoint","url":"https:\/\/www.laserpoint.eu\/tr\/","logo":{"@type":"ImageObject","inLanguage":"tr","@id":"https:\/\/www.laserpoint.eu\/tr\/#\/schema\/logo\/image\/","url":"https:\/\/www.laserpoint.eu\/wp-content\/uploads\/laserpoint-logo.png","contentUrl":"https:\/\/www.laserpoint.eu\/wp-content\/uploads\/laserpoint-logo.png","width":520,"height":84,"caption":"Laserpoint"},"image":{"@id":"https:\/\/www.laserpoint.eu\/tr\/#\/schema\/logo\/image\/"}}]}},"_links":{"self":[{"href":"https:\/\/www.laserpoint.eu\/tr\/wp-json\/wp\/v2\/pages\/14507"}],"collection":[{"href":"https:\/\/www.laserpoint.eu\/tr\/wp-json\/wp\/v2\/pages"}],"about":[{"href":"https:\/\/www.laserpoint.eu\/tr\/wp-json\/wp\/v2\/types\/page"}],"author":[{"embeddable":true,"href":"https:\/\/www.laserpoint.eu\/tr\/wp-json\/wp\/v2\/users\/1"}],"replies":[{"embeddable":true,"href":"https:\/\/www.laserpoint.eu\/tr\/wp-json\/wp\/v2\/comments?post=14507"}],"version-history":[{"count":7,"href":"https:\/\/www.laserpoint.eu\/tr\/wp-json\/wp\/v2\/pages\/14507\/revisions"}],"predecessor-version":[{"id":67258,"href":"https:\/\/www.laserpoint.eu\/tr\/wp-json\/wp\/v2\/pages\/14507\/revisions\/67258"}],"up":[{"embeddable":true,"href":"https:\/\/www.laserpoint.eu\/tr\/wp-json\/wp\/v2\/pages\/14421"}],"wp:attachment":[{"href":"https:\/\/www.laserpoint.eu\/tr\/wp-json\/wp\/v2\/media?parent=14507"}],"curies":[{"name":"wp","href":"https:\/\/api.w.org\/{rel}","templated":true}]}}