{"id":50556,"date":"2021-11-08T14:57:05","date_gmt":"2021-11-08T13:57:05","guid":{"rendered":"https:\/\/www.laserpoint.eu\/laserpoint-ve-cevre-rohs-weee\/"},"modified":"2021-11-08T14:57:07","modified_gmt":"2021-11-08T13:57:07","slug":"laserpoint-ve-cevre-rohs-weee","status":"publish","type":"page","link":"https:\/\/www.laserpoint.eu\/tr\/laserpoint-ve-cevre-rohs-weee\/","title":{"rendered":"LaserPoint ve \u00e7evre: RoHS, WEEE"},"content":{"rendered":"<div class=\"wpb-content-wrapper\"><p>[vc_row][vc_column][vc_column_text]LaserPoint, \u00e7evre konusunda olduk\u00e7a dikkatli hareket etmekte olup, Avrupal\u0131 bir \u00dcretici olarak, Avrupa Birli\u011fi taraf\u0131ndan yay\u0131nlanan ilgili direktiflere derhal uyum sa\u011flamaktad\u0131r.<br \/>\nB\u00fct\u00fcn LaserPoint \u00fcr\u00fcnleri, RoHS ile uyumludur.<br \/>\nRoHS (Tehlikeli Maddelerin S\u0131n\u0131rland\u0131r\u0131lmas\u0131) direktifi, d\u00f6rt a\u011f\u0131r metal (kur\u015fun, kadmiyum, c\u0131va, alt\u0131 de\u011ferlikli krom) ile iki kategorideki bromlu alev geciktiricilerin (PBB&#8217;ler ve PBDE&#8217;ler) kullan\u0131m\u0131n\u0131 s\u0131n\u0131rland\u0131rmak amac\u0131yla Avrupa Birli\u011fi taraf\u0131ndan yay\u0131nlanm\u0131\u015ft\u0131r. RoHS direktifi, yukar\u0131da belirtilen alt\u0131 materyale ili\u015fkin asgari seviyeleri belirtir.<\/p>\n<p><img decoding=\"async\" loading=\"lazy\" class=\"alignleft\" src=\"https:\/\/www.laserpoint.eu\/wp-content\/uploads\/cert-rohs-compliant.png\" alt=\"RoHS sertifikas\u0131\" width=\"190\" height=\"280\">RoHS, insan sa\u011fl\u0131\u011f\u0131n\u0131n korunmas\u0131na gereken \u00f6nemi vererek her y\u0131l binlerce ton yasakl\u0131 maddenin at\u0131larak muhtemelen \u00e7evreye sal\u0131nmas\u0131n\u0131 \u00f6nler. Ayn\u0131 zamanda, imalat\u00e7\u0131lar\u0131n \u00fcr\u00fcn bile\u015fenleri ve toksisite konusundaki fark\u0131ndal\u0131klar\u0131n\u0131 art\u0131rarak, elektrikli ve elektronik \u00fcr\u00fcnlerin tasar\u0131m\u0131nda \u00f6nemli de\u011fi\u015fiklikler meydana getirmi\u015ftir. <\/p>\n<p>WEEE (Waste from Electrical and Electronic Equipment), Elektrikli ve Elektronik Cihazlardan Kaynaklanan At\u0131k ifadesinin k\u0131saltmas\u0131d\u0131r (2002\/96\/EC say\u0131l\u0131 Avrupa Parlamentosu Direktifi).<br \/>\nWEEE, elektrikli ve elektronik cihazlar\u0131n i\u015flenmesi, geri kazan\u0131m\u0131 ve geri d\u00f6n\u00fc\u015ft\u00fcr\u00fclmesini d\u00fczenler ve elektronik \u00fcr\u00fcnlerin \u00e7evre a\u00e7\u0131s\u0131ndan g\u00fcvenli \u015fekilde geri d\u00f6n\u00fc\u015ft\u00fcr\u00fclmesi ve geri kazan\u0131lmas\u0131n\u0131 g\u00f6z \u00f6n\u00fcnde bulundurarak tasarlanmas\u0131n\u0131 te\u015fvik etmeyi ama\u00e7lar.<br \/>\nAB pazar\u0131ndaki t\u00fcm \u00fcr\u00fcnlerin WEEE uyum kriterlerini sa\u011flamas\u0131 ve &#8220;Wheelie Bin&#8221; etiketini ta\u015f\u0131mas\u0131 gerekir.<br \/>\nRoHS, elektrikli ve elektronik cihazlarda kullan\u0131lan tehlikeli maddeleri d\u00fczenlerken, WEEE bu cihazlar\u0131n imha edilmesini d\u00fczenler.[\/vc_column_text][\/vc_column][\/vc_row]<\/p>\n<\/div>","protected":false},"excerpt":{"rendered":"<p>[vc_row][vc_column][vc_column_text]LaserPoint, \u00e7evre konusunda olduk\u00e7a dikkatli hareket etmekte olup, Avrupal\u0131 bir \u00dcretici olarak, Avrupa Birli\u011fi taraf\u0131ndan yay\u0131nlanan ilgili direktiflere derhal uyum sa\u011flamaktad\u0131r. B\u00fct\u00fcn LaserPoint \u00fcr\u00fcnleri, RoHS ile uyumludur. RoHS (Tehlikeli Maddelerin S\u0131n\u0131rland\u0131r\u0131lmas\u0131) direktifi, d\u00f6rt a\u011f\u0131r metal (kur\u015fun, kadmiyum, c\u0131va, alt\u0131 de\u011ferlikli krom) ile iki kategorideki bromlu alev geciktiricilerin (PBB&#8217;ler ve PBDE&#8217;ler) kullan\u0131m\u0131n\u0131 s\u0131n\u0131rland\u0131rmak amac\u0131yla Avrupa Birli\u011fi&hellip;<\/p>\n","protected":false},"author":1,"featured_media":0,"parent":0,"menu_order":0,"comment_status":"closed","ping_status":"closed","template":"","meta":{"footnotes":""},"acf":[],"yoast_head":"<!-- This site is optimized with the Yoast SEO plugin v22.2 - https:\/\/yoast.com\/wordpress\/plugins\/seo\/ -->\n<title>LaserPoint ve \u00e7evre: RoHS, WEEE - Laserpoint<\/title>\n<meta name=\"robots\" content=\"index, follow, max-snippet:-1, max-image-preview:large, max-video-preview:-1\" \/>\n<link rel=\"canonical\" href=\"https:\/\/www.laserpoint.eu\/tr\/laserpoint-ve-cevre-rohs-weee\/\" \/>\n<meta property=\"og:locale\" content=\"tr_TR\" \/>\n<meta property=\"og:type\" content=\"article\" \/>\n<meta property=\"og:title\" content=\"LaserPoint ve \u00e7evre: RoHS, WEEE - Laserpoint\" \/>\n<meta property=\"og:description\" content=\"[vc_row][vc_column][vc_column_text]LaserPoint, \u00e7evre konusunda olduk\u00e7a dikkatli hareket etmekte olup, Avrupal\u0131 bir \u00dcretici olarak, Avrupa Birli\u011fi taraf\u0131ndan yay\u0131nlanan ilgili direktiflere derhal uyum sa\u011flamaktad\u0131r. B\u00fct\u00fcn LaserPoint \u00fcr\u00fcnleri, RoHS ile uyumludur. RoHS (Tehlikeli Maddelerin S\u0131n\u0131rland\u0131r\u0131lmas\u0131) direktifi, d\u00f6rt a\u011f\u0131r metal (kur\u015fun, kadmiyum, c\u0131va, alt\u0131 de\u011ferlikli krom) ile iki kategorideki bromlu alev geciktiricilerin (PBB&#8217;ler ve PBDE&#8217;ler) kullan\u0131m\u0131n\u0131 s\u0131n\u0131rland\u0131rmak amac\u0131yla Avrupa Birli\u011fi&hellip;\" \/>\n<meta property=\"og:url\" content=\"https:\/\/www.laserpoint.eu\/tr\/laserpoint-ve-cevre-rohs-weee\/\" \/>\n<meta property=\"og:site_name\" content=\"Laserpoint\" \/>\n<meta property=\"article:modified_time\" content=\"2021-11-08T13:57:07+00:00\" \/>\n<meta property=\"og:image\" content=\"https:\/\/www.laserpoint.eu\/wp-content\/uploads\/cert-rohs-compliant.png\" \/>\n<meta name=\"twitter:card\" content=\"summary_large_image\" \/>\n<meta name=\"twitter:label1\" content=\"Tahmini okuma s\u00fcresi\" \/>\n\t<meta name=\"twitter:data1\" content=\"1 dakika\" \/>\n<script type=\"application\/ld+json\" class=\"yoast-schema-graph\">{\"@context\":\"https:\/\/schema.org\",\"@graph\":[{\"@type\":\"WebPage\",\"@id\":\"https:\/\/www.laserpoint.eu\/tr\/laserpoint-ve-cevre-rohs-weee\/\",\"url\":\"https:\/\/www.laserpoint.eu\/tr\/laserpoint-ve-cevre-rohs-weee\/\",\"name\":\"LaserPoint ve \u00e7evre: RoHS, WEEE - Laserpoint\",\"isPartOf\":{\"@id\":\"https:\/\/www.laserpoint.eu\/tr\/#website\"},\"primaryImageOfPage\":{\"@id\":\"https:\/\/www.laserpoint.eu\/tr\/laserpoint-ve-cevre-rohs-weee\/#primaryimage\"},\"image\":{\"@id\":\"https:\/\/www.laserpoint.eu\/tr\/laserpoint-ve-cevre-rohs-weee\/#primaryimage\"},\"thumbnailUrl\":\"https:\/\/www.laserpoint.eu\/wp-content\/uploads\/cert-rohs-compliant.png\",\"datePublished\":\"2021-11-08T13:57:05+00:00\",\"dateModified\":\"2021-11-08T13:57:07+00:00\",\"breadcrumb\":{\"@id\":\"https:\/\/www.laserpoint.eu\/tr\/laserpoint-ve-cevre-rohs-weee\/#breadcrumb\"},\"inLanguage\":\"tr\",\"potentialAction\":[{\"@type\":\"ReadAction\",\"target\":[\"https:\/\/www.laserpoint.eu\/tr\/laserpoint-ve-cevre-rohs-weee\/\"]}]},{\"@type\":\"ImageObject\",\"inLanguage\":\"tr\",\"@id\":\"https:\/\/www.laserpoint.eu\/tr\/laserpoint-ve-cevre-rohs-weee\/#primaryimage\",\"url\":\"https:\/\/www.laserpoint.eu\/wp-content\/uploads\/cert-rohs-compliant.png\",\"contentUrl\":\"https:\/\/www.laserpoint.eu\/wp-content\/uploads\/cert-rohs-compliant.png\",\"width\":190,\"height\":280},{\"@type\":\"BreadcrumbList\",\"@id\":\"https:\/\/www.laserpoint.eu\/tr\/laserpoint-ve-cevre-rohs-weee\/#breadcrumb\",\"itemListElement\":[{\"@type\":\"ListItem\",\"position\":1,\"name\":\"Home\",\"item\":\"https:\/\/www.laserpoint.eu\/tr\/\"},{\"@type\":\"ListItem\",\"position\":2,\"name\":\"LaserPoint ve \u00e7evre: RoHS, WEEE\"}]},{\"@type\":\"WebSite\",\"@id\":\"https:\/\/www.laserpoint.eu\/tr\/#website\",\"url\":\"https:\/\/www.laserpoint.eu\/tr\/\",\"name\":\"Laserpoint\",\"description\":\"Development and manufacturing of laser measurement instruments\",\"publisher\":{\"@id\":\"https:\/\/www.laserpoint.eu\/tr\/#organization\"},\"potentialAction\":[{\"@type\":\"SearchAction\",\"target\":{\"@type\":\"EntryPoint\",\"urlTemplate\":\"https:\/\/www.laserpoint.eu\/tr\/?s={search_term_string}\"},\"query-input\":\"required name=search_term_string\"}],\"inLanguage\":\"tr\"},{\"@type\":\"Organization\",\"@id\":\"https:\/\/www.laserpoint.eu\/tr\/#organization\",\"name\":\"Laserpoint\",\"url\":\"https:\/\/www.laserpoint.eu\/tr\/\",\"logo\":{\"@type\":\"ImageObject\",\"inLanguage\":\"tr\",\"@id\":\"https:\/\/www.laserpoint.eu\/tr\/#\/schema\/logo\/image\/\",\"url\":\"https:\/\/www.laserpoint.eu\/wp-content\/uploads\/laserpoint-logo.png\",\"contentUrl\":\"https:\/\/www.laserpoint.eu\/wp-content\/uploads\/laserpoint-logo.png\",\"width\":520,\"height\":84,\"caption\":\"Laserpoint\"},\"image\":{\"@id\":\"https:\/\/www.laserpoint.eu\/tr\/#\/schema\/logo\/image\/\"}}]}<\/script>\n<!-- \/ Yoast SEO plugin. -->","yoast_head_json":{"title":"LaserPoint ve \u00e7evre: RoHS, WEEE - Laserpoint","robots":{"index":"index","follow":"follow","max-snippet":"max-snippet:-1","max-image-preview":"max-image-preview:large","max-video-preview":"max-video-preview:-1"},"canonical":"https:\/\/www.laserpoint.eu\/tr\/laserpoint-ve-cevre-rohs-weee\/","og_locale":"tr_TR","og_type":"article","og_title":"LaserPoint ve \u00e7evre: RoHS, WEEE - Laserpoint","og_description":"[vc_row][vc_column][vc_column_text]LaserPoint, \u00e7evre konusunda olduk\u00e7a dikkatli hareket etmekte olup, Avrupal\u0131 bir \u00dcretici olarak, Avrupa Birli\u011fi taraf\u0131ndan yay\u0131nlanan ilgili direktiflere derhal uyum sa\u011flamaktad\u0131r. B\u00fct\u00fcn LaserPoint \u00fcr\u00fcnleri, RoHS ile uyumludur. RoHS (Tehlikeli Maddelerin S\u0131n\u0131rland\u0131r\u0131lmas\u0131) direktifi, d\u00f6rt a\u011f\u0131r metal (kur\u015fun, kadmiyum, c\u0131va, alt\u0131 de\u011ferlikli krom) ile iki kategorideki bromlu alev geciktiricilerin (PBB&#8217;ler ve PBDE&#8217;ler) kullan\u0131m\u0131n\u0131 s\u0131n\u0131rland\u0131rmak amac\u0131yla Avrupa Birli\u011fi&hellip;","og_url":"https:\/\/www.laserpoint.eu\/tr\/laserpoint-ve-cevre-rohs-weee\/","og_site_name":"Laserpoint","article_modified_time":"2021-11-08T13:57:07+00:00","og_image":[{"url":"https:\/\/www.laserpoint.eu\/wp-content\/uploads\/cert-rohs-compliant.png"}],"twitter_card":"summary_large_image","twitter_misc":{"Tahmini okuma s\u00fcresi":"1 dakika"},"schema":{"@context":"https:\/\/schema.org","@graph":[{"@type":"WebPage","@id":"https:\/\/www.laserpoint.eu\/tr\/laserpoint-ve-cevre-rohs-weee\/","url":"https:\/\/www.laserpoint.eu\/tr\/laserpoint-ve-cevre-rohs-weee\/","name":"LaserPoint ve \u00e7evre: RoHS, WEEE - Laserpoint","isPartOf":{"@id":"https:\/\/www.laserpoint.eu\/tr\/#website"},"primaryImageOfPage":{"@id":"https:\/\/www.laserpoint.eu\/tr\/laserpoint-ve-cevre-rohs-weee\/#primaryimage"},"image":{"@id":"https:\/\/www.laserpoint.eu\/tr\/laserpoint-ve-cevre-rohs-weee\/#primaryimage"},"thumbnailUrl":"https:\/\/www.laserpoint.eu\/wp-content\/uploads\/cert-rohs-compliant.png","datePublished":"2021-11-08T13:57:05+00:00","dateModified":"2021-11-08T13:57:07+00:00","breadcrumb":{"@id":"https:\/\/www.laserpoint.eu\/tr\/laserpoint-ve-cevre-rohs-weee\/#breadcrumb"},"inLanguage":"tr","potentialAction":[{"@type":"ReadAction","target":["https:\/\/www.laserpoint.eu\/tr\/laserpoint-ve-cevre-rohs-weee\/"]}]},{"@type":"ImageObject","inLanguage":"tr","@id":"https:\/\/www.laserpoint.eu\/tr\/laserpoint-ve-cevre-rohs-weee\/#primaryimage","url":"https:\/\/www.laserpoint.eu\/wp-content\/uploads\/cert-rohs-compliant.png","contentUrl":"https:\/\/www.laserpoint.eu\/wp-content\/uploads\/cert-rohs-compliant.png","width":190,"height":280},{"@type":"BreadcrumbList","@id":"https:\/\/www.laserpoint.eu\/tr\/laserpoint-ve-cevre-rohs-weee\/#breadcrumb","itemListElement":[{"@type":"ListItem","position":1,"name":"Home","item":"https:\/\/www.laserpoint.eu\/tr\/"},{"@type":"ListItem","position":2,"name":"LaserPoint ve \u00e7evre: RoHS, WEEE"}]},{"@type":"WebSite","@id":"https:\/\/www.laserpoint.eu\/tr\/#website","url":"https:\/\/www.laserpoint.eu\/tr\/","name":"Laserpoint","description":"Development and manufacturing of laser measurement instruments","publisher":{"@id":"https:\/\/www.laserpoint.eu\/tr\/#organization"},"potentialAction":[{"@type":"SearchAction","target":{"@type":"EntryPoint","urlTemplate":"https:\/\/www.laserpoint.eu\/tr\/?s={search_term_string}"},"query-input":"required name=search_term_string"}],"inLanguage":"tr"},{"@type":"Organization","@id":"https:\/\/www.laserpoint.eu\/tr\/#organization","name":"Laserpoint","url":"https:\/\/www.laserpoint.eu\/tr\/","logo":{"@type":"ImageObject","inLanguage":"tr","@id":"https:\/\/www.laserpoint.eu\/tr\/#\/schema\/logo\/image\/","url":"https:\/\/www.laserpoint.eu\/wp-content\/uploads\/laserpoint-logo.png","contentUrl":"https:\/\/www.laserpoint.eu\/wp-content\/uploads\/laserpoint-logo.png","width":520,"height":84,"caption":"Laserpoint"},"image":{"@id":"https:\/\/www.laserpoint.eu\/tr\/#\/schema\/logo\/image\/"}}]}},"_links":{"self":[{"href":"https:\/\/www.laserpoint.eu\/tr\/wp-json\/wp\/v2\/pages\/50556"}],"collection":[{"href":"https:\/\/www.laserpoint.eu\/tr\/wp-json\/wp\/v2\/pages"}],"about":[{"href":"https:\/\/www.laserpoint.eu\/tr\/wp-json\/wp\/v2\/types\/page"}],"author":[{"embeddable":true,"href":"https:\/\/www.laserpoint.eu\/tr\/wp-json\/wp\/v2\/users\/1"}],"replies":[{"embeddable":true,"href":"https:\/\/www.laserpoint.eu\/tr\/wp-json\/wp\/v2\/comments?post=50556"}],"version-history":[{"count":2,"href":"https:\/\/www.laserpoint.eu\/tr\/wp-json\/wp\/v2\/pages\/50556\/revisions"}],"predecessor-version":[{"id":50558,"href":"https:\/\/www.laserpoint.eu\/tr\/wp-json\/wp\/v2\/pages\/50556\/revisions\/50558"}],"wp:attachment":[{"href":"https:\/\/www.laserpoint.eu\/tr\/wp-json\/wp\/v2\/media?parent=50556"}],"curies":[{"name":"wp","href":"https:\/\/api.w.org\/{rel}","templated":true}]}}