{"id":67764,"date":"2021-04-16T08:19:46","date_gmt":"2021-04-16T06:19:46","guid":{"rendered":"https:\/\/www.laserpoint.eu\/kategorilenmemis\/plus-2\/"},"modified":"2025-07-18T17:45:06","modified_gmt":"2025-07-18T15:45:06","slug":"plus-2","status":"publish","type":"product","link":"https:\/\/www.laserpoint.eu\/tr\/sensor-metreler\/plus-2\/","title":{"rendered":"PLUS 2"},"content":{"rendered":"<div class=\"wpb-content-wrapper\"><p>[vc_row][vc_column width=&#8221;2\/3&#8243;][vc_column_text]<\/p>\n<h2>Plus 2<\/h2>\n<p>Plus 2; lazerlerin ve di\u011fer \u0131\u015f\u0131k kaynaklar\u0131n\u0131n optik g\u00fc\u00e7\/enerji \u00f6l\u00e7\u00fcm\u00fcn\u00fc yapmak i\u00e7in tasarlanm\u0131\u015f elde ta\u015f\u0131nan, hafif, dokunmatik ekranl\u0131 \u00f6l\u00e7\u00fcm cihaz\u0131d\u0131r.<\/p>\n<p>Plus2 \u00f6l\u00e7\u00fcm cihaz\u0131, t\u00fcm ilgili Laser Point termal sens\u00f6rleri (6Hz tekr. oran\u0131na sahip Blink FR dahil) ve fotodiyot sens\u00f6rlerle uyumludur. 4,3\u201d renkli dokunmatik ekrana ve t\u00fcm \u00f6zelliklerinin kolayl\u0131kla kullan\u0131lmas\u0131na olanak tan\u0131yan kolay anla\u015f\u0131l\u0131r, ergonomik bir Grafikli Kullan\u0131c\u0131 Aray\u00fcz\u00fcne sahiptir. Cihaz, \u015farj edilebilen lityum bataryadan g\u00fc\u00e7 alarak 15 saate kadar \u00e7al\u0131\u015fabilir.<\/p>\n<p>Plus 2 \u00f6zellikleri aras\u0131nda yap\u0131land\u0131r\u0131labilen Analog \u00c7\u0131k\u0131\u015f ve kolay Veri Kayd\u0131 sunar. En yayg\u0131n lazer dalga boylar\u0131n\u0131n bir grubunun g\u00f6r\u00fcnt\u00fclendi\u011fi \u201cedit lambda (lambda d\u00fczenleme)\u201d penceresi a\u00e7\u0131larak dalga boylar\u0131 se\u00e7ilebilir. \u00d6l\u00e7\u00fcm tam \u00f6l\u00e7e\u011fi veya aral\u0131\u011f\u0131, \u201cRange (Aral\u0131k)\u201d ekran d\u00fc\u011fmesine bas\u0131p, aral\u0131k se\u00e7ene\u011fini se\u00e7mek i\u00e7in kayd\u0131rma yaparak kullan\u0131c\u0131n\u0131n gereksinimlerine g\u00f6re ayarlanabilir.<\/p>\n<p>\u201cMod\u201d ekran d\u00fc\u011fmesiyle G\u00fc\u00e7 \u00f6l\u00e7\u00fcm modundan Enerji \u00f6l\u00e7\u00fcm moduna kolayl\u0131kla ge\u00e7i\u015f yap\u0131labilir; \u00f6l\u00e7\u00fcm birimleri sens\u00f6r kafas\u0131 tipine ve beklenen aral\u0131\u011fa g\u00f6re g\u00f6sterilir. Plus 2 \u00fcr\u00fcn\u00fc, 2 veya daha \u00e7ok at\u0131m\u0131n integral enerjisini veya tek at\u0131m\u0131 \u00f6l\u00e7ebilir.<\/p>\n<p>Termal g\u00fcr\u00fclt\u00fc veya arka plan radyasyonunun \u00f6l\u00e7\u00fclen at\u0131m enerjisine olan istenmeyen katk\u0131s\u0131n\u0131 \u00f6nlemek i\u00e7in cihaz \u00f6nceden ayarlanan enerji e\u015fik de\u011ferinin alt\u0131ndaki at\u0131mlara yan\u0131t vermeyecek \u015fekilde tasarlanm\u0131\u015ft\u0131r. G\u00fc\u00e7 modunda yap\u0131lan \u00f6l\u00e7\u00fcmler I\u015f\u0131ma (W\/cm<sup>2<\/sup>) olarak g\u00f6r\u00fcnt\u00fclendi\u011fi gibi Enerji modundaki \u00f6l\u00e7\u00fcmler \u201cMeasure Settings (\u00d6l\u00e7\u00fcm Ayarlar\u0131)\u201d k\u0131sm\u0131nda \u0131\u015f\u0131n \u015eekli (dairesel \u015fekil i\u00e7in Yar\u0131\u00e7ap, dikd\u00f6rtgen \u015fekil i\u00e7in Geni\u015flik ve Y\u00fckseklik) girilerek Ak\u0131\u015f (J\/cm<sup>2<\/sup>) olarak g\u00f6r\u00fcnt\u00fclenebilir.<\/p>\n<p>\u00dc\u00e7 adet i\u015fleme se\u00e7ene\u011fi mevcuttur:<\/p>\n<p>-Kesintisiz: \u0130statistiksel ayr\u0131nt\u0131land\u0131rma kesintisiz veri toplama esas\u0131nda y\u00fcr\u00fct\u00fcl\u00fcr.<\/p>\n<p>-Tekrarlamal\u0131: Veri tekrarlamal\u0131 \u015fekilde toplan\u0131r ve kullan\u0131c\u0131 taraf\u0131ndan tan\u0131mlanan zaman zarf\u0131nda ayr\u0131nt\u0131land\u0131r\u0131l\u0131r.<\/p>\n<p>-Tekli: Veri toplan\u0131r ve kullan\u0131c\u0131 taraf\u0131ndan tan\u0131mlanan zaman zarf\u0131nda bir kez ayr\u0131nt\u0131land\u0131r\u0131l\u0131r.<\/p>\n<p>Sol taraftaki Plus 2 \u00fczerindeki ba\u011flant\u0131 noktas\u0131na USB bellek tak\u0131l\u0131p, \u201cSave (Kaydet)\u201d d\u00fc\u011fmesine bas\u0131ld\u0131\u011f\u0131nda Veri G\u00fcnl\u00fc\u011f\u00fc Olu\u015fturma penceresi a\u00e7\u0131l\u0131r. Kaydedilmesi istenen verilerin (De\u011ferler, istatistikler veya her ikisi birden) ve \u00d6rneklem Oran\u0131n\u0131n (0,5 sn ila 99 sn aras\u0131) al\u0131m moduyla birlikte se\u00e7imi yap\u0131labilir. G\u00f6r\u00fcnt\u00fc kapanma s\u00fcresi 1 ila 30 dakika aras\u0131nda ayarlanabilir, belirli bir s\u00fcre at\u0131l kald\u0131\u011f\u0131nda Plus 2 kapan\u0131r. \u201c90\u00b0 Full Screen (90\u00b0 Tam Ekran)\u201d se\u00e7ene\u011fi 90\u00b0 d\u00f6nd\u00fcr\u00fclm\u00fc\u015f tam ekranda y\u00fcksek g\u00f6r\u00fcn\u00fcrl\u00fckl\u00fc \/ y\u00fcksek kontrastl\u0131 ekrana ge\u00e7i\u015f yaparak yaln\u0131zca \u00f6l\u00e7\u00fcm de\u011ferini ve ilgili birimleri g\u00f6r\u00fcnt\u00fcler.[\/vc_column_text][\/vc_column][vc_column width=&#8221;1\/3&#8243;][vc_single_image image=&#8221;5894&#8243; img_size=&#8221;large&#8221;][vc_empty_space][vc_single_image image=&#8221;5588&#8243; img_size=&#8221;large&#8221;][\/vc_column][\/vc_row]<\/p>\n<\/div>","protected":false},"excerpt":{"rendered":"<p>[vc_row][vc_column width=&#8221;2\/3&#8243;][vc_column_text] Plus 2 Plus 2; lazerlerin ve di\u011fer \u0131\u015f\u0131k kaynaklar\u0131n\u0131n optik g\u00fc\u00e7\/enerji \u00f6l\u00e7\u00fcm\u00fcn\u00fc yapmak i\u00e7in tasarlanm\u0131\u015f elde ta\u015f\u0131nan, hafif, dokunmatik ekranl\u0131 \u00f6l\u00e7\u00fcm cihaz\u0131d\u0131r. Plus2 \u00f6l\u00e7\u00fcm cihaz\u0131, t\u00fcm ilgili Laser Point termal sens\u00f6rleri (6Hz tekr. oran\u0131na sahip Blink FR dahil) ve fotodiyot sens\u00f6rlerle uyumludur. 4,3\u201d renkli dokunmatik ekrana ve t\u00fcm \u00f6zelliklerinin kolayl\u0131kla kullan\u0131lmas\u0131na olanak tan\u0131yan&hellip;<\/p>\n","protected":false},"featured_media":5582,"menu_order":0,"template":"","meta":[],"product_cat":[665],"product_tag":[],"acf":[],"yoast_head":"<!-- This site is optimized with the Yoast SEO plugin v22.2 - https:\/\/yoast.com\/wordpress\/plugins\/seo\/ -->\n<title>PLUS 2 - Laserpoint<\/title>\n<meta name=\"robots\" content=\"index, follow, max-snippet:-1, max-image-preview:large, max-video-preview:-1\" \/>\n<link rel=\"canonical\" href=\"https:\/\/www.laserpoint.eu\/tr\/sensor-metreler\/plus-2\/\" \/>\n<meta property=\"og:locale\" content=\"tr_TR\" \/>\n<meta property=\"og:type\" content=\"article\" \/>\n<meta property=\"og:title\" content=\"PLUS 2 - Laserpoint\" \/>\n<meta property=\"og:description\" content=\"[vc_row][vc_column width=&#8221;2\/3&#8243;][vc_column_text] Plus 2 Plus 2; lazerlerin ve di\u011fer \u0131\u015f\u0131k kaynaklar\u0131n\u0131n optik g\u00fc\u00e7\/enerji \u00f6l\u00e7\u00fcm\u00fcn\u00fc yapmak i\u00e7in tasarlanm\u0131\u015f elde ta\u015f\u0131nan, hafif, dokunmatik ekranl\u0131 \u00f6l\u00e7\u00fcm cihaz\u0131d\u0131r. Plus2 \u00f6l\u00e7\u00fcm cihaz\u0131, t\u00fcm ilgili Laser Point termal sens\u00f6rleri (6Hz tekr. oran\u0131na sahip Blink FR dahil) ve fotodiyot sens\u00f6rlerle uyumludur. 4,3\u201d renkli dokunmatik ekrana ve t\u00fcm \u00f6zelliklerinin kolayl\u0131kla kullan\u0131lmas\u0131na olanak tan\u0131yan&hellip;\" \/>\n<meta property=\"og:url\" content=\"https:\/\/www.laserpoint.eu\/tr\/sensor-metreler\/plus-2\/\" \/>\n<meta property=\"og:site_name\" content=\"Laserpoint\" \/>\n<meta property=\"article:modified_time\" content=\"2025-07-18T15:45:06+00:00\" \/>\n<meta property=\"og:image\" content=\"https:\/\/www.laserpoint.eu\/wp-content\/uploads\/plus-2.jpg\" \/>\n\t<meta property=\"og:image:width\" content=\"423\" \/>\n\t<meta property=\"og:image:height\" content=\"709\" \/>\n\t<meta property=\"og:image:type\" content=\"image\/jpeg\" \/>\n<meta name=\"twitter:card\" content=\"summary_large_image\" \/>\n<meta name=\"twitter:label1\" content=\"Tahmini okuma s\u00fcresi\" \/>\n\t<meta name=\"twitter:data1\" content=\"3 dakika\" \/>\n<script type=\"application\/ld+json\" class=\"yoast-schema-graph\">{\"@context\":\"https:\/\/schema.org\",\"@graph\":[{\"@type\":\"WebPage\",\"@id\":\"https:\/\/www.laserpoint.eu\/tr\/sensor-metreler\/plus-2\/\",\"url\":\"https:\/\/www.laserpoint.eu\/tr\/sensor-metreler\/plus-2\/\",\"name\":\"PLUS 2 - Laserpoint\",\"isPartOf\":{\"@id\":\"https:\/\/www.laserpoint.eu\/tr\/#website\"},\"primaryImageOfPage\":{\"@id\":\"https:\/\/www.laserpoint.eu\/tr\/sensor-metreler\/plus-2\/#primaryimage\"},\"image\":{\"@id\":\"https:\/\/www.laserpoint.eu\/tr\/sensor-metreler\/plus-2\/#primaryimage\"},\"thumbnailUrl\":\"https:\/\/www.laserpoint.eu\/wp-content\/uploads\/plus-2.jpg\",\"datePublished\":\"2021-04-16T06:19:46+00:00\",\"dateModified\":\"2025-07-18T15:45:06+00:00\",\"breadcrumb\":{\"@id\":\"https:\/\/www.laserpoint.eu\/tr\/sensor-metreler\/plus-2\/#breadcrumb\"},\"inLanguage\":\"tr\",\"potentialAction\":[{\"@type\":\"ReadAction\",\"target\":[\"https:\/\/www.laserpoint.eu\/tr\/sensor-metreler\/plus-2\/\"]}]},{\"@type\":\"ImageObject\",\"inLanguage\":\"tr\",\"@id\":\"https:\/\/www.laserpoint.eu\/tr\/sensor-metreler\/plus-2\/#primaryimage\",\"url\":\"https:\/\/www.laserpoint.eu\/wp-content\/uploads\/plus-2.jpg\",\"contentUrl\":\"https:\/\/www.laserpoint.eu\/wp-content\/uploads\/plus-2.jpg\",\"width\":423,\"height\":709},{\"@type\":\"BreadcrumbList\",\"@id\":\"https:\/\/www.laserpoint.eu\/tr\/sensor-metreler\/plus-2\/#breadcrumb\",\"itemListElement\":[{\"@type\":\"ListItem\",\"position\":1,\"name\":\"Home\",\"item\":\"https:\/\/www.laserpoint.eu\/tr\/\"},{\"@type\":\"ListItem\",\"position\":2,\"name\":\"\u00dcr\u00fcnleri bul\",\"item\":\"https:\/\/www.laserpoint.eu\/tr\/urunleri-bul\/\"},{\"@type\":\"ListItem\",\"position\":3,\"name\":\"PLUS 2\"}]},{\"@type\":\"WebSite\",\"@id\":\"https:\/\/www.laserpoint.eu\/tr\/#website\",\"url\":\"https:\/\/www.laserpoint.eu\/tr\/\",\"name\":\"Laserpoint\",\"description\":\"Development and manufacturing of laser measurement instruments\",\"publisher\":{\"@id\":\"https:\/\/www.laserpoint.eu\/tr\/#organization\"},\"potentialAction\":[{\"@type\":\"SearchAction\",\"target\":{\"@type\":\"EntryPoint\",\"urlTemplate\":\"https:\/\/www.laserpoint.eu\/tr\/?s={search_term_string}\"},\"query-input\":\"required name=search_term_string\"}],\"inLanguage\":\"tr\"},{\"@type\":\"Organization\",\"@id\":\"https:\/\/www.laserpoint.eu\/tr\/#organization\",\"name\":\"Laserpoint\",\"url\":\"https:\/\/www.laserpoint.eu\/tr\/\",\"logo\":{\"@type\":\"ImageObject\",\"inLanguage\":\"tr\",\"@id\":\"https:\/\/www.laserpoint.eu\/tr\/#\/schema\/logo\/image\/\",\"url\":\"https:\/\/www.laserpoint.eu\/wp-content\/uploads\/laserpoint-logo.png\",\"contentUrl\":\"https:\/\/www.laserpoint.eu\/wp-content\/uploads\/laserpoint-logo.png\",\"width\":520,\"height\":84,\"caption\":\"Laserpoint\"},\"image\":{\"@id\":\"https:\/\/www.laserpoint.eu\/tr\/#\/schema\/logo\/image\/\"}}]}<\/script>\n<!-- \/ Yoast SEO plugin. -->","yoast_head_json":{"title":"PLUS 2 - Laserpoint","robots":{"index":"index","follow":"follow","max-snippet":"max-snippet:-1","max-image-preview":"max-image-preview:large","max-video-preview":"max-video-preview:-1"},"canonical":"https:\/\/www.laserpoint.eu\/tr\/sensor-metreler\/plus-2\/","og_locale":"tr_TR","og_type":"article","og_title":"PLUS 2 - Laserpoint","og_description":"[vc_row][vc_column width=&#8221;2\/3&#8243;][vc_column_text] Plus 2 Plus 2; lazerlerin ve di\u011fer \u0131\u015f\u0131k kaynaklar\u0131n\u0131n optik g\u00fc\u00e7\/enerji \u00f6l\u00e7\u00fcm\u00fcn\u00fc yapmak i\u00e7in tasarlanm\u0131\u015f elde ta\u015f\u0131nan, hafif, dokunmatik ekranl\u0131 \u00f6l\u00e7\u00fcm cihaz\u0131d\u0131r. Plus2 \u00f6l\u00e7\u00fcm cihaz\u0131, t\u00fcm ilgili Laser Point termal sens\u00f6rleri (6Hz tekr. oran\u0131na sahip Blink FR dahil) ve fotodiyot sens\u00f6rlerle uyumludur. 4,3\u201d renkli dokunmatik ekrana ve t\u00fcm \u00f6zelliklerinin kolayl\u0131kla kullan\u0131lmas\u0131na olanak tan\u0131yan&hellip;","og_url":"https:\/\/www.laserpoint.eu\/tr\/sensor-metreler\/plus-2\/","og_site_name":"Laserpoint","article_modified_time":"2025-07-18T15:45:06+00:00","og_image":[{"width":423,"height":709,"url":"https:\/\/www.laserpoint.eu\/wp-content\/uploads\/plus-2.jpg","type":"image\/jpeg"}],"twitter_card":"summary_large_image","twitter_misc":{"Tahmini okuma s\u00fcresi":"3 dakika"},"schema":{"@context":"https:\/\/schema.org","@graph":[{"@type":"WebPage","@id":"https:\/\/www.laserpoint.eu\/tr\/sensor-metreler\/plus-2\/","url":"https:\/\/www.laserpoint.eu\/tr\/sensor-metreler\/plus-2\/","name":"PLUS 2 - Laserpoint","isPartOf":{"@id":"https:\/\/www.laserpoint.eu\/tr\/#website"},"primaryImageOfPage":{"@id":"https:\/\/www.laserpoint.eu\/tr\/sensor-metreler\/plus-2\/#primaryimage"},"image":{"@id":"https:\/\/www.laserpoint.eu\/tr\/sensor-metreler\/plus-2\/#primaryimage"},"thumbnailUrl":"https:\/\/www.laserpoint.eu\/wp-content\/uploads\/plus-2.jpg","datePublished":"2021-04-16T06:19:46+00:00","dateModified":"2025-07-18T15:45:06+00:00","breadcrumb":{"@id":"https:\/\/www.laserpoint.eu\/tr\/sensor-metreler\/plus-2\/#breadcrumb"},"inLanguage":"tr","potentialAction":[{"@type":"ReadAction","target":["https:\/\/www.laserpoint.eu\/tr\/sensor-metreler\/plus-2\/"]}]},{"@type":"ImageObject","inLanguage":"tr","@id":"https:\/\/www.laserpoint.eu\/tr\/sensor-metreler\/plus-2\/#primaryimage","url":"https:\/\/www.laserpoint.eu\/wp-content\/uploads\/plus-2.jpg","contentUrl":"https:\/\/www.laserpoint.eu\/wp-content\/uploads\/plus-2.jpg","width":423,"height":709},{"@type":"BreadcrumbList","@id":"https:\/\/www.laserpoint.eu\/tr\/sensor-metreler\/plus-2\/#breadcrumb","itemListElement":[{"@type":"ListItem","position":1,"name":"Home","item":"https:\/\/www.laserpoint.eu\/tr\/"},{"@type":"ListItem","position":2,"name":"\u00dcr\u00fcnleri bul","item":"https:\/\/www.laserpoint.eu\/tr\/urunleri-bul\/"},{"@type":"ListItem","position":3,"name":"PLUS 2"}]},{"@type":"WebSite","@id":"https:\/\/www.laserpoint.eu\/tr\/#website","url":"https:\/\/www.laserpoint.eu\/tr\/","name":"Laserpoint","description":"Development and manufacturing of laser measurement instruments","publisher":{"@id":"https:\/\/www.laserpoint.eu\/tr\/#organization"},"potentialAction":[{"@type":"SearchAction","target":{"@type":"EntryPoint","urlTemplate":"https:\/\/www.laserpoint.eu\/tr\/?s={search_term_string}"},"query-input":"required name=search_term_string"}],"inLanguage":"tr"},{"@type":"Organization","@id":"https:\/\/www.laserpoint.eu\/tr\/#organization","name":"Laserpoint","url":"https:\/\/www.laserpoint.eu\/tr\/","logo":{"@type":"ImageObject","inLanguage":"tr","@id":"https:\/\/www.laserpoint.eu\/tr\/#\/schema\/logo\/image\/","url":"https:\/\/www.laserpoint.eu\/wp-content\/uploads\/laserpoint-logo.png","contentUrl":"https:\/\/www.laserpoint.eu\/wp-content\/uploads\/laserpoint-logo.png","width":520,"height":84,"caption":"Laserpoint"},"image":{"@id":"https:\/\/www.laserpoint.eu\/tr\/#\/schema\/logo\/image\/"}}]}},"_links":{"self":[{"href":"https:\/\/www.laserpoint.eu\/tr\/wp-json\/wp\/v2\/product\/67764"}],"collection":[{"href":"https:\/\/www.laserpoint.eu\/tr\/wp-json\/wp\/v2\/product"}],"about":[{"href":"https:\/\/www.laserpoint.eu\/tr\/wp-json\/wp\/v2\/types\/product"}],"wp:featuredmedia":[{"embeddable":true,"href":"https:\/\/www.laserpoint.eu\/tr\/wp-json\/wp\/v2\/media\/5582"}],"wp:attachment":[{"href":"https:\/\/www.laserpoint.eu\/tr\/wp-json\/wp\/v2\/media?parent=67764"}],"wp:term":[{"taxonomy":"product_cat","embeddable":true,"href":"https:\/\/www.laserpoint.eu\/tr\/wp-json\/wp\/v2\/product_cat?post=67764"},{"taxonomy":"product_tag","embeddable":true,"href":"https:\/\/www.laserpoint.eu\/tr\/wp-json\/wp\/v2\/product_tag?post=67764"}],"curies":[{"name":"wp","href":"https:\/\/api.w.org\/{rel}","templated":true}]}}