{"id":67804,"date":"2021-04-16T08:19:46","date_gmt":"2021-04-16T06:19:46","guid":{"rendered":"https:\/\/www.laserpoint.eu\/kategorilenmemis\/pc-link-2\/"},"modified":"2025-07-18T17:55:56","modified_gmt":"2025-07-18T15:55:56","slug":"pc-link-2","status":"publish","type":"product","link":"https:\/\/www.laserpoint.eu\/tr\/sensor-metreler\/pc-link-2\/","title":{"rendered":"PC-Link"},"content":{"rendered":"<div class=\"wpb-content-wrapper\"><p>[vc_row][vc_column][vc_custom_heading text=&#8221;PC-LINK: PC&apos;nizi Bir G\u00fc\u00e7 \/ Enerji \u00d6l\u00e7\u00fcm Cihaz\u0131na D\u00f6n\u00fc\u015ft\u00fcr\u00fcn&#8221; use_theme_fonts=&#8221;yes&#8221;][\/vc_column][\/vc_row][vc_row][vc_column width=&#8221;2\/3&#8243;][vc_column_text]<\/p>\n<ul>\n<li><strong>PC-LINK<\/strong><\/li>\n<\/ul>\n<p>PC-LINK ile \u00e7al\u0131\u015fmak \u00e7ok kolayd\u0131r: Tek yapman\u0131z gereken yaz\u0131l\u0131m\u0131 y\u00fcklemek, sens\u00f6r kafalar\u0131n\u0131 PC-LINK \u00fcnitesine ba\u011flamak ve bunu da bir PC&#8217;nin USB ba\u011flant\u0131 noktas\u0131na ba\u011flamakt\u0131r. Ba\u015fka bir i\u015flem veya harici g\u00fc\u00e7 kayna\u011f\u0131 gerekmez.<\/p>\n<p>Bu karma\u015f\u0131k monit\u00f6r t\u00fcm termal kafalar ve FIT-H g\u00fc\u00e7 problar\u0131yla \u201ctak \u00e7al\u0131\u015ft\u0131r\u201d \u00f6zelli\u011fine sahiptir. PC-LINK \u00fcr\u00fcn\u00fcn\u00fc geli\u015fmi\u015f \u00f6zellikleri \u00e7ok kompakt ve d\u00fc\u015f\u00fck a\u011f\u0131rl\u0131kl\u0131 oldu\u011fu ger\u00e7e\u011fiyle bir araya geldi\u011finde bu monit\u00f6r\u00fc servis uygulamalar\u0131, laboratuar veya OEM kullan\u0131m\u0131 a\u00e7\u0131s\u0131ndan bilgisayar tabanl\u0131 i\u015flemlerin elveri\u015flilik, esneklik ve de\u011ferini sunan ideal bir orta\u011fa d\u00f6n\u00fc\u015ft\u00fcr\u00fcr; PC-LINK asl\u0131nda lazer makinelerinde, \u00f6zellikle de OEM g\u00fc\u00e7 problar\u0131n\u0131n su so\u011futmas\u0131na ihtiya\u00e7 g\u00f6stermeden 6KW de\u011ferine kadar \u00e7al\u0131\u015fan FIT-H (H\u0131zl\u0131 B\u00fct\u00fcnle\u015fik Termopil Kafalar\u0131) ailesiyle ili\u015fkili olanlarda kullan\u0131lmak i\u00e7in ideal adayd\u0131r.<\/p>\n<p>PC-LINK \u00fcr\u00fcn\u00fcn\u00fcn kullan\u0131m\u0131 \u00e7ok kolayd\u0131r: \u00dcnite tak\u0131l\u0131r tak\u0131lmaz g\u00fc\u00e7\/enerji kafas\u0131n\u0131 tan\u0131r; ayr\u0131ca PC-LINK, h\u0131zl\u0131 yan\u0131t\u0131 garantilemek i\u00e7in h\u0131zland\u0131rma devresini kullanacak, en kesin g\u00fc\u00e7\/enerji \u00f6l\u00e7\u00fcm\u00fcn\u00fc sunmak i\u00e7in her kafan\u0131n DB15 konekt\u00f6r\u00fcnde sakl\u0131 kalibrasyon verilerinden yararlanacakt\u0131r.<\/p>\n<p>Bir \u00f6zelli\u011fi \u201cKullan\u0131c\u0131 Kalibrasyon Fakt\u00f6r\u00fcne\u201d (UCF) eri\u015fme olana\u011f\u0131 sunar ve ayn\u0131 zamanda \u00f6l\u00e7\u00fcm esnekli\u011fini artt\u0131rmak i\u00e7in (\u00f6rne\u011fin, 20\u03bcW \u00e7\u00f6z\u00fcn\u00fcrl\u00fc\u011fe kadar d\u00fc\u015f\u00fck g\u00fc\u00e7 \u00f6l\u00e7\u00fcmleri) X10 kazan\u00e7 mevcuttur.<\/p>\n<p>Yaz\u0131l\u0131m, tam istatistik fonksiyonlar\u0131yla (Min., Maks., ortalama ve standart sapma) veri \u00f6l\u00e7\u00fcm ve analizi yap\u0131lmas\u0131n\u0131 sa\u011flar. Her detekt\u00f6rden gelen verilerin g\u00fcnl\u00fc\u011f\u00fc dosyada e\u015fzamanl\u0131 olarak olu\u015fturulabilir.<\/p>\n<p>\u201cG\u00fc\u00e7 modu\u201d ger\u00e7ek de\u011ferlerinin do\u011frudan g\u00f6r\u00fcnt\u00fclenece\u011fi \u015fekilde lazer g\u00fcc\u00fc \u00f6l\u00e7\u00fcmlerine olanak tan\u0131r. Ekran ayn\u0131 zamanda birka\u00e7 saate (PC\u2019ye ba\u011fl\u0131 olarak 12 saate) kadar uzayan stabilite \u00f6l\u00e7\u00fcmlerine olanak tan\u0131yarak g\u00fcc\u00fcn zaman i\u00e7indeki evrimini de g\u00f6sterir.<\/p>\n<p>\u201cFIT modu\u201d, Laser Point firmas\u0131n\u0131n Fit-H g\u00fc\u00e7 problar\u0131yla otomatik \u00f6l\u00e7\u00fcm \u00e7evrimi yaparak lazer g\u00fcc\u00fc de\u011ferleri sa\u011flar; bu detekt\u00f6r ailesi, arada s\u0131rada ve uzun s\u00fcreli \u00f6l\u00e7\u00fcmler yerine basit g\u00fc\u00e7 kontrolleri gerekli oldu\u011funda kesin okumalar yapmak i\u00e7in kullan\u0131l\u0131r.<\/p>\n<p>\u201dEnerji modu\u201d tek at\u0131\u015f enerji \u00f6l\u00e7\u00fcm\u00fcne olanak tan\u0131r.<\/p>\n<p>Lazer ayarlama fonksiyonu, lazerinizde y\u00fcksek \u00e7\u00f6z\u00fcn\u00fcrl\u00fck ayarlamas\u0131 yapmak i\u00e7in kullan\u0131l\u0131r; bir analog ibre ayarlama y\u00f6n\u00fcn\u00fc g\u00f6sterir: Ayarlama g\u00f6r\u00fcnt\u00fcs\u00fcn\u00fcn ortas\u0131nda yer alan bir kutu ge\u00e7erli \u00f6l\u00e7\u00fclen g\u00fcc\u00fc g\u00f6sterirken, ayarlama prosed\u00fcr\u00fc s\u0131ras\u0131nda ula\u015f\u0131lan maksimum de\u011fer ekranda ikinci bir kutuda tutulur.[\/vc_column_text][\/vc_column][vc_column width=&#8221;1\/3&#8243;][vc_single_image image=&#8221;7016&#8243; img_size=&#8221;large&#8221; alignment=&#8221;center&#8221;][vc_empty_space][vc_single_image image=&#8221;7022&#8243; img_size=&#8221;large&#8221;][\/vc_column][\/vc_row]<\/p>\n<\/div>","protected":false},"excerpt":{"rendered":"<p>[vc_row][vc_column][vc_custom_heading text=&#8221;PC-LINK: PC&apos;nizi Bir G\u00fc\u00e7 \/ Enerji \u00d6l\u00e7\u00fcm Cihaz\u0131na D\u00f6n\u00fc\u015ft\u00fcr\u00fcn&#8221; use_theme_fonts=&#8221;yes&#8221;][\/vc_column][\/vc_row][vc_row][vc_column width=&#8221;2\/3&#8243;][vc_column_text] PC-LINK PC-LINK ile \u00e7al\u0131\u015fmak \u00e7ok kolayd\u0131r: Tek yapman\u0131z gereken yaz\u0131l\u0131m\u0131 y\u00fcklemek, sens\u00f6r kafalar\u0131n\u0131 PC-LINK \u00fcnitesine ba\u011flamak ve bunu da bir PC&#8217;nin USB ba\u011flant\u0131 noktas\u0131na ba\u011flamakt\u0131r. Ba\u015fka bir i\u015flem veya harici g\u00fc\u00e7 kayna\u011f\u0131 gerekmez. Bu karma\u015f\u0131k monit\u00f6r t\u00fcm termal kafalar ve FIT-H g\u00fc\u00e7 problar\u0131yla&hellip;<\/p>\n","protected":false},"featured_media":7016,"menu_order":0,"template":"","meta":[],"product_cat":[665],"product_tag":[],"acf":[],"yoast_head":"<!-- This site is optimized with the Yoast SEO plugin v22.2 - https:\/\/yoast.com\/wordpress\/plugins\/seo\/ -->\n<title>PC-Link - Laserpoint<\/title>\n<meta name=\"robots\" content=\"index, follow, max-snippet:-1, max-image-preview:large, max-video-preview:-1\" \/>\n<link rel=\"canonical\" href=\"https:\/\/www.laserpoint.eu\/tr\/sensor-metreler\/pc-link-2\/\" \/>\n<meta property=\"og:locale\" content=\"tr_TR\" \/>\n<meta property=\"og:type\" content=\"article\" \/>\n<meta property=\"og:title\" content=\"PC-Link - Laserpoint\" \/>\n<meta property=\"og:description\" content=\"[vc_row][vc_column][vc_custom_heading text=&#8221;PC-LINK: PC&amp;apos;nizi Bir G\u00fc\u00e7 \/ Enerji \u00d6l\u00e7\u00fcm Cihaz\u0131na D\u00f6n\u00fc\u015ft\u00fcr\u00fcn&#8221; use_theme_fonts=&#8221;yes&#8221;][\/vc_column][\/vc_row][vc_row][vc_column width=&#8221;2\/3&#8243;][vc_column_text] PC-LINK PC-LINK ile \u00e7al\u0131\u015fmak \u00e7ok kolayd\u0131r: Tek yapman\u0131z gereken yaz\u0131l\u0131m\u0131 y\u00fcklemek, sens\u00f6r kafalar\u0131n\u0131 PC-LINK \u00fcnitesine ba\u011flamak ve bunu da bir PC&#8217;nin USB ba\u011flant\u0131 noktas\u0131na ba\u011flamakt\u0131r. Ba\u015fka bir i\u015flem veya harici g\u00fc\u00e7 kayna\u011f\u0131 gerekmez. Bu karma\u015f\u0131k monit\u00f6r t\u00fcm termal kafalar ve FIT-H g\u00fc\u00e7 problar\u0131yla&hellip;\" \/>\n<meta property=\"og:url\" content=\"https:\/\/www.laserpoint.eu\/tr\/sensor-metreler\/pc-link-2\/\" \/>\n<meta property=\"og:site_name\" content=\"Laserpoint\" \/>\n<meta property=\"article:modified_time\" content=\"2025-07-18T15:55:56+00:00\" \/>\n<meta property=\"og:image\" content=\"https:\/\/www.laserpoint.eu\/wp-content\/uploads\/PC-Link-Immagine-sfondo-bianco.jpg\" \/>\n\t<meta property=\"og:image:width\" content=\"560\" \/>\n\t<meta property=\"og:image:height\" content=\"377\" \/>\n\t<meta property=\"og:image:type\" content=\"image\/jpeg\" \/>\n<meta name=\"twitter:card\" content=\"summary_large_image\" \/>\n<meta name=\"twitter:label1\" content=\"Tahmini okuma s\u00fcresi\" \/>\n\t<meta name=\"twitter:data1\" content=\"3 dakika\" \/>\n<script type=\"application\/ld+json\" class=\"yoast-schema-graph\">{\"@context\":\"https:\/\/schema.org\",\"@graph\":[{\"@type\":\"WebPage\",\"@id\":\"https:\/\/www.laserpoint.eu\/tr\/sensor-metreler\/pc-link-2\/\",\"url\":\"https:\/\/www.laserpoint.eu\/tr\/sensor-metreler\/pc-link-2\/\",\"name\":\"PC-Link - Laserpoint\",\"isPartOf\":{\"@id\":\"https:\/\/www.laserpoint.eu\/tr\/#website\"},\"primaryImageOfPage\":{\"@id\":\"https:\/\/www.laserpoint.eu\/tr\/sensor-metreler\/pc-link-2\/#primaryimage\"},\"image\":{\"@id\":\"https:\/\/www.laserpoint.eu\/tr\/sensor-metreler\/pc-link-2\/#primaryimage\"},\"thumbnailUrl\":\"https:\/\/www.laserpoint.eu\/wp-content\/uploads\/PC-Link-Immagine-sfondo-bianco.jpg\",\"datePublished\":\"2021-04-16T06:19:46+00:00\",\"dateModified\":\"2025-07-18T15:55:56+00:00\",\"breadcrumb\":{\"@id\":\"https:\/\/www.laserpoint.eu\/tr\/sensor-metreler\/pc-link-2\/#breadcrumb\"},\"inLanguage\":\"tr\",\"potentialAction\":[{\"@type\":\"ReadAction\",\"target\":[\"https:\/\/www.laserpoint.eu\/tr\/sensor-metreler\/pc-link-2\/\"]}]},{\"@type\":\"ImageObject\",\"inLanguage\":\"tr\",\"@id\":\"https:\/\/www.laserpoint.eu\/tr\/sensor-metreler\/pc-link-2\/#primaryimage\",\"url\":\"https:\/\/www.laserpoint.eu\/wp-content\/uploads\/PC-Link-Immagine-sfondo-bianco.jpg\",\"contentUrl\":\"https:\/\/www.laserpoint.eu\/wp-content\/uploads\/PC-Link-Immagine-sfondo-bianco.jpg\",\"width\":560,\"height\":377},{\"@type\":\"BreadcrumbList\",\"@id\":\"https:\/\/www.laserpoint.eu\/tr\/sensor-metreler\/pc-link-2\/#breadcrumb\",\"itemListElement\":[{\"@type\":\"ListItem\",\"position\":1,\"name\":\"Home\",\"item\":\"https:\/\/www.laserpoint.eu\/tr\/\"},{\"@type\":\"ListItem\",\"position\":2,\"name\":\"\u00dcr\u00fcnleri bul\",\"item\":\"https:\/\/www.laserpoint.eu\/tr\/urunleri-bul\/\"},{\"@type\":\"ListItem\",\"position\":3,\"name\":\"PC-Link\"}]},{\"@type\":\"WebSite\",\"@id\":\"https:\/\/www.laserpoint.eu\/tr\/#website\",\"url\":\"https:\/\/www.laserpoint.eu\/tr\/\",\"name\":\"Laserpoint\",\"description\":\"Development and manufacturing of laser measurement instruments\",\"publisher\":{\"@id\":\"https:\/\/www.laserpoint.eu\/tr\/#organization\"},\"potentialAction\":[{\"@type\":\"SearchAction\",\"target\":{\"@type\":\"EntryPoint\",\"urlTemplate\":\"https:\/\/www.laserpoint.eu\/tr\/?s={search_term_string}\"},\"query-input\":\"required name=search_term_string\"}],\"inLanguage\":\"tr\"},{\"@type\":\"Organization\",\"@id\":\"https:\/\/www.laserpoint.eu\/tr\/#organization\",\"name\":\"Laserpoint\",\"url\":\"https:\/\/www.laserpoint.eu\/tr\/\",\"logo\":{\"@type\":\"ImageObject\",\"inLanguage\":\"tr\",\"@id\":\"https:\/\/www.laserpoint.eu\/tr\/#\/schema\/logo\/image\/\",\"url\":\"https:\/\/www.laserpoint.eu\/wp-content\/uploads\/laserpoint-logo.png\",\"contentUrl\":\"https:\/\/www.laserpoint.eu\/wp-content\/uploads\/laserpoint-logo.png\",\"width\":520,\"height\":84,\"caption\":\"Laserpoint\"},\"image\":{\"@id\":\"https:\/\/www.laserpoint.eu\/tr\/#\/schema\/logo\/image\/\"}}]}<\/script>\n<!-- \/ Yoast SEO plugin. -->","yoast_head_json":{"title":"PC-Link - Laserpoint","robots":{"index":"index","follow":"follow","max-snippet":"max-snippet:-1","max-image-preview":"max-image-preview:large","max-video-preview":"max-video-preview:-1"},"canonical":"https:\/\/www.laserpoint.eu\/tr\/sensor-metreler\/pc-link-2\/","og_locale":"tr_TR","og_type":"article","og_title":"PC-Link - Laserpoint","og_description":"[vc_row][vc_column][vc_custom_heading text=&#8221;PC-LINK: PC&apos;nizi Bir G\u00fc\u00e7 \/ Enerji \u00d6l\u00e7\u00fcm Cihaz\u0131na D\u00f6n\u00fc\u015ft\u00fcr\u00fcn&#8221; use_theme_fonts=&#8221;yes&#8221;][\/vc_column][\/vc_row][vc_row][vc_column width=&#8221;2\/3&#8243;][vc_column_text] PC-LINK PC-LINK ile \u00e7al\u0131\u015fmak \u00e7ok kolayd\u0131r: Tek yapman\u0131z gereken yaz\u0131l\u0131m\u0131 y\u00fcklemek, sens\u00f6r kafalar\u0131n\u0131 PC-LINK \u00fcnitesine ba\u011flamak ve bunu da bir PC&#8217;nin USB ba\u011flant\u0131 noktas\u0131na ba\u011flamakt\u0131r. Ba\u015fka bir i\u015flem veya harici g\u00fc\u00e7 kayna\u011f\u0131 gerekmez. Bu karma\u015f\u0131k monit\u00f6r t\u00fcm termal kafalar ve FIT-H g\u00fc\u00e7 problar\u0131yla&hellip;","og_url":"https:\/\/www.laserpoint.eu\/tr\/sensor-metreler\/pc-link-2\/","og_site_name":"Laserpoint","article_modified_time":"2025-07-18T15:55:56+00:00","og_image":[{"width":560,"height":377,"url":"https:\/\/www.laserpoint.eu\/wp-content\/uploads\/PC-Link-Immagine-sfondo-bianco.jpg","type":"image\/jpeg"}],"twitter_card":"summary_large_image","twitter_misc":{"Tahmini okuma s\u00fcresi":"3 dakika"},"schema":{"@context":"https:\/\/schema.org","@graph":[{"@type":"WebPage","@id":"https:\/\/www.laserpoint.eu\/tr\/sensor-metreler\/pc-link-2\/","url":"https:\/\/www.laserpoint.eu\/tr\/sensor-metreler\/pc-link-2\/","name":"PC-Link - Laserpoint","isPartOf":{"@id":"https:\/\/www.laserpoint.eu\/tr\/#website"},"primaryImageOfPage":{"@id":"https:\/\/www.laserpoint.eu\/tr\/sensor-metreler\/pc-link-2\/#primaryimage"},"image":{"@id":"https:\/\/www.laserpoint.eu\/tr\/sensor-metreler\/pc-link-2\/#primaryimage"},"thumbnailUrl":"https:\/\/www.laserpoint.eu\/wp-content\/uploads\/PC-Link-Immagine-sfondo-bianco.jpg","datePublished":"2021-04-16T06:19:46+00:00","dateModified":"2025-07-18T15:55:56+00:00","breadcrumb":{"@id":"https:\/\/www.laserpoint.eu\/tr\/sensor-metreler\/pc-link-2\/#breadcrumb"},"inLanguage":"tr","potentialAction":[{"@type":"ReadAction","target":["https:\/\/www.laserpoint.eu\/tr\/sensor-metreler\/pc-link-2\/"]}]},{"@type":"ImageObject","inLanguage":"tr","@id":"https:\/\/www.laserpoint.eu\/tr\/sensor-metreler\/pc-link-2\/#primaryimage","url":"https:\/\/www.laserpoint.eu\/wp-content\/uploads\/PC-Link-Immagine-sfondo-bianco.jpg","contentUrl":"https:\/\/www.laserpoint.eu\/wp-content\/uploads\/PC-Link-Immagine-sfondo-bianco.jpg","width":560,"height":377},{"@type":"BreadcrumbList","@id":"https:\/\/www.laserpoint.eu\/tr\/sensor-metreler\/pc-link-2\/#breadcrumb","itemListElement":[{"@type":"ListItem","position":1,"name":"Home","item":"https:\/\/www.laserpoint.eu\/tr\/"},{"@type":"ListItem","position":2,"name":"\u00dcr\u00fcnleri bul","item":"https:\/\/www.laserpoint.eu\/tr\/urunleri-bul\/"},{"@type":"ListItem","position":3,"name":"PC-Link"}]},{"@type":"WebSite","@id":"https:\/\/www.laserpoint.eu\/tr\/#website","url":"https:\/\/www.laserpoint.eu\/tr\/","name":"Laserpoint","description":"Development and manufacturing of laser measurement instruments","publisher":{"@id":"https:\/\/www.laserpoint.eu\/tr\/#organization"},"potentialAction":[{"@type":"SearchAction","target":{"@type":"EntryPoint","urlTemplate":"https:\/\/www.laserpoint.eu\/tr\/?s={search_term_string}"},"query-input":"required name=search_term_string"}],"inLanguage":"tr"},{"@type":"Organization","@id":"https:\/\/www.laserpoint.eu\/tr\/#organization","name":"Laserpoint","url":"https:\/\/www.laserpoint.eu\/tr\/","logo":{"@type":"ImageObject","inLanguage":"tr","@id":"https:\/\/www.laserpoint.eu\/tr\/#\/schema\/logo\/image\/","url":"https:\/\/www.laserpoint.eu\/wp-content\/uploads\/laserpoint-logo.png","contentUrl":"https:\/\/www.laserpoint.eu\/wp-content\/uploads\/laserpoint-logo.png","width":520,"height":84,"caption":"Laserpoint"},"image":{"@id":"https:\/\/www.laserpoint.eu\/tr\/#\/schema\/logo\/image\/"}}]}},"_links":{"self":[{"href":"https:\/\/www.laserpoint.eu\/tr\/wp-json\/wp\/v2\/product\/67804"}],"collection":[{"href":"https:\/\/www.laserpoint.eu\/tr\/wp-json\/wp\/v2\/product"}],"about":[{"href":"https:\/\/www.laserpoint.eu\/tr\/wp-json\/wp\/v2\/types\/product"}],"wp:featuredmedia":[{"embeddable":true,"href":"https:\/\/www.laserpoint.eu\/tr\/wp-json\/wp\/v2\/media\/7016"}],"wp:attachment":[{"href":"https:\/\/www.laserpoint.eu\/tr\/wp-json\/wp\/v2\/media?parent=67804"}],"wp:term":[{"taxonomy":"product_cat","embeddable":true,"href":"https:\/\/www.laserpoint.eu\/tr\/wp-json\/wp\/v2\/product_cat?post=67804"},{"taxonomy":"product_tag","embeddable":true,"href":"https:\/\/www.laserpoint.eu\/tr\/wp-json\/wp\/v2\/product_tag?post=67804"}],"curies":[{"name":"wp","href":"https:\/\/api.w.org\/{rel}","templated":true}]}}